{"id":1486,"date":"2015-01-28T12:57:19","date_gmt":"2015-01-28T17:57:19","guid":{"rendered":"http:\/\/www.insception.com\/?page_id=1486"},"modified":"2015-01-28T14:11:28","modified_gmt":"2015-01-28T19:11:28","slug":"mise-jour-recherche","status":"publish","type":"page","link":"https:\/\/www.insception.com\/fr\/mise-jour-recherche\/","title":{"rendered":"Mise \u00e0 jour recherche"},"content":{"rendered":"<h4>R\u00e9cents progr\u00e8s de la technologie de l\u2019expansion des cellules souches<\/h4>\n<p><a href=\"https:\/\/www.insception.com\/wp-content\/uploads\/2015\/01\/StemCell.png\"><img loading=\"lazy\" class=\"alignleft size-full wp-image-1501\" src=\"https:\/\/www.insception.com\/wp-content\/uploads\/2015\/01\/StemCell.png\" alt=\"StemCell\" width=\"128\" height=\"128\" srcset=\"https:\/\/www.insception.com\/wp-content\/uploads\/2015\/01\/StemCell.png 128w, https:\/\/www.insception.com\/wp-content\/uploads\/2015\/01\/StemCell-75x75.png 75w\" sizes=\"(max-width: 128px) 100vw, 128px\" \/><\/a><strong>Le succ\u00e8s de la technologie de l&rsquo;expansion des cellules souches du sang ombilical pourrait permettre aux \u00e9chantillons de sang ombilical consid\u00e9r\u00e9s comme sous-optimaux en vertu des normes d&rsquo;aujourd&rsquo;hui, en ce qui a trait au nombre de cellules souches, d&rsquo;\u00eatre cliniquement utilis\u00e9s \u00e0 l\u2019avenir. Par exemple, cette technologie pourrait permettre que des \u00e9chantillons uniques de sang ombilical, actuellement trop petits, soient utilis\u00e9s pour les greffes chez les adultes.<\/strong><br \/>\nGamida Cell, une entreprise isra\u00e9lienne, met au point une technologie pour l\u2019expansion des cellules souches du sang ombilical. Son produit, NiCord\u00ae, est actuellement en phases 1\/2 des essais cliniques pour les cancers du sang et la dr\u00e9panocytose. NiCord\u00ae est d\u00e9riv\u00e9 d\u2019un seul \u00e9chantillon de sang ombilical augment\u00e9 en culture et enrichi de cellules souches et prog\u00e9nitrices \u00e0 l\u2019aide de la technologie NAM exclusive de Gamida Cell. En 2013, Gamida Cell a annonc\u00e9 les r\u00e9sultats des essais cliniques des phases 1\/2 dans lesquelles NiCord\u00ae a \u00e9t\u00e9 employ\u00e9 chez des patients atteints de cancers sanguins. Dans le cadre de ces essais, 11 patients ont re\u00e7u \u00e0 la fois NiCord\u00ae et un \u00e9chantillon de sang ombilical non manipul\u00e9. Huit patients ont pris la greffe rapidement avec NiCord\u00ae, en un temps moyen de 10,5 jours, alors que deux patients ont pris la greffe de sang de cordon ombilical non manipul\u00e9 en environ ~22 jours. NiCord\u00ae a aussi apport\u00e9 la prise de greffe \u00e0 long terme (plus de deux ans) aux huit patients qui avaient b\u00e9n\u00e9fici\u00e9 d\u2019une prise de greffe rapide et pr\u00e9coce de NiCord\u00ae. Un patient a subi un \u00e9chec primaire de la greffe.<br \/>\nLes r\u00e9sultats de cet essai clinique ont ouvert la voie vers un second essai en phases 1\/2, qui est en cours. Dans le cadre de cet essai, jusqu\u2019\u00e0 20 patients atteints d\u2019un cancer du sang seront inscrits et recevront une greffe de NiCord\u00ae seul au lieu d\u2019une greffe conjointe de NiCord\u00ae et de sang ombilical non manipul\u00e9. De plus, Gamida Cell a r\u00e9cemment annonc\u00e9 qu\u2019une premi\u00e8re personne a accept\u00e9 une greffe de NiCord\u00ae cryoconserv\u00e9 (gel\u00e9) dans le cadre de cette \u00e9tude, et qu\u2019apr\u00e8s le d\u00e9gel, NiCord\u00ae a conserv\u00e9 les bienfaits du NiCord\u00ae \u00ab frais \u00bb, avec une prise de greffe tr\u00e8s rapide.<br \/>\nJusque-l\u00e0, NiCord\u00ae avait toujours \u00e9t\u00e9 greff\u00e9 sous forme de produit \u00ab frais \u00bb devant \u00eatre administr\u00e9 au patient dans les heures suivant sa production. L\u2019utilisation d\u2019un tel produit \u00ab frais \u00bb imposait des limites aux emplacements des sites de production, qui devaient tous se trouver \u00e0 proximit\u00e9 des centres de greffe participants. De plus, la fabrication de NiCord\u00ae devait \u00eatre rigoureusement coordonn\u00e9e avec la pr\u00e9paration du patient en vue de la greffe. La mise au point d\u2019une technologie de cryoconservation du NiCord\u00ae a apport\u00e9 de nombreux avantages, dont l\u2019\u00e9limination du besoin que le site de fabrication soit \u00e0 proximit\u00e9 du centre m\u00e9dical. NiCord\u00ae peut maintenant \u00eatre fabriqu\u00e9 \u00e0 un site particulier et fourni \u00e0 des centres hospitaliers \u00e0 l\u2019\u00e9chelle du monde, ce qui permet \u00e0 un plus grand nombre de centres de greffe de participer aux essais cliniques. De plus, le NiCord\u00ae cryoconserv\u00e9 donne plus de souplesse quant au facteur temps de la greffe au patient. Tout retard de la greffe, si requis, est maintenant acceptable, car le produit surgel\u00e9 est stable, dans cet \u00e9tat, pendant de longues p\u00e9riodes.<br \/>\nLe succ\u00e8s de la technologie de l&rsquo;expansion des cellules souches du sang ombilical pourrait permettre aux \u00e9chantillons de sang ombilical consid\u00e9r\u00e9s comme sous-optimaux en vertu des normes d&rsquo;aujourd&rsquo;hui, en ce qui a trait au nombre de cellules souches, d&rsquo;\u00eatre cliniquement utilis\u00e9s \u00e0 l\u2019avenir. Par exemple, cette technologie pourrait permettre que des \u00e9chantillons uniques de sang ombilical, actuellement trop petits, soient utilis\u00e9s pour les greffes chez les adultes. Les r\u00e9sultats des essais en cours de Gamida Cell sont attendus en 2016.<br \/>\n<a href=\"https:\/\/dh177.infusionsoft.com\/app\/hostedEmail\/202092\/92a014c26f38d449\"><img loading=\"lazy\" class=\"alignleft size-full wp-image-1516\" src=\"https:\/\/www.insception.com\/wp-content\/uploads\/2015\/01\/french_backnews.png\" alt=\"french_backnews\" width=\"168\" height=\"36\" \/><\/a><\/p>\n","protected":false},"excerpt":{"rendered":"<p>R\u00e9cents progr\u00e8s de la technologie de l\u2019expansion des cellules souches Le succ\u00e8s de la technologie de l&rsquo;expansion des cellules souches du sang ombilical pourrait permettre aux \u00e9chantillons de sang ombilical consid\u00e9r\u00e9s comme sous-optimaux en vertu des normes d&rsquo;aujourd&rsquo;hui, en ce qui a trait au nombre de cellules souches, d&rsquo;\u00eatre cliniquement utilis\u00e9s \u00e0 l\u2019avenir. Par exemple, [&hellip;]<\/p>\n","protected":false},"author":9,"featured_media":755,"parent":0,"menu_order":65,"comment_status":"closed","ping_status":"closed","template":"","meta":{"_et_pb_use_builder":"","_et_pb_old_content":"","_et_gb_content_width":"","_monsterinsights_skip_tracking":false,"_monsterinsights_sitenote_active":false,"_monsterinsights_sitenote_note":"","_monsterinsights_sitenote_category":0},"yoast_head":"<!-- This site is optimized with the Yoast SEO plugin v15.5 - https:\/\/yoast.com\/wordpress\/plugins\/seo\/ -->\n<title>Mise \u00e0 jour recherche - Insception Lifebank<\/title>\n<meta name=\"robots\" content=\"noindex, nofollow\" \/>\n<meta property=\"og:locale\" content=\"fr_FR\" \/>\n<meta property=\"og:type\" content=\"article\" \/>\n<meta property=\"og:title\" content=\"Mise \u00e0 jour recherche - Insception Lifebank\" \/>\n<meta property=\"og:description\" content=\"R\u00e9cents progr\u00e8s de la technologie de l\u2019expansion des cellules souches Le succ\u00e8s de la technologie de l&rsquo;expansion des cellules souches du sang ombilical pourrait permettre aux \u00e9chantillons de sang ombilical consid\u00e9r\u00e9s comme sous-optimaux en vertu des normes d&rsquo;aujourd&rsquo;hui, en ce qui a trait au nombre de cellules souches, d&rsquo;\u00eatre cliniquement utilis\u00e9s \u00e0 l\u2019avenir. Par exemple, [&hellip;]\" \/>\n<meta property=\"og:url\" content=\"https:\/\/www.insception.com\/fr\/mise-jour-recherche\/\" \/>\n<meta property=\"og:site_name\" content=\"Insception Lifebank\" \/>\n<meta property=\"article:publisher\" content=\"https:\/\/www.facebook.com\/insception\" \/>\n<meta property=\"article:modified_time\" content=\"2015-01-28T19:11:28+00:00\" \/>\n<meta property=\"og:image\" content=\"https:\/\/www.insception.com\/wp-content\/uploads\/2014\/09\/image-14.png\" \/>\n\t<meta property=\"og:image:width\" content=\"404\" \/>\n\t<meta property=\"og:image:height\" content=\"240\" \/>\n<meta name=\"twitter:label1\" content=\"Dur\u00e9e de lecture est.\">\n\t<meta name=\"twitter:data1\" content=\"3 minutes\">\n<script type=\"application\/ld+json\" class=\"yoast-schema-graph\">{\"@context\":\"https:\/\/schema.org\",\"@graph\":[{\"@type\":\"WebSite\",\"@id\":\"https:\/\/www.insception.com\/#website\",\"url\":\"https:\/\/www.insception.com\/\",\"name\":\"Insception Lifebank\",\"description\":\"Canada&#039;s No. 1 Cord Blood &amp; Tissue Program\",\"potentialAction\":[{\"@type\":\"SearchAction\",\"target\":\"https:\/\/www.insception.com\/?s={search_term_string}\",\"query-input\":\"required name=search_term_string\"}],\"inLanguage\":\"fr-FR\"},{\"@type\":\"ImageObject\",\"@id\":\"https:\/\/www.insception.com\/fr\/mise-jour-recherche\/#primaryimage\",\"inLanguage\":\"fr-FR\",\"url\":\"https:\/\/www.insception.com\/wp-content\/uploads\/2014\/09\/image-14.png\",\"width\":404,\"height\":240},{\"@type\":\"WebPage\",\"@id\":\"https:\/\/www.insception.com\/fr\/mise-jour-recherche\/#webpage\",\"url\":\"https:\/\/www.insception.com\/fr\/mise-jour-recherche\/\",\"name\":\"Mise \\u00e0 jour recherche - Insception Lifebank\",\"isPartOf\":{\"@id\":\"https:\/\/www.insception.com\/#website\"},\"primaryImageOfPage\":{\"@id\":\"https:\/\/www.insception.com\/fr\/mise-jour-recherche\/#primaryimage\"},\"datePublished\":\"2015-01-28T17:57:19+00:00\",\"dateModified\":\"2015-01-28T19:11:28+00:00\",\"breadcrumb\":{\"@id\":\"https:\/\/www.insception.com\/fr\/mise-jour-recherche\/#breadcrumb\"},\"inLanguage\":\"fr-FR\",\"potentialAction\":[{\"@type\":\"ReadAction\",\"target\":[\"https:\/\/www.insception.com\/fr\/mise-jour-recherche\/\"]}]},{\"@type\":\"BreadcrumbList\",\"@id\":\"https:\/\/www.insception.com\/fr\/mise-jour-recherche\/#breadcrumb\",\"itemListElement\":[{\"@type\":\"ListItem\",\"position\":1,\"item\":{\"@type\":\"WebPage\",\"@id\":\"https:\/\/www.insception.com\/fr\/\",\"url\":\"https:\/\/www.insception.com\/fr\/\",\"name\":\"Home\"}},{\"@type\":\"ListItem\",\"position\":2,\"item\":{\"@type\":\"WebPage\",\"@id\":\"https:\/\/www.insception.com\/fr\/mise-jour-recherche\/\",\"url\":\"https:\/\/www.insception.com\/fr\/mise-jour-recherche\/\",\"name\":\"Mise \\u00e0 jour recherche\"}}]}]}<\/script>\n<!-- \/ Yoast SEO plugin. -->","_links":{"self":[{"href":"https:\/\/www.insception.com\/fr\/wp-json\/wp\/v2\/pages\/1486"}],"collection":[{"href":"https:\/\/www.insception.com\/fr\/wp-json\/wp\/v2\/pages"}],"about":[{"href":"https:\/\/www.insception.com\/fr\/wp-json\/wp\/v2\/types\/page"}],"author":[{"embeddable":true,"href":"https:\/\/www.insception.com\/fr\/wp-json\/wp\/v2\/users\/9"}],"replies":[{"embeddable":true,"href":"https:\/\/www.insception.com\/fr\/wp-json\/wp\/v2\/comments?post=1486"}],"version-history":[{"count":0,"href":"https:\/\/www.insception.com\/fr\/wp-json\/wp\/v2\/pages\/1486\/revisions"}],"wp:featuredmedia":[{"embeddable":true,"href":"https:\/\/www.insception.com\/fr\/wp-json\/wp\/v2\/media\/755"}],"wp:attachment":[{"href":"https:\/\/www.insception.com\/fr\/wp-json\/wp\/v2\/media?parent=1486"}],"curies":[{"name":"wp","href":"https:\/\/api.w.org\/{rel}","templated":true}]}}