{"id":1487,"date":"2015-01-28T12:55:55","date_gmt":"2015-01-28T17:55:55","guid":{"rendered":"http:\/\/www.insception.com\/?page_id=1487"},"modified":"2015-01-28T14:14:19","modified_gmt":"2015-01-28T19:14:19","slug":"mise-jour-recherche-2","status":"publish","type":"page","link":"https:\/\/www.insception.com\/fr\/mise-jour-recherche-2\/","title":{"rendered":"Mise \u00e0 jour recherche"},"content":{"rendered":"<h4>Sang ombilical et autisme : que nous r\u00e9serve l\u2019avenir\u00a0?<\/h4>\n<p><a href=\"https:\/\/www.insception.com\/wp-content\/uploads\/2015\/01\/Autism.png\"><img loading=\"lazy\" class=\"alignleft size-full wp-image-1511\" src=\"https:\/\/www.insception.com\/wp-content\/uploads\/2015\/01\/Autism.png\" alt=\"Autism\" width=\"128\" height=\"128\" srcset=\"https:\/\/www.insception.com\/wp-content\/uploads\/2015\/01\/Autism.png 128w, https:\/\/www.insception.com\/wp-content\/uploads\/2015\/01\/Autism-75x75.png 75w\" sizes=\"(max-width: 128px) 100vw, 128px\" \/><\/a>D<sup>re<\/sup> Joanne Kurtzberg, de la <em>Duke University<\/em> en Caroline du Nord, est un chef de file dans le domaine du sang ombilical, autant sur le plan des greffes que sur celui de la m\u00e9decine r\u00e9g\u00e9n\u00e9ratrice. D<sup>re<\/sup> Kurtzberg se penche actuellement sur l\u2019utilit\u00e9 du sang ombilical pour une vari\u00e9t\u00e9 de conditions p\u00e9diatriques li\u00e9es aux troubles c\u00e9r\u00e9braux, dont la paralysie c\u00e9r\u00e9brale, l\u2019enc\u00e9phalopathie hypoxique isch\u00e9mique et l\u2019hypoplasie du ventricule gauche. L\u2019autisme peut maintenant s\u2019ajouter \u00e0 cette liste. D<sup>re<\/sup> Kurtzberg a entrepris un essai portant sur la s\u00e9curit\u00e9 d\u2019une seule et unique infusion intraveineuse de sang ombilical autologue pour les enfants souffrant d\u2019un trouble du spectre autistique. Les troubles du spectre autistique sont des troubles du neurod\u00e9veloppement qui se manifestent t\u00f4t et qui apportent un ensemble particulier d\u2019anormalit\u00e9s du comportement et du d\u00e9veloppement. Actuellement, les traitements propos\u00e9s sont des traitements symptomatiques\u00a0: les troubles du spectre de l\u2019autisme sont incurables.<br \/>\nDans le cadre des essais cliniques effectu\u00e9s \u00e0 <em>Duke<\/em>, 20 patients recevront une infusion de leur propre sang ombilical conserv\u00e9 et seront \u00e9valu\u00e9s dans le cadre d&rsquo;une s\u00e9rie de tests \u00e0 six et 12 mois. L\u2019essai a \u00e9t\u00e9 lanc\u00e9 \u00e0 l\u2019\u00e9t\u00e9 2014 avec l\u2019inscription rapide de patients requis. Les donn\u00e9es tir\u00e9es de cet essai seront utilis\u00e9es pour la conception de la phase future des essais cliniques. Il est pr\u00e9vu que les familles d\u00e9sireuses de participer auront l\u2019occasion de le faire dans le cadre des essais de la phase deux.<br \/>\n<a href=\"https:\/\/dh177.infusionsoft.com\/app\/hostedEmail\/202092\/92a014c26f38d449\"><img loading=\"lazy\" class=\"alignleft size-full wp-image-1516\" src=\"https:\/\/www.insception.com\/wp-content\/uploads\/2015\/01\/french_backnews.png\" alt=\"french_backnews\" width=\"168\" height=\"36\" \/><\/a><\/p>\n","protected":false},"excerpt":{"rendered":"<p>Sang ombilical et autisme : que nous r\u00e9serve l\u2019avenir\u00a0? Dre Joanne Kurtzberg, de la Duke University en Caroline du Nord, est un chef de file dans le domaine du sang ombilical, autant sur le plan des greffes que sur celui de la m\u00e9decine r\u00e9g\u00e9n\u00e9ratrice. Dre Kurtzberg se penche actuellement sur l\u2019utilit\u00e9 du sang ombilical pour [&hellip;]<\/p>\n","protected":false},"author":9,"featured_media":755,"parent":0,"menu_order":59,"comment_status":"closed","ping_status":"closed","template":"","meta":{"_et_pb_use_builder":"","_et_pb_old_content":"","_et_gb_content_width":"","_monsterinsights_skip_tracking":false,"_monsterinsights_sitenote_active":false,"_monsterinsights_sitenote_note":"","_monsterinsights_sitenote_category":0},"yoast_head":"<!-- This site is optimized with the Yoast SEO plugin v15.5 - https:\/\/yoast.com\/wordpress\/plugins\/seo\/ -->\n<title>Mise \u00e0 jour recherche - Insception Lifebank<\/title>\n<meta name=\"robots\" content=\"noindex, nofollow\" \/>\n<meta property=\"og:locale\" content=\"fr_FR\" \/>\n<meta property=\"og:type\" content=\"article\" \/>\n<meta property=\"og:title\" content=\"Mise \u00e0 jour recherche - Insception Lifebank\" \/>\n<meta property=\"og:description\" content=\"Sang ombilical et autisme : que nous r\u00e9serve l\u2019avenir\u00a0? Dre Joanne Kurtzberg, de la Duke University en Caroline du Nord, est un chef de file dans le domaine du sang ombilical, autant sur le plan des greffes que sur celui de la m\u00e9decine r\u00e9g\u00e9n\u00e9ratrice. Dre Kurtzberg se penche actuellement sur l\u2019utilit\u00e9 du sang ombilical pour [&hellip;]\" \/>\n<meta property=\"og:url\" content=\"https:\/\/www.insception.com\/fr\/mise-jour-recherche-2\/\" \/>\n<meta property=\"og:site_name\" content=\"Insception Lifebank\" \/>\n<meta property=\"article:publisher\" content=\"https:\/\/www.facebook.com\/insception\" \/>\n<meta property=\"article:modified_time\" content=\"2015-01-28T19:14:19+00:00\" \/>\n<meta property=\"og:image\" content=\"https:\/\/www.insception.com\/wp-content\/uploads\/2014\/09\/image-14.png\" \/>\n\t<meta property=\"og:image:width\" content=\"404\" \/>\n\t<meta property=\"og:image:height\" content=\"240\" \/>\n<meta name=\"twitter:label1\" content=\"Dur\u00e9e de lecture est.\">\n\t<meta name=\"twitter:data1\" content=\"1 minute\">\n<script type=\"application\/ld+json\" class=\"yoast-schema-graph\">{\"@context\":\"https:\/\/schema.org\",\"@graph\":[{\"@type\":\"WebSite\",\"@id\":\"https:\/\/www.insception.com\/#website\",\"url\":\"https:\/\/www.insception.com\/\",\"name\":\"Insception Lifebank\",\"description\":\"Canada&#039;s No. 1 Cord Blood &amp; Tissue Program\",\"potentialAction\":[{\"@type\":\"SearchAction\",\"target\":\"https:\/\/www.insception.com\/?s={search_term_string}\",\"query-input\":\"required name=search_term_string\"}],\"inLanguage\":\"fr-FR\"},{\"@type\":\"ImageObject\",\"@id\":\"https:\/\/www.insception.com\/fr\/mise-jour-recherche-2\/#primaryimage\",\"inLanguage\":\"fr-FR\",\"url\":\"https:\/\/www.insception.com\/wp-content\/uploads\/2014\/09\/image-14.png\",\"width\":404,\"height\":240},{\"@type\":\"WebPage\",\"@id\":\"https:\/\/www.insception.com\/fr\/mise-jour-recherche-2\/#webpage\",\"url\":\"https:\/\/www.insception.com\/fr\/mise-jour-recherche-2\/\",\"name\":\"Mise \\u00e0 jour recherche - Insception Lifebank\",\"isPartOf\":{\"@id\":\"https:\/\/www.insception.com\/#website\"},\"primaryImageOfPage\":{\"@id\":\"https:\/\/www.insception.com\/fr\/mise-jour-recherche-2\/#primaryimage\"},\"datePublished\":\"2015-01-28T17:55:55+00:00\",\"dateModified\":\"2015-01-28T19:14:19+00:00\",\"breadcrumb\":{\"@id\":\"https:\/\/www.insception.com\/fr\/mise-jour-recherche-2\/#breadcrumb\"},\"inLanguage\":\"fr-FR\",\"potentialAction\":[{\"@type\":\"ReadAction\",\"target\":[\"https:\/\/www.insception.com\/fr\/mise-jour-recherche-2\/\"]}]},{\"@type\":\"BreadcrumbList\",\"@id\":\"https:\/\/www.insception.com\/fr\/mise-jour-recherche-2\/#breadcrumb\",\"itemListElement\":[{\"@type\":\"ListItem\",\"position\":1,\"item\":{\"@type\":\"WebPage\",\"@id\":\"https:\/\/www.insception.com\/fr\/\",\"url\":\"https:\/\/www.insception.com\/fr\/\",\"name\":\"Home\"}},{\"@type\":\"ListItem\",\"position\":2,\"item\":{\"@type\":\"WebPage\",\"@id\":\"https:\/\/www.insception.com\/fr\/mise-jour-recherche-2\/\",\"url\":\"https:\/\/www.insception.com\/fr\/mise-jour-recherche-2\/\",\"name\":\"Mise \\u00e0 jour recherche\"}}]}]}<\/script>\n<!-- \/ Yoast SEO plugin. -->","_links":{"self":[{"href":"https:\/\/www.insception.com\/fr\/wp-json\/wp\/v2\/pages\/1487"}],"collection":[{"href":"https:\/\/www.insception.com\/fr\/wp-json\/wp\/v2\/pages"}],"about":[{"href":"https:\/\/www.insception.com\/fr\/wp-json\/wp\/v2\/types\/page"}],"author":[{"embeddable":true,"href":"https:\/\/www.insception.com\/fr\/wp-json\/wp\/v2\/users\/9"}],"replies":[{"embeddable":true,"href":"https:\/\/www.insception.com\/fr\/wp-json\/wp\/v2\/comments?post=1487"}],"version-history":[{"count":0,"href":"https:\/\/www.insception.com\/fr\/wp-json\/wp\/v2\/pages\/1487\/revisions"}],"wp:featuredmedia":[{"embeddable":true,"href":"https:\/\/www.insception.com\/fr\/wp-json\/wp\/v2\/media\/755"}],"wp:attachment":[{"href":"https:\/\/www.insception.com\/fr\/wp-json\/wp\/v2\/media?parent=1487"}],"curies":[{"name":"wp","href":"https:\/\/api.w.org\/{rel}","templated":true}]}}