{"id":1489,"date":"2015-01-28T10:07:45","date_gmt":"2015-01-28T15:07:45","guid":{"rendered":"http:\/\/www.insception.com\/?page_id=1489"},"modified":"2015-01-28T14:20:57","modified_gmt":"2015-01-28T19:20:57","slug":"quoi-de-neuf-2","status":"publish","type":"page","link":"https:\/\/www.insception.com\/fr\/quoi-de-neuf-2\/","title":{"rendered":"Quoi de neuf ?"},"content":{"rendered":"<h4>Insception Lifebank forme un nouveau partenariat \u00e0 Calgary<\/h4>\n<p><a href=\"https:\/\/www.insception.com\/wp-content\/uploads\/2015\/01\/Calgary.png\"><img loading=\"lazy\" class=\" size-full wp-image-1499 alignleft\" src=\"https:\/\/www.insception.com\/wp-content\/uploads\/2015\/01\/Calgary.png\" alt=\"Calgary\" width=\"128\" height=\"128\" srcset=\"https:\/\/www.insception.com\/wp-content\/uploads\/2015\/01\/Calgary.png 128w, https:\/\/www.insception.com\/wp-content\/uploads\/2015\/01\/Calgary-75x75.png 75w\" sizes=\"(max-width: 128px) 100vw, 128px\" \/><\/a>Le programme de sang ombilical Insception Lifebank a \u00e9t\u00e9 choisi \u00e0 titre de fournisseur privil\u00e9gi\u00e9 de services d\u2019obst\u00e9trique au d\u00e9partement d\u2019obst\u00e9trique et de gyn\u00e9cologie de quatre h\u00f4pitaux de Calgary (<em>Foothills Medical Centre<\/em>, <em>Rockyview General Hospital<\/em>, <em>Peter Lougheed Centre<\/em> et <em>South Health Campus<\/em>). Dans le cadre du partenariat, toute une gamme de services sera offerte pour : renseigner les patients et les fournisseurs de services de soins de la sant\u00e9; pr\u00e9senter les programmes de besoins m\u00e9dicaux, et coordonner les services de pr\u00e9l\u00e8vement du sang ombilical avec les \u00e9tablissements d\u2019accouchement. Nous sommes emball\u00e9s d\u2019ajouter ces h\u00f4pitaux de Calgary \u00e0 notre liste de partenariats en vue de mieux renseigner les patients et les m\u00e9decins en ce qui a trait au sang et au tissu ombilicaux.<br \/>\n<a href=\"https:\/\/dh177.infusionsoft.com\/app\/hostedEmail\/202092\/92a014c26f38d449\"><img loading=\"lazy\" class=\"alignleft size-full wp-image-1516\" src=\"https:\/\/www.insception.com\/wp-content\/uploads\/2015\/01\/french_backnews.png\" alt=\"french_backnews\" width=\"168\" height=\"36\" \/><\/a><\/p>\n","protected":false},"excerpt":{"rendered":"<p>Insception Lifebank forme un nouveau partenariat \u00e0 Calgary Le programme de sang ombilical Insception Lifebank a \u00e9t\u00e9 choisi \u00e0 titre de fournisseur privil\u00e9gi\u00e9 de services d\u2019obst\u00e9trique au d\u00e9partement d\u2019obst\u00e9trique et de gyn\u00e9cologie de quatre h\u00f4pitaux de Calgary (Foothills Medical Centre, Rockyview General Hospital, Peter Lougheed Centre et South Health Campus). Dans le cadre du partenariat, [&hellip;]<\/p>\n","protected":false},"author":9,"featured_media":795,"parent":0,"menu_order":89,"comment_status":"closed","ping_status":"closed","template":"","meta":{"_et_pb_use_builder":"","_et_pb_old_content":"","_et_gb_content_width":"","_monsterinsights_skip_tracking":false,"_monsterinsights_sitenote_active":false,"_monsterinsights_sitenote_note":"","_monsterinsights_sitenote_category":0},"yoast_head":"<!-- This site is optimized with the Yoast SEO plugin v15.5 - https:\/\/yoast.com\/wordpress\/plugins\/seo\/ -->\n<title>Quoi de neuf ? - Insception Lifebank<\/title>\n<meta name=\"robots\" content=\"noindex, nofollow\" \/>\n<meta property=\"og:locale\" content=\"fr_FR\" \/>\n<meta property=\"og:type\" content=\"article\" \/>\n<meta property=\"og:title\" content=\"Quoi de neuf ? - Insception Lifebank\" \/>\n<meta property=\"og:description\" content=\"Insception Lifebank forme un nouveau partenariat \u00e0 Calgary Le programme de sang ombilical Insception Lifebank a \u00e9t\u00e9 choisi \u00e0 titre de fournisseur privil\u00e9gi\u00e9 de services d\u2019obst\u00e9trique au d\u00e9partement d\u2019obst\u00e9trique et de gyn\u00e9cologie de quatre h\u00f4pitaux de Calgary (Foothills Medical Centre, Rockyview General Hospital, Peter Lougheed Centre et South Health Campus). Dans le cadre du partenariat, [&hellip;]\" \/>\n<meta property=\"og:url\" content=\"https:\/\/www.insception.com\/fr\/quoi-de-neuf-2\/\" \/>\n<meta property=\"og:site_name\" content=\"Insception Lifebank\" \/>\n<meta property=\"article:publisher\" content=\"https:\/\/www.facebook.com\/insception\" \/>\n<meta property=\"article:modified_time\" content=\"2015-01-28T19:20:57+00:00\" \/>\n<meta property=\"og:image\" content=\"https:\/\/www.insception.com\/wp-content\/uploads\/2014\/09\/image-6.png\" \/>\n\t<meta property=\"og:image:width\" content=\"404\" \/>\n\t<meta property=\"og:image:height\" content=\"240\" \/>\n<meta name=\"twitter:label1\" content=\"Dur\u00e9e de lecture est.\">\n\t<meta name=\"twitter:data1\" content=\"1 minute\">\n<script type=\"application\/ld+json\" class=\"yoast-schema-graph\">{\"@context\":\"https:\/\/schema.org\",\"@graph\":[{\"@type\":\"WebSite\",\"@id\":\"https:\/\/www.insception.com\/#website\",\"url\":\"https:\/\/www.insception.com\/\",\"name\":\"Insception Lifebank\",\"description\":\"Canada&#039;s No. 1 Cord Blood &amp; Tissue Program\",\"potentialAction\":[{\"@type\":\"SearchAction\",\"target\":\"https:\/\/www.insception.com\/?s={search_term_string}\",\"query-input\":\"required name=search_term_string\"}],\"inLanguage\":\"fr-FR\"},{\"@type\":\"ImageObject\",\"@id\":\"https:\/\/www.insception.com\/fr\/quoi-de-neuf-2\/#primaryimage\",\"inLanguage\":\"fr-FR\",\"url\":\"https:\/\/www.insception.com\/wp-content\/uploads\/2014\/09\/image-6.png\",\"width\":404,\"height\":240},{\"@type\":\"WebPage\",\"@id\":\"https:\/\/www.insception.com\/fr\/quoi-de-neuf-2\/#webpage\",\"url\":\"https:\/\/www.insception.com\/fr\/quoi-de-neuf-2\/\",\"name\":\"Quoi de neuf ? - Insception Lifebank\",\"isPartOf\":{\"@id\":\"https:\/\/www.insception.com\/#website\"},\"primaryImageOfPage\":{\"@id\":\"https:\/\/www.insception.com\/fr\/quoi-de-neuf-2\/#primaryimage\"},\"datePublished\":\"2015-01-28T15:07:45+00:00\",\"dateModified\":\"2015-01-28T19:20:57+00:00\",\"breadcrumb\":{\"@id\":\"https:\/\/www.insception.com\/fr\/quoi-de-neuf-2\/#breadcrumb\"},\"inLanguage\":\"fr-FR\",\"potentialAction\":[{\"@type\":\"ReadAction\",\"target\":[\"https:\/\/www.insception.com\/fr\/quoi-de-neuf-2\/\"]}]},{\"@type\":\"BreadcrumbList\",\"@id\":\"https:\/\/www.insception.com\/fr\/quoi-de-neuf-2\/#breadcrumb\",\"itemListElement\":[{\"@type\":\"ListItem\",\"position\":1,\"item\":{\"@type\":\"WebPage\",\"@id\":\"https:\/\/www.insception.com\/fr\/\",\"url\":\"https:\/\/www.insception.com\/fr\/\",\"name\":\"Home\"}},{\"@type\":\"ListItem\",\"position\":2,\"item\":{\"@type\":\"WebPage\",\"@id\":\"https:\/\/www.insception.com\/fr\/quoi-de-neuf-2\/\",\"url\":\"https:\/\/www.insception.com\/fr\/quoi-de-neuf-2\/\",\"name\":\"Quoi de neuf ?\"}}]}]}<\/script>\n<!-- \/ Yoast SEO plugin. -->","_links":{"self":[{"href":"https:\/\/www.insception.com\/fr\/wp-json\/wp\/v2\/pages\/1489"}],"collection":[{"href":"https:\/\/www.insception.com\/fr\/wp-json\/wp\/v2\/pages"}],"about":[{"href":"https:\/\/www.insception.com\/fr\/wp-json\/wp\/v2\/types\/page"}],"author":[{"embeddable":true,"href":"https:\/\/www.insception.com\/fr\/wp-json\/wp\/v2\/users\/9"}],"replies":[{"embeddable":true,"href":"https:\/\/www.insception.com\/fr\/wp-json\/wp\/v2\/comments?post=1489"}],"version-history":[{"count":0,"href":"https:\/\/www.insception.com\/fr\/wp-json\/wp\/v2\/pages\/1489\/revisions"}],"wp:featuredmedia":[{"embeddable":true,"href":"https:\/\/www.insception.com\/fr\/wp-json\/wp\/v2\/media\/795"}],"wp:attachment":[{"href":"https:\/\/www.insception.com\/fr\/wp-json\/wp\/v2\/media?parent=1489"}],"curies":[{"name":"wp","href":"https:\/\/api.w.org\/{rel}","templated":true}]}}