{"id":2054,"date":"2014-09-10T19:20:32","date_gmt":"2014-09-10T23:20:32","guid":{"rendered":"http:\/\/www.insception.com\/cord-blood-101-2\/"},"modified":"2014-09-10T19:20:32","modified_gmt":"2014-09-10T23:20:32","slug":"les-rudiments-du-sang-ombilical","status":"publish","type":"page","link":"https:\/\/www.insception.com\/fr\/les-rudiments-du-sang-ombilical\/","title":{"rendered":"Les rudiments du sang ombilical"},"content":{"rendered":"<h3>Vous n\u2019avez qu\u2019une seule chance de faire conserver le sang ombilical et le tissu ombilical de votre b\u00e9b\u00e9. D\u00e9couvrez la puissance incroyable des cellules souches du cordon ombilical pour prot\u00e9ger l\u2019avenir de votre b\u00e9b\u00e9 et de votre famille.<\/h3>\n<p>[chicklet title=\u00a0\u00bbLes rudiments du sang ombilical\u00a0\u00bb]<\/p>\n","protected":false},"excerpt":{"rendered":"<p>Tout ce que vous devez savoir au sujet de la conservation du sang ombilical et du tissu ombilical.<\/p>\n","protected":false},"author":9,"featured_media":3459,"parent":0,"menu_order":112,"comment_status":"closed","ping_status":"closed","template":"","meta":{"_et_pb_use_builder":"on","_et_pb_old_content":"","_et_gb_content_width":"","_monsterinsights_skip_tracking":false,"_monsterinsights_sitenote_active":false,"_monsterinsights_sitenote_note":"","_monsterinsights_sitenote_category":0},"yoast_head":"<!-- This site is optimized with the Yoast SEO plugin v15.5 - https:\/\/yoast.com\/wordpress\/plugins\/seo\/ -->\n<title>Les rudiments du sang ombilical -- Insception Lifebank<\/title>\n<meta name=\"robots\" content=\"index, follow, max-snippet:-1, max-image-preview:large, max-video-preview:-1\" \/>\n<link rel=\"canonical\" href=\"https:\/\/www.insception.com\/fr\/les-rudiments-du-sang-ombilical\/\" \/>\n<meta property=\"og:locale\" content=\"fr_FR\" \/>\n<meta property=\"og:type\" content=\"article\" \/>\n<meta property=\"og:title\" content=\"Les rudiments du sang ombilical -- Insception Lifebank\" \/>\n<meta property=\"og:description\" content=\"Tout ce que vous devez savoir au sujet de la conservation du sang ombilical et du tissu ombilical.\" \/>\n<meta property=\"og:url\" content=\"https:\/\/www.insception.com\/fr\/les-rudiments-du-sang-ombilical\/\" \/>\n<meta property=\"og:site_name\" content=\"Insception Lifebank\" \/>\n<meta property=\"article:publisher\" content=\"https:\/\/www.facebook.com\/insception\" \/>\n<meta property=\"og:image\" content=\"https:\/\/www.insception.com\/wp-content\/uploads\/2017\/08\/cord-blood-101.png\" \/>\n\t<meta property=\"og:image:width\" content=\"360\" \/>\n\t<meta property=\"og:image:height\" content=\"270\" \/>\n<meta name=\"twitter:label1\" content=\"Dur\u00e9e de lecture est.\">\n\t<meta name=\"twitter:data1\" content=\"0 minute\">\n<script type=\"application\/ld+json\" class=\"yoast-schema-graph\">{\"@context\":\"https:\/\/schema.org\",\"@graph\":[{\"@type\":\"WebSite\",\"@id\":\"https:\/\/www.insception.com\/#website\",\"url\":\"https:\/\/www.insception.com\/\",\"name\":\"Insception Lifebank\",\"description\":\"Canada&#039;s No. 1 Cord Blood &amp; Tissue Program\",\"potentialAction\":[{\"@type\":\"SearchAction\",\"target\":\"https:\/\/www.insception.com\/?s={search_term_string}\",\"query-input\":\"required name=search_term_string\"}],\"inLanguage\":\"fr-FR\"},{\"@type\":\"ImageObject\",\"@id\":\"https:\/\/www.insception.com\/fr\/les-rudiments-du-sang-ombilical\/#primaryimage\",\"inLanguage\":\"fr-FR\",\"url\":\"https:\/\/www.insception.com\/wp-content\/uploads\/2017\/08\/cord-blood-101.png\",\"width\":360,\"height\":270},{\"@type\":\"WebPage\",\"@id\":\"https:\/\/www.insception.com\/fr\/les-rudiments-du-sang-ombilical\/#webpage\",\"url\":\"https:\/\/www.insception.com\/fr\/les-rudiments-du-sang-ombilical\/\",\"name\":\"Les rudiments du sang ombilical -- Insception Lifebank\",\"isPartOf\":{\"@id\":\"https:\/\/www.insception.com\/#website\"},\"primaryImageOfPage\":{\"@id\":\"https:\/\/www.insception.com\/fr\/les-rudiments-du-sang-ombilical\/#primaryimage\"},\"datePublished\":\"2014-09-10T23:20:32+00:00\",\"dateModified\":\"2014-09-10T23:20:32+00:00\",\"breadcrumb\":{\"@id\":\"https:\/\/www.insception.com\/fr\/les-rudiments-du-sang-ombilical\/#breadcrumb\"},\"inLanguage\":\"fr-FR\",\"potentialAction\":[{\"@type\":\"ReadAction\",\"target\":[\"https:\/\/www.insception.com\/fr\/les-rudiments-du-sang-ombilical\/\"]}]},{\"@type\":\"BreadcrumbList\",\"@id\":\"https:\/\/www.insception.com\/fr\/les-rudiments-du-sang-ombilical\/#breadcrumb\",\"itemListElement\":[{\"@type\":\"ListItem\",\"position\":1,\"item\":{\"@type\":\"WebPage\",\"@id\":\"https:\/\/www.insception.com\/fr\/\",\"url\":\"https:\/\/www.insception.com\/fr\/\",\"name\":\"Home\"}},{\"@type\":\"ListItem\",\"position\":2,\"item\":{\"@type\":\"WebPage\",\"@id\":\"https:\/\/www.insception.com\/fr\/les-rudiments-du-sang-ombilical\/\",\"url\":\"https:\/\/www.insception.com\/fr\/les-rudiments-du-sang-ombilical\/\",\"name\":\"Les rudiments du sang ombilical\"}}]}]}<\/script>\n<!-- \/ Yoast SEO plugin. -->","_links":{"self":[{"href":"https:\/\/www.insception.com\/fr\/wp-json\/wp\/v2\/pages\/2054"}],"collection":[{"href":"https:\/\/www.insception.com\/fr\/wp-json\/wp\/v2\/pages"}],"about":[{"href":"https:\/\/www.insception.com\/fr\/wp-json\/wp\/v2\/types\/page"}],"author":[{"embeddable":true,"href":"https:\/\/www.insception.com\/fr\/wp-json\/wp\/v2\/users\/9"}],"replies":[{"embeddable":true,"href":"https:\/\/www.insception.com\/fr\/wp-json\/wp\/v2\/comments?post=2054"}],"version-history":[{"count":0,"href":"https:\/\/www.insception.com\/fr\/wp-json\/wp\/v2\/pages\/2054\/revisions"}],"wp:featuredmedia":[{"embeddable":true,"href":"https:\/\/www.insception.com\/fr\/wp-json\/wp\/v2\/media\/3459"}],"wp:attachment":[{"href":"https:\/\/www.insception.com\/fr\/wp-json\/wp\/v2\/media?parent=2054"}],"curies":[{"name":"wp","href":"https:\/\/api.w.org\/{rel}","templated":true}]}}