{"id":2062,"date":"2014-09-10T21:02:19","date_gmt":"2014-09-11T01:02:19","guid":{"rendered":"http:\/\/www.insception.com\/privacy-statement-2\/"},"modified":"2023-01-25T15:30:47","modified_gmt":"2023-01-25T20:30:47","slug":"confidentialite","status":"publish","type":"page","link":"https:\/\/www.insception.com\/fr\/confidentialite\/","title":{"rendered":"Confidentialit\u00e9"},"content":{"rendered":"<p>[et_pb_section fb_built=\u00a0\u00bb1&Prime; admin_label=\u00a0\u00bbsection\u00a0\u00bb _builder_version=\u00a0\u00bb3.22&Prime; global_colors_info=\u00a0\u00bb{}\u00a0\u00bb][et_pb_row admin_label=\u00a0\u00bbrow\u00a0\u00bb _builder_version=\u00a0\u00bb3.25&Prime; background_size=\u00a0\u00bbinitial\u00a0\u00bb background_position=\u00a0\u00bbtop_left\u00a0\u00bb background_repeat=\u00a0\u00bbrepeat\u00a0\u00bb global_colors_info=\u00a0\u00bb{}\u00a0\u00bb][et_pb_column type=\u00a0\u00bb4_4&Prime; _builder_version=\u00a0\u00bb3.25&Prime; custom_padding=\u00a0\u00bb|||\u00a0\u00bb global_colors_info=\u00a0\u00bb{}\u00a0\u00bb custom_padding__hover=\u00a0\u00bb|||\u00a0\u00bb][et_pb_text admin_label=\u00a0\u00bbText\u00a0\u00bb _builder_version=\u00a0\u00bb3.27.4&Prime; background_size=\u00a0\u00bbinitial\u00a0\u00bb background_position=\u00a0\u00bbtop_left\u00a0\u00bb background_repeat=\u00a0\u00bbrepeat\u00a0\u00bb global_colors_info=\u00a0\u00bb{}\u00a0\u00bb]<\/p>\n<div id=\"privacy_statement\">\n<h1>\u00c9NONC\u00c9 DE CONFIDENTIALIT\u00c9<\/h1>\n<p>Insception lifebank s&rsquo;engage \u00e0 prot\u00e9ger votre vie priv\u00e9e et \u00e0 d\u00e9velopper des technologies qui vous offrent l&rsquo;exp\u00e9rience en ligne la plus puissante et la plus s\u00e9curisante qui soit. Cette \u00e9nonc\u00e9 de confidentialit\u00e9 s&rsquo;applique au site web d&rsquo;insception lifebank et r\u00e9git la collecte de renseignements et leur utilisation. En utilisant le site web d&rsquo;insception lifebank, vous acceptez les pratiques li\u00e9es aux donn\u00e9es telles qu&rsquo;elles sont d\u00e9crites dans le pr\u00e9sent \u00e9nonc\u00e9.<\/p>\n<h4>Collecte de vos renseignements personnels<\/h4>\n<p>Insception lifebank collecte les renseignements personnels identifiables, tels que votre adresse \u00e9lectronique, votre nom, votre adresse postale professionnelle ou personnelle ou encore votre num\u00e9ro de t\u00e9l\u00e9phone. Insception lifebank collecte \u00e9galement les donn\u00e9es d\u00e9mographiques anonymes, qui ne vous sont pas propres, telles que le code postal, \u00e2ge, sexe, vos pr\u00e9f\u00e9rences et int\u00e9r\u00eats.<\/p>\n<p>Insception lifebank collecte \u00e9galement de fa\u00e7on automatique des renseignements sur votre mat\u00e9riel et vos logiciels informatiques. Ces renseignements peuvent comprendre votre adresse de protocole internet, le navigateur que vous utilisez, les noms de domaine, le temps d&rsquo;acc\u00e8s ainsi que les adresses des sites web de r\u00e9f\u00e9rence. Ces renseignements sont utilis\u00e9s par insception lifebank pour g\u00e9rer le service, maintenir la qualit\u00e9 du service, et fournir des informations statistiques g\u00e9n\u00e9rales au sujet de l&rsquo;utilisation du site web d&rsquo;insception lifebank.<\/p>\n<p>Veuillez garder \u00e0 l&rsquo;esprit que lorsque vous utilisez les forums d&rsquo;insception lifebank, les renseignements personnels identifiables ou les donn\u00e9es personnelles sensibles que vous divulguez directement peuvent \u00eatre recueillis par des tiers. Remarque : insception lifebank ne lit aucune de vos communications personnelles en ligne.<\/p>\n<p>Insception lifebank vous encourage \u00e0 examiner les \u00e9nonc\u00e9s de confidentialit\u00e9 des sites web que vous choisissez de visiter \u00e0 partir du site web d&rsquo;insception lifebank afin que vous puissiez comprendre comment ces sites web collectent, utilisent et partagent vos renseignements. Insception lifebank n&rsquo;assume aucune responsabilit\u00e9 quant aux \u00e9nonc\u00e9s de confidentialit\u00e9 et aux autres contenus qui se trouvent sur les sites web ext\u00e9rieurs \u00e0 insception lifebank et aux autres sites web d&rsquo;insception lifebank.<\/p>\n<h4>Utilisation de vos renseignements personnels<\/h4>\n<p>Insception lifebank collecte et utilise vos renseignements personnels pour g\u00e9rer le site web d&rsquo;insception lifebank et fournir les services que vous sollicitez. Insception lifebank utilise \u00e9galement vos renseignements personnels identifiables pour vous tenir inform\u00e9 d&rsquo;autres produits ou services offerts par insception lifebank et ses soci\u00e9t\u00e9s affili\u00e9es. Il se peut \u00e9galement qu&rsquo;insception lifebank communique avec vous par le biais de sondages afin de poursuivre des recherches au sujet de votre avis sur les services d\u00e9j\u00e0 offerts ou sur d&rsquo;\u00e9ventuels nouveaux services qui pourraient \u00eatre offerts.<\/p>\n<p>Insception lifebank ne vend pas, ne loue pas et ne c\u00e8de pas ses listes de clients \u00e0 des tiers. Il se peut que de temps \u00e0 autre, insception lifebank communique avec vous pour le compte de partenaires externes pour vous faire part d&rsquo;une offre particuli\u00e8re qui pourrait vous int\u00e9resser. En pareil cas, vos renseignements personnels identifiables uniques (courriel, nom, adresse, num\u00e9ro de t\u00e9l\u00e9pone) ne sont pas transmis au tiers. En outre, il se peut qu&rsquo;insception lifebank partage des donn\u00e9es avec des partenaires de confiance afin que nous puissions plus facilement effectuer des analyses statistiques, vous envoyer des courriels ou du courrier, offrir un soutien \u00e0 la client\u00e8le ou prendre des dispositions pour les livraisons. Aucun des tiers de ce type n&rsquo;a le droit d&rsquo;utiliser vos renseignements personnels \u00e0 moins qu&rsquo;il s&rsquo;agisse de fournir ces services \u00e0 insception lifebank. Ils sont en outre tenus d\u2019assurer la confidentialit\u00e9 des renseignements \u00e0 votre sujet.<\/p>\n<p>Insception lifebank n&rsquo;utilise ni ne divulgue les renseignements personnels sensibles tels que la race, la religion ou les affinit\u00e9s politiques sans votre consentement expr\u00e8s.<\/p>\n<p>Insception lifebank effectue le suivi des sites web et des pages sur lesquels nos clients se rendent au sein d&rsquo;insception lifebank afin de d\u00e9terminer quels sont les services qui sont les plus courus. Nous utilisons ces donn\u00e9es dans le but de pr\u00e9senter un contenu et des publicit\u00e9s personnalis\u00e9s au sein d&rsquo;insception lifebank pour les clients dont le comportement indique qu&rsquo;ils ont quelque int\u00e9r\u00eat pour un domaine particulier.<\/p>\n<p>Les sites web d&rsquo;insception lifebank divulgueront vos renseignements personnels, sans pr\u00e9avis, si la loi l&rsquo;exige ou si nous jugeons qu&rsquo;une telle action est n\u00e9cessaire pour : (a) respecter les d\u00e9crets l\u00e9gaux ou satisfaire aux actes judiciaires signifi\u00e9s \u00e0 insception lifebank ou au site web; (b) prot\u00e9ger et d\u00e9fendre les droits et la propri\u00e9t\u00e9 d&rsquo;insception lifebank; et, (c) agir dans le cadre de circonstances exceptionnelles pour prot\u00e9ger la s\u00e9curit\u00e9 personnelle des utilisateurs d&rsquo;insception lifebank, ou du public.<\/p>\n<h4>Utilisation de t\u00e9moins<\/h4>\n<p>Le site web d&rsquo;insception lifebank recourt \u00e0 des \u00ab t\u00e9moins \u00bb afin de vous aider \u00e0 personnaliser votre exp\u00e9rience en ligne. Un t\u00e9moin est un fichier texte qui est plac\u00e9 sur votre disque dur par le serveur d&rsquo;une page web. Les t\u00e9moins ne peuvent pas \u00eatre utilis\u00e9s pour faire fonctionner des programmes ou infecter votre ordinateur avec des virus. Les t\u00e9moins vous sont attribu\u00e9s de fa\u00e7on exclusive et peuvent seulement \u00eatre lus par un serveur web dans le domaine qui vous a donn\u00e9 le t\u00e9moin.<\/p>\n<p>L&rsquo;un des objectifs principaux des t\u00e9moins est de vous doter d&rsquo;une fonction pratique qui vous permet d\u2019\u00e9pargnerdu temps. Un t\u00e9moin sert a indiquer au serveur que vous visitez \u00e0 nouveau une page web particuli\u00e8re. Par exemple, lorsque vous personnalisez les pages d&rsquo;insception lifebank, ou lorsque vous vous inscrivez au site ou aux services d&rsquo;insception lifebank, le t\u00e9moin aide aideinsception lifebank \u00e0 se souvenir devos renseignements sp\u00e9cifiques lors de visites ult\u00e9rieures. Cela simplifie le processus de compilation de vos renseignements personnels, tels que votre adresse de facturation, votre adresse d&rsquo;exp\u00e9dition, et ainsi de suite. Lorsque vous vous rendez \u00e0 nouveau sur le m\u00eame site web d&rsquo;insception lifebank, les renseignements que vous avez d\u00e9j\u00e0 fournis peuvent \u00eatre r\u00e9cup\u00e9r\u00e9s, ce qui vous permet d&rsquo;utiliser les fonctions que vous avez personnalis\u00e9es.<\/p>\n<p>Vous avez le choix d&rsquo;accepter ou de refuser les t\u00e9moins. La plupart des navigateurs web acceptent automatiquement les t\u00e9moins, ceci dit, si vous le pr\u00e9f\u00e9rez, vous pouvez g\u00e9n\u00e9ralement modifier les param\u00e8tres de votre navigateur de fa\u00e7on a refuser les t\u00e9moins. Si vous choisissez de refuser les t\u00e9moins, il se peut que vous ne soyez pas en mesure de profiter pleinement des fonctions interactives des services offerts ou des sites web d&rsquo;insception lifebank sur lesquels vous vous rendez.<\/p>\n<h4>S\u00e9curit\u00e9 de vos renseignements personnels<\/h4>\n<p>Insception lifebank prot\u00e8ge vos renseignements personnels de l&rsquo;utilisation, la divulgation ou l&rsquo;acc\u00e8s non autoris\u00e9. Insception lifebank prot\u00e8ge les renseignements personnels identifiables que vous fournissez sur les serveurs informatiques dans un environnement contr\u00f4l\u00e9 et s\u00e9curitaire, prot\u00e9g\u00e9 de l&rsquo;utilisation, de la divulgation ou de l&rsquo;acc\u00e8s non autoris\u00e9. Lorsque les renseignements personnels (tels que le num\u00e9ro de carte de cr\u00e9dit) sont transmis \u00e0 d&rsquo;autres sites web, ils sont prot\u00e9g\u00e9s \u00e0 l&rsquo;aide d&rsquo;un syst\u00e8me de cryptage, tel qu&rsquo;un protocole s\u00e9curis\u00e9 de cryptage.<\/p>\n<h4>Modifications de cet \u00e9nonc\u00e9<\/h4>\n<p>\u00c0 l&rsquo;occasion, insception lifebank met cet \u00e9nonc\u00e9 de confidentialit\u00e9 \u00e0 jour afin de tenir compte de la r\u00e9troaction de la soci\u00e9t\u00e9 et de la client\u00e8le. Insception lifebank vous encourage \u00e0 passer cet \u00e9nonc\u00e9 en revue de fa\u00e7on p\u00e9riodique afin d&rsquo;\u00eatre inform\u00e9 de la fa\u00e7on dont insception lifebank prot\u00e8ge vos renseignements.<\/p>\n<h4>Coordonn\u00e9es<\/h4>\n<p>Vos commentaires au sujet de l&rsquo;\u00e9nonc\u00e9 de confidentialit\u00e9 sont les bienvenus. Si vous pensez qu&rsquo;insception lifebank n&rsquo;a pas resp\u00e9ct\u00e9 cet \u00e9nonc\u00e9, veuillez communiquer avec insception lifebank par le biais de notre page de contact. Nous nous efforcerons, dans la mesure du possible, de rapidement identifier le probl\u00e8me et de le r\u00e9soudre.<\/p>\n<\/div>\n<p>[\/et_pb_text][\/et_pb_column][\/et_pb_row][\/et_pb_section]<\/p>\n","protected":false},"excerpt":{"rendered":"<p>\u00c9NONC\u00c9 DE CONFIDENTIALIT\u00c9 Insception lifebank s&rsquo;engage \u00e0 prot\u00e9ger votre vie priv\u00e9e et \u00e0 d\u00e9velopper des technologies qui vous offrent l&rsquo;exp\u00e9rience en ligne la plus puissante et la plus s\u00e9curisante qui soit. Cette \u00e9nonc\u00e9 de confidentialit\u00e9 s&rsquo;applique au site web d&rsquo;insception lifebank et r\u00e9git la collecte de renseignements et leur utilisation. En utilisant le site web [&hellip;]<\/p>\n","protected":false},"author":9,"featured_media":800,"parent":0,"menu_order":143,"comment_status":"closed","ping_status":"closed","template":"","meta":{"_et_pb_use_builder":"on","_et_pb_old_content":"<div id=\"privacy_statement\">\r\n<h1>\u00c9NONC\u00c9 DE CONFIDENTIALIT\u00c9<\/h1>\r\nInsception lifebank s'engage \u00e0 prot\u00e9ger votre vie priv\u00e9e et \u00e0 d\u00e9velopper des technologies qui vous offrent l'exp\u00e9rience en ligne la plus puissante et la plus s\u00e9curisante qui soit. Cette \u00e9nonc\u00e9 de confidentialit\u00e9 s'applique au site web d'insception lifebank et r\u00e9git la collecte de renseignements et leur utilisation. En utilisant le site web d'insception lifebank, vous acceptez les pratiques li\u00e9es aux donn\u00e9es telles qu'elles sont d\u00e9crites dans le pr\u00e9sent \u00e9nonc\u00e9.\r\n<h4>Collecte de vos renseignements personnels<\/h4>\r\nInsception lifebank collecte les renseignements personnels identifiables, tels que votre adresse \u00e9lectronique, votre nom, votre adresse postale professionnelle ou personnelle ou encore votre num\u00e9ro de t\u00e9l\u00e9phone. Insception lifebank collecte \u00e9galement les donn\u00e9es d\u00e9mographiques anonymes, qui ne vous sont pas propres, telles que le code postal, \u00e2ge, sexe, vos pr\u00e9f\u00e9rences et int\u00e9r\u00eats.\r\n\r\nInsception lifebank collecte \u00e9galement de fa\u00e7on automatique des renseignements sur votre mat\u00e9riel et vos logiciels informatiques. Ces renseignements peuvent comprendre votre adresse de protocole internet, le navigateur que vous utilisez, les noms de domaine, le temps d'acc\u00e8s ainsi que les adresses des sites web de r\u00e9f\u00e9rence. Ces renseignements sont utilis\u00e9s par insception lifebank pour g\u00e9rer le service, maintenir la qualit\u00e9 du service, et fournir des informations statistiques g\u00e9n\u00e9rales au sujet de l'utilisation du site web d'insception lifebank.\r\n\r\nVeuillez garder \u00e0 l'esprit que lorsque vous utilisez les forums d'insception lifebank, les renseignements personnels identifiables ou les donn\u00e9es personnelles sensibles que vous divulguez directement peuvent \u00eatre recueillis par des tiers. Remarque : insception lifebank ne lit aucune de vos communications personnelles en ligne.\r\n\r\nInsception lifebank vous encourage \u00e0 examiner les \u00e9nonc\u00e9s de confidentialit\u00e9 des sites web que vous choisissez de visiter \u00e0 partir du site web d'insception lifebank afin que vous puissiez comprendre comment ces sites web collectent, utilisent et partagent vos renseignements. Insception lifebank n'assume aucune responsabilit\u00e9 quant aux \u00e9nonc\u00e9s de confidentialit\u00e9 et aux autres contenus qui se trouvent sur les sites web ext\u00e9rieurs \u00e0 insception lifebank et aux autres sites web d'insception lifebank.\r\n<h4>Utilisation de vos renseignements personnels<\/h4>\r\nInsception lifebank collecte et utilise vos renseignements personnels pour g\u00e9rer le site web d'insception lifebank et fournir les services que vous sollicitez. Insception lifebank utilise \u00e9galement vos renseignements personnels identifiables pour vous tenir inform\u00e9 d'autres produits ou services offerts par insception lifebank et ses soci\u00e9t\u00e9s affili\u00e9es. Il se peut \u00e9galement qu'insception lifebank communique avec vous par le biais de sondages afin de poursuivre des recherches au sujet de votre avis sur les services d\u00e9j\u00e0 offerts ou sur d'\u00e9ventuels nouveaux services qui pourraient \u00eatre offerts.\r\n\r\nInsception lifebank ne vend pas, ne loue pas et ne c\u00e8de pas ses listes de clients \u00e0 des tiers. Il se peut que de temps \u00e0 autre, insception lifebank communique avec vous pour le compte de partenaires externes pour vous faire part d'une offre particuli\u00e8re qui pourrait vous int\u00e9resser. En pareil cas, vos renseignements personnels identifiables uniques (courriel, nom, adresse, num\u00e9ro de t\u00e9l\u00e9pone) ne sont pas transmis au tiers. En outre, il se peut qu'insception lifebank partage des donn\u00e9es avec des partenaires de confiance afin que nous puissions plus facilement effectuer des analyses statistiques, vous envoyer des courriels ou du courrier, offrir un soutien \u00e0 la client\u00e8le ou prendre des dispositions pour les livraisons. Aucun des tiers de ce type n'a le droit d'utiliser vos renseignements personnels \u00e0 moins qu'il s'agisse de fournir ces services \u00e0 insception lifebank. Ils sont en outre tenus d\u2019assurer la confidentialit\u00e9 des renseignements \u00e0 votre sujet.\r\n\r\nInsception lifebank n'utilise ni ne divulgue les renseignements personnels sensibles tels que la race, la religion ou les affinit\u00e9s politiques sans votre consentement expr\u00e8s.\r\n\r\nInsception lifebank effectue le suivi des sites web et des pages sur lesquels nos clients se rendent au sein d'insception lifebank afin de d\u00e9terminer quels sont les services qui sont les plus courus. Nous utilisons ces donn\u00e9es dans le but de pr\u00e9senter un contenu et des publicit\u00e9s personnalis\u00e9s au sein d'insception lifebank pour les clients dont le comportement indique qu'ils ont quelque int\u00e9r\u00eat pour un domaine particulier.\r\n\r\nLes sites web d'insception lifebank divulgueront vos renseignements personnels, sans pr\u00e9avis, si la loi l'exige ou si nous jugeons qu'une telle action est n\u00e9cessaire pour : (a) respecter les d\u00e9crets l\u00e9gaux ou satisfaire aux actes judiciaires signifi\u00e9s \u00e0 insception lifebank ou au site web; (b) prot\u00e9ger et d\u00e9fendre les droits et la propri\u00e9t\u00e9 d'insception lifebank; et, (c) agir dans le cadre de circonstances exceptionnelles pour prot\u00e9ger la s\u00e9curit\u00e9 personnelle des utilisateurs d'insception lifebank, ou du public.\r\n<h4>Utilisation de t\u00e9moins<\/h4>\r\nLe site web d'insception lifebank recourt \u00e0 des \u00ab t\u00e9moins \u00bb afin de vous aider \u00e0 personnaliser votre exp\u00e9rience en ligne. Un t\u00e9moin est un fichier texte qui est plac\u00e9 sur votre disque dur par le serveur d'une page web. Les t\u00e9moins ne peuvent pas \u00eatre utilis\u00e9s pour faire fonctionner des programmes ou infecter votre ordinateur avec des virus. Les t\u00e9moins vous sont attribu\u00e9s de fa\u00e7on exclusive et peuvent seulement \u00eatre lus par un serveur web dans le domaine qui vous a donn\u00e9 le t\u00e9moin.\r\n\r\nL'un des objectifs principaux des t\u00e9moins est de vous doter d'une fonction pratique qui vous permet d\u2019\u00e9pargnerdu temps. Un t\u00e9moin sert a indiquer au serveur que vous visitez \u00e0 nouveau une page web particuli\u00e8re. Par exemple, lorsque vous personnalisez les pages d'insception lifebank, ou lorsque vous vous inscrivez au site ou aux services d'insception lifebank, le t\u00e9moin aide aideinsception lifebank \u00e0 se souvenir devos renseignements sp\u00e9cifiques lors de visites ult\u00e9rieures. Cela simplifie le processus de compilation de vos renseignements personnels, tels que votre adresse de facturation, votre adresse d'exp\u00e9dition, et ainsi de suite. Lorsque vous vous rendez \u00e0 nouveau sur le m\u00eame site web d'insception lifebank, les renseignements que vous avez d\u00e9j\u00e0 fournis peuvent \u00eatre r\u00e9cup\u00e9r\u00e9s, ce qui vous permet d'utiliser les fonctions que vous avez personnalis\u00e9es.\r\n\r\nVous avez le choix d'accepter ou de refuser les t\u00e9moins. La plupart des navigateurs web acceptent automatiquement les t\u00e9moins, ceci dit, si vous le pr\u00e9f\u00e9rez, vous pouvez g\u00e9n\u00e9ralement modifier les param\u00e8tres de votre navigateur de fa\u00e7on a refuser les t\u00e9moins. Si vous choisissez de refuser les t\u00e9moins, il se peut que vous ne soyez pas en mesure de profiter pleinement des fonctions interactives des services offerts ou des sites web d'insception lifebank sur lesquels vous vous rendez.\r\n<h4>S\u00e9curit\u00e9 de vos renseignements personnels<\/h4>\r\nInsception lifebank prot\u00e8ge vos renseignements personnels de l'utilisation, la divulgation ou l'acc\u00e8s non autoris\u00e9. Insception lifebank prot\u00e8ge les renseignements personnels identifiables que vous fournissez sur les serveurs informatiques dans un environnement contr\u00f4l\u00e9 et s\u00e9curitaire, prot\u00e9g\u00e9 de l'utilisation, de la divulgation ou de l'acc\u00e8s non autoris\u00e9. Lorsque les renseignements personnels (tels que le num\u00e9ro de carte de cr\u00e9dit) sont transmis \u00e0 d'autres sites web, ils sont prot\u00e9g\u00e9s \u00e0 l'aide d'un syst\u00e8me de cryptage, tel qu'un protocole s\u00e9curis\u00e9 de cryptage.\r\n<h4>Modifications de cet \u00e9nonc\u00e9<\/h4>\r\n\u00c0 l'occasion, insception lifebank met cet \u00e9nonc\u00e9 de confidentialit\u00e9 \u00e0 jour afin de tenir compte de la r\u00e9troaction de la soci\u00e9t\u00e9 et de la client\u00e8le. Insception lifebank vous encourage \u00e0 passer cet \u00e9nonc\u00e9 en revue de fa\u00e7on p\u00e9riodique afin d'\u00eatre inform\u00e9 de la fa\u00e7on dont insception lifebank prot\u00e8ge vos renseignements.\r\n<h4>Coordonn\u00e9es<\/h4>\r\nVos commentaires au sujet de l'\u00e9nonc\u00e9 de confidentialit\u00e9 sont les bienvenus. Si vous pensez qu'insception lifebank n'a pas resp\u00e9ct\u00e9 cet \u00e9nonc\u00e9, veuillez communiquer avec insception lifebank par le biais de notre page de contact. Nous nous efforcerons, dans la mesure du possible, de rapidement identifier le probl\u00e8me et de le r\u00e9soudre.\r\n\r\n<\/div>","_et_gb_content_width":"","_monsterinsights_skip_tracking":false,"_monsterinsights_sitenote_active":false,"_monsterinsights_sitenote_note":"","_monsterinsights_sitenote_category":0},"yoast_head":"<!-- This site is optimized with the Yoast SEO plugin v15.5 - https:\/\/yoast.com\/wordpress\/plugins\/seo\/ -->\n<title>Confidentialit\u00e9 - Insception Lifebank<\/title>\n<meta name=\"description\" content=\"Cette \u00e9nonc\u00e9 de confidentialit\u00e9 s\u2019applique au site web d\u2019insception lifebank et r\u00e9git la collecte de renseignements et leur utilisation.\" \/>\n<meta name=\"robots\" content=\"index, follow, max-snippet:-1, max-image-preview:large, max-video-preview:-1\" \/>\n<link rel=\"canonical\" href=\"https:\/\/www.insception.com\/fr\/confidentialite\/\" \/>\n<meta property=\"og:locale\" content=\"fr_FR\" \/>\n<meta property=\"og:type\" content=\"article\" \/>\n<meta property=\"og:title\" content=\"Confidentialit\u00e9 - Insception Lifebank\" \/>\n<meta property=\"og:description\" content=\"Cette \u00e9nonc\u00e9 de confidentialit\u00e9 s\u2019applique au site web d\u2019insception lifebank et r\u00e9git la collecte de renseignements et leur utilisation.\" \/>\n<meta property=\"og:url\" content=\"https:\/\/www.insception.com\/fr\/confidentialite\/\" \/>\n<meta property=\"og:site_name\" content=\"Insception Lifebank\" \/>\n<meta property=\"article:publisher\" content=\"https:\/\/www.facebook.com\/insception\" \/>\n<meta property=\"article:modified_time\" content=\"2023-01-25T20:30:47+00:00\" \/>\n<meta property=\"og:image\" content=\"https:\/\/www.insception.com\/wp-content\/uploads\/2014\/09\/image-12.png\" \/>\n\t<meta property=\"og:image:width\" content=\"404\" \/>\n\t<meta property=\"og:image:height\" content=\"240\" \/>\n<meta name=\"twitter:label1\" content=\"Dur\u00e9e de lecture est.\">\n\t<meta name=\"twitter:data1\" content=\"6 minutes\">\n<script type=\"application\/ld+json\" class=\"yoast-schema-graph\">{\"@context\":\"https:\/\/schema.org\",\"@graph\":[{\"@type\":\"WebSite\",\"@id\":\"https:\/\/www.insception.com\/#website\",\"url\":\"https:\/\/www.insception.com\/\",\"name\":\"Insception Lifebank\",\"description\":\"Canada&#039;s No. 1 Cord Blood &amp; Tissue Program\",\"potentialAction\":[{\"@type\":\"SearchAction\",\"target\":\"https:\/\/www.insception.com\/?s={search_term_string}\",\"query-input\":\"required name=search_term_string\"}],\"inLanguage\":\"fr-FR\"},{\"@type\":\"ImageObject\",\"@id\":\"https:\/\/www.insception.com\/fr\/confidentialite\/#primaryimage\",\"inLanguage\":\"fr-FR\",\"url\":\"https:\/\/www.insception.com\/wp-content\/uploads\/2014\/09\/image-12.png\",\"width\":404,\"height\":240},{\"@type\":\"WebPage\",\"@id\":\"https:\/\/www.insception.com\/fr\/confidentialite\/#webpage\",\"url\":\"https:\/\/www.insception.com\/fr\/confidentialite\/\",\"name\":\"Confidentialit\\u00e9 - Insception Lifebank\",\"isPartOf\":{\"@id\":\"https:\/\/www.insception.com\/#website\"},\"primaryImageOfPage\":{\"@id\":\"https:\/\/www.insception.com\/fr\/confidentialite\/#primaryimage\"},\"datePublished\":\"2014-09-11T01:02:19+00:00\",\"dateModified\":\"2023-01-25T20:30:47+00:00\",\"description\":\"Cette \\u00e9nonc\\u00e9 de confidentialit\\u00e9 s\\u2019applique au site web d\\u2019insception lifebank et r\\u00e9git la collecte de renseignements et leur utilisation.\",\"breadcrumb\":{\"@id\":\"https:\/\/www.insception.com\/fr\/confidentialite\/#breadcrumb\"},\"inLanguage\":\"fr-FR\",\"potentialAction\":[{\"@type\":\"ReadAction\",\"target\":[\"https:\/\/www.insception.com\/fr\/confidentialite\/\"]}]},{\"@type\":\"BreadcrumbList\",\"@id\":\"https:\/\/www.insception.com\/fr\/confidentialite\/#breadcrumb\",\"itemListElement\":[{\"@type\":\"ListItem\",\"position\":1,\"item\":{\"@type\":\"WebPage\",\"@id\":\"https:\/\/www.insception.com\/fr\/\",\"url\":\"https:\/\/www.insception.com\/fr\/\",\"name\":\"Home\"}},{\"@type\":\"ListItem\",\"position\":2,\"item\":{\"@type\":\"WebPage\",\"@id\":\"https:\/\/www.insception.com\/fr\/confidentialite\/\",\"url\":\"https:\/\/www.insception.com\/fr\/confidentialite\/\",\"name\":\"Confidentialit\\u00e9\"}}]}]}<\/script>\n<!-- \/ Yoast SEO plugin. -->","_links":{"self":[{"href":"https:\/\/www.insception.com\/fr\/wp-json\/wp\/v2\/pages\/2062"}],"collection":[{"href":"https:\/\/www.insception.com\/fr\/wp-json\/wp\/v2\/pages"}],"about":[{"href":"https:\/\/www.insception.com\/fr\/wp-json\/wp\/v2\/types\/page"}],"author":[{"embeddable":true,"href":"https:\/\/www.insception.com\/fr\/wp-json\/wp\/v2\/users\/9"}],"replies":[{"embeddable":true,"href":"https:\/\/www.insception.com\/fr\/wp-json\/wp\/v2\/comments?post=2062"}],"version-history":[{"count":0,"href":"https:\/\/www.insception.com\/fr\/wp-json\/wp\/v2\/pages\/2062\/revisions"}],"wp:featuredmedia":[{"embeddable":true,"href":"https:\/\/www.insception.com\/fr\/wp-json\/wp\/v2\/media\/800"}],"wp:attachment":[{"href":"https:\/\/www.insception.com\/fr\/wp-json\/wp\/v2\/media?parent=2062"}],"curies":[{"name":"wp","href":"https:\/\/api.w.org\/{rel}","templated":true}]}}