{"id":2069,"date":"2014-09-10T21:02:36","date_gmt":"2014-09-11T01:02:36","guid":{"rendered":"http:\/\/www.insception.com\/careers-2\/"},"modified":"2023-01-25T13:50:28","modified_gmt":"2023-01-25T18:50:28","slug":"carrieres","status":"publish","type":"page","link":"https:\/\/www.insception.com\/fr\/carrieres\/","title":{"rendered":"Carri\u00e8res"},"content":{"rendered":"<h2>Insception Lifebank estunesoci\u00e9t\u00e9canadiennefond\u00e9e par des scientifiques et des m\u00e9decinscanadiens.<\/h2>\n<p>Nous sommes la banque du sang ombilical la plus importante et la mieux\u00e9tablie; nous offrons aux parents qui attendent un enfant l&rsquo;occasion de conserver des cellules souchescontenuesdans le sang du cordon ombilical, ce qui constitueune alternative pr\u00e9cieuse par rapport \u00e0 la moelleosseuse.<\/p>\n<p>Insception Lifebank se consacreactivement \u00e0 la rechercheet au d\u00e9veloppementtechnologique, en plus d\u2019offrir la conservation. Notre recherche se concentresur le d\u00e9veloppement de technologies th\u00e9rapeutiqueset de produits \u00e0 base de cellules souchesdestin\u00e9s \u00e0 traiter un large \u00e9ventail de maladies tellesque le diab\u00e8te, la SEP, les accidents c\u00e9r\u00e9brovasculaires et les maladies du c\u0153ur. Insception Lifebank Biosciences est un employeursouscrivant au principe de l&rsquo;\u00e9galit\u00e9d&rsquo;acc\u00e8s \u00e0 l&#8217;emploi.<\/p>\n<p>N&rsquo;h\u00e9sitez pas \u00e0 envoyerunedemandeg\u00e9n\u00e9rale \u00e0HR@insception.com pour signifier votreint\u00e9r\u00eat pour un poste au sein d&rsquo;Insception Lifebank. Vosrenseignementsserontconserv\u00e9sdansnotre base de donn\u00e9essurl&#8217;embauche pour unep\u00e9riode de 6 mois.<\/p>\n","protected":false},"excerpt":{"rendered":"<p>Insception Lifebank estunesoci\u00e9t\u00e9canadiennefond\u00e9e par des scientifiques et des m\u00e9decinscanadiens. Nous sommes la banque du sang ombilical la plus importante et la mieux\u00e9tablie; nous offrons aux parents qui attendent un enfant l&rsquo;occasion de conserver des cellules souchescontenuesdans le sang du cordon ombilical, ce qui constitueune alternative pr\u00e9cieuse par rapport \u00e0 la moelleosseuse. Insception Lifebank se consacreactivement [&hellip;]<\/p>\n","protected":false},"author":9,"featured_media":269,"parent":0,"menu_order":136,"comment_status":"closed","ping_status":"closed","template":"","meta":{"_et_pb_use_builder":"on","_et_pb_old_content":"<h2>Insception Lifebank estunesoci\u00e9t\u00e9canadiennefond\u00e9e par des scientifiques et des m\u00e9decinscanadiens.<\/h2>\r\nNous sommes la banque du sang ombilical la plus importante et la mieux\u00e9tablie; nous offrons aux parents qui attendent un enfant l'occasion de conserver des cellules souchescontenuesdans le sang du cordon ombilical, ce qui constitueune alternative pr\u00e9cieuse par rapport \u00e0 la moelleosseuse.\r\n\r\nInsception Lifebank se consacreactivement \u00e0 la rechercheet au d\u00e9veloppementtechnologique, en plus d\u2019offrir la conservation. Notre recherche se concentresur le d\u00e9veloppement de technologies th\u00e9rapeutiqueset de produits \u00e0 base de cellules souchesdestin\u00e9s \u00e0 traiter un large \u00e9ventail de maladies tellesque le diab\u00e8te, la SEP, les accidents c\u00e9r\u00e9brovasculaires et les maladies du c\u0153ur. Insception Lifebank Biosciences est un employeursouscrivant au principe de l'\u00e9galit\u00e9d'acc\u00e8s \u00e0 l'emploi.\r\n\r\nN'h\u00e9sitez pas \u00e0 envoyerunedemandeg\u00e9n\u00e9rale \u00e0HR@insception.com pour signifier votreint\u00e9r\u00eat pour un poste au sein d'Insception Lifebank. Vosrenseignementsserontconserv\u00e9sdansnotre base de donn\u00e9essurl'embauche pour unep\u00e9riode de 6 mois.","_et_gb_content_width":"","_monsterinsights_skip_tracking":false,"_monsterinsights_sitenote_active":false,"_monsterinsights_sitenote_note":"","_monsterinsights_sitenote_category":0},"yoast_head":"<!-- This site is optimized with the Yoast SEO plugin v15.5 - https:\/\/yoast.com\/wordpress\/plugins\/seo\/ -->\n<title>Carri\u00e8res - Insception Lifebank<\/title>\n<meta name=\"description\" content=\"Insception Lifebank se consacreactivement \u00e0 la rechercheet au d\u00e9veloppementtechnologique, en plus d\u2019offrir la conservation.\" \/>\n<meta name=\"robots\" content=\"index, follow, max-snippet:-1, max-image-preview:large, max-video-preview:-1\" \/>\n<link rel=\"canonical\" href=\"https:\/\/www.insception.com\/fr\/carrieres\/\" \/>\n<meta property=\"og:locale\" content=\"fr_FR\" \/>\n<meta property=\"og:type\" content=\"article\" \/>\n<meta property=\"og:title\" content=\"Carri\u00e8res - Insception Lifebank\" \/>\n<meta property=\"og:description\" content=\"Insception Lifebank se consacreactivement \u00e0 la rechercheet au d\u00e9veloppementtechnologique, en plus d\u2019offrir la conservation.\" \/>\n<meta property=\"og:url\" content=\"https:\/\/www.insception.com\/fr\/carrieres\/\" \/>\n<meta property=\"og:site_name\" content=\"Insception Lifebank\" \/>\n<meta property=\"article:publisher\" content=\"https:\/\/www.facebook.com\/insception\" \/>\n<meta property=\"article:modified_time\" content=\"2023-01-25T18:50:28+00:00\" \/>\n<meta property=\"og:image\" content=\"https:\/\/www.insception.com\/wp-content\/uploads\/2014\/09\/image-5.png\" \/>\n\t<meta property=\"og:image:width\" content=\"404\" \/>\n\t<meta property=\"og:image:height\" content=\"240\" \/>\n<meta name=\"twitter:label1\" content=\"Dur\u00e9e de lecture est.\">\n\t<meta name=\"twitter:data1\" content=\"1 minute\">\n<script type=\"application\/ld+json\" class=\"yoast-schema-graph\">{\"@context\":\"https:\/\/schema.org\",\"@graph\":[{\"@type\":\"WebSite\",\"@id\":\"https:\/\/www.insception.com\/#website\",\"url\":\"https:\/\/www.insception.com\/\",\"name\":\"Insception Lifebank\",\"description\":\"Canada&#039;s No. 1 Cord Blood &amp; Tissue Program\",\"potentialAction\":[{\"@type\":\"SearchAction\",\"target\":\"https:\/\/www.insception.com\/?s={search_term_string}\",\"query-input\":\"required name=search_term_string\"}],\"inLanguage\":\"fr-FR\"},{\"@type\":\"ImageObject\",\"@id\":\"https:\/\/www.insception.com\/fr\/carrieres\/#primaryimage\",\"inLanguage\":\"fr-FR\",\"url\":\"https:\/\/www.insception.com\/wp-content\/uploads\/2014\/09\/image-5.png\",\"width\":404,\"height\":240,\"caption\":\"The Insception Difference\"},{\"@type\":\"WebPage\",\"@id\":\"https:\/\/www.insception.com\/fr\/carrieres\/#webpage\",\"url\":\"https:\/\/www.insception.com\/fr\/carrieres\/\",\"name\":\"Carri\\u00e8res - Insception Lifebank\",\"isPartOf\":{\"@id\":\"https:\/\/www.insception.com\/#website\"},\"primaryImageOfPage\":{\"@id\":\"https:\/\/www.insception.com\/fr\/carrieres\/#primaryimage\"},\"datePublished\":\"2014-09-11T01:02:36+00:00\",\"dateModified\":\"2023-01-25T18:50:28+00:00\",\"description\":\"Insception Lifebank se consacreactivement \\u00e0 la rechercheet au d\\u00e9veloppementtechnologique, en plus d\\u2019offrir la conservation.\",\"breadcrumb\":{\"@id\":\"https:\/\/www.insception.com\/fr\/carrieres\/#breadcrumb\"},\"inLanguage\":\"fr-FR\",\"potentialAction\":[{\"@type\":\"ReadAction\",\"target\":[\"https:\/\/www.insception.com\/fr\/carrieres\/\"]}]},{\"@type\":\"BreadcrumbList\",\"@id\":\"https:\/\/www.insception.com\/fr\/carrieres\/#breadcrumb\",\"itemListElement\":[{\"@type\":\"ListItem\",\"position\":1,\"item\":{\"@type\":\"WebPage\",\"@id\":\"https:\/\/www.insception.com\/fr\/\",\"url\":\"https:\/\/www.insception.com\/fr\/\",\"name\":\"Home\"}},{\"@type\":\"ListItem\",\"position\":2,\"item\":{\"@type\":\"WebPage\",\"@id\":\"https:\/\/www.insception.com\/fr\/carrieres\/\",\"url\":\"https:\/\/www.insception.com\/fr\/carrieres\/\",\"name\":\"Carri\\u00e8res\"}}]}]}<\/script>\n<!-- \/ Yoast SEO plugin. -->","_links":{"self":[{"href":"https:\/\/www.insception.com\/fr\/wp-json\/wp\/v2\/pages\/2069"}],"collection":[{"href":"https:\/\/www.insception.com\/fr\/wp-json\/wp\/v2\/pages"}],"about":[{"href":"https:\/\/www.insception.com\/fr\/wp-json\/wp\/v2\/types\/page"}],"author":[{"embeddable":true,"href":"https:\/\/www.insception.com\/fr\/wp-json\/wp\/v2\/users\/9"}],"replies":[{"embeddable":true,"href":"https:\/\/www.insception.com\/fr\/wp-json\/wp\/v2\/comments?post=2069"}],"version-history":[{"count":0,"href":"https:\/\/www.insception.com\/fr\/wp-json\/wp\/v2\/pages\/2069\/revisions"}],"wp:featuredmedia":[{"embeddable":true,"href":"https:\/\/www.insception.com\/fr\/wp-json\/wp\/v2\/media\/269"}],"wp:attachment":[{"href":"https:\/\/www.insception.com\/fr\/wp-json\/wp\/v2\/media?parent=2069"}],"curies":[{"name":"wp","href":"https:\/\/api.w.org\/{rel}","templated":true}]}}