{"id":2070,"date":"2014-09-10T20:50:41","date_gmt":"2014-09-11T00:50:41","guid":{"rendered":"http:\/\/www.insception.com\/corporate-information-2\/"},"modified":"2023-01-26T14:48:59","modified_gmt":"2023-01-26T19:48:59","slug":"notre-entreprise","status":"publish","type":"page","link":"https:\/\/www.insception.com\/fr\/notre-entreprise\/","title":{"rendered":"Notre entreprise"},"content":{"rendered":"<p>[et_pb_section fb_built=\u00a0\u00bb1&Prime; admin_label=\u00a0\u00bbsection\u00a0\u00bb _builder_version=\u00a0\u00bb3.22&Prime; global_colors_info=\u00a0\u00bb{}\u00a0\u00bb][et_pb_row admin_label=\u00a0\u00bbrow\u00a0\u00bb _builder_version=\u00a0\u00bb3.25&Prime; background_size=\u00a0\u00bbinitial\u00a0\u00bb background_position=\u00a0\u00bbtop_left\u00a0\u00bb background_repeat=\u00a0\u00bbrepeat\u00a0\u00bb global_colors_info=\u00a0\u00bb{}\u00a0\u00bb][et_pb_column type=\u00a0\u00bb4_4&Prime; _builder_version=\u00a0\u00bb3.25&Prime; custom_padding=\u00a0\u00bb|||\u00a0\u00bb global_colors_info=\u00a0\u00bb{}\u00a0\u00bb custom_padding__hover=\u00a0\u00bb|||\u00a0\u00bb][et_pb_text admin_label=\u00a0\u00bbText\u00a0\u00bb _builder_version=\u00a0\u00bb3.27.4&Prime; background_size=\u00a0\u00bbinitial\u00a0\u00bb background_position=\u00a0\u00bbtop_left\u00a0\u00bb background_repeat=\u00a0\u00bbrepeat\u00a0\u00bb global_colors_info=\u00a0\u00bb{}\u00a0\u00bb]<\/p>\n<h2>\u00c0 notre sujet<\/h2>\n<p>Fond\u00e9e en 1996, Insception Lifebank est le programme de sang ombilical le premier, le plus grand et le plus exp\u00e9riment\u00e9 au Canada, avec plus de soumissions que toutes les autres banques canadiennes de sang ombilical rassembl\u00e9es.<br \/>\nAvec sa passion pour la qualit\u00e9 et le niveau le plus \u00e9lev\u00e9 d\u2019accr\u00e9ditation volontaire (AABB et FACT), Insception Lifebank est le choix de pr\u00e9dilection des parents canadiens avec plus de 60 000 \u00e9chantillons de sang ombilical conserv\u00e9s.<br \/>\nEn partenariat avec des institutions m\u00e9dicales et de recherche en t\u00eate au Canada, comme le Mount Sinai Hospital, le Sunnybrook Health Sciences Centre, et le Scarborough Hospital de Toronto, Insception Lifebank b\u00e9n\u00e9ficie d\u2019une gouvernance professionnelle \u00e0 long terme et de la stabilit\u00e9 financi\u00e8re n\u00e9cessaire pour continuer de fournir \u00e0 toutes les familles canadiennes un traitement et une conservation s\u00fbrs et \u00e0 la fine pointe des pr\u00e9cieuses cellules souches de leurs enfants.<\/p>\n<h2>Valeurs fondamentales<\/h2>\n<p><img loading=\"lazy\" class=\"alignnone wp-image-644\" src=\"https:\/\/www.insception.com\/wp-content\/uploads\/2014\/09\/core-values-web-fr.png\" alt=\"core-values-web\" width=\"800\" height=\"501\" \/>[\/et_pb_text][\/et_pb_column][\/et_pb_row][\/et_pb_section]<\/p>\n","protected":false},"excerpt":{"rendered":"<p>\u00c0 notre sujet Fond\u00e9e en 1996, Insception Lifebank est le programme de sang ombilical le premier, le plus grand et le plus exp\u00e9riment\u00e9 au Canada, avec plus de soumissions que toutes les autres banques canadiennes de sang ombilical rassembl\u00e9es. Avec sa passion pour la qualit\u00e9 et le niveau le plus \u00e9lev\u00e9 d\u2019accr\u00e9ditation volontaire (AABB et [&hellip;]<\/p>\n","protected":false},"author":9,"featured_media":3462,"parent":0,"menu_order":135,"comment_status":"closed","ping_status":"closed","template":"","meta":{"_et_pb_use_builder":"on","_et_pb_old_content":"<h2>\u00c0 notre sujet<\/h2>\r\nFond\u00e9e en 1996, Insception Lifebank est le programme de sang ombilical le premier, le plus grand et le plus exp\u00e9riment\u00e9 au Canada, avec plus de soumissions que toutes les autres banques canadiennes de sang ombilical rassembl\u00e9es.\r\nAvec sa passion pour la qualit\u00e9 et le niveau le plus \u00e9lev\u00e9 d\u2019accr\u00e9ditation volontaire (AABB et FACT), Insception Lifebank est le choix de pr\u00e9dilection des parents canadiens avec plus de 60 000 \u00e9chantillons de sang ombilical conserv\u00e9s.\r\nEn partenariat avec des institutions m\u00e9dicales et de recherche en t\u00eate au Canada, comme le Mount Sinai Hospital, le Sunnybrook Health Sciences Centre, et le Scarborough Hospital de Toronto, Insception Lifebank b\u00e9n\u00e9ficie d\u2019une gouvernance professionnelle \u00e0 long terme et de la stabilit\u00e9 financi\u00e8re n\u00e9cessaire pour continuer de fournir \u00e0 toutes les familles canadiennes un traitement et une conservation s\u00fbrs et \u00e0 la fine pointe des pr\u00e9cieuses cellules souches de leurs enfants.\r\n<h2>Valeurs fondamentales<\/h2>\r\n<img class=\"alignnone wp-image-644\" src=\"https:\/\/www.insception.com\/wp-content\/uploads\/2014\/09\/core-values-web-fr.png\" alt=\"core-values-web\" width=\"800\" height=\"501\" \/>","_et_gb_content_width":"","_monsterinsights_skip_tracking":false,"_monsterinsights_sitenote_active":false,"_monsterinsights_sitenote_note":"","_monsterinsights_sitenote_category":0},"yoast_head":"<!-- This site is optimized with the Yoast SEO plugin v15.5 - https:\/\/yoast.com\/wordpress\/plugins\/seo\/ -->\n<title>Notre entreprise - Insception Lifebank<\/title>\n<meta name=\"description\" content=\"Fond\u00e9e en 1996, Insception Lifebank est le programme de sang ombilical le premie, avec plus de soumissions que toutes les autres banques canadiennes de sang ombilical rassembl\u00e9es.\" \/>\n<meta name=\"robots\" content=\"index, follow, max-snippet:-1, max-image-preview:large, max-video-preview:-1\" \/>\n<link rel=\"canonical\" href=\"https:\/\/www.insception.com\/fr\/notre-entreprise\/\" \/>\n<meta property=\"og:locale\" content=\"fr_FR\" \/>\n<meta property=\"og:type\" content=\"article\" \/>\n<meta property=\"og:title\" content=\"Notre entreprise - Insception Lifebank\" \/>\n<meta property=\"og:description\" content=\"Fond\u00e9e en 1996, Insception Lifebank est le programme de sang ombilical le premie, avec plus de soumissions que toutes les autres banques canadiennes de sang ombilical rassembl\u00e9es.\" \/>\n<meta property=\"og:url\" content=\"https:\/\/www.insception.com\/fr\/notre-entreprise\/\" \/>\n<meta property=\"og:site_name\" content=\"Insception Lifebank\" \/>\n<meta property=\"article:publisher\" content=\"https:\/\/www.facebook.com\/insception\" \/>\n<meta property=\"article:modified_time\" content=\"2023-01-26T19:48:59+00:00\" \/>\n<meta property=\"og:image\" content=\"https:\/\/www.insception.com\/wp-content\/uploads\/2014\/09\/locations.png\" \/>\n\t<meta property=\"og:image:width\" content=\"360\" \/>\n\t<meta property=\"og:image:height\" content=\"270\" \/>\n<meta name=\"twitter:label1\" content=\"Dur\u00e9e de lecture est.\">\n\t<meta name=\"twitter:data1\" content=\"1 minute\">\n<script type=\"application\/ld+json\" class=\"yoast-schema-graph\">{\"@context\":\"https:\/\/schema.org\",\"@graph\":[{\"@type\":\"WebSite\",\"@id\":\"https:\/\/www.insception.com\/#website\",\"url\":\"https:\/\/www.insception.com\/\",\"name\":\"Insception Lifebank\",\"description\":\"Canada&#039;s No. 1 Cord Blood &amp; Tissue Program\",\"potentialAction\":[{\"@type\":\"SearchAction\",\"target\":\"https:\/\/www.insception.com\/?s={search_term_string}\",\"query-input\":\"required name=search_term_string\"}],\"inLanguage\":\"fr-FR\"},{\"@type\":\"ImageObject\",\"@id\":\"https:\/\/www.insception.com\/fr\/notre-entreprise\/#primaryimage\",\"inLanguage\":\"fr-FR\",\"url\":\"https:\/\/www.insception.com\/wp-content\/uploads\/2014\/09\/locations.png\",\"width\":360,\"height\":270},{\"@type\":\"WebPage\",\"@id\":\"https:\/\/www.insception.com\/fr\/notre-entreprise\/#webpage\",\"url\":\"https:\/\/www.insception.com\/fr\/notre-entreprise\/\",\"name\":\"Notre entreprise - Insception Lifebank\",\"isPartOf\":{\"@id\":\"https:\/\/www.insception.com\/#website\"},\"primaryImageOfPage\":{\"@id\":\"https:\/\/www.insception.com\/fr\/notre-entreprise\/#primaryimage\"},\"datePublished\":\"2014-09-11T00:50:41+00:00\",\"dateModified\":\"2023-01-26T19:48:59+00:00\",\"description\":\"Fond\\u00e9e en 1996, Insception Lifebank est le programme de sang ombilical le premie, avec plus de soumissions que toutes les autres banques canadiennes de sang ombilical rassembl\\u00e9es.\",\"breadcrumb\":{\"@id\":\"https:\/\/www.insception.com\/fr\/notre-entreprise\/#breadcrumb\"},\"inLanguage\":\"fr-FR\",\"potentialAction\":[{\"@type\":\"ReadAction\",\"target\":[\"https:\/\/www.insception.com\/fr\/notre-entreprise\/\"]}]},{\"@type\":\"BreadcrumbList\",\"@id\":\"https:\/\/www.insception.com\/fr\/notre-entreprise\/#breadcrumb\",\"itemListElement\":[{\"@type\":\"ListItem\",\"position\":1,\"item\":{\"@type\":\"WebPage\",\"@id\":\"https:\/\/www.insception.com\/fr\/\",\"url\":\"https:\/\/www.insception.com\/fr\/\",\"name\":\"Home\"}},{\"@type\":\"ListItem\",\"position\":2,\"item\":{\"@type\":\"WebPage\",\"@id\":\"https:\/\/www.insception.com\/fr\/notre-entreprise\/\",\"url\":\"https:\/\/www.insception.com\/fr\/notre-entreprise\/\",\"name\":\"Notre entreprise\"}}]}]}<\/script>\n<!-- \/ Yoast SEO plugin. -->","_links":{"self":[{"href":"https:\/\/www.insception.com\/fr\/wp-json\/wp\/v2\/pages\/2070"}],"collection":[{"href":"https:\/\/www.insception.com\/fr\/wp-json\/wp\/v2\/pages"}],"about":[{"href":"https:\/\/www.insception.com\/fr\/wp-json\/wp\/v2\/types\/page"}],"author":[{"embeddable":true,"href":"https:\/\/www.insception.com\/fr\/wp-json\/wp\/v2\/users\/9"}],"replies":[{"embeddable":true,"href":"https:\/\/www.insception.com\/fr\/wp-json\/wp\/v2\/comments?post=2070"}],"version-history":[{"count":0,"href":"https:\/\/www.insception.com\/fr\/wp-json\/wp\/v2\/pages\/2070\/revisions"}],"wp:featuredmedia":[{"embeddable":true,"href":"https:\/\/www.insception.com\/fr\/wp-json\/wp\/v2\/media\/3462"}],"wp:attachment":[{"href":"https:\/\/www.insception.com\/fr\/wp-json\/wp\/v2\/media?parent=2070"}],"curies":[{"name":"wp","href":"https:\/\/api.w.org\/{rel}","templated":true}]}}