{"id":2072,"date":"2014-10-26T21:52:37","date_gmt":"2014-10-27T01:52:37","guid":{"rendered":"http:\/\/www.insception.com\/power-cord-blood-cord-tissue-2\/"},"modified":"2023-01-26T15:27:37","modified_gmt":"2023-01-26T20:27:37","slug":"la-puissance-du-sang-ombilical-et-du-tissu-ombilical","status":"publish","type":"page","link":"https:\/\/www.insception.com\/fr\/la-puissance-du-sang-ombilical-et-du-tissu-ombilical\/","title":{"rendered":"La puissance du sang ombilical et du tissu ombilical"},"content":{"rendered":"<p>[et_pb_section fb_built=\u00a0\u00bb1&Prime; admin_label=\u00a0\u00bbsection\u00a0\u00bb _builder_version=\u00a0\u00bb3.22&Prime; global_colors_info=\u00a0\u00bb{}\u00a0\u00bb][et_pb_row admin_label=\u00a0\u00bbrow\u00a0\u00bb _builder_version=\u00a0\u00bb3.25&Prime; background_size=\u00a0\u00bbinitial\u00a0\u00bb background_position=\u00a0\u00bbtop_left\u00a0\u00bb background_repeat=\u00a0\u00bbrepeat\u00a0\u00bb global_colors_info=\u00a0\u00bb{}\u00a0\u00bb][et_pb_column type=\u00a0\u00bb4_4&Prime; _builder_version=\u00a0\u00bb3.25&Prime; custom_padding=\u00a0\u00bb|||\u00a0\u00bb global_colors_info=\u00a0\u00bb{}\u00a0\u00bb custom_padding__hover=\u00a0\u00bb|||\u00a0\u00bb][et_pb_text admin_label=\u00a0\u00bbText\u00a0\u00bb _builder_version=\u00a0\u00bb3.27.4&Prime; background_size=\u00a0\u00bbinitial\u00a0\u00bb background_position=\u00a0\u00bbtop_left\u00a0\u00bb background_repeat=\u00a0\u00bbrepeat\u00a0\u00bb global_colors_info=\u00a0\u00bb{}\u00a0\u00bb]<\/p>\n<h1>La puissance du sang ombilical et du tissu ombilical<\/h1>\n<p>Aujourd\u2019hui, les cellules souches du sang ombilical sont utilis\u00e9es pour le traitement de plus de 80 maladies posant un risque \u00e0 la vie.<a href=\"https:\/\/www.insception.com\/references\/\"><sup>10 <\/sup><\/a>Des recherches \u00e9mergentes font grandir la liste des maladies et conditions pouvant \u00eatre trait\u00e9es avec le sang ombilical; la liste inclut maintenant autisme, paralysie c\u00e9r\u00e9brale et blessures m\u00e9dullaires.<a href=\"https:\/\/www.insception.com\/references\/\"><sup>8 <\/sup><\/a>Imaginez ce que nous pourrons traiter au cours des 20 ann\u00e9es \u00e0 venir![\/et_pb_text][\/et_pb_column][\/et_pb_row][\/et_pb_section]<\/p>\n","protected":false},"excerpt":{"rendered":"<p>La puissance du sang ombilical et du tissu ombilical Aujourd\u2019hui, les cellules souches du sang ombilical sont utilis\u00e9es pour le traitement de plus de 80 maladies posant un risque \u00e0 la vie.10 Des recherches \u00e9mergentes font grandir la liste des maladies et conditions pouvant \u00eatre trait\u00e9es avec le sang ombilical; la liste inclut maintenant autisme, [&hellip;]<\/p>\n","protected":false},"author":9,"featured_media":7198,"parent":0,"menu_order":133,"comment_status":"closed","ping_status":"closed","template":"","meta":{"_et_pb_use_builder":"on","_et_pb_old_content":"<h1>La puissance du sang ombilical et du tissu ombilical<\/h1>\r\nAujourd\u2019hui, les cellules souches du sang ombilical sont utilis\u00e9es pour le traitement de plus de 80 maladies posant un risque \u00e0 la vie.<a href=\"https:\/\/www.insception.com\/references\/\"><sup>10 <\/sup><\/a>Des recherches \u00e9mergentes font grandir la liste des maladies et conditions pouvant \u00eatre trait\u00e9es avec le sang ombilical; la liste inclut maintenant autisme, paralysie c\u00e9r\u00e9brale et blessures m\u00e9dullaires.<a href=\"https:\/\/www.insception.com\/references\/\"><sup>8 <\/sup><\/a>Imaginez ce que nous pourrons traiter au cours des 20 ann\u00e9es \u00e0 venir!","_et_gb_content_width":"","_monsterinsights_skip_tracking":false,"_monsterinsights_sitenote_active":false,"_monsterinsights_sitenote_note":"","_monsterinsights_sitenote_category":0},"yoast_head":"<!-- This site is optimized with the Yoast SEO plugin v15.5 - https:\/\/yoast.com\/wordpress\/plugins\/seo\/ -->\n<title>La puissance du sang ombilical et du tissu ombilical - Insception Lifebank<\/title>\n<meta name=\"description\" content=\"Aujourd\u2019hui, les cellules souches du sang ombilical sont utilis\u00e9es pour le traitement de plus de 80 maladies posant un risque \u00e0 la vie.\" \/>\n<meta name=\"robots\" content=\"index, follow, max-snippet:-1, max-image-preview:large, max-video-preview:-1\" \/>\n<link rel=\"canonical\" href=\"https:\/\/www.insception.com\/fr\/la-puissance-du-sang-ombilical-et-du-tissu-ombilical\/\" \/>\n<meta property=\"og:locale\" content=\"fr_FR\" \/>\n<meta property=\"og:type\" content=\"article\" \/>\n<meta property=\"og:title\" content=\"La puissance du sang ombilical et du tissu ombilical - Insception Lifebank\" \/>\n<meta property=\"og:description\" content=\"Aujourd\u2019hui, les cellules souches du sang ombilical sont utilis\u00e9es pour le traitement de plus de 80 maladies posant un risque \u00e0 la vie.\" \/>\n<meta property=\"og:url\" content=\"https:\/\/www.insception.com\/fr\/la-puissance-du-sang-ombilical-et-du-tissu-ombilical\/\" \/>\n<meta property=\"og:site_name\" content=\"Insception Lifebank\" \/>\n<meta property=\"article:publisher\" content=\"https:\/\/www.facebook.com\/insception\" \/>\n<meta property=\"article:modified_time\" content=\"2023-01-26T20:27:37+00:00\" \/>\n<meta property=\"og:image\" content=\"https:\/\/www.insception.com\/wp-content\/uploads\/2014\/09\/featured-inside_index.png\" \/>\n\t<meta property=\"og:image:width\" content=\"404\" \/>\n\t<meta property=\"og:image:height\" content=\"240\" \/>\n<meta name=\"twitter:label1\" content=\"Dur\u00e9e de lecture est.\">\n\t<meta name=\"twitter:data1\" content=\"1 minute\">\n<script type=\"application\/ld+json\" class=\"yoast-schema-graph\">{\"@context\":\"https:\/\/schema.org\",\"@graph\":[{\"@type\":\"WebSite\",\"@id\":\"https:\/\/www.insception.com\/#website\",\"url\":\"https:\/\/www.insception.com\/\",\"name\":\"Insception Lifebank\",\"description\":\"Canada&#039;s No. 1 Cord Blood &amp; Tissue Program\",\"potentialAction\":[{\"@type\":\"SearchAction\",\"target\":\"https:\/\/www.insception.com\/?s={search_term_string}\",\"query-input\":\"required name=search_term_string\"}],\"inLanguage\":\"fr-FR\"},{\"@type\":\"ImageObject\",\"@id\":\"https:\/\/www.insception.com\/fr\/la-puissance-du-sang-ombilical-et-du-tissu-ombilical\/#primaryimage\",\"inLanguage\":\"fr-FR\",\"url\":\"https:\/\/www.insception.com\/wp-content\/uploads\/2014\/09\/featured-inside_index.png\",\"width\":404,\"height\":240},{\"@type\":\"WebPage\",\"@id\":\"https:\/\/www.insception.com\/fr\/la-puissance-du-sang-ombilical-et-du-tissu-ombilical\/#webpage\",\"url\":\"https:\/\/www.insception.com\/fr\/la-puissance-du-sang-ombilical-et-du-tissu-ombilical\/\",\"name\":\"La puissance du sang ombilical et du tissu ombilical - Insception Lifebank\",\"isPartOf\":{\"@id\":\"https:\/\/www.insception.com\/#website\"},\"primaryImageOfPage\":{\"@id\":\"https:\/\/www.insception.com\/fr\/la-puissance-du-sang-ombilical-et-du-tissu-ombilical\/#primaryimage\"},\"datePublished\":\"2014-10-27T01:52:37+00:00\",\"dateModified\":\"2023-01-26T20:27:37+00:00\",\"description\":\"Aujourd\\u2019hui, les cellules souches du sang ombilical sont utilis\\u00e9es pour le traitement de plus de 80 maladies posant un risque \\u00e0 la vie.\",\"breadcrumb\":{\"@id\":\"https:\/\/www.insception.com\/fr\/la-puissance-du-sang-ombilical-et-du-tissu-ombilical\/#breadcrumb\"},\"inLanguage\":\"fr-FR\",\"potentialAction\":[{\"@type\":\"ReadAction\",\"target\":[\"https:\/\/www.insception.com\/fr\/la-puissance-du-sang-ombilical-et-du-tissu-ombilical\/\"]}]},{\"@type\":\"BreadcrumbList\",\"@id\":\"https:\/\/www.insception.com\/fr\/la-puissance-du-sang-ombilical-et-du-tissu-ombilical\/#breadcrumb\",\"itemListElement\":[{\"@type\":\"ListItem\",\"position\":1,\"item\":{\"@type\":\"WebPage\",\"@id\":\"https:\/\/www.insception.com\/fr\/\",\"url\":\"https:\/\/www.insception.com\/fr\/\",\"name\":\"Home\"}},{\"@type\":\"ListItem\",\"position\":2,\"item\":{\"@type\":\"WebPage\",\"@id\":\"https:\/\/www.insception.com\/fr\/la-puissance-du-sang-ombilical-et-du-tissu-ombilical\/\",\"url\":\"https:\/\/www.insception.com\/fr\/la-puissance-du-sang-ombilical-et-du-tissu-ombilical\/\",\"name\":\"La puissance du sang ombilical et du tissu ombilical\"}}]}]}<\/script>\n<!-- \/ Yoast SEO plugin. -->","_links":{"self":[{"href":"https:\/\/www.insception.com\/fr\/wp-json\/wp\/v2\/pages\/2072"}],"collection":[{"href":"https:\/\/www.insception.com\/fr\/wp-json\/wp\/v2\/pages"}],"about":[{"href":"https:\/\/www.insception.com\/fr\/wp-json\/wp\/v2\/types\/page"}],"author":[{"embeddable":true,"href":"https:\/\/www.insception.com\/fr\/wp-json\/wp\/v2\/users\/9"}],"replies":[{"embeddable":true,"href":"https:\/\/www.insception.com\/fr\/wp-json\/wp\/v2\/comments?post=2072"}],"version-history":[{"count":0,"href":"https:\/\/www.insception.com\/fr\/wp-json\/wp\/v2\/pages\/2072\/revisions"}],"wp:featuredmedia":[{"embeddable":true,"href":"https:\/\/www.insception.com\/fr\/wp-json\/wp\/v2\/media\/7198"}],"wp:attachment":[{"href":"https:\/\/www.insception.com\/fr\/wp-json\/wp\/v2\/media?parent=2072"}],"curies":[{"name":"wp","href":"https:\/\/api.w.org\/{rel}","templated":true}]}}