{"id":2078,"date":"2014-09-25T14:50:02","date_gmt":"2014-09-25T18:50:02","guid":{"rendered":"http:\/\/www.insception.com\/insception-customers\/what-happens-next\/"},"modified":"2023-01-25T14:46:20","modified_gmt":"2023-01-25T19:46:20","slug":"que-se-passe-t-il-ensuite","status":"publish","type":"page","link":"https:\/\/www.insception.com\/fr\/clients\/que-se-passe-t-il-ensuite\/","title":{"rendered":"Que se passe-t-il ensuite ?"},"content":{"rendered":"<p>[et_pb_section fb_built=\u00a0\u00bb1&Prime; admin_label=\u00a0\u00bbsection\u00a0\u00bb _builder_version=\u00a0\u00bb3.22&Prime; global_colors_info=\u00a0\u00bb{}\u00a0\u00bb][et_pb_row admin_label=\u00a0\u00bbrow\u00a0\u00bb _builder_version=\u00a0\u00bb3.25&Prime; background_size=\u00a0\u00bbinitial\u00a0\u00bb background_position=\u00a0\u00bbtop_left\u00a0\u00bb background_repeat=\u00a0\u00bbrepeat\u00a0\u00bb global_colors_info=\u00a0\u00bb{}\u00a0\u00bb][et_pb_column type=\u00a0\u00bb4_4&Prime; _builder_version=\u00a0\u00bb3.25&Prime; custom_padding=\u00a0\u00bb|||\u00a0\u00bb global_colors_info=\u00a0\u00bb{}\u00a0\u00bb custom_padding__hover=\u00a0\u00bb|||\u00a0\u00bb][et_pb_text admin_label=\u00a0\u00bbText\u00a0\u00bb _builder_version=\u00a0\u00bb3.27.4&Prime; background_size=\u00a0\u00bbinitial\u00a0\u00bb background_position=\u00a0\u00bbtop_left\u00a0\u00bb background_repeat=\u00a0\u00bbrepeat\u00a0\u00bb global_colors_info=\u00a0\u00bb{}\u00a0\u00bb]<\/p>\n<h2>F\u00e9licitations, vous \u00eates inscrits. Que se passe-t-il ensuite ?<\/h2>\n<p>Un sp\u00e9cialiste du sang ombilical vous appellera d\u2019ici un ou deux jours ouvrables pour v\u00e9rifier vos renseignements, prendre des dispositions pour la livraison de votre trousse de pr\u00e9l\u00e8vement et r\u00e9pondre \u00e0 vos questions additionnelles au sujet du processus de conservation du sang ombilical.<\/p>\n<h2>Appelez-nous au 1 866 606-2790 pour toute question.<\/h2>\n<p>[\/et_pb_text][\/et_pb_column][\/et_pb_row][\/et_pb_section]<\/p>\n","protected":false},"excerpt":{"rendered":"<p>F\u00e9licitations, vous \u00eates inscrits. Que se passe-t-il ensuite ? Un sp\u00e9cialiste du sang ombilical vous appellera d\u2019ici un ou deux jours ouvrables pour v\u00e9rifier vos renseignements, prendre des dispositions pour la livraison de votre trousse de pr\u00e9l\u00e8vement et r\u00e9pondre \u00e0 vos questions additionnelles au sujet du processus de conservation du sang ombilical. Appelez-nous au 1 [&hellip;]<\/p>\n","protected":false},"author":9,"featured_media":0,"parent":2077,"menu_order":1,"comment_status":"closed","ping_status":"closed","template":"","meta":{"_et_pb_use_builder":"on","_et_pb_old_content":"<h2>F\u00e9licitations, vous \u00eates inscrits. Que se passe-t-il ensuite ?<\/h2>\r\nUn sp\u00e9cialiste du sang ombilical vous appellera d\u2019ici un ou deux jours ouvrables pour v\u00e9rifier vos renseignements, prendre des dispositions pour la livraison de votre trousse de pr\u00e9l\u00e8vement et r\u00e9pondre \u00e0 vos questions additionnelles au sujet du processus de conservation du sang ombilical.\r\n<h2>Appelez-nous au 1 866 606-2790 pour toute question.<\/h2>","_et_gb_content_width":"","_monsterinsights_skip_tracking":false,"_monsterinsights_sitenote_active":false,"_monsterinsights_sitenote_note":"","_monsterinsights_sitenote_category":0},"yoast_head":"<!-- This site is optimized with the Yoast SEO plugin v15.5 - https:\/\/yoast.com\/wordpress\/plugins\/seo\/ -->\n<title>Que se passe-t-il ensuite ? - Insception Lifebank<\/title>\n<meta name=\"robots\" content=\"index, follow, max-snippet:-1, max-image-preview:large, max-video-preview:-1\" \/>\n<link rel=\"canonical\" href=\"https:\/\/www.insception.com\/fr\/insception-customers\/what-happens-next\/\" \/>\n<meta property=\"og:locale\" content=\"fr_FR\" \/>\n<meta property=\"og:type\" content=\"article\" \/>\n<meta property=\"og:title\" content=\"Que se passe-t-il ensuite ? - Insception Lifebank\" \/>\n<meta property=\"og:description\" content=\"F\u00e9licitations, vous \u00eates inscrits. Que se passe-t-il ensuite ? Un sp\u00e9cialiste du sang ombilical vous appellera d\u2019ici un ou deux jours ouvrables pour v\u00e9rifier vos renseignements, prendre des dispositions pour la livraison de votre trousse de pr\u00e9l\u00e8vement et r\u00e9pondre \u00e0 vos questions additionnelles au sujet du processus de conservation du sang ombilical. Appelez-nous au 1 [&hellip;]\" \/>\n<meta property=\"og:url\" content=\"https:\/\/www.insception.com\/insception-customers\/what-happens-next\/\" \/>\n<meta property=\"og:site_name\" content=\"Insception Lifebank\" \/>\n<meta property=\"article:publisher\" content=\"https:\/\/www.facebook.com\/insception\" \/>\n<meta property=\"article:modified_time\" content=\"2023-01-25T19:46:20+00:00\" \/>\n<meta property=\"og:image\" content=\"https:\/\/www.insception.com\/wp-content\/uploads\/2023\/08\/Google-Business-Assets-ILB-Cover.jpg\" \/>\n\t<meta property=\"og:image:width\" content=\"720\" \/>\n\t<meta property=\"og:image:height\" content=\"720\" \/>\n<meta name=\"twitter:label1\" content=\"Dur\u00e9e de lecture est.\">\n\t<meta name=\"twitter:data1\" content=\"1 minute\">\n<script type=\"application\/ld+json\" class=\"yoast-schema-graph\">{\"@context\":\"https:\/\/schema.org\",\"@graph\":[{\"@type\":\"WebSite\",\"@id\":\"https:\/\/www.insception.com\/#website\",\"url\":\"https:\/\/www.insception.com\/\",\"name\":\"Insception Lifebank\",\"description\":\"Canada&#039;s No. 1 Cord Blood &amp; Tissue Program\",\"potentialAction\":[{\"@type\":\"SearchAction\",\"target\":\"https:\/\/www.insception.com\/?s={search_term_string}\",\"query-input\":\"required name=search_term_string\"}],\"inLanguage\":\"fr-FR\"},{\"@type\":\"WebPage\",\"@id\":\"https:\/\/www.insception.com\/insception-customers\/what-happens-next\/#webpage\",\"url\":\"https:\/\/www.insception.com\/insception-customers\/what-happens-next\/\",\"name\":\"Que se passe-t-il ensuite ? - Insception Lifebank\",\"isPartOf\":{\"@id\":\"https:\/\/www.insception.com\/#website\"},\"datePublished\":\"2014-09-25T18:50:02+00:00\",\"dateModified\":\"2023-01-25T19:46:20+00:00\",\"breadcrumb\":{\"@id\":\"https:\/\/www.insception.com\/insception-customers\/what-happens-next\/#breadcrumb\"},\"inLanguage\":\"fr-FR\",\"potentialAction\":[{\"@type\":\"ReadAction\",\"target\":[\"https:\/\/www.insception.com\/insception-customers\/what-happens-next\/\"]}]},{\"@type\":\"BreadcrumbList\",\"@id\":\"https:\/\/www.insception.com\/insception-customers\/what-happens-next\/#breadcrumb\",\"itemListElement\":[{\"@type\":\"ListItem\",\"position\":1,\"item\":{\"@type\":\"WebPage\",\"@id\":\"https:\/\/www.insception.com\/fr\/\",\"url\":\"https:\/\/www.insception.com\/fr\/\",\"name\":\"Home\"}},{\"@type\":\"ListItem\",\"position\":2,\"item\":{\"@type\":\"WebPage\",\"@id\":\"https:\/\/www.insception.com\/fr\/clients\/\",\"url\":\"https:\/\/www.insception.com\/fr\/clients\/\",\"name\":\"Clients\"}},{\"@type\":\"ListItem\",\"position\":3,\"item\":{\"@type\":\"WebPage\",\"@id\":\"https:\/\/www.insception.com\/insception-customers\/what-happens-next\/\",\"url\":\"https:\/\/www.insception.com\/insception-customers\/what-happens-next\/\",\"name\":\"Que se passe-t-il ensuite ?\"}}]}]}<\/script>\n<!-- \/ Yoast SEO plugin. -->","_links":{"self":[{"href":"https:\/\/www.insception.com\/fr\/wp-json\/wp\/v2\/pages\/2078"}],"collection":[{"href":"https:\/\/www.insception.com\/fr\/wp-json\/wp\/v2\/pages"}],"about":[{"href":"https:\/\/www.insception.com\/fr\/wp-json\/wp\/v2\/types\/page"}],"author":[{"embeddable":true,"href":"https:\/\/www.insception.com\/fr\/wp-json\/wp\/v2\/users\/9"}],"replies":[{"embeddable":true,"href":"https:\/\/www.insception.com\/fr\/wp-json\/wp\/v2\/comments?post=2078"}],"version-history":[{"count":0,"href":"https:\/\/www.insception.com\/fr\/wp-json\/wp\/v2\/pages\/2078\/revisions"}],"up":[{"embeddable":true,"href":"https:\/\/www.insception.com\/fr\/wp-json\/wp\/v2\/pages\/2077"}],"wp:attachment":[{"href":"https:\/\/www.insception.com\/fr\/wp-json\/wp\/v2\/media?parent=2078"}],"curies":[{"name":"wp","href":"https:\/\/api.w.org\/{rel}","templated":true}]}}