{"id":2079,"date":"2014-09-25T14:57:06","date_gmt":"2014-09-25T18:57:06","guid":{"rendered":"http:\/\/www.insception.com\/insception-customers\/expecting-again\/"},"modified":"2023-01-26T16:22:43","modified_gmt":"2023-01-26T21:22:43","slug":"enceinte-de-nouveau","status":"publish","type":"page","link":"https:\/\/www.insception.com\/fr\/clients\/enceinte-de-nouveau\/","title":{"rendered":"Enceinte de nouveau ?"},"content":{"rendered":"<p>[et_pb_section fb_built=\u00a0\u00bb1&Prime; admin_label=\u00a0\u00bbsection\u00a0\u00bb _builder_version=\u00a0\u00bb3.22&Prime; global_colors_info=\u00a0\u00bb{}\u00a0\u00bb][et_pb_row admin_label=\u00a0\u00bbrow\u00a0\u00bb _builder_version=\u00a0\u00bb3.25&Prime; background_size=\u00a0\u00bbinitial\u00a0\u00bb background_position=\u00a0\u00bbtop_left\u00a0\u00bb background_repeat=\u00a0\u00bbrepeat\u00a0\u00bb global_colors_info=\u00a0\u00bb{}\u00a0\u00bb][et_pb_column type=\u00a0\u00bb4_4&Prime; _builder_version=\u00a0\u00bb3.25&Prime; custom_padding=\u00a0\u00bb|||\u00a0\u00bb global_colors_info=\u00a0\u00bb{}\u00a0\u00bb custom_padding__hover=\u00a0\u00bb|||\u00a0\u00bb][et_pb_text admin_label=\u00a0\u00bbText\u00a0\u00bb _builder_version=\u00a0\u00bb3.27.4&Prime; background_size=\u00a0\u00bbinitial\u00a0\u00bb background_position=\u00a0\u00bbtop_left\u00a0\u00bb background_repeat=\u00a0\u00bbrepeat\u00a0\u00bb global_colors_info=\u00a0\u00bb{}\u00a0\u00bb]<\/p>\n<p>Nous sommes emball\u00e9s que vous soyez enceinte de nouveau. Et devinez quoi ? Nous aussi, nous avons des nouvelles pour vous !<\/p>\n<h2>Insception Lifebank offre maintenant la conservation du tissu de cordon ombilical<\/h2>\n<p>En plus de faire la conservation du sang ombilical, les parents peuvent maintenant faire conserver le tissu de cordon ombilical \u00e9galement, et ainsi rehausser de fa\u00e7on marqu\u00e9e le potentiel de traitements m\u00e9dicaux futurs. Le tissu de cordon ombilical est une riche source de cellules souches m\u00e9senchymateuses (MSC) qui sont actuellement envisag\u00e9es comme options de traitement pour toute une gamme d\u2019affections comme la d\u00e9faillance cardiaque, les ACV, l\u2019arthrite rhumato\u00efde, la scl\u00e9rose en plaques, et bien plus encore.<sup>8<\/sup> Learn more.<\/p>\n<h2>Un nouveau partenariat et un bureau satellite au Sunnybrook Health Sciences Centre<\/h2>\n<p>Gr\u00e2ce \u00e0 notre partenariat avec Sunnybrook, nous offrons maintenant un carrefour pour la conservation du sang ombilical et du cordon ombilical. Les futurs parents peuvent consulter sur place l\u2019un de nos sp\u00e9cialistes en mati\u00e8re de sang ombilical, et les parents inscrits aupr\u00e8s d\u2019Insception Lifebank peuvent passer chercher leur trousse de pr\u00e9l\u00e8vement et recevoir des directives pour le jour de l\u2019accouchement, tout cela \u00e0 partir de notre bureau satellite de Sunnybrook. Communiquez avec nous pour obtenir plus d\u2019information.\u00a0<a href=\"https:\/\/www.insception.com\/locations\/\">Contact us for more information.<\/a><\/p>\n<h2>Envisagez de faire conserver les cellules souches du sang ombilical et du tissu ombilical de votre b\u00e9b\u00e9<\/h2>\n<ul>\n<li>Ses propres cellules souches constituent une correspondance parfaite, et sont \u00e0 sa disposition pour toute sa vie.<\/li>\n<li>Les cellules souches de votre b\u00e9b\u00e9 pourraient aussi r\u00e9server \u00e0 un autre membre de la famille des options salvatrices \u00e0 l\u2019avenir. Les chances de trouver une correspondance pour un membre li\u00e9 de la famille augmentent en fonction du nombre d\u2019\u00e9chantillons conserv\u00e9s.<a href=\"https:\/\/www.insception.com\/references\/\"><sup>13<\/sup><\/a><\/li>\n<\/ul>\n<h2>Rabais pour clients fid\u00e8les<\/h2>\n<p>Merci ! Nous offrons \u00e0 nos clients fid\u00e8les un rabais sp\u00e9cial. En vous inscrivant en ligne, dites \u00ab oui \u00bb lorsqu\u2019on vous demande si vous avez d\u00e9j\u00e0 fait partie de nos clients, et vous b\u00e9n\u00e9ficierez d\u2019un rabais de 100 $. D\u00e9couvrez plus de d\u00e9tails au sujet de nos forfaits.<\/p>\n<p>[\/et_pb_text][\/et_pb_column][\/et_pb_row][\/et_pb_section]<\/p>\n","protected":false},"excerpt":{"rendered":"<p>Nous sommes emball\u00e9s que vous soyez enceinte de nouveau. Et devinez quoi ? Nous aussi, nous avons des nouvelles pour vous ! Insception Lifebank offre maintenant la conservation du tissu de cordon ombilical En plus de faire la conservation du sang ombilical, les parents peuvent maintenant faire conserver le tissu de cordon ombilical \u00e9galement, et [&hellip;]<\/p>\n","protected":false},"author":9,"featured_media":0,"parent":2077,"menu_order":2,"comment_status":"closed","ping_status":"closed","template":"","meta":{"_et_pb_use_builder":"on","_et_pb_old_content":"Nous sommes emball\u00e9s que vous soyez enceinte de nouveau. Et devinez quoi ? Nous aussi, nous avons des nouvelles pour vous !\r\n<h2>Insception Lifebank offre maintenant la conservation du tissu de cordon ombilical<\/h2>\r\nEn plus de faire la conservation du sang ombilical, les parents peuvent maintenant faire conserver le tissu de cordon ombilical \u00e9galement, et ainsi rehausser de fa\u00e7on marqu\u00e9e le potentiel de traitements m\u00e9dicaux futurs. Le tissu de cordon ombilical est une riche source de cellules souches m\u00e9senchymateuses (MSC) qui sont actuellement envisag\u00e9es comme options de traitement pour toute une gamme d\u2019affections comme la d\u00e9faillance cardiaque, les ACV, l\u2019arthrite rhumato\u00efde, la scl\u00e9rose en plaques, et bien plus encore.<a href=\"https:\/\/www.insception.com\/references\/\"><sup>8<\/sup><\/a> <a href=\"https:\/\/www.insception.com\/cord-blood-101\/why-bank-cord-tissue\/\">Learn more.<\/a>\r\n<h2>Un nouveau partenariat et un bureau satellite au Sunnybrook Health Sciences Centre<\/h2>\r\nGr\u00e2ce \u00e0 notre partenariat avec Sunnybrook, nous offrons maintenant un carrefour pour la conservation du sang ombilical et du cordon ombilical. Les futurs parents peuvent consulter sur place l\u2019un de nos sp\u00e9cialistes en mati\u00e8re de sang ombilical, et les parents inscrits aupr\u00e8s d\u2019Insception Lifebank peuvent passer chercher leur trousse de pr\u00e9l\u00e8vement et recevoir des directives pour le jour de l\u2019accouchement, tout cela \u00e0 partir de notre bureau satellite de Sunnybrook. Communiquez avec nous pour obtenir plus d\u2019information.\u00a0<a href=\"https:\/\/www.insception.com\/locations\/\">Contact us for more information.<\/a>\r\n<h2>Envisagez de faire conserver les cellules souches du sang ombilical et du tissu ombilical de votre b\u00e9b\u00e9<\/h2>\r\n<ul>\r\n\t<li>Ses propres cellules souches constituent une correspondance parfaite, et sont \u00e0 sa disposition pour toute sa vie.<\/li>\r\n\t<li>Les cellules souches de votre b\u00e9b\u00e9 pourraient aussi r\u00e9server \u00e0 un autre membre de la famille des options salvatrices \u00e0 l\u2019avenir. Les chances de trouver une correspondance pour un membre li\u00e9 de la famille augmentent en fonction du nombre d\u2019\u00e9chantillons conserv\u00e9s.<a href=\"https:\/\/www.insception.com\/references\/\"><sup>13<\/sup><\/a><\/li>\r\n<\/ul>\r\n<h2>Rabais pour clients fid\u00e8les<\/h2>\r\nMerci ! Nous offrons \u00e0 nos clients fid\u00e8les un rabais sp\u00e9cial. En vous inscrivant en ligne, dites \u00ab oui \u00bb lorsqu\u2019on vous demande si vous avez d\u00e9j\u00e0 fait partie de nos clients, et vous b\u00e9n\u00e9ficierez d\u2019un rabais de 100 $. D\u00e9couvrez plus de d\u00e9tails au sujet de nos forfaits.","_et_gb_content_width":"","_monsterinsights_skip_tracking":false,"_monsterinsights_sitenote_active":false,"_monsterinsights_sitenote_note":"","_monsterinsights_sitenote_category":0},"yoast_head":"<!-- This site is optimized with the Yoast SEO plugin v15.5 - https:\/\/yoast.com\/wordpress\/plugins\/seo\/ -->\n<title>Enceinte de nouveau ? - Insception Lifebank<\/title>\n<meta name=\"description\" content=\"En plus de faire la conservation du sang ombilical, et ainsi rehausser de fa\u00e7on marqu\u00e9e le potentiel de traitements m\u00e9dicaux futurs.\" \/>\n<meta name=\"robots\" content=\"index, follow, max-snippet:-1, max-image-preview:large, max-video-preview:-1\" \/>\n<link rel=\"canonical\" href=\"https:\/\/www.insception.com\/fr\/clients\/enceinte-de-nouveau\/\" \/>\n<meta property=\"og:locale\" content=\"fr_FR\" \/>\n<meta property=\"og:type\" content=\"article\" \/>\n<meta property=\"og:title\" content=\"Enceinte de nouveau ? - Insception Lifebank\" \/>\n<meta property=\"og:description\" content=\"En plus de faire la conservation du sang ombilical, et ainsi rehausser de fa\u00e7on marqu\u00e9e le potentiel de traitements m\u00e9dicaux futurs.\" \/>\n<meta property=\"og:url\" content=\"https:\/\/www.insception.com\/fr\/clients\/enceinte-de-nouveau\/\" \/>\n<meta property=\"og:site_name\" content=\"Insception Lifebank\" \/>\n<meta property=\"article:publisher\" content=\"https:\/\/www.facebook.com\/insception\" \/>\n<meta property=\"article:modified_time\" content=\"2023-01-26T21:22:43+00:00\" \/>\n<meta property=\"og:image\" content=\"https:\/\/www.insception.com\/wp-content\/uploads\/2023\/08\/Google-Business-Assets-ILB-Cover.jpg\" \/>\n\t<meta property=\"og:image:width\" content=\"720\" \/>\n\t<meta property=\"og:image:height\" content=\"720\" \/>\n<meta name=\"twitter:label1\" content=\"Dur\u00e9e de lecture est.\">\n\t<meta name=\"twitter:data1\" content=\"2 minutes\">\n<script type=\"application\/ld+json\" class=\"yoast-schema-graph\">{\"@context\":\"https:\/\/schema.org\",\"@graph\":[{\"@type\":\"WebSite\",\"@id\":\"https:\/\/www.insception.com\/#website\",\"url\":\"https:\/\/www.insception.com\/\",\"name\":\"Insception Lifebank\",\"description\":\"Canada&#039;s No. 1 Cord Blood &amp; Tissue Program\",\"potentialAction\":[{\"@type\":\"SearchAction\",\"target\":\"https:\/\/www.insception.com\/?s={search_term_string}\",\"query-input\":\"required name=search_term_string\"}],\"inLanguage\":\"fr-FR\"},{\"@type\":\"WebPage\",\"@id\":\"https:\/\/www.insception.com\/fr\/clients\/enceinte-de-nouveau\/#webpage\",\"url\":\"https:\/\/www.insception.com\/fr\/clients\/enceinte-de-nouveau\/\",\"name\":\"Enceinte de nouveau ? - Insception Lifebank\",\"isPartOf\":{\"@id\":\"https:\/\/www.insception.com\/#website\"},\"datePublished\":\"2014-09-25T18:57:06+00:00\",\"dateModified\":\"2023-01-26T21:22:43+00:00\",\"description\":\"En plus de faire la conservation du sang ombilical, et ainsi rehausser de fa\\u00e7on marqu\\u00e9e le potentiel de traitements m\\u00e9dicaux futurs.\",\"breadcrumb\":{\"@id\":\"https:\/\/www.insception.com\/fr\/clients\/enceinte-de-nouveau\/#breadcrumb\"},\"inLanguage\":\"fr-FR\",\"potentialAction\":[{\"@type\":\"ReadAction\",\"target\":[\"https:\/\/www.insception.com\/fr\/clients\/enceinte-de-nouveau\/\"]}]},{\"@type\":\"BreadcrumbList\",\"@id\":\"https:\/\/www.insception.com\/fr\/clients\/enceinte-de-nouveau\/#breadcrumb\",\"itemListElement\":[{\"@type\":\"ListItem\",\"position\":1,\"item\":{\"@type\":\"WebPage\",\"@id\":\"https:\/\/www.insception.com\/fr\/\",\"url\":\"https:\/\/www.insception.com\/fr\/\",\"name\":\"Home\"}},{\"@type\":\"ListItem\",\"position\":2,\"item\":{\"@type\":\"WebPage\",\"@id\":\"https:\/\/www.insception.com\/fr\/clients\/\",\"url\":\"https:\/\/www.insception.com\/fr\/clients\/\",\"name\":\"Clients\"}},{\"@type\":\"ListItem\",\"position\":3,\"item\":{\"@type\":\"WebPage\",\"@id\":\"https:\/\/www.insception.com\/fr\/clients\/enceinte-de-nouveau\/\",\"url\":\"https:\/\/www.insception.com\/fr\/clients\/enceinte-de-nouveau\/\",\"name\":\"Enceinte de nouveau ?\"}}]}]}<\/script>\n<!-- \/ Yoast SEO plugin. -->","_links":{"self":[{"href":"https:\/\/www.insception.com\/fr\/wp-json\/wp\/v2\/pages\/2079"}],"collection":[{"href":"https:\/\/www.insception.com\/fr\/wp-json\/wp\/v2\/pages"}],"about":[{"href":"https:\/\/www.insception.com\/fr\/wp-json\/wp\/v2\/types\/page"}],"author":[{"embeddable":true,"href":"https:\/\/www.insception.com\/fr\/wp-json\/wp\/v2\/users\/9"}],"replies":[{"embeddable":true,"href":"https:\/\/www.insception.com\/fr\/wp-json\/wp\/v2\/comments?post=2079"}],"version-history":[{"count":0,"href":"https:\/\/www.insception.com\/fr\/wp-json\/wp\/v2\/pages\/2079\/revisions"}],"up":[{"embeddable":true,"href":"https:\/\/www.insception.com\/fr\/wp-json\/wp\/v2\/pages\/2077"}],"wp:attachment":[{"href":"https:\/\/www.insception.com\/fr\/wp-json\/wp\/v2\/media?parent=2079"}],"curies":[{"name":"wp","href":"https:\/\/api.w.org\/{rel}","templated":true}]}}