{"id":2080,"date":"2014-09-25T15:03:48","date_gmt":"2014-09-25T19:03:48","guid":{"rendered":"http:\/\/www.insception.com\/insception-customers\/share-your-story\/"},"modified":"2023-01-26T15:31:25","modified_gmt":"2023-01-26T20:31:25","slug":"partagez-votre-recit","status":"publish","type":"page","link":"https:\/\/www.insception.com\/fr\/clients\/partagez-votre-recit\/","title":{"rendered":"Partagez votre r\u00e9cit"},"content":{"rendered":"<h2>Vos r\u00e9cits inspirent l\u2019innovation<\/h2>\n<p>Nous sommes fiers que vous vous soyez joint aux milliers de Canadiens qui ont opt\u00e9 pour la conservation, chez nous, des pr\u00e9cieuses cellules souches de leur b\u00e9b\u00e9. Dites-nous pourquoi le sang ombilical est important pour vous et aidez-nous \u00e0 sensibiliser le public en ce qui a trait \u00e0 la puissance incroyable des cellules souches.<\/p>\n<div class=\"grand-round-form-wrapper\">\n<form class=\"infusion-form\" accept-charset=\"UTF-8\" action=\"https:\/\/dh177.infusionsoft.com\/app\/form\/process\/9fd02d6b17800414993a942111605b37\" method=\"POST\"><input name=\"inf_form_xid\" type=\"hidden\" value=\"9fd02d6b17800414993a942111605b37\" \/> <input name=\"inf_form_name\" type=\"hidden\" value=\"Sign up form\" \/> <input name=\"infusionsoft_version\" type=\"hidden\" value=\"1.34.0.40\" \/><\/p>\n<div class=\"infusion-field\"><input id=\"inf_field_FirstName\" class=\"infusion-field-input-container\" name=\"inf_field_FirstName\" required=\"\" type=\"text\" placeholder=\"Pr\u00e9nom *\" \/><\/div>\n<div class=\"infusion-field\"><input id=\"inf_field_LastName\" class=\"infusion-field-input-container\" name=\"inf_field_LastName\" required=\"\" type=\"text\" placeholder=\"Nom de famille *\" \/><\/div>\n<div class=\"infusion-field\"><input id=\"inf_field_Email\" class=\"infusion-field-input-container\" name=\"inf_field_Email\" required=\"\" type=\"text\" placeholder=\"Courriel *\" \/><\/div>\n<div class=\"infusion-field\"><input id=\"inf_field_State\" class=\"infusion-field-input-container\" name=\"inf_field_State\" required=\"\" type=\"text\" placeholder=\"Province *\" \/><\/div>\n<div class=\"infusion-field\"><textarea id=\"inf_custom_Story\" cols=\"24\" name=\"inf_custom_Story\" rows=\"5\" placeholder=\"R\u00e9cit*\"><\/textarea><\/div>\n<div class=\"infusion-submit\"><input type=\"submit\" value=\"Soumettre\" \/><\/div>\n<\/form>\n<\/div>\n<p><script src=\"https:\/\/dh177.infusionsoft.com\/app\/webTracking\/getTrackingCode?trackingId=96c5dfe6c6128f5d5c438c520f0129da\" type=\"text\/javascript\"><\/script><\/p>\n","protected":false},"excerpt":{"rendered":"<p>Vos r\u00e9cits inspirent l\u2019innovation Nous sommes fiers que vous vous soyez joint aux milliers de Canadiens qui ont opt\u00e9 pour la conservation, chez nous, des pr\u00e9cieuses cellules souches de leur b\u00e9b\u00e9. Dites-nous pourquoi le sang ombilical est important pour vous et aidez-nous \u00e0 sensibiliser le public en ce qui a trait \u00e0 la puissance incroyable [&hellip;]<\/p>\n","protected":false},"author":9,"featured_media":0,"parent":2077,"menu_order":3,"comment_status":"closed","ping_status":"closed","template":"","meta":{"_et_pb_use_builder":"","_et_pb_old_content":"","_et_gb_content_width":"","_monsterinsights_skip_tracking":false,"_monsterinsights_sitenote_active":false,"_monsterinsights_sitenote_note":"","_monsterinsights_sitenote_category":0},"yoast_head":"<!-- This site is optimized with the Yoast SEO plugin v15.5 - https:\/\/yoast.com\/wordpress\/plugins\/seo\/ -->\n<title>Partagez votre r\u00e9cit - Insception Lifebank<\/title>\n<meta name=\"description\" content=\"Nous sommes fiers que vous vous soyez joint aux milliers de Canadiens qui ont opt\u00e9 pour la conservation, chez nous, des pr\u00e9cieuses cellules souches de leur b\u00e9b\u00e9.\" \/>\n<meta name=\"robots\" content=\"index, follow, max-snippet:-1, max-image-preview:large, max-video-preview:-1\" \/>\n<link rel=\"canonical\" href=\"https:\/\/www.insception.com\/fr\/clients\/partagez-votre-recit\/\" \/>\n<meta property=\"og:locale\" content=\"fr_FR\" \/>\n<meta property=\"og:type\" content=\"article\" \/>\n<meta property=\"og:title\" content=\"Partagez votre r\u00e9cit - Insception Lifebank\" \/>\n<meta property=\"og:description\" content=\"Nous sommes fiers que vous vous soyez joint aux milliers de Canadiens qui ont opt\u00e9 pour la conservation, chez nous, des pr\u00e9cieuses cellules souches de leur b\u00e9b\u00e9.\" \/>\n<meta property=\"og:url\" content=\"https:\/\/www.insception.com\/fr\/clients\/partagez-votre-recit\/\" \/>\n<meta property=\"og:site_name\" content=\"Insception Lifebank\" \/>\n<meta property=\"article:publisher\" content=\"https:\/\/www.facebook.com\/insception\" \/>\n<meta property=\"article:modified_time\" content=\"2023-01-26T20:31:25+00:00\" \/>\n<meta property=\"og:image\" content=\"https:\/\/www.insception.com\/wp-content\/uploads\/2023\/08\/Google-Business-Assets-ILB-Cover.jpg\" \/>\n\t<meta property=\"og:image:width\" content=\"720\" \/>\n\t<meta property=\"og:image:height\" content=\"720\" \/>\n<meta name=\"twitter:label1\" content=\"Dur\u00e9e de lecture est.\">\n\t<meta name=\"twitter:data1\" content=\"0 minute\">\n<script type=\"application\/ld+json\" class=\"yoast-schema-graph\">{\"@context\":\"https:\/\/schema.org\",\"@graph\":[{\"@type\":\"WebSite\",\"@id\":\"https:\/\/www.insception.com\/#website\",\"url\":\"https:\/\/www.insception.com\/\",\"name\":\"Insception Lifebank\",\"description\":\"Canada&#039;s No. 1 Cord Blood &amp; Tissue Program\",\"potentialAction\":[{\"@type\":\"SearchAction\",\"target\":\"https:\/\/www.insception.com\/?s={search_term_string}\",\"query-input\":\"required name=search_term_string\"}],\"inLanguage\":\"fr-FR\"},{\"@type\":\"WebPage\",\"@id\":\"https:\/\/www.insception.com\/fr\/clients\/partagez-votre-recit\/#webpage\",\"url\":\"https:\/\/www.insception.com\/fr\/clients\/partagez-votre-recit\/\",\"name\":\"Partagez votre r\\u00e9cit - Insception Lifebank\",\"isPartOf\":{\"@id\":\"https:\/\/www.insception.com\/#website\"},\"datePublished\":\"2014-09-25T19:03:48+00:00\",\"dateModified\":\"2023-01-26T20:31:25+00:00\",\"description\":\"Nous sommes fiers que vous vous soyez joint aux milliers de Canadiens qui ont opt\\u00e9 pour la conservation, chez nous, des pr\\u00e9cieuses cellules souches de leur b\\u00e9b\\u00e9.\",\"breadcrumb\":{\"@id\":\"https:\/\/www.insception.com\/fr\/clients\/partagez-votre-recit\/#breadcrumb\"},\"inLanguage\":\"fr-FR\",\"potentialAction\":[{\"@type\":\"ReadAction\",\"target\":[\"https:\/\/www.insception.com\/fr\/clients\/partagez-votre-recit\/\"]}]},{\"@type\":\"BreadcrumbList\",\"@id\":\"https:\/\/www.insception.com\/fr\/clients\/partagez-votre-recit\/#breadcrumb\",\"itemListElement\":[{\"@type\":\"ListItem\",\"position\":1,\"item\":{\"@type\":\"WebPage\",\"@id\":\"https:\/\/www.insception.com\/fr\/\",\"url\":\"https:\/\/www.insception.com\/fr\/\",\"name\":\"Home\"}},{\"@type\":\"ListItem\",\"position\":2,\"item\":{\"@type\":\"WebPage\",\"@id\":\"https:\/\/www.insception.com\/fr\/clients\/\",\"url\":\"https:\/\/www.insception.com\/fr\/clients\/\",\"name\":\"Clients\"}},{\"@type\":\"ListItem\",\"position\":3,\"item\":{\"@type\":\"WebPage\",\"@id\":\"https:\/\/www.insception.com\/fr\/clients\/partagez-votre-recit\/\",\"url\":\"https:\/\/www.insception.com\/fr\/clients\/partagez-votre-recit\/\",\"name\":\"Partagez votre r\\u00e9cit\"}}]}]}<\/script>\n<!-- \/ Yoast SEO plugin. -->","_links":{"self":[{"href":"https:\/\/www.insception.com\/fr\/wp-json\/wp\/v2\/pages\/2080"}],"collection":[{"href":"https:\/\/www.insception.com\/fr\/wp-json\/wp\/v2\/pages"}],"about":[{"href":"https:\/\/www.insception.com\/fr\/wp-json\/wp\/v2\/types\/page"}],"author":[{"embeddable":true,"href":"https:\/\/www.insception.com\/fr\/wp-json\/wp\/v2\/users\/9"}],"replies":[{"embeddable":true,"href":"https:\/\/www.insception.com\/fr\/wp-json\/wp\/v2\/comments?post=2080"}],"version-history":[{"count":0,"href":"https:\/\/www.insception.com\/fr\/wp-json\/wp\/v2\/pages\/2080\/revisions"}],"up":[{"embeddable":true,"href":"https:\/\/www.insception.com\/fr\/wp-json\/wp\/v2\/pages\/2077"}],"wp:attachment":[{"href":"https:\/\/www.insception.com\/fr\/wp-json\/wp\/v2\/media?parent=2080"}],"curies":[{"name":"wp","href":"https:\/\/api.w.org\/{rel}","templated":true}]}}