{"id":2082,"date":"2014-09-25T15:12:55","date_gmt":"2014-09-25T19:12:55","guid":{"rendered":"http:\/\/www.insception.com\/insception-customers\/obtaining-your-cord-blood-sample\/"},"modified":"2023-01-26T15:30:20","modified_gmt":"2023-01-26T20:30:20","slug":"obtenez-votre-echantillon-de-sang-ombilical","status":"publish","type":"page","link":"https:\/\/www.insception.com\/fr\/clients\/obtenez-votre-echantillon-de-sang-ombilical\/","title":{"rendered":"Obtenez votre \u00e9chantillon de sang ombilical"},"content":{"rendered":"<p>Votre \u00e9chantillon est conserv\u00e9 en toute s\u00e9curit\u00e9 chez nous. Si votre enfant ou autre membre de votre famille a besoin de vos cellules souches du sang ombilical \u00e0 des fins de greffe ou d\u2019infusion, votre m\u00e9decin communiquera avec notre coordonnateur des greffes et nous prendrons des dispositions pour le transport s\u00fbr du sang ombilical.<br \/>\nInsception Lifebank a une vaste exp\u00e9rience pour la soumission d\u2019\u00e9chantillons de sang ombilical \u00e0 des fins de greffe, autant \u00e0 l\u2019\u00e9chelle locale qu\u2019internationale. Jusqu\u2019ici, nous avons soumis plus d\u2019\u00e9chantillons pour l\u2019utilisation dans le cadre de traitements m\u00e9dicaux et d\u2019essais cliniques que toutes les autres banques familiales de sang ombilical rassembl\u00e9es, au Canada.<br \/>\nPour toute autre question ou pour obtenir plus de d\u00e9tails au sujet du processus de soumission, appelez-nous au\u00a0<strong>1-866-606-2790<\/strong>, ou \u00e9crivez-nous \u00e0\u00a0<a href=\"mailto:info@inscpetion.com\"><strong>info@inscpetion.com<\/strong><\/a>.<\/p>\n","protected":false},"excerpt":{"rendered":"<p>Votre \u00e9chantillon est conserv\u00e9 en toute s\u00e9curit\u00e9 chez nous. Si votre enfant ou autre membre de votre famille a besoin de vos cellules souches du sang ombilical \u00e0 des fins de greffe ou d\u2019infusion, votre m\u00e9decin communiquera avec notre coordonnateur des greffes et nous prendrons des dispositions pour le transport s\u00fbr du sang ombilical. Insception [&hellip;]<\/p>\n","protected":false},"author":9,"featured_media":0,"parent":2077,"menu_order":13,"comment_status":"closed","ping_status":"closed","template":"","meta":{"_et_pb_use_builder":"on","_et_pb_old_content":"Votre \u00e9chantillon est conserv\u00e9 en toute s\u00e9curit\u00e9 chez nous. Si votre enfant ou autre membre de votre famille a besoin de vos cellules souches du sang ombilical \u00e0 des fins de greffe ou d\u2019infusion, votre m\u00e9decin communiquera avec notre coordonnateur des greffes et nous prendrons des dispositions pour le transport s\u00fbr du sang ombilical.\r\nInsception Lifebank a une vaste exp\u00e9rience pour la soumission d\u2019\u00e9chantillons de sang ombilical \u00e0 des fins de greffe, autant \u00e0 l\u2019\u00e9chelle locale qu\u2019internationale. Jusqu\u2019ici, nous avons soumis plus d\u2019\u00e9chantillons pour l\u2019utilisation dans le cadre de traitements m\u00e9dicaux et d\u2019essais cliniques que toutes les autres banques familiales de sang ombilical rassembl\u00e9es, au Canada.\r\nPour toute autre question ou pour obtenir plus de d\u00e9tails au sujet du processus de soumission, appelez-nous au\u00a0<strong>1-866-606-2790<\/strong>, ou \u00e9crivez-nous \u00e0\u00a0<a href=\"mailto:info@inscpetion.com\"><strong>info@inscpetion.com<\/strong><\/a>.","_et_gb_content_width":"","_monsterinsights_skip_tracking":false,"_monsterinsights_sitenote_active":false,"_monsterinsights_sitenote_note":"","_monsterinsights_sitenote_category":0},"yoast_head":"<!-- This site is optimized with the Yoast SEO plugin v15.5 - https:\/\/yoast.com\/wordpress\/plugins\/seo\/ -->\n<title>Obtenez votre \u00e9chantillon de sang ombilical - Insception Lifebank<\/title>\n<meta name=\"description\" content=\"Votre \u00e9chantillon est conserv\u00e9 en toute s\u00e9curit\u00e9 chez nous.\" \/>\n<meta name=\"robots\" content=\"index, follow, max-snippet:-1, max-image-preview:large, max-video-preview:-1\" \/>\n<link rel=\"canonical\" href=\"https:\/\/www.insception.com\/fr\/clients\/obtenez-votre-echantillon-de-sang-ombilical\/\" \/>\n<meta property=\"og:locale\" content=\"fr_FR\" \/>\n<meta property=\"og:type\" content=\"article\" \/>\n<meta property=\"og:title\" content=\"Obtenez votre \u00e9chantillon de sang ombilical - Insception Lifebank\" \/>\n<meta property=\"og:description\" content=\"Votre \u00e9chantillon est conserv\u00e9 en toute s\u00e9curit\u00e9 chez nous.\" \/>\n<meta property=\"og:url\" content=\"https:\/\/www.insception.com\/fr\/clients\/obtenez-votre-echantillon-de-sang-ombilical\/\" \/>\n<meta property=\"og:site_name\" content=\"Insception Lifebank\" \/>\n<meta property=\"article:publisher\" content=\"https:\/\/www.facebook.com\/insception\" \/>\n<meta property=\"article:modified_time\" content=\"2023-01-26T20:30:20+00:00\" \/>\n<meta property=\"og:image\" content=\"https:\/\/www.insception.com\/wp-content\/uploads\/2023\/08\/Google-Business-Assets-ILB-Cover.jpg\" \/>\n\t<meta property=\"og:image:width\" content=\"720\" \/>\n\t<meta property=\"og:image:height\" content=\"720\" \/>\n<meta name=\"twitter:label1\" content=\"Dur\u00e9e de lecture est.\">\n\t<meta name=\"twitter:data1\" content=\"1 minute\">\n<script type=\"application\/ld+json\" class=\"yoast-schema-graph\">{\"@context\":\"https:\/\/schema.org\",\"@graph\":[{\"@type\":\"WebSite\",\"@id\":\"https:\/\/www.insception.com\/#website\",\"url\":\"https:\/\/www.insception.com\/\",\"name\":\"Insception Lifebank\",\"description\":\"Canada&#039;s No. 1 Cord Blood &amp; Tissue Program\",\"potentialAction\":[{\"@type\":\"SearchAction\",\"target\":\"https:\/\/www.insception.com\/?s={search_term_string}\",\"query-input\":\"required name=search_term_string\"}],\"inLanguage\":\"fr-FR\"},{\"@type\":\"WebPage\",\"@id\":\"https:\/\/www.insception.com\/fr\/clients\/obtenez-votre-echantillon-de-sang-ombilical\/#webpage\",\"url\":\"https:\/\/www.insception.com\/fr\/clients\/obtenez-votre-echantillon-de-sang-ombilical\/\",\"name\":\"Obtenez votre \\u00e9chantillon de sang ombilical - Insception Lifebank\",\"isPartOf\":{\"@id\":\"https:\/\/www.insception.com\/#website\"},\"datePublished\":\"2014-09-25T19:12:55+00:00\",\"dateModified\":\"2023-01-26T20:30:20+00:00\",\"description\":\"Votre \\u00e9chantillon est conserv\\u00e9 en toute s\\u00e9curit\\u00e9 chez nous.\",\"breadcrumb\":{\"@id\":\"https:\/\/www.insception.com\/fr\/clients\/obtenez-votre-echantillon-de-sang-ombilical\/#breadcrumb\"},\"inLanguage\":\"fr-FR\",\"potentialAction\":[{\"@type\":\"ReadAction\",\"target\":[\"https:\/\/www.insception.com\/fr\/clients\/obtenez-votre-echantillon-de-sang-ombilical\/\"]}]},{\"@type\":\"BreadcrumbList\",\"@id\":\"https:\/\/www.insception.com\/fr\/clients\/obtenez-votre-echantillon-de-sang-ombilical\/#breadcrumb\",\"itemListElement\":[{\"@type\":\"ListItem\",\"position\":1,\"item\":{\"@type\":\"WebPage\",\"@id\":\"https:\/\/www.insception.com\/fr\/\",\"url\":\"https:\/\/www.insception.com\/fr\/\",\"name\":\"Home\"}},{\"@type\":\"ListItem\",\"position\":2,\"item\":{\"@type\":\"WebPage\",\"@id\":\"https:\/\/www.insception.com\/fr\/clients\/\",\"url\":\"https:\/\/www.insception.com\/fr\/clients\/\",\"name\":\"Clients\"}},{\"@type\":\"ListItem\",\"position\":3,\"item\":{\"@type\":\"WebPage\",\"@id\":\"https:\/\/www.insception.com\/fr\/clients\/obtenez-votre-echantillon-de-sang-ombilical\/\",\"url\":\"https:\/\/www.insception.com\/fr\/clients\/obtenez-votre-echantillon-de-sang-ombilical\/\",\"name\":\"Obtenez votre \\u00e9chantillon de sang ombilical\"}}]}]}<\/script>\n<!-- \/ Yoast SEO plugin. -->","_links":{"self":[{"href":"https:\/\/www.insception.com\/fr\/wp-json\/wp\/v2\/pages\/2082"}],"collection":[{"href":"https:\/\/www.insception.com\/fr\/wp-json\/wp\/v2\/pages"}],"about":[{"href":"https:\/\/www.insception.com\/fr\/wp-json\/wp\/v2\/types\/page"}],"author":[{"embeddable":true,"href":"https:\/\/www.insception.com\/fr\/wp-json\/wp\/v2\/users\/9"}],"replies":[{"embeddable":true,"href":"https:\/\/www.insception.com\/fr\/wp-json\/wp\/v2\/comments?post=2082"}],"version-history":[{"count":0,"href":"https:\/\/www.insception.com\/fr\/wp-json\/wp\/v2\/pages\/2082\/revisions"}],"up":[{"embeddable":true,"href":"https:\/\/www.insception.com\/fr\/wp-json\/wp\/v2\/pages\/2077"}],"wp:attachment":[{"href":"https:\/\/www.insception.com\/fr\/wp-json\/wp\/v2\/media?parent=2082"}],"curies":[{"name":"wp","href":"https:\/\/api.w.org\/{rel}","templated":true}]}}