{"id":2083,"date":"2014-10-16T16:56:42","date_gmt":"2014-10-16T20:56:42","guid":{"rendered":"http:\/\/www.insception.com\/insception-customers\/update-contact-information\/"},"modified":"2014-10-16T16:56:42","modified_gmt":"2014-10-16T20:56:42","slug":"mettez-a-jour-vos-coordonnees","status":"publish","type":"page","link":"https:\/\/www.insception.com\/fr\/mettez-a-jour-vos-coordonnees\/","title":{"rendered":"Mettez \u00e0 jour vos coordonn\u00e9es"},"content":{"rendered":"<p>Pour mettre \u00e0 jour vos renseignements financiers, appelez-nous au\u00a0<strong>1.866.606.2790 ext. 3<\/strong><\/p>\n","protected":false},"excerpt":{"rendered":"<p>Pour mettre \u00e0 jour vos renseignements financiers, appelez-nous au\u00a01.866.606.2790 ext. 3<\/p>\n","protected":false},"author":9,"featured_media":0,"parent":0,"menu_order":29,"comment_status":"closed","ping_status":"closed","template":"","meta":{"_et_pb_use_builder":"","_et_pb_old_content":"","_et_gb_content_width":"","_monsterinsights_skip_tracking":false,"_monsterinsights_sitenote_active":false,"_monsterinsights_sitenote_note":"","_monsterinsights_sitenote_category":0},"yoast_head":"<!-- This site is optimized with the Yoast SEO plugin v15.5 - https:\/\/yoast.com\/wordpress\/plugins\/seo\/ -->\n<title>Mettez \u00e0 jour vos coordonn\u00e9es - Insception Lifebank<\/title>\n<meta name=\"robots\" content=\"index, follow, max-snippet:-1, max-image-preview:large, max-video-preview:-1\" \/>\n<link rel=\"canonical\" href=\"https:\/\/www.insception.com\/fr\/mettez-a-jour-vos-coordonnees\/\" \/>\n<meta property=\"og:locale\" content=\"fr_FR\" \/>\n<meta property=\"og:type\" content=\"article\" \/>\n<meta property=\"og:title\" content=\"Mettez \u00e0 jour vos coordonn\u00e9es - Insception Lifebank\" \/>\n<meta property=\"og:description\" content=\"Pour mettre \u00e0 jour vos renseignements financiers, appelez-nous au\u00a01.866.606.2790 ext. 3\" \/>\n<meta property=\"og:url\" content=\"https:\/\/www.insception.com\/fr\/mettez-a-jour-vos-coordonnees\/\" \/>\n<meta property=\"og:site_name\" content=\"Insception Lifebank\" \/>\n<meta property=\"article:publisher\" content=\"https:\/\/www.facebook.com\/insception\" \/>\n<meta property=\"og:image\" content=\"https:\/\/www.insception.com\/wp-content\/uploads\/2023\/08\/Google-Business-Assets-ILB-Cover.jpg\" \/>\n\t<meta property=\"og:image:width\" content=\"720\" \/>\n\t<meta property=\"og:image:height\" content=\"720\" \/>\n<meta name=\"twitter:label1\" content=\"Dur\u00e9e de lecture est.\">\n\t<meta name=\"twitter:data1\" content=\"0 minute\">\n<script type=\"application\/ld+json\" class=\"yoast-schema-graph\">{\"@context\":\"https:\/\/schema.org\",\"@graph\":[{\"@type\":\"WebSite\",\"@id\":\"https:\/\/www.insception.com\/#website\",\"url\":\"https:\/\/www.insception.com\/\",\"name\":\"Insception Lifebank\",\"description\":\"Canada&#039;s No. 1 Cord Blood &amp; Tissue Program\",\"potentialAction\":[{\"@type\":\"SearchAction\",\"target\":\"https:\/\/www.insception.com\/?s={search_term_string}\",\"query-input\":\"required name=search_term_string\"}],\"inLanguage\":\"fr-FR\"},{\"@type\":\"WebPage\",\"@id\":\"https:\/\/www.insception.com\/fr\/mettez-a-jour-vos-coordonnees\/#webpage\",\"url\":\"https:\/\/www.insception.com\/fr\/mettez-a-jour-vos-coordonnees\/\",\"name\":\"Mettez \\u00e0 jour vos coordonn\\u00e9es - Insception Lifebank\",\"isPartOf\":{\"@id\":\"https:\/\/www.insception.com\/#website\"},\"datePublished\":\"2014-10-16T20:56:42+00:00\",\"dateModified\":\"2014-10-16T20:56:42+00:00\",\"breadcrumb\":{\"@id\":\"https:\/\/www.insception.com\/fr\/mettez-a-jour-vos-coordonnees\/#breadcrumb\"},\"inLanguage\":\"fr-FR\",\"potentialAction\":[{\"@type\":\"ReadAction\",\"target\":[\"https:\/\/www.insception.com\/fr\/mettez-a-jour-vos-coordonnees\/\"]}]},{\"@type\":\"BreadcrumbList\",\"@id\":\"https:\/\/www.insception.com\/fr\/mettez-a-jour-vos-coordonnees\/#breadcrumb\",\"itemListElement\":[{\"@type\":\"ListItem\",\"position\":1,\"item\":{\"@type\":\"WebPage\",\"@id\":\"https:\/\/www.insception.com\/fr\/\",\"url\":\"https:\/\/www.insception.com\/fr\/\",\"name\":\"Home\"}},{\"@type\":\"ListItem\",\"position\":2,\"item\":{\"@type\":\"WebPage\",\"@id\":\"https:\/\/www.insception.com\/fr\/mettez-a-jour-vos-coordonnees\/\",\"url\":\"https:\/\/www.insception.com\/fr\/mettez-a-jour-vos-coordonnees\/\",\"name\":\"Mettez \\u00e0 jour vos coordonn\\u00e9es\"}}]}]}<\/script>\n<!-- \/ Yoast SEO plugin. -->","_links":{"self":[{"href":"https:\/\/www.insception.com\/fr\/wp-json\/wp\/v2\/pages\/2083"}],"collection":[{"href":"https:\/\/www.insception.com\/fr\/wp-json\/wp\/v2\/pages"}],"about":[{"href":"https:\/\/www.insception.com\/fr\/wp-json\/wp\/v2\/types\/page"}],"author":[{"embeddable":true,"href":"https:\/\/www.insception.com\/fr\/wp-json\/wp\/v2\/users\/9"}],"replies":[{"embeddable":true,"href":"https:\/\/www.insception.com\/fr\/wp-json\/wp\/v2\/comments?post=2083"}],"version-history":[{"count":0,"href":"https:\/\/www.insception.com\/fr\/wp-json\/wp\/v2\/pages\/2083\/revisions"}],"wp:attachment":[{"href":"https:\/\/www.insception.com\/fr\/wp-json\/wp\/v2\/media?parent=2083"}],"curies":[{"name":"wp","href":"https:\/\/api.w.org\/{rel}","templated":true}]}}