{"id":2084,"date":"2014-09-24T19:14:01","date_gmt":"2014-09-24T23:14:01","guid":{"rendered":"https:\/\/www.insception.com\/?page_id=2084"},"modified":"2016-05-13T17:19:48","modified_gmt":"2016-05-13T21:19:48","slug":"wings-of-hope","status":"publish","type":"page","link":"https:\/\/www.insception.com\/fr\/fournisseurs-de-soins-de-la-sante\/wings-of-hope\/","title":{"rendered":"Wings of Hope"},"content":{"rendered":"<p>Le programme de sang ombilical Insception Lifebank a \u00e9tabli ce programme afin d\u2019offrir un soutien compassionnel aux familles canadiennes qui ont un membre de la famille imm\u00e9diate qui aura possiblement besoin d\u2019une greffe de cellules souches au cours de la premi\u00e8re ann\u00e9e suivant la naissance de l\u2019enfant attendu. Il s\u2019agit du plus grand programme de ce genre au Canada, avec plus de 370 participants qui ont b\u00e9n\u00e9fici\u00e9 du traitement et de la conservation gratuits du sang ombilical pour la premi\u00e8re ann\u00e9e, une gracieuset\u00e9 d\u2019Insception Lifebank.<\/p>\n<h2>Admissibilit\u00e9<\/h2>\n<p>L\u2019approbation est accord\u00e9e au cas par cas en fonction de la recommandation de l\u2019oncologue, h\u00e9matologue ou g\u00e9n\u00e9ticien m\u00e9dical traitant, \u00e0 condition que l\u2019\u00e9chantillon de sang ombilical soit possiblement requis \u00e0 des fins de greffe au cours de la premi\u00e8re ann\u00e9e de conservation.<\/p>\n<h2>Directives de demande<\/h2>\n<h4>L\u2019oncologue\/h\u00e9matologue\/g\u00e9n\u00e9ticien traitant doit :<\/h4>\n<ul>\n<li>remplir le formulaire de recommandation de sang ombilical pour besoin m\u00e9dical;\u00a0 <a href=\"https:\/\/www.insception.com\/wp-content\/uploads\/2014\/09\/F05-62-0010-Wings-Of-Hope.pdf\" target=\"_blank\"><img class=\"alignnone size-full wp-image-797\" src=\"https:\/\/www.insception.com\/wp-content\/uploads\/2015\/03\/Telechargez.png\" alt=\"download\" \/><\/a><\/li>\n<li>t\u00e9l\u00e9copier le formulaire d\u00fbment rempli \u00e0 Insception Lifebank au 1 905 206-2798.<\/li>\n<\/ul>\n<h4>La famille doit :<\/h4>\n<ul>\n<li>s\u2019inscrire pour la conservation du sang ombilical chez Insception Lifebank. Note : nous mettrons \u00e0 jour les renseignements sur le paiement en cas d\u2019approbation dans le cadre du programme Wings of Hope;<\/li>\n<li>indiquer qu\u2019elle fait une demande pour le programme de besoin m\u00e9dical Wings of Hope lors du contact avec l\u2019\u00e9quipe des services aux clients d\u2019Insception Lifebank;<\/li>\n<li>ne payer que les frais de messagerie m\u00e9dicale pour le transport de l\u2019\u00e9chantillon de sang ombilical jusqu\u2019au laboratoire d\u2019Insception Lifebank et pour l\u2019envoi de la trousse de pr\u00e9l\u00e8vement (si applicable). <strong>Note:<\/strong>\u00a0si l\u2019\u00e9chantillon de sang ombilical n\u2019est pas utilis\u00e9 au cours de la premi\u00e8re ann\u00e9e \u00e0 des fins de traitement, la famille sera alors responsable de payer les frais annuels de stockage de 125 $ \u00e0 compter du premier anniversaire de naissance de l\u2019enfant;<br \/>\nappeler Insception Lifebank au 1 866 606-2790 pour toute question ou pr\u00e9occupation.<\/li>\n<\/ul>\n<h4>Approbation<\/h4>\n<p>Apr\u00e8s r\u00e9ception du formulaire de recommandation de sang ombilical pour besoin m\u00e9dical de la part de l\u2019oncologue, h\u00e9matologue ou g\u00e9n\u00e9ticien m\u00e9dical traitant, le pr\u00e9sident du programme de besoin m\u00e9dical v\u00e9rifiera l\u2019information et rendra une d\u00e9cision pour l\u2019approbation. Insception Lifebank signalera la d\u00e9cision \u00e0 la famille.<\/p>\n<p>Insception Lifebank s\u2019engage \u00e0 l\u2019\u00e9gard du programme de besoin m\u00e9dical Wings of Hope afin de permettre aux familles canadiennes \u00e9prouvant un besoin m\u00e9dical de faire conserver leur sang ombilical, et ce, afin d\u2019offrir \u00e0 la famille un espoir et une option de rechange pour le traitement.<\/p>\n","protected":false},"excerpt":{"rendered":"<p>Le programme de sang ombilical Insception Lifebank a \u00e9tabli ce programme afin d\u2019offrir un soutien compassionnel aux familles canadiennes qui ont un membre de la famille imm\u00e9diate qui aura possiblement besoin d\u2019une greffe de cellules souches au cours de la premi\u00e8re ann\u00e9e suivant la naissance de l\u2019enfant attendu. Il s\u2019agit du plus grand programme de [&hellip;]<\/p>\n","protected":false},"author":9,"featured_media":0,"parent":2085,"menu_order":119,"comment_status":"closed","ping_status":"closed","template":"","meta":{"_et_pb_use_builder":"on","_et_pb_old_content":"<p>Insception Lifebank Cord Blood Program established this program to offer compassionate support to Canadian families who have an immediate family member possibly requiring a stem cell transplant within the first year following the expected baby\u2019s birth. This is the largest program of its kind in Canada, with more than 400\u00a0participants who have benefited from free cord blood processing and 18 years of storage courtesy of Insception Lifebank.<\/p><h2>Eligibility<\/h2><p>Approval is on a case-by-case basis on the recommendation of the treating Oncologist, Haematologist or Medical Geneticist with the condition that the cord blood unit might be required for transplant within the first year of storage.<\/p><h2>Instructions for Application<\/h2><h4>The Treating Oncologist \/ Haematologist \/ Medical Geneticist Must:<\/h4><ul><li>Complete the Medical Need Cord Blood Referral form\u00a0 <a href=\"https:\/\/www.insception.com\/wp-content\/uploads\/2017\/12\/F05-62-0010-Medical-Need-Referral-Form.pdf\" target=\"_blank\" rel=\"noopener\"><img class=\"alignnone wp-image-797 size-full\" src=\"https:\/\/www.insception.com\/wp-content\/uploads\/2014\/09\/download.png\" alt=\"download\" width=\"133\" height=\"41\" \/><\/a><\/li><li>Fax completed form to Insception Lifebank at 1-905-206-2798<\/li><\/ul><h4>The Family Must:<\/h4><ul><li>Register online for Cord Blood Banking at www.insception.com<\/li><li>Record \u201cWings of Hope\u201d in the \u201cFor Internal Use\u201d field<\/li><li>Indicate they are applying for the Wings of Hope Medical Need Program when<br \/>contacted by Insception Lifebank\u2019s Client Services after registration has been submitted<\/li><\/ul><h4>Approval<\/h4><p>Upon receipt of the Medical Need Cord Blood Referral form from the referring Oncologist, Haematologist or Medical Geneticist, the Chair of the Medical Need Program will review the information and provide a decision regarding approval. Insception Lifebank will notify the family about the decision.<\/p><p>Insception Lifebank is committed to the Wings of Hope Medical Need Program, allowing Canadian families with a medical need to bank their cord blood, providing hope to the family and offering an alternate treatment option.<\/p>","_et_gb_content_width":"","_monsterinsights_skip_tracking":false,"_monsterinsights_sitenote_active":false,"_monsterinsights_sitenote_note":"","_monsterinsights_sitenote_category":0},"yoast_head":"<!-- This site is optimized with the Yoast SEO plugin v15.5 - https:\/\/yoast.com\/wordpress\/plugins\/seo\/ -->\n<title>Wings of Hope - Insception Lifebank<\/title>\n<meta name=\"robots\" content=\"index, follow, max-snippet:-1, max-image-preview:large, max-video-preview:-1\" \/>\n<link rel=\"canonical\" href=\"https:\/\/www.insception.com\/fr\/fournisseurs-de-soins-de-la-sante\/wings-of-hope\/\" \/>\n<meta property=\"og:locale\" content=\"fr_FR\" \/>\n<meta property=\"og:type\" content=\"article\" \/>\n<meta property=\"og:title\" content=\"Wings of Hope - Insception Lifebank\" \/>\n<meta property=\"og:description\" content=\"Le programme de sang ombilical Insception Lifebank a \u00e9tabli ce programme afin d\u2019offrir un soutien compassionnel aux familles canadiennes qui ont un membre de la famille imm\u00e9diate qui aura possiblement besoin d\u2019une greffe de cellules souches au cours de la premi\u00e8re ann\u00e9e suivant la naissance de l\u2019enfant attendu. Il s\u2019agit du plus grand programme de [&hellip;]\" \/>\n<meta property=\"og:url\" content=\"https:\/\/www.insception.com\/fr\/fournisseurs-de-soins-de-la-sante\/wings-of-hope\/\" \/>\n<meta property=\"og:site_name\" content=\"Insception Lifebank\" \/>\n<meta property=\"article:publisher\" content=\"https:\/\/www.facebook.com\/insception\" \/>\n<meta property=\"article:modified_time\" content=\"2016-05-13T21:19:48+00:00\" \/>\n<meta property=\"og:image\" content=\"https:\/\/www.insception.com\/wp-content\/uploads\/2015\/03\/Telechargez.png\" \/>\n<meta name=\"twitter:label1\" content=\"Dur\u00e9e de lecture est.\">\n\t<meta name=\"twitter:data1\" content=\"2 minutes\">\n<script type=\"application\/ld+json\" class=\"yoast-schema-graph\">{\"@context\":\"https:\/\/schema.org\",\"@graph\":[{\"@type\":\"WebSite\",\"@id\":\"https:\/\/www.insception.com\/#website\",\"url\":\"https:\/\/www.insception.com\/\",\"name\":\"Insception Lifebank\",\"description\":\"Canada&#039;s No. 1 Cord Blood &amp; Tissue Program\",\"potentialAction\":[{\"@type\":\"SearchAction\",\"target\":\"https:\/\/www.insception.com\/?s={search_term_string}\",\"query-input\":\"required name=search_term_string\"}],\"inLanguage\":\"fr-FR\"},{\"@type\":\"ImageObject\",\"@id\":\"https:\/\/www.insception.com\/fr\/fournisseurs-de-soins-de-la-sante\/wings-of-hope\/#primaryimage\",\"inLanguage\":\"fr-FR\",\"url\":\"https:\/\/www.insception.com\/wp-content\/uploads\/2015\/03\/Telechargez.png\"},{\"@type\":\"WebPage\",\"@id\":\"https:\/\/www.insception.com\/fr\/fournisseurs-de-soins-de-la-sante\/wings-of-hope\/#webpage\",\"url\":\"https:\/\/www.insception.com\/fr\/fournisseurs-de-soins-de-la-sante\/wings-of-hope\/\",\"name\":\"Wings of Hope - Insception Lifebank\",\"isPartOf\":{\"@id\":\"https:\/\/www.insception.com\/#website\"},\"primaryImageOfPage\":{\"@id\":\"https:\/\/www.insception.com\/fr\/fournisseurs-de-soins-de-la-sante\/wings-of-hope\/#primaryimage\"},\"datePublished\":\"2014-09-24T23:14:01+00:00\",\"dateModified\":\"2016-05-13T21:19:48+00:00\",\"breadcrumb\":{\"@id\":\"https:\/\/www.insception.com\/fr\/fournisseurs-de-soins-de-la-sante\/wings-of-hope\/#breadcrumb\"},\"inLanguage\":\"fr-FR\",\"potentialAction\":[{\"@type\":\"ReadAction\",\"target\":[\"https:\/\/www.insception.com\/fr\/fournisseurs-de-soins-de-la-sante\/wings-of-hope\/\"]}]},{\"@type\":\"BreadcrumbList\",\"@id\":\"https:\/\/www.insception.com\/fr\/fournisseurs-de-soins-de-la-sante\/wings-of-hope\/#breadcrumb\",\"itemListElement\":[{\"@type\":\"ListItem\",\"position\":1,\"item\":{\"@type\":\"WebPage\",\"@id\":\"https:\/\/www.insception.com\/fr\/\",\"url\":\"https:\/\/www.insception.com\/fr\/\",\"name\":\"Home\"}},{\"@type\":\"ListItem\",\"position\":2,\"item\":{\"@type\":\"WebPage\",\"@id\":\"https:\/\/www.insception.com\/fr\/fournisseurs-de-soins-de-la-sante\/\",\"url\":\"https:\/\/www.insception.com\/fr\/fournisseurs-de-soins-de-la-sante\/\",\"name\":\"Fournisseurs de soins de la sant\\u00e9\"}},{\"@type\":\"ListItem\",\"position\":3,\"item\":{\"@type\":\"WebPage\",\"@id\":\"https:\/\/www.insception.com\/fr\/fournisseurs-de-soins-de-la-sante\/wings-of-hope\/\",\"url\":\"https:\/\/www.insception.com\/fr\/fournisseurs-de-soins-de-la-sante\/wings-of-hope\/\",\"name\":\"Wings of Hope\"}}]}]}<\/script>\n<!-- \/ Yoast SEO plugin. -->","_links":{"self":[{"href":"https:\/\/www.insception.com\/fr\/wp-json\/wp\/v2\/pages\/2084"}],"collection":[{"href":"https:\/\/www.insception.com\/fr\/wp-json\/wp\/v2\/pages"}],"about":[{"href":"https:\/\/www.insception.com\/fr\/wp-json\/wp\/v2\/types\/page"}],"author":[{"embeddable":true,"href":"https:\/\/www.insception.com\/fr\/wp-json\/wp\/v2\/users\/9"}],"replies":[{"embeddable":true,"href":"https:\/\/www.insception.com\/fr\/wp-json\/wp\/v2\/comments?post=2084"}],"version-history":[{"count":0,"href":"https:\/\/www.insception.com\/fr\/wp-json\/wp\/v2\/pages\/2084\/revisions"}],"up":[{"embeddable":true,"href":"https:\/\/www.insception.com\/fr\/wp-json\/wp\/v2\/pages\/2085"}],"wp:attachment":[{"href":"https:\/\/www.insception.com\/fr\/wp-json\/wp\/v2\/media?parent=2084"}],"curies":[{"name":"wp","href":"https:\/\/api.w.org\/{rel}","templated":true}]}}