{"id":2102,"date":"2014-09-26T20:14:17","date_gmt":"2014-09-27T00:14:17","guid":{"rendered":"http:\/\/www.insception.com\/health-care-professionals\/cord-blood-and-cord-tissue-collection\/cord-blood-collection-instructions\/"},"modified":"2023-01-26T15:52:14","modified_gmt":"2023-01-26T20:52:14","slug":"directives-de-prelevement-du-tissu-ombilical","status":"publish","type":"page","link":"https:\/\/www.insception.com\/fr\/fournisseurs-de-soins-de-la-sante\/directives-de-prelevement-du-tissu-ombilical\/","title":{"rendered":"Directives de pr\u00e9l\u00e8vement du tissu ombilical"},"content":{"rendered":"<div class=\"cord-tissue-instructions\">\n<ol>\n<li>L\u2019\u00e9chantillon de tissu ombilical devrait \u00eatre pris d\u00e8s que possible apr\u00e8s le pr\u00e9l\u00e8vement du sang ombilical.<\/li>\n<\/ol>\n<ol start=\"2\">\n<li>Choisissez une section du cordon:\n<ul>\n<li>\u00c0 l\u2019\u00e9cart des points de ponction<\/li>\n<li>Aussi droite que possible<\/li>\n<\/ul>\n<\/li>\n<\/ol>\n<ol start=\"3\">\n<li>Coupez une section du cordon d\u2019environ 15-20 cm de longueur (environ la largeur de cette page). (<strong>Illus. 1<\/strong>) <strong>Note :<\/strong> Certains cordons sont tr\u00e8s \u00e9pais \u2013 de 10 \u00e0 12 cm suffi sent dans certains cas.<\/li>\n<\/ol>\n<ol start=\"4\">\n<li>Placez le tissu de cordon ombilical dans le contenant \u00e0 couvercle vissant. (<strong>Illus. 2<\/strong>)<\/li>\n<\/ol>\n<ol start=\"5\">\n<li>Fermez le couvercle en le serrant bien, jusqu\u2019\u00e0 ce que vous entendiez un \u00ab clic \u00bb. (<strong>Illus. 3<\/strong>)<\/li>\n<\/ol>\n<ol start=\"6\">\n<li>Placez le contenant dans le sac pour mati\u00e8res infectieuses fourni et placez le tout dans la bo\u00eete d\u2019envoi avec l\u2019\u00e9chantillon de sang ombilical. (<strong>Illus. 4<\/strong>)<\/li>\n<\/ol>\n<div class=\"imgWrap\"><strong>Fig 1<\/strong><strong>Fig 2<\/strong><br \/>\n<img loading=\"lazy\" class=\"alignleft size-medium wp-image-1841\" src=\"https:\/\/www.insception.com\/wp-content\/uploads\/2014\/09\/cord_blood_collection_fig-01-300x247.jpg\" alt=\"cord_blood_collection_fig-01\" width=\"300\" height=\"247\" \/><img loading=\"lazy\" class=\"alignleft size-medium wp-image-1842\" src=\"https:\/\/www.insception.com\/wp-content\/uploads\/2014\/09\/cord_blood_collection_fig-02-300x247.png\" alt=\"cord_blood_collection_fig-02\" width=\"300\" height=\"247\" \/><strong>Fig 3<\/strong><strong>Fig 4<\/strong><img loading=\"lazy\" class=\"alignleft size-medium wp-image-1844\" src=\"https:\/\/www.insception.com\/wp-content\/uploads\/2014\/09\/cord_blood_collection_fig-04-300x232.png\" alt=\"cord_blood_collection_fig-04\" width=\"300\" height=\"232\" \/><img loading=\"lazy\" class=\"alignleft size-medium wp-image-1843\" src=\"https:\/\/www.insception.com\/wp-content\/uploads\/2014\/09\/cord_blood_collection_fig-03-300x232.png\" alt=\"cord_blood_collection_fig-03\" width=\"300\" height=\"232\" \/><\/div>\n<\/div>\n","protected":false},"excerpt":{"rendered":"<p>L\u2019\u00e9chantillon de tissu ombilical devrait \u00eatre pris d\u00e8s que possible apr\u00e8s le pr\u00e9l\u00e8vement du sang ombilical. Choisissez une section du cordon: \u00c0 l\u2019\u00e9cart des points de ponction Aussi droite que possible Coupez une section du cordon d\u2019environ 15-20 cm de longueur (environ la largeur de cette page). (Illus. 1) Note : Certains cordons sont tr\u00e8s [&hellip;]<\/p>\n","protected":false},"author":9,"featured_media":0,"parent":2085,"menu_order":3,"comment_status":"closed","ping_status":"closed","template":"","meta":{"_et_pb_use_builder":"on","_et_pb_old_content":"<div class=\"cord-tissue-instructions\">\r\n<ol>\r\n \t<li>L\u2019\u00e9chantillon de tissu ombilical devrait \u00eatre pris d\u00e8s que possible apr\u00e8s le pr\u00e9l\u00e8vement du sang ombilical.<\/li>\r\n<\/ol>\r\n<ol start=\"2\">\r\n \t<li>Choisissez une section du cordon:\r\n<ul>\r\n \t<li>\u00c0 l\u2019\u00e9cart des points de ponction<\/li>\r\n \t<li>Aussi droite que possible<\/li>\r\n<\/ul>\r\n<\/li>\r\n<\/ol>\r\n<ol start=\"3\">\r\n \t<li>Coupez une section du cordon d\u2019environ 15-20 cm de longueur (environ la largeur de cette page). (<strong>Illus. 1<\/strong>) <strong>Note :<\/strong> Certains cordons sont tr\u00e8s \u00e9pais \u2013 de 10 \u00e0 12 cm suffi sent dans certains cas.<\/li>\r\n<\/ol>\r\n<ol start=\"4\">\r\n \t<li>Placez le tissu de cordon ombilical dans le contenant \u00e0 couvercle vissant. (<strong>Illus. 2<\/strong>)<\/li>\r\n<\/ol>\r\n<ol start=\"5\">\r\n \t<li>Fermez le couvercle en le serrant bien, jusqu\u2019\u00e0 ce que vous entendiez un \u00ab clic \u00bb. (<strong>Illus. 3<\/strong>)<\/li>\r\n<\/ol>\r\n<ol start=\"6\">\r\n \t<li>Placez le contenant dans le sac pour mati\u00e8res infectieuses fourni et placez le tout dans la bo\u00eete d\u2019envoi avec l\u2019\u00e9chantillon de sang ombilical. (<strong>Illus. 4<\/strong>)<\/li>\r\n<\/ol>\r\n<div class=\"imgWrap\"><strong>Fig 1<\/strong><strong>Fig 2<\/strong>\r\n<img class=\"alignleft size-medium wp-image-1841\" src=\"https:\/\/www.insception.com\/wp-content\/uploads\/2014\/09\/cord_blood_collection_fig-01-300x247.jpg\" alt=\"cord_blood_collection_fig-01\" width=\"300\" height=\"247\" \/><img class=\"alignleft size-medium wp-image-1842\" src=\"https:\/\/www.insception.com\/wp-content\/uploads\/2014\/09\/cord_blood_collection_fig-02-300x247.png\" alt=\"cord_blood_collection_fig-02\" width=\"300\" height=\"247\" \/><strong>Fig 3<\/strong><strong>Fig 4<\/strong><img class=\"alignleft size-medium wp-image-1844\" src=\"https:\/\/www.insception.com\/wp-content\/uploads\/2014\/09\/cord_blood_collection_fig-04-300x232.png\" alt=\"cord_blood_collection_fig-04\" width=\"300\" height=\"232\" \/><img class=\"alignleft size-medium wp-image-1843\" src=\"https:\/\/www.insception.com\/wp-content\/uploads\/2014\/09\/cord_blood_collection_fig-03-300x232.png\" alt=\"cord_blood_collection_fig-03\" width=\"300\" height=\"232\" \/><\/div>\r\n<\/div>","_et_gb_content_width":"","_monsterinsights_skip_tracking":false,"_monsterinsights_sitenote_active":false,"_monsterinsights_sitenote_note":"","_monsterinsights_sitenote_category":0},"yoast_head":"<!-- This site is optimized with the Yoast SEO plugin v15.5 - https:\/\/yoast.com\/wordpress\/plugins\/seo\/ -->\n<title>Directives de pr\u00e9l\u00e8vement du tissu ombilical - Insception Lifebank<\/title>\n<meta name=\"description\" content=\"L\u2019\u00e9chantillon de tissu ombilical devrait \u00eatre pris d\u00e8s que possible apr\u00e8s le pr\u00e9l\u00e8vement du sang ombilical.\" \/>\n<meta name=\"robots\" content=\"index, follow, max-snippet:-1, max-image-preview:large, max-video-preview:-1\" \/>\n<link rel=\"canonical\" href=\"https:\/\/www.insception.com\/fr\/fournisseurs-de-soins-de-la-sante\/directives-de-prelevement-du-tissu-ombilical\/\" \/>\n<meta property=\"og:locale\" content=\"fr_FR\" \/>\n<meta property=\"og:type\" content=\"article\" \/>\n<meta property=\"og:title\" content=\"Directives de pr\u00e9l\u00e8vement du tissu ombilical - Insception Lifebank\" \/>\n<meta property=\"og:description\" content=\"L\u2019\u00e9chantillon de tissu ombilical devrait \u00eatre pris d\u00e8s que possible apr\u00e8s le pr\u00e9l\u00e8vement du sang ombilical.\" \/>\n<meta property=\"og:url\" content=\"https:\/\/www.insception.com\/fr\/fournisseurs-de-soins-de-la-sante\/directives-de-prelevement-du-tissu-ombilical\/\" \/>\n<meta property=\"og:site_name\" content=\"Insception Lifebank\" \/>\n<meta property=\"article:publisher\" content=\"https:\/\/www.facebook.com\/insception\" \/>\n<meta property=\"article:modified_time\" content=\"2023-01-26T20:52:14+00:00\" \/>\n<meta property=\"og:image\" content=\"https:\/\/www.insception.com\/wp-content\/uploads\/2014\/09\/cord_blood_collection_fig-01-300x247.jpg\" \/>\n<meta name=\"twitter:label1\" content=\"Dur\u00e9e de lecture est.\">\n\t<meta name=\"twitter:data1\" content=\"1 minute\">\n<script type=\"application\/ld+json\" class=\"yoast-schema-graph\">{\"@context\":\"https:\/\/schema.org\",\"@graph\":[{\"@type\":\"WebSite\",\"@id\":\"https:\/\/www.insception.com\/#website\",\"url\":\"https:\/\/www.insception.com\/\",\"name\":\"Insception Lifebank\",\"description\":\"Canada&#039;s No. 1 Cord Blood &amp; Tissue Program\",\"potentialAction\":[{\"@type\":\"SearchAction\",\"target\":\"https:\/\/www.insception.com\/?s={search_term_string}\",\"query-input\":\"required name=search_term_string\"}],\"inLanguage\":\"fr-FR\"},{\"@type\":\"ImageObject\",\"@id\":\"https:\/\/www.insception.com\/fr\/fournisseurs-de-soins-de-la-sante\/directives-de-prelevement-du-tissu-ombilical\/#primaryimage\",\"inLanguage\":\"fr-FR\",\"url\":\"https:\/\/www.insception.com\/wp-content\/uploads\/2014\/09\/cord_blood_collection_fig-01-300x247.jpg\"},{\"@type\":\"WebPage\",\"@id\":\"https:\/\/www.insception.com\/fr\/fournisseurs-de-soins-de-la-sante\/directives-de-prelevement-du-tissu-ombilical\/#webpage\",\"url\":\"https:\/\/www.insception.com\/fr\/fournisseurs-de-soins-de-la-sante\/directives-de-prelevement-du-tissu-ombilical\/\",\"name\":\"Directives de pr\\u00e9l\\u00e8vement du tissu ombilical - Insception Lifebank\",\"isPartOf\":{\"@id\":\"https:\/\/www.insception.com\/#website\"},\"primaryImageOfPage\":{\"@id\":\"https:\/\/www.insception.com\/fr\/fournisseurs-de-soins-de-la-sante\/directives-de-prelevement-du-tissu-ombilical\/#primaryimage\"},\"datePublished\":\"2014-09-27T00:14:17+00:00\",\"dateModified\":\"2023-01-26T20:52:14+00:00\",\"description\":\"L\\u2019\\u00e9chantillon de tissu ombilical devrait \\u00eatre pris d\\u00e8s que possible apr\\u00e8s le pr\\u00e9l\\u00e8vement du sang ombilical.\",\"breadcrumb\":{\"@id\":\"https:\/\/www.insception.com\/fr\/fournisseurs-de-soins-de-la-sante\/directives-de-prelevement-du-tissu-ombilical\/#breadcrumb\"},\"inLanguage\":\"fr-FR\",\"potentialAction\":[{\"@type\":\"ReadAction\",\"target\":[\"https:\/\/www.insception.com\/fr\/fournisseurs-de-soins-de-la-sante\/directives-de-prelevement-du-tissu-ombilical\/\"]}]},{\"@type\":\"BreadcrumbList\",\"@id\":\"https:\/\/www.insception.com\/fr\/fournisseurs-de-soins-de-la-sante\/directives-de-prelevement-du-tissu-ombilical\/#breadcrumb\",\"itemListElement\":[{\"@type\":\"ListItem\",\"position\":1,\"item\":{\"@type\":\"WebPage\",\"@id\":\"https:\/\/www.insception.com\/fr\/\",\"url\":\"https:\/\/www.insception.com\/fr\/\",\"name\":\"Home\"}},{\"@type\":\"ListItem\",\"position\":2,\"item\":{\"@type\":\"WebPage\",\"@id\":\"https:\/\/www.insception.com\/fr\/fournisseurs-de-soins-de-la-sante\/\",\"url\":\"https:\/\/www.insception.com\/fr\/fournisseurs-de-soins-de-la-sante\/\",\"name\":\"Fournisseurs de soins de la sant\\u00e9\"}},{\"@type\":\"ListItem\",\"position\":3,\"item\":{\"@type\":\"WebPage\",\"@id\":\"https:\/\/www.insception.com\/fr\/fournisseurs-de-soins-de-la-sante\/directives-de-prelevement-du-tissu-ombilical\/\",\"url\":\"https:\/\/www.insception.com\/fr\/fournisseurs-de-soins-de-la-sante\/directives-de-prelevement-du-tissu-ombilical\/\",\"name\":\"Directives de pr\\u00e9l\\u00e8vement du tissu ombilical\"}}]}]}<\/script>\n<!-- \/ Yoast SEO plugin. -->","_links":{"self":[{"href":"https:\/\/www.insception.com\/fr\/wp-json\/wp\/v2\/pages\/2102"}],"collection":[{"href":"https:\/\/www.insception.com\/fr\/wp-json\/wp\/v2\/pages"}],"about":[{"href":"https:\/\/www.insception.com\/fr\/wp-json\/wp\/v2\/types\/page"}],"author":[{"embeddable":true,"href":"https:\/\/www.insception.com\/fr\/wp-json\/wp\/v2\/users\/9"}],"replies":[{"embeddable":true,"href":"https:\/\/www.insception.com\/fr\/wp-json\/wp\/v2\/comments?post=2102"}],"version-history":[{"count":0,"href":"https:\/\/www.insception.com\/fr\/wp-json\/wp\/v2\/pages\/2102\/revisions"}],"up":[{"embeddable":true,"href":"https:\/\/www.insception.com\/fr\/wp-json\/wp\/v2\/pages\/2085"}],"wp:attachment":[{"href":"https:\/\/www.insception.com\/fr\/wp-json\/wp\/v2\/media?parent=2102"}],"curies":[{"name":"wp","href":"https:\/\/api.w.org\/{rel}","templated":true}]}}