{"id":2121,"date":"2014-09-10T19:21:36","date_gmt":"2014-09-10T23:21:36","guid":{"rendered":"http:\/\/www.insception.com\/?page_id=2121"},"modified":"2014-09-10T19:21:36","modified_gmt":"2014-09-10T23:21:36","slug":"etablissements","status":"publish","type":"page","link":"https:\/\/www.insception.com\/fr\/etablissements\/","title":{"rendered":"\u00c9tablissements"},"content":{"rendered":"<h3>Vous pouvez faire conserver les pr\u00e9cieuses cellules souches de votre b\u00e9b\u00e9 par Insception Lifebank peu importe o\u00f9 vous habitez au Canada. Notre service est offert dans tous les h\u00f4pitaux canadiens et pour les accouchements \u00e0 domicile.<\/h3>\n<h2>Visitez nos \u00e9tablissements<\/h2>\n<p>Consultez l\u2019un de nos sp\u00e9cialistes en sang ombilical \u00e0 l\u2019un de nos bureaux au Canada ou \u00e0 notre si\u00e8ge social.<\/p>\n<h5>Nous sommes la seule banque de sang ombilical comptant six bureaux au Canada \u2013 et nous sommes en pleine croissance.<\/h5>\n","protected":false},"excerpt":{"rendered":"<p>Bienvenue \u00e0 la banque de sang ombilical la plus pratique au Canada<\/p>\n","protected":false},"author":9,"featured_media":3462,"parent":0,"menu_order":85,"comment_status":"closed","ping_status":"closed","template":"","meta":{"_et_pb_use_builder":"on","_et_pb_old_content":"","_et_gb_content_width":"","_monsterinsights_skip_tracking":false,"_monsterinsights_sitenote_active":false,"_monsterinsights_sitenote_note":"","_monsterinsights_sitenote_category":0},"yoast_head":"<!-- This site is optimized with the Yoast SEO plugin v15.5 - https:\/\/yoast.com\/wordpress\/plugins\/seo\/ -->\n<title>\u00c9tablissements - Insception Lifebank<\/title>\n<meta name=\"robots\" content=\"index, follow, max-snippet:-1, max-image-preview:large, max-video-preview:-1\" \/>\n<link rel=\"canonical\" href=\"https:\/\/www.insception.com\/fr\/etablissements\/\" \/>\n<meta property=\"og:locale\" content=\"fr_FR\" \/>\n<meta property=\"og:type\" content=\"article\" \/>\n<meta property=\"og:title\" content=\"\u00c9tablissements - Insception Lifebank\" \/>\n<meta property=\"og:description\" content=\"Bienvenue \u00e0 la banque de sang ombilical la plus pratique au Canada\" \/>\n<meta property=\"og:url\" content=\"https:\/\/www.insception.com\/fr\/etablissements\/\" \/>\n<meta property=\"og:site_name\" content=\"Insception Lifebank\" \/>\n<meta property=\"article:publisher\" content=\"https:\/\/www.facebook.com\/insception\" \/>\n<meta property=\"og:image\" content=\"https:\/\/www.insception.com\/wp-content\/uploads\/2014\/09\/locations.png\" \/>\n\t<meta property=\"og:image:width\" content=\"360\" \/>\n\t<meta property=\"og:image:height\" content=\"270\" \/>\n<meta name=\"twitter:label1\" content=\"Dur\u00e9e de lecture est.\">\n\t<meta name=\"twitter:data1\" content=\"0 minute\">\n<script type=\"application\/ld+json\" class=\"yoast-schema-graph\">{\"@context\":\"https:\/\/schema.org\",\"@graph\":[{\"@type\":\"WebSite\",\"@id\":\"https:\/\/www.insception.com\/#website\",\"url\":\"https:\/\/www.insception.com\/\",\"name\":\"Insception Lifebank\",\"description\":\"Canada&#039;s No. 1 Cord Blood &amp; Tissue Program\",\"potentialAction\":[{\"@type\":\"SearchAction\",\"target\":\"https:\/\/www.insception.com\/?s={search_term_string}\",\"query-input\":\"required name=search_term_string\"}],\"inLanguage\":\"fr-FR\"},{\"@type\":\"ImageObject\",\"@id\":\"https:\/\/www.insception.com\/fr\/etablissements\/#primaryimage\",\"inLanguage\":\"fr-FR\",\"url\":\"https:\/\/www.insception.com\/wp-content\/uploads\/2014\/09\/locations.png\",\"width\":360,\"height\":270},{\"@type\":\"WebPage\",\"@id\":\"https:\/\/www.insception.com\/fr\/etablissements\/#webpage\",\"url\":\"https:\/\/www.insception.com\/fr\/etablissements\/\",\"name\":\"\\u00c9tablissements - Insception Lifebank\",\"isPartOf\":{\"@id\":\"https:\/\/www.insception.com\/#website\"},\"primaryImageOfPage\":{\"@id\":\"https:\/\/www.insception.com\/fr\/etablissements\/#primaryimage\"},\"datePublished\":\"2014-09-10T23:21:36+00:00\",\"dateModified\":\"2014-09-10T23:21:36+00:00\",\"breadcrumb\":{\"@id\":\"https:\/\/www.insception.com\/fr\/etablissements\/#breadcrumb\"},\"inLanguage\":\"fr-FR\",\"potentialAction\":[{\"@type\":\"ReadAction\",\"target\":[\"https:\/\/www.insception.com\/fr\/etablissements\/\"]}]},{\"@type\":\"BreadcrumbList\",\"@id\":\"https:\/\/www.insception.com\/fr\/etablissements\/#breadcrumb\",\"itemListElement\":[{\"@type\":\"ListItem\",\"position\":1,\"item\":{\"@type\":\"WebPage\",\"@id\":\"https:\/\/www.insception.com\/fr\/\",\"url\":\"https:\/\/www.insception.com\/fr\/\",\"name\":\"Home\"}},{\"@type\":\"ListItem\",\"position\":2,\"item\":{\"@type\":\"WebPage\",\"@id\":\"https:\/\/www.insception.com\/fr\/etablissements\/\",\"url\":\"https:\/\/www.insception.com\/fr\/etablissements\/\",\"name\":\"\\u00c9tablissements\"}}]}]}<\/script>\n<!-- \/ Yoast SEO plugin. -->","_links":{"self":[{"href":"https:\/\/www.insception.com\/fr\/wp-json\/wp\/v2\/pages\/2121"}],"collection":[{"href":"https:\/\/www.insception.com\/fr\/wp-json\/wp\/v2\/pages"}],"about":[{"href":"https:\/\/www.insception.com\/fr\/wp-json\/wp\/v2\/types\/page"}],"author":[{"embeddable":true,"href":"https:\/\/www.insception.com\/fr\/wp-json\/wp\/v2\/users\/9"}],"replies":[{"embeddable":true,"href":"https:\/\/www.insception.com\/fr\/wp-json\/wp\/v2\/comments?post=2121"}],"version-history":[{"count":0,"href":"https:\/\/www.insception.com\/fr\/wp-json\/wp\/v2\/pages\/2121\/revisions"}],"wp:featuredmedia":[{"embeddable":true,"href":"https:\/\/www.insception.com\/fr\/wp-json\/wp\/v2\/media\/3462"}],"wp:attachment":[{"href":"https:\/\/www.insception.com\/fr\/wp-json\/wp\/v2\/media?parent=2121"}],"curies":[{"name":"wp","href":"https:\/\/api.w.org\/{rel}","templated":true}]}}