{"id":2122,"date":"2015-02-17T18:45:26","date_gmt":"2015-02-17T23:45:26","guid":{"rendered":"http:\/\/www.insception.com\/etablissements\/burnaby\/"},"modified":"2023-01-23T16:25:03","modified_gmt":"2023-01-23T21:25:03","slug":"bureau-de-burnaby","status":"publish","type":"page","link":"https:\/\/www.insception.com\/fr\/etablissements\/bureau-de-burnaby\/","title":{"rendered":"Bureau de Burnaby"},"content":{"rendered":"<p>[et_pb_section fb_built=\u00a0\u00bb1&Prime; admin_label=\u00a0\u00bbsection\u00a0\u00bb _builder_version=\u00a0\u00bb3.22&Prime; global_colors_info=\u00a0\u00bb{}\u00a0\u00bb][et_pb_row admin_label=\u00a0\u00bbrow\u00a0\u00bb _builder_version=\u00a0\u00bb3.25&Prime; background_size=\u00a0\u00bbinitial\u00a0\u00bb background_position=\u00a0\u00bbtop_left\u00a0\u00bb background_repeat=\u00a0\u00bbrepeat\u00a0\u00bb global_colors_info=\u00a0\u00bb{}\u00a0\u00bb][et_pb_column type=\u00a0\u00bb4_4&Prime; _builder_version=\u00a0\u00bb3.25&Prime; custom_padding=\u00a0\u00bb|||\u00a0\u00bb global_colors_info=\u00a0\u00bb{}\u00a0\u00bb custom_padding__hover=\u00a0\u00bb|||\u00a0\u00bb][et_pb_text admin_label=\u00a0\u00bbText\u00a0\u00bb _builder_version=\u00a0\u00bb3.27.4&Prime; background_size=\u00a0\u00bbinitial\u00a0\u00bb background_position=\u00a0\u00bbtop_left\u00a0\u00bb background_repeat=\u00a0\u00bbrepeat\u00a0\u00bb global_colors_info=\u00a0\u00bb{}\u00a0\u00bb]<\/p>\n<h2>Consultez l\u2019un de nos sp\u00e9cialistes en sang ombilical \u00e0 l\u2019un de nos Bureau de Burnaby.<\/h2>\n<div class=\"address-contact\">\n<ul class=\"location_col1\">\n<li class=\"address\">Technology Place &#8211; BCIT Campus<br \/>Suite 200 \u2013 4475 Wayburne Drive<br \/>Burnaby, BC V5G 4X4<\/li>\n<li class=\"time location_phone\"><strong>T\u00e9l.:<\/strong> 604-738-2722<\/li>\n<li class=\"location_fax\"><strong>T\u00e9l\u00e9copieur:<\/strong> 604-738-2726<\/li>\n<li class=\"location_email\"><a href=\"mailto:info@insception.com\">info@insception.com<\/a><\/li>\n<\/ul>\n<ul class=\"location_col2\">\n<li>(lundi-vendredi: 9 h \u00e0 17 h HNP)<\/li>\n<\/ul>\n<\/div>\n<div class=\"map-container\"><iframe src=\"https:\/\/www.google.com\/maps\/embed?pb=!1m18!1m12!1m3!1d2604.4466957828017!2d-122.99857080000001!3d49.2489787!2m3!1f0!2f0!3f0!3m2!1i1024!2i768!4f13.1!3m3!1m2!1s0x5486771e0b9de1f7%3A0x847e4002441b855e!2s4475+Wayburne+Dr+%23200%2C+Burnaby%2C+BC+V5G+4X4%2C+Canada!5e0!3m2!1sen!2sin!4v1443391700176\" width=\"100%\" height=\"100%\" frameborder=\"0\" marginwidth=\"0\" marginheight=\"0\" scrolling=\"no\"><\/iframe><\/div>\n<p>&nbsp;<\/p>\n<p>[\/et_pb_text][\/et_pb_column][\/et_pb_row][\/et_pb_section]<\/p>\n","protected":false},"excerpt":{"rendered":"<p>Consultez l\u2019un de nos sp\u00e9cialistes en sang ombilical \u00e0 l\u2019un de nos Bureau de Burnaby. Technology Place &#8211; BCIT CampusSuite 200 \u2013 4475 Wayburne DriveBurnaby, BC V5G 4X4 T\u00e9l.: 604-738-2722 T\u00e9l\u00e9copieur: 604-738-2726 info@insception.com (lundi-vendredi: 9 h \u00e0 17 h HNP) &nbsp;<\/p>\n","protected":false},"author":9,"featured_media":0,"parent":2121,"menu_order":83,"comment_status":"closed","ping_status":"closed","template":"","meta":{"_et_pb_use_builder":"on","_et_pb_old_content":"<h3>Consultez l\u2019un de nos sp\u00e9cialistes en sang ombilical \u00e0 l\u2019un de nos Bureau de Burnaby.<\/h3>\n<div class=\"address-contact\">\n<ul class=\"location_col1\">\n\t<li class=\"address\">Technology Place - BCIT Campus\nSuite 200 \u2013 4475 Wayburne Drive\nBurnaby, BC V5G 4X4<\/li>\n\t\t<li class=\"time location_phone\"><strong>T\u00e9l.:<\/strong> 604-738-2722<\/li>\n\t<li class=\"location_fax\"><strong>T\u00e9l\u00e9copieur:<\/strong> 604-738-2726<\/li>\n\t<li class=\"location_email\"><a href=\"mailto:info@insception.com\">info@insception.com<\/a><\/li>\n<\/ul>\n<ul class=\"location_col2\">\n<li>(lundi-vendredi: 9 h \u00e0 17 h HNP)<\/li>\n<\/ul>\n<\/div>\n<div class=\"map-container\"><iframe src=\"https:\/\/www.google.com\/maps\/embed?pb=!1m18!1m12!1m3!1d2604.4466957828017!2d-122.99857080000001!3d49.2489787!2m3!1f0!2f0!3f0!3m2!1i1024!2i768!4f13.1!3m3!1m2!1s0x5486771e0b9de1f7%3A0x847e4002441b855e!2s4475+Wayburne+Dr+%23200%2C+Burnaby%2C+BC+V5G+4X4%2C+Canada!5e0!3m2!1sen!2sin!4v1443391700176\" width=\"100%\" height=\"100%\" frameborder=\"0\" marginwidth=\"0\" marginheight=\"0\" scrolling=\"no\"><\/iframe><\/div>\n<p>&nbsp;<\/p>","_et_gb_content_width":"","_monsterinsights_skip_tracking":false,"_monsterinsights_sitenote_active":false,"_monsterinsights_sitenote_note":"","_monsterinsights_sitenote_category":0},"yoast_head":"<!-- This site is optimized with the Yoast SEO plugin v15.5 - https:\/\/yoast.com\/wordpress\/plugins\/seo\/ -->\n<title>Bureau de Burnaby | Insception Lifebank<\/title>\n<meta name=\"robots\" content=\"index, follow, max-snippet:-1, max-image-preview:large, max-video-preview:-1\" \/>\n<link rel=\"canonical\" href=\"https:\/\/www.insception.com\/fr\/etablissements\/bureau-de-burnaby\/\" \/>\n<meta property=\"og:locale\" content=\"fr_FR\" \/>\n<meta property=\"og:type\" content=\"article\" \/>\n<meta property=\"og:title\" content=\"Bureau de Burnaby | Insception Lifebank\" \/>\n<meta property=\"og:description\" content=\"Consultez l\u2019un de nos sp\u00e9cialistes en sang ombilical \u00e0 l\u2019un de nos Bureau de Burnaby. Technology Place - BCIT CampusSuite 200 \u2013 4475 Wayburne DriveBurnaby, BC V5G 4X4 T\u00e9l.: 604-738-2722 T\u00e9l\u00e9copieur: 604-738-2726 info@insception.com (lundi-vendredi: 9 h \u00e0 17 h HNP) &nbsp;\" \/>\n<meta property=\"og:url\" content=\"https:\/\/www.insception.com\/fr\/etablissements\/bureau-de-burnaby\/\" \/>\n<meta property=\"og:site_name\" content=\"Insception Lifebank\" \/>\n<meta property=\"article:publisher\" content=\"https:\/\/www.facebook.com\/insception\" \/>\n<meta property=\"article:modified_time\" content=\"2023-01-23T21:25:03+00:00\" \/>\n<meta property=\"og:image\" content=\"https:\/\/www.insception.com\/wp-content\/uploads\/2023\/08\/Google-Business-Assets-ILB-Cover.jpg\" \/>\n\t<meta property=\"og:image:width\" content=\"720\" \/>\n\t<meta property=\"og:image:height\" content=\"720\" \/>\n<meta name=\"twitter:label1\" content=\"Dur\u00e9e de lecture est.\">\n\t<meta name=\"twitter:data1\" content=\"1 minute\">\n<script type=\"application\/ld+json\" class=\"yoast-schema-graph\">{\"@context\":\"https:\/\/schema.org\",\"@graph\":[{\"@type\":\"WebSite\",\"@id\":\"https:\/\/www.insception.com\/#website\",\"url\":\"https:\/\/www.insception.com\/\",\"name\":\"Insception Lifebank\",\"description\":\"Canada&#039;s No. 1 Cord Blood &amp; Tissue Program\",\"potentialAction\":[{\"@type\":\"SearchAction\",\"target\":\"https:\/\/www.insception.com\/?s={search_term_string}\",\"query-input\":\"required name=search_term_string\"}],\"inLanguage\":\"fr-FR\"},{\"@type\":\"WebPage\",\"@id\":\"https:\/\/www.insception.com\/fr\/etablissements\/bureau-de-burnaby\/#webpage\",\"url\":\"https:\/\/www.insception.com\/fr\/etablissements\/bureau-de-burnaby\/\",\"name\":\"Bureau de Burnaby | Insception Lifebank\",\"isPartOf\":{\"@id\":\"https:\/\/www.insception.com\/#website\"},\"datePublished\":\"2015-02-17T23:45:26+00:00\",\"dateModified\":\"2023-01-23T21:25:03+00:00\",\"breadcrumb\":{\"@id\":\"https:\/\/www.insception.com\/fr\/etablissements\/bureau-de-burnaby\/#breadcrumb\"},\"inLanguage\":\"fr-FR\",\"potentialAction\":[{\"@type\":\"ReadAction\",\"target\":[\"https:\/\/www.insception.com\/fr\/etablissements\/bureau-de-burnaby\/\"]}]},{\"@type\":\"BreadcrumbList\",\"@id\":\"https:\/\/www.insception.com\/fr\/etablissements\/bureau-de-burnaby\/#breadcrumb\",\"itemListElement\":[{\"@type\":\"ListItem\",\"position\":1,\"item\":{\"@type\":\"WebPage\",\"@id\":\"https:\/\/www.insception.com\/fr\/\",\"url\":\"https:\/\/www.insception.com\/fr\/\",\"name\":\"Home\"}},{\"@type\":\"ListItem\",\"position\":2,\"item\":{\"@type\":\"WebPage\",\"@id\":\"https:\/\/www.insception.com\/fr\/etablissements\/\",\"url\":\"https:\/\/www.insception.com\/fr\/etablissements\/\",\"name\":\"\\u00c9tablissements\"}},{\"@type\":\"ListItem\",\"position\":3,\"item\":{\"@type\":\"WebPage\",\"@id\":\"https:\/\/www.insception.com\/fr\/etablissements\/bureau-de-burnaby\/\",\"url\":\"https:\/\/www.insception.com\/fr\/etablissements\/bureau-de-burnaby\/\",\"name\":\"Bureau de Burnaby\"}}]}]}<\/script>\n<!-- \/ Yoast SEO plugin. -->","_links":{"self":[{"href":"https:\/\/www.insception.com\/fr\/wp-json\/wp\/v2\/pages\/2122"}],"collection":[{"href":"https:\/\/www.insception.com\/fr\/wp-json\/wp\/v2\/pages"}],"about":[{"href":"https:\/\/www.insception.com\/fr\/wp-json\/wp\/v2\/types\/page"}],"author":[{"embeddable":true,"href":"https:\/\/www.insception.com\/fr\/wp-json\/wp\/v2\/users\/9"}],"replies":[{"embeddable":true,"href":"https:\/\/www.insception.com\/fr\/wp-json\/wp\/v2\/comments?post=2122"}],"version-history":[{"count":0,"href":"https:\/\/www.insception.com\/fr\/wp-json\/wp\/v2\/pages\/2122\/revisions"}],"up":[{"embeddable":true,"href":"https:\/\/www.insception.com\/fr\/wp-json\/wp\/v2\/pages\/2121"}],"wp:attachment":[{"href":"https:\/\/www.insception.com\/fr\/wp-json\/wp\/v2\/media?parent=2122"}],"curies":[{"name":"wp","href":"https:\/\/api.w.org\/{rel}","templated":true}]}}