{"id":2132,"date":"2015-02-17T19:14:55","date_gmt":"2015-02-18T00:14:55","guid":{"rendered":"http:\/\/www.insception.com\/etablissements\/cord-blood-tissue-bank-mount-sinai\/"},"modified":"2023-01-23T16:06:22","modified_gmt":"2023-01-23T21:06:22","slug":"bureau-de-mount-sinai","status":"publish","type":"page","link":"https:\/\/www.insception.com\/fr\/etablissements\/bureau-de-mount-sinai\/","title":{"rendered":"Bureau de Mount Sinai Hospital (Toronto)"},"content":{"rendered":"<p>[et_pb_section fb_built=\u00a0\u00bb1&Prime; admin_label=\u00a0\u00bbsection\u00a0\u00bb _builder_version=\u00a0\u00bb3.22&Prime; global_colors_info=\u00a0\u00bb{}\u00a0\u00bb][et_pb_row admin_label=\u00a0\u00bbrow\u00a0\u00bb _builder_version=\u00a0\u00bb3.25&Prime; background_size=\u00a0\u00bbinitial\u00a0\u00bb background_position=\u00a0\u00bbtop_left\u00a0\u00bb background_repeat=\u00a0\u00bbrepeat\u00a0\u00bb global_colors_info=\u00a0\u00bb{}\u00a0\u00bb][et_pb_column type=\u00a0\u00bb4_4&Prime; _builder_version=\u00a0\u00bb3.25&Prime; custom_padding=\u00a0\u00bb|||\u00a0\u00bb global_colors_info=\u00a0\u00bb{}\u00a0\u00bb custom_padding__hover=\u00a0\u00bb|||\u00a0\u00bb][et_pb_text admin_label=\u00a0\u00bbText\u00a0\u00bb _builder_version=\u00a0\u00bb3.27.4&Prime; background_size=\u00a0\u00bbinitial\u00a0\u00bb background_position=\u00a0\u00bbtop_left\u00a0\u00bb background_repeat=\u00a0\u00bbrepeat\u00a0\u00bb global_colors_info=\u00a0\u00bb{}\u00a0\u00bb]<\/p>\n<h2>Consultez l\u2019un de nos sp\u00e9cialistes en sang ombilical \u00e0 l\u2019un de nos Bureau Mount Sinai.<\/h2>\n<p>&nbsp;<\/p>\n<div class=\"address-contact\">\n<ul class=\"location_col1\">\n<li class=\"address\">700, ave. University, bureau 3-103<br \/>Toronto (Ontario) M5G 1Z5<br \/><span style=\"line-height: 1.6;\">Canada<\/span><\/li>\n<li class=\"time location_phone\"><strong>T\u00e9l.:<\/strong> 416 586 4800 x4251<\/li>\n<li class=\"location_fax\"><strong>T\u00e9l\u00e9copieur:<\/strong> 905.206.2798<\/li>\n<li class=\"location_toll_free\"><strong>Sans frais:<\/strong> 1.866.606.2790<\/li>\n<li class=\"location_email\"><a href=\"mailto:info@insception.com\">info@insception.com<\/a><\/li>\n<\/ul>\n<ul class=\"location_col2\">\n<li>(lundi \u2013 vendredi : 7 h 45 \u2013 14 h 45 HNE)<\/li>\n<\/ul>\n<\/div>\n<div class=\"map-container\"><iframe src=\"https:\/\/maps.google.ca\/maps?hl=en&amp;q=700+University+Ave+Toronto,+ON+M5G+1Z5+Canada&amp;ie=UTF8&amp;hq=&amp;t=m&amp;z=14&amp;iwloc=A&amp;output=embed\" width=\"100%\" height=\"100%\" frameborder=\"0\" marginwidth=\"0\" marginheight=\"0\" scrolling=\"no\" data-src=\"https:\/\/maps.google.ca\/maps?hl=en&amp;q=700+University+Ave+Toronto,+ON+M5G+1Z5+Canada&amp;ie=UTF8&amp;hq=&amp;t=m&amp;z=14&amp;iwloc=A&amp;output=embed\"><\/iframe><\/div>\n<p>&nbsp;<\/p>\n<p>[\/et_pb_text][\/et_pb_column][\/et_pb_row][\/et_pb_section]<\/p>\n","protected":false},"excerpt":{"rendered":"<p>Consultez l\u2019un de nos sp\u00e9cialistes en sang ombilical \u00e0 l\u2019un de nos Bureau Mount Sinai. &nbsp; 700, ave. University, bureau 3-103Toronto (Ontario) M5G 1Z5Canada T\u00e9l.: 416 586 4800 x4251 T\u00e9l\u00e9copieur: 905.206.2798 Sans frais: 1.866.606.2790 info@insception.com (lundi \u2013 vendredi : 7 h 45 \u2013 14 h 45 HNE) &nbsp;<\/p>\n","protected":false},"author":9,"featured_media":0,"parent":2121,"menu_order":20,"comment_status":"closed","ping_status":"closed","template":"","meta":{"_et_pb_use_builder":"on","_et_pb_old_content":"<h3>Consultez l\u2019un de nos sp\u00e9cialistes en sang ombilical \u00e0 l\u2019un de nos Bureau Mount Sinai.<\/h3>\n<div class=\"address-contact\">\n<ul class=\"location_col1\">\n\t<li class=\"address\">700, ave. University, bureau 3-103\nToronto (Ontario) M5G 1Z5\n<span style=\"line-height: 1.6;\">Canada<\/span><\/li>\n\t<li class=\"time location_phone\"><strong>T\u00e9l.:<\/strong> 416 586 4800 x4251<\/li>\n\t<li class=\"location_fax\"><strong>T\u00e9l\u00e9copieur:<\/strong> 905.206.2798<\/li>\n\t<li class=\"location_toll_free\"><strong>Sans frais:<\/strong> 1.866.606.2790<\/li>\n\t<li class=\"location_email\"><a href=\"mailto:info@insception.com\">info@insception.com<\/a><\/li>\n<\/ul>\n<ul class=\"location_col2\">\n\t<li>(lundi \u2013 vendredi : 7 h 45 \u2013 14 h 45 HNE)<\/li>\n<\/ul>\n<\/div>\n<div class=\"map-container\"><iframe src=\"https:\/\/maps.google.ca\/maps?hl=en&amp;q=700+University+Ave+Toronto,+ON+M5G+1Z5+Canada&amp;ie=UTF8&amp;hq=&amp;t=m&amp;z=14&amp;iwloc=A&amp;output=embed\" width=\"100%\" height=\"100%\" frameborder=\"0\" marginwidth=\"0\" marginheight=\"0\" scrolling=\"no\" data-src=\"https:\/\/maps.google.ca\/maps?hl=en&amp;q=700+University+Ave+Toronto,+ON+M5G+1Z5+Canada&amp;ie=UTF8&amp;hq=&amp;t=m&amp;z=14&amp;iwloc=A&amp;output=embed\"><\/iframe><\/div>\n&nbsp;","_et_gb_content_width":"","_monsterinsights_skip_tracking":false,"_monsterinsights_sitenote_active":false,"_monsterinsights_sitenote_note":"","_monsterinsights_sitenote_category":0},"yoast_head":"<!-- This site is optimized with the Yoast SEO plugin v15.5 - https:\/\/yoast.com\/wordpress\/plugins\/seo\/ -->\n<title>Bureau de Mount Sinai Hospital (Toronto) | Insception Lifebank<\/title>\n<meta name=\"robots\" content=\"index, follow, max-snippet:-1, max-image-preview:large, max-video-preview:-1\" \/>\n<link rel=\"canonical\" href=\"https:\/\/www.insception.com\/fr\/etablissements\/bureau-de-mount-sinai\/\" \/>\n<meta property=\"og:locale\" content=\"fr_FR\" \/>\n<meta property=\"og:type\" content=\"article\" \/>\n<meta property=\"og:title\" content=\"Bureau de Mount Sinai Hospital (Toronto) | Insception Lifebank\" \/>\n<meta property=\"og:description\" content=\"Consultez l\u2019un de nos sp\u00e9cialistes en sang ombilical \u00e0 l\u2019un de nos Bureau Mount Sinai. &nbsp; 700, ave. University, bureau 3-103Toronto (Ontario) M5G 1Z5Canada T\u00e9l.: 416 586 4800 x4251 T\u00e9l\u00e9copieur: 905.206.2798 Sans frais: 1.866.606.2790 info@insception.com (lundi \u2013 vendredi : 7 h 45 \u2013 14 h 45 HNE) &nbsp;\" \/>\n<meta property=\"og:url\" content=\"https:\/\/www.insception.com\/fr\/etablissements\/bureau-de-mount-sinai\/\" \/>\n<meta property=\"og:site_name\" content=\"Insception Lifebank\" \/>\n<meta property=\"article:publisher\" content=\"https:\/\/www.facebook.com\/insception\" \/>\n<meta property=\"article:modified_time\" content=\"2023-01-23T21:06:22+00:00\" \/>\n<meta property=\"og:image\" content=\"https:\/\/www.insception.com\/wp-content\/uploads\/2023\/08\/Google-Business-Assets-ILB-Cover.jpg\" \/>\n\t<meta property=\"og:image:width\" content=\"720\" \/>\n\t<meta property=\"og:image:height\" content=\"720\" \/>\n<meta name=\"twitter:label1\" content=\"Dur\u00e9e de lecture est.\">\n\t<meta name=\"twitter:data1\" content=\"1 minute\">\n<script type=\"application\/ld+json\" class=\"yoast-schema-graph\">{\"@context\":\"https:\/\/schema.org\",\"@graph\":[{\"@type\":\"WebSite\",\"@id\":\"https:\/\/www.insception.com\/#website\",\"url\":\"https:\/\/www.insception.com\/\",\"name\":\"Insception Lifebank\",\"description\":\"Canada&#039;s No. 1 Cord Blood &amp; Tissue Program\",\"potentialAction\":[{\"@type\":\"SearchAction\",\"target\":\"https:\/\/www.insception.com\/?s={search_term_string}\",\"query-input\":\"required name=search_term_string\"}],\"inLanguage\":\"fr-FR\"},{\"@type\":\"WebPage\",\"@id\":\"https:\/\/www.insception.com\/fr\/etablissements\/bureau-de-mount-sinai\/#webpage\",\"url\":\"https:\/\/www.insception.com\/fr\/etablissements\/bureau-de-mount-sinai\/\",\"name\":\"Bureau de Mount Sinai Hospital (Toronto) | Insception Lifebank\",\"isPartOf\":{\"@id\":\"https:\/\/www.insception.com\/#website\"},\"datePublished\":\"2015-02-18T00:14:55+00:00\",\"dateModified\":\"2023-01-23T21:06:22+00:00\",\"breadcrumb\":{\"@id\":\"https:\/\/www.insception.com\/fr\/etablissements\/bureau-de-mount-sinai\/#breadcrumb\"},\"inLanguage\":\"fr-FR\",\"potentialAction\":[{\"@type\":\"ReadAction\",\"target\":[\"https:\/\/www.insception.com\/fr\/etablissements\/bureau-de-mount-sinai\/\"]}]},{\"@type\":\"BreadcrumbList\",\"@id\":\"https:\/\/www.insception.com\/fr\/etablissements\/bureau-de-mount-sinai\/#breadcrumb\",\"itemListElement\":[{\"@type\":\"ListItem\",\"position\":1,\"item\":{\"@type\":\"WebPage\",\"@id\":\"https:\/\/www.insception.com\/fr\/\",\"url\":\"https:\/\/www.insception.com\/fr\/\",\"name\":\"Home\"}},{\"@type\":\"ListItem\",\"position\":2,\"item\":{\"@type\":\"WebPage\",\"@id\":\"https:\/\/www.insception.com\/fr\/etablissements\/\",\"url\":\"https:\/\/www.insception.com\/fr\/etablissements\/\",\"name\":\"\\u00c9tablissements\"}},{\"@type\":\"ListItem\",\"position\":3,\"item\":{\"@type\":\"WebPage\",\"@id\":\"https:\/\/www.insception.com\/fr\/etablissements\/bureau-de-mount-sinai\/\",\"url\":\"https:\/\/www.insception.com\/fr\/etablissements\/bureau-de-mount-sinai\/\",\"name\":\"Bureau de Mount Sinai Hospital (Toronto)\"}}]}]}<\/script>\n<!-- \/ Yoast SEO plugin. -->","_links":{"self":[{"href":"https:\/\/www.insception.com\/fr\/wp-json\/wp\/v2\/pages\/2132"}],"collection":[{"href":"https:\/\/www.insception.com\/fr\/wp-json\/wp\/v2\/pages"}],"about":[{"href":"https:\/\/www.insception.com\/fr\/wp-json\/wp\/v2\/types\/page"}],"author":[{"embeddable":true,"href":"https:\/\/www.insception.com\/fr\/wp-json\/wp\/v2\/users\/9"}],"replies":[{"embeddable":true,"href":"https:\/\/www.insception.com\/fr\/wp-json\/wp\/v2\/comments?post=2132"}],"version-history":[{"count":0,"href":"https:\/\/www.insception.com\/fr\/wp-json\/wp\/v2\/pages\/2132\/revisions"}],"up":[{"embeddable":true,"href":"https:\/\/www.insception.com\/fr\/wp-json\/wp\/v2\/pages\/2121"}],"wp:attachment":[{"href":"https:\/\/www.insception.com\/fr\/wp-json\/wp\/v2\/media?parent=2132"}],"curies":[{"name":"wp","href":"https:\/\/api.w.org\/{rel}","templated":true}]}}