{"id":2133,"date":"2014-09-17T20:59:59","date_gmt":"2014-09-18T00:59:59","guid":{"rendered":"http:\/\/www.insception.com\/cord-blood-101\/why-bank-cord-blood\/"},"modified":"2023-01-25T15:16:24","modified_gmt":"2023-01-25T20:16:24","slug":"pourquoi-conserver-le-sang-ombilical","status":"publish","type":"page","link":"https:\/\/www.insception.com\/fr\/les-rudiments-du-sang-ombilical\/pourquoi-conserver-le-sang-ombilical\/","title":{"rendered":"Pourquoi conserver le sang ombilical?"},"content":{"rendered":"<h2>Le sang ombilical offre des options<\/h2>\n<p>D\u00e8s le moment o\u00f9 vous apprenez que vous allez bient\u00f4t \u00eatre parents, vous promettez d\u2019aider votre enfant \u00e0 grandir et \u00e0 r\u00e9aliser son plein potentiel. La conservation du sang ombilical chez Insception Lifebank vous aide \u00e0 rester fid\u00e8les \u00e0 cette promesse, et \u00e0 donner \u00e0 votre enfant ou aux membres de votre famille l\u2019occasion de b\u00e9n\u00e9ficier de traitements m\u00e9dicaux potentiels aujourd\u2019hui et \u00e0 l\u2019avenir.<\/p>\n<h2>Qu\u2019est-ce que le sang ombilical?<\/h2>\n<ul>\n<li>Le sang ombilical est une riche source de cellules souches non controvers\u00e9es qui ont le potentiel de se d\u00e9velopper en tout type de cellule sanguine, y compris les globules rouges porteurs d\u2019oxyg\u00e8ne et les cellules immunitaires qui combattent la maladie.<\/li>\n<li>Le sang de cordon ombilical vient du cordon ombilical de votre b\u00e9b\u00e9 \u00e0 la naissance, une fois que le cordon est coup\u00e9.<\/li>\n<li>Le pr\u00e9l\u00e8vement du sang ombilical est rapide, sans douleur et sans risque. Votre fournisseur de soins de la sant\u00e9 peut s\u2019en charger, et ainsi \u00e9viter que ces pr\u00e9cieuses cellules souches soient \u00e9limin\u00e9es en tant de d\u00e9chets m\u00e9dicaux.<\/li>\n<\/ul>\n<h2>Quatre avantages de la conservation du sang ombilical<\/h2>\n<h4><span class=\"bullets\">1<\/span>Une correspondance parfaite avec votre enfant<\/h4>\n<p>Si votre enfant venait \u00e0 avoir \u00e0 tout moment besoin d\u2019une greffe de cellules souches, ses propres cellules souches du cordon ombilical seront \u00e0 sa disposition imm\u00e9diatement et pour le reste de sa vie, sans risque de rejet.<\/p>\n","protected":false},"excerpt":{"rendered":"<p>Le sang ombilical offre des options D\u00e8s le moment o\u00f9 vous apprenez que vous allez bient\u00f4t \u00eatre parents, vous promettez d\u2019aider votre enfant \u00e0 grandir et \u00e0 r\u00e9aliser son plein potentiel. La conservation du sang ombilical chez Insception Lifebank vous aide \u00e0 rester fid\u00e8les \u00e0 cette promesse, et \u00e0 donner \u00e0 votre enfant ou aux [&hellip;]<\/p>\n","protected":false},"author":9,"featured_media":0,"parent":2054,"menu_order":128,"comment_status":"closed","ping_status":"closed","template":"","meta":{"_et_pb_use_builder":"on","_et_pb_old_content":"<h2>Le sang ombilical offre des options<\/h2>\r\nD\u00e8s le moment o\u00f9 vous apprenez que vous allez bient\u00f4t \u00eatre parents, vous promettez d\u2019aider votre enfant \u00e0 grandir et \u00e0 r\u00e9aliser son plein potentiel. La conservation du sang ombilical chez Insception Lifebank vous aide \u00e0 rester fid\u00e8les \u00e0 cette promesse, et \u00e0 donner \u00e0 votre enfant ou aux membres de votre famille l\u2019occasion de b\u00e9n\u00e9ficier de traitements m\u00e9dicaux potentiels aujourd\u2019hui et \u00e0 l\u2019avenir.\r\n<h2>Qu\u2019est-ce que le sang ombilical?<\/h2>\r\n<ul>\r\n \t<li>Le sang ombilical est une riche source de cellules souches non controvers\u00e9es qui ont le potentiel de se d\u00e9velopper en tout type de cellule sanguine, y compris les globules rouges porteurs d\u2019oxyg\u00e8ne et les cellules immunitaires qui combattent la maladie.<\/li>\r\n \t<li>Le sang de cordon ombilical vient du cordon ombilical de votre b\u00e9b\u00e9 \u00e0 la naissance, une fois que le cordon est coup\u00e9.<\/li>\r\n \t<li>Le pr\u00e9l\u00e8vement du sang ombilical est rapide, sans douleur et sans risque. Votre fournisseur de soins de la sant\u00e9 peut s\u2019en charger, et ainsi \u00e9viter que ces pr\u00e9cieuses cellules souches soient \u00e9limin\u00e9es en tant de d\u00e9chets m\u00e9dicaux.<\/li>\r\n<\/ul>\r\n<h2>Quatre avantages de la conservation du sang ombilical<\/h2>\r\n<h4><span class=\"bullets\">1<\/span>Une correspondance parfaite avec votre enfant<\/h4>\r\nSi votre enfant venait \u00e0 avoir \u00e0 tout moment besoin d\u2019une greffe de cellules souches, ses propres cellules souches du cordon ombilical seront \u00e0 sa disposition imm\u00e9diatement et pour le reste de sa vie, sans risque de rejet.","_et_gb_content_width":"","_monsterinsights_skip_tracking":false,"_monsterinsights_sitenote_active":false,"_monsterinsights_sitenote_note":"","_monsterinsights_sitenote_category":0},"yoast_head":"<!-- This site is optimized with the Yoast SEO plugin v15.5 - https:\/\/yoast.com\/wordpress\/plugins\/seo\/ -->\n<title>Pourquoi conserver le sang ombilical? - Insception Lifebank<\/title>\n<meta name=\"description\" content=\"D\u00e8s le moment o\u00f9 vous apprenez que vous allez bient\u00f4t \u00eatre parents, vous promettez d\u2019aider votre enfant \u00e0 grandir et \u00e0 r\u00e9aliser son plein potentiel.\" \/>\n<meta name=\"robots\" content=\"index, follow, max-snippet:-1, max-image-preview:large, max-video-preview:-1\" \/>\n<link rel=\"canonical\" href=\"https:\/\/www.insception.com\/fr\/les-rudiments-du-sang-ombilical\/pourquoi-conserver-le-sang-ombilical\/\" \/>\n<meta property=\"og:locale\" content=\"fr_FR\" \/>\n<meta property=\"og:type\" content=\"article\" \/>\n<meta property=\"og:title\" content=\"Pourquoi conserver le sang ombilical? - Insception Lifebank\" \/>\n<meta property=\"og:description\" content=\"D\u00e8s le moment o\u00f9 vous apprenez que vous allez bient\u00f4t \u00eatre parents, vous promettez d\u2019aider votre enfant \u00e0 grandir et \u00e0 r\u00e9aliser son plein potentiel.\" \/>\n<meta property=\"og:url\" content=\"https:\/\/www.insception.com\/fr\/les-rudiments-du-sang-ombilical\/pourquoi-conserver-le-sang-ombilical\/\" \/>\n<meta property=\"og:site_name\" content=\"Insception Lifebank\" \/>\n<meta property=\"article:publisher\" content=\"https:\/\/www.facebook.com\/insception\" \/>\n<meta property=\"article:modified_time\" content=\"2023-01-25T20:16:24+00:00\" \/>\n<meta property=\"og:image\" content=\"https:\/\/www.insception.com\/wp-content\/uploads\/2023\/08\/Google-Business-Assets-ILB-Cover.jpg\" \/>\n\t<meta property=\"og:image:width\" content=\"720\" \/>\n\t<meta property=\"og:image:height\" content=\"720\" \/>\n<meta name=\"twitter:label1\" content=\"Dur\u00e9e de lecture est.\">\n\t<meta name=\"twitter:data1\" content=\"1 minute\">\n<script type=\"application\/ld+json\" class=\"yoast-schema-graph\">{\"@context\":\"https:\/\/schema.org\",\"@graph\":[{\"@type\":\"WebSite\",\"@id\":\"https:\/\/www.insception.com\/#website\",\"url\":\"https:\/\/www.insception.com\/\",\"name\":\"Insception Lifebank\",\"description\":\"Canada&#039;s No. 1 Cord Blood &amp; Tissue Program\",\"potentialAction\":[{\"@type\":\"SearchAction\",\"target\":\"https:\/\/www.insception.com\/?s={search_term_string}\",\"query-input\":\"required name=search_term_string\"}],\"inLanguage\":\"fr-FR\"},{\"@type\":\"WebPage\",\"@id\":\"https:\/\/www.insception.com\/fr\/les-rudiments-du-sang-ombilical\/pourquoi-conserver-le-sang-ombilical\/#webpage\",\"url\":\"https:\/\/www.insception.com\/fr\/les-rudiments-du-sang-ombilical\/pourquoi-conserver-le-sang-ombilical\/\",\"name\":\"Pourquoi conserver le sang ombilical? - Insception Lifebank\",\"isPartOf\":{\"@id\":\"https:\/\/www.insception.com\/#website\"},\"datePublished\":\"2014-09-18T00:59:59+00:00\",\"dateModified\":\"2023-01-25T20:16:24+00:00\",\"description\":\"D\\u00e8s le moment o\\u00f9 vous apprenez que vous allez bient\\u00f4t \\u00eatre parents, vous promettez d\\u2019aider votre enfant \\u00e0 grandir et \\u00e0 r\\u00e9aliser son plein potentiel.\",\"breadcrumb\":{\"@id\":\"https:\/\/www.insception.com\/fr\/les-rudiments-du-sang-ombilical\/pourquoi-conserver-le-sang-ombilical\/#breadcrumb\"},\"inLanguage\":\"fr-FR\",\"potentialAction\":[{\"@type\":\"ReadAction\",\"target\":[\"https:\/\/www.insception.com\/fr\/les-rudiments-du-sang-ombilical\/pourquoi-conserver-le-sang-ombilical\/\"]}]},{\"@type\":\"BreadcrumbList\",\"@id\":\"https:\/\/www.insception.com\/fr\/les-rudiments-du-sang-ombilical\/pourquoi-conserver-le-sang-ombilical\/#breadcrumb\",\"itemListElement\":[{\"@type\":\"ListItem\",\"position\":1,\"item\":{\"@type\":\"WebPage\",\"@id\":\"https:\/\/www.insception.com\/fr\/\",\"url\":\"https:\/\/www.insception.com\/fr\/\",\"name\":\"Home\"}},{\"@type\":\"ListItem\",\"position\":2,\"item\":{\"@type\":\"WebPage\",\"@id\":\"https:\/\/www.insception.com\/fr\/les-rudiments-du-sang-ombilical\/\",\"url\":\"https:\/\/www.insception.com\/fr\/les-rudiments-du-sang-ombilical\/\",\"name\":\"Les rudiments du sang ombilical\"}},{\"@type\":\"ListItem\",\"position\":3,\"item\":{\"@type\":\"WebPage\",\"@id\":\"https:\/\/www.insception.com\/fr\/les-rudiments-du-sang-ombilical\/pourquoi-conserver-le-sang-ombilical\/\",\"url\":\"https:\/\/www.insception.com\/fr\/les-rudiments-du-sang-ombilical\/pourquoi-conserver-le-sang-ombilical\/\",\"name\":\"Pourquoi conserver le sang ombilical?\"}}]}]}<\/script>\n<!-- \/ Yoast SEO plugin. -->","_links":{"self":[{"href":"https:\/\/www.insception.com\/fr\/wp-json\/wp\/v2\/pages\/2133"}],"collection":[{"href":"https:\/\/www.insception.com\/fr\/wp-json\/wp\/v2\/pages"}],"about":[{"href":"https:\/\/www.insception.com\/fr\/wp-json\/wp\/v2\/types\/page"}],"author":[{"embeddable":true,"href":"https:\/\/www.insception.com\/fr\/wp-json\/wp\/v2\/users\/9"}],"replies":[{"embeddable":true,"href":"https:\/\/www.insception.com\/fr\/wp-json\/wp\/v2\/comments?post=2133"}],"version-history":[{"count":0,"href":"https:\/\/www.insception.com\/fr\/wp-json\/wp\/v2\/pages\/2133\/revisions"}],"up":[{"embeddable":true,"href":"https:\/\/www.insception.com\/fr\/wp-json\/wp\/v2\/pages\/2054"}],"wp:attachment":[{"href":"https:\/\/www.insception.com\/fr\/wp-json\/wp\/v2\/media?parent=2133"}],"curies":[{"name":"wp","href":"https:\/\/api.w.org\/{rel}","templated":true}]}}