{"id":2135,"date":"2014-09-17T22:11:54","date_gmt":"2014-09-18T02:11:54","guid":{"rendered":"http:\/\/www.insception.com\/cord-blood-101\/why-bank-cord-tissue\/"},"modified":"2023-01-26T14:49:38","modified_gmt":"2023-01-26T19:49:38","slug":"pourquoi-conserver-le-tissu-ombilical","status":"publish","type":"page","link":"https:\/\/www.insception.com\/fr\/les-rudiments-du-sang-ombilical\/pourquoi-conserver-le-tissu-ombilical\/","title":{"rendered":"Pourquoi conserver le tissu ombilical?"},"content":{"rendered":"<h2>Le tissu ombilical offre toute une gamme de nouvelles possibilit\u00e9s<\/h2>\n<p>Une technologie \u00e0 la fine pointe permet aux parents de faire conserver le tissu ombilical de leur b\u00e9b\u00e9, une riche source de cellules souches m\u00e9senchymateuses diff\u00e9rentes des cellules souches du sang ombilical.<\/p>\n<h2>Qu\u2019est-ce que le tissu de cordon ombilical?<\/h2>\n<ul>\n<li>Le tissu de cordon ombilical est un segment du cordon ombilical de votre b\u00e9b\u00e9 qui contient diff\u00e9rents types de cellules, dont chacun peut pr\u00e9senter un potentiel futur pour r\u00e9parer et gu\u00e9rir le corps.<\/li>\n<li>Le tissu de cordon est une riche source de cellules souches m\u00e9senchymateuses (MSC), qui sont diff\u00e9rentes des cellules souches du sang que l\u2019on trouve dans le sang ombilical de votre b\u00e9b\u00e9.<a href=\"https:\/\/insception.com\/references\/\"><sup>9<\/sup><\/a><\/li>\n<\/ul>\n<h2>Quelle est la diff\u00e9rence entre les cellules souches du sang du cordon ombilical et les cellules souches du tissu du cordon ombilical?<\/h2>\n<table class=\"blood-tissue\" style=\"width: 100%;\" border=\"1\" cellspacing=\"1\" cellpadding=\"1\">\n<thead>\n<tr>\n<th style=\"width: 50%;\" scope=\"col\">Sang de cordon ombilical<\/th>\n<th style=\"width: 50%;\" scope=\"col\">Tissu de cordon ombilical<\/th>\n<\/tr>\n<\/thead>\n<tbody>\n<tr>\n<td style=\"width: 50%;\">Riche source de cellules souches h\u00e9matopo\u00ef\u00e9tiques (du sang)<\/td>\n<td>Riche source de cellules souches m\u00e9senchymateuses<\/td>\n<\/tr>\n<tr>\n<td>Les cellules souches h\u00e9matopo\u00ef\u00e9tiques sont utilis\u00e9es dans les greffes de moelle osseuse pour plus de 80 maladies dont le cancer, les troubles g\u00e9n\u00e9tiques et les troubles sanguins.<a href=\"https:\/\/insception.com\/references\/\"><sup>10<\/sup><\/a><\/td>\n<td>Les cellules souches m\u00e9senchymateuses peuvent inhiber l\u2019inflammation, contrecarrer la r\u00e9ponse immunitaire, favoriser la r\u00e9paration des tissus et diff\u00e9rencier les tissus, dont les os et le cartilage.<a href=\"https:\/\/insception.com\/references\/\"><sup>9<\/sup><\/a><\/td>\n<\/tr>\n<tr>\n<td>Des essais cliniques se penchent sur le sang ombilical pour le traitement de l\u2019autisme, de la perte auditive acquise, du diab\u00e8te de type 1, de la paralysie c\u00e9r\u00e9brale et des blessures de la moelle \u00e9pini\u00e8re.<\/td>\n<td>Le d\u00e9veloppement clinique des cellules souches m\u00e9senchymateuses du tissu ombilical en est encore \u00e0 ses premiers pas. Les cellules souches m\u00e9senchymateuses de divers tissus sont en phase d\u2019essai clinique en vue de traitements pour la d\u00e9faillance cardiaque, les AVC, l\u2019arthrite rhumato\u00efde, la scl\u00e9rose en plaques, et bien plus encore.<a href=\"https:\/\/insception.com\/references\/\"><sup>8<\/sup><\/a><\/td>\n<\/tr>\n<\/tbody>\n<\/table>\n<h2>Quels sont les avantages de la conservation du tissu de cordon ombilical?<\/h2>\n<p>Bien que le perfectionnement clinique des cellules souches m\u00e9senchymateuses en soit encore \u00e0 une \u00e9tape pr\u00e9coce, le domaine de la m\u00e9decine r\u00e9g\u00e9n\u00e9ratrice avance constamment.<br \/>\nLes recherches en mati\u00e8re de cellules souches forment la fondation de la m\u00e9decine r\u00e9g\u00e9n\u00e9ratrice, qui a le potentiel de transformer les soins de la sant\u00e9. Il est estim\u00e9 qu\u2019une personne sur trois pourrait b\u00e9n\u00e9ficier de la m\u00e9decine r\u00e9g\u00e9n\u00e9ratrice \u00e0 l\u2019avenir.<a href=\"https:\/\/insception.com\/references\/\" data-cke-saved-href=\"https:\/\/insception.com\/references\/\"><sup>12\u00a0<\/sup><\/a><br \/>\nLes conditions optimales pour l\u2019isolation et le traitement des MSC \u00e0 des fins cliniques sont encore en phase de d\u00e9veloppement. Insception Lifebank conserve intact le tissu du cordon de votre b\u00e9b\u00e9, pr\u00e9servant donc toutes les cellules qui s\u2019y trouvent afin de maximiser les possibilit\u00e9s futures pour votre famille. La conservation du tissu du sang ombilical, d\u00e8s aujourd\u2019hui, peut fournir, demain, \u00e0 votre enfant et \u00e0 votre famille, des options th\u00e9rapeutiques.<\/p>\n","protected":false},"excerpt":{"rendered":"<p>Le tissu ombilical offre toute une gamme de nouvelles possibilit\u00e9s Une technologie \u00e0 la fine pointe permet aux parents de faire conserver le tissu ombilical de leur b\u00e9b\u00e9, une riche source de cellules souches m\u00e9senchymateuses diff\u00e9rentes des cellules souches du sang ombilical. Qu\u2019est-ce que le tissu de cordon ombilical? Le tissu de cordon ombilical est [&hellip;]<\/p>\n","protected":false},"author":9,"featured_media":0,"parent":2054,"menu_order":140,"comment_status":"closed","ping_status":"closed","template":"","meta":{"_et_pb_use_builder":"on","_et_pb_old_content":"<h2>Le tissu ombilical offre toute une gamme de nouvelles possibilit\u00e9s<\/h2>\r\nUne technologie \u00e0 la fine pointe permet aux parents de faire conserver le tissu ombilical de leur b\u00e9b\u00e9, une riche source de cellules souches m\u00e9senchymateuses diff\u00e9rentes des cellules souches du sang ombilical.\r\n<h2>Qu\u2019est-ce que le tissu de cordon ombilical?<\/h2>\r\n<ul>\r\n \t<li>Le tissu de cordon ombilical est un segment du cordon ombilical de votre b\u00e9b\u00e9 qui contient diff\u00e9rents types de cellules, dont chacun peut pr\u00e9senter un potentiel futur pour r\u00e9parer et gu\u00e9rir le corps.<\/li>\r\n \t<li>Le tissu de cordon est une riche source de cellules souches m\u00e9senchymateuses (MSC), qui sont diff\u00e9rentes des cellules souches du sang que l\u2019on trouve dans le sang ombilical de votre b\u00e9b\u00e9.<a href=\"https:\/\/insception.com\/references\/\"><sup>9<\/sup><\/a><\/li>\r\n<\/ul>\r\n<h2>Quelle est la diff\u00e9rence entre les cellules souches du sang du cordon ombilical et les cellules souches du tissu du cordon ombilical?<\/h2>\r\n<table class=\"blood-tissue\" style=\"width: 100%;\" border=\"1\" cellspacing=\"1\" cellpadding=\"1\">\r\n<thead>\r\n<tr>\r\n<th style=\"width: 50%;\" scope=\"col\">Sang de cordon ombilical<\/th>\r\n<th style=\"width: 50%;\" scope=\"col\">Tissu de cordon ombilical<\/th>\r\n<\/tr>\r\n<\/thead>\r\n<tbody>\r\n<tr>\r\n<td style=\"width: 50%;\">Riche source de cellules souches h\u00e9matopo\u00ef\u00e9tiques (du sang)<\/td>\r\n<td>Riche source de cellules souches m\u00e9senchymateuses<\/td>\r\n<\/tr>\r\n<tr>\r\n<td>Les cellules souches h\u00e9matopo\u00ef\u00e9tiques sont utilis\u00e9es dans les greffes de moelle osseuse pour plus de 80 maladies dont le cancer, les troubles g\u00e9n\u00e9tiques et les troubles sanguins.<a href=\"https:\/\/insception.com\/references\/\"><sup>10<\/sup><\/a><\/td>\r\n<td>Les cellules souches m\u00e9senchymateuses peuvent inhiber l\u2019inflammation, contrecarrer la r\u00e9ponse immunitaire, favoriser la r\u00e9paration des tissus et diff\u00e9rencier les tissus, dont les os et le cartilage.<a href=\"https:\/\/insception.com\/references\/\"><sup>9<\/sup><\/a><\/td>\r\n<\/tr>\r\n<tr>\r\n<td>Des essais cliniques se penchent sur le sang ombilical pour le traitement de l\u2019autisme, de la perte auditive acquise, du diab\u00e8te de type 1, de la paralysie c\u00e9r\u00e9brale et des blessures de la moelle \u00e9pini\u00e8re.<\/td>\r\n<td>Le d\u00e9veloppement clinique des cellules souches m\u00e9senchymateuses du tissu ombilical en est encore \u00e0 ses premiers pas. Les cellules souches m\u00e9senchymateuses de divers tissus sont en phase d\u2019essai clinique en vue de traitements pour la d\u00e9faillance cardiaque, les AVC, l\u2019arthrite rhumato\u00efde, la scl\u00e9rose en plaques, et bien plus encore.<a href=\"https:\/\/insception.com\/references\/\"><sup>8<\/sup><\/a><\/td>\r\n<\/tr>\r\n<\/tbody>\r\n<\/table>\r\n<h2>Quels sont les avantages de la conservation du tissu de cordon ombilical?<\/h2>\r\nBien que le perfectionnement clinique des cellules souches m\u00e9senchymateuses en soit encore \u00e0 une \u00e9tape pr\u00e9coce, le domaine de la m\u00e9decine r\u00e9g\u00e9n\u00e9ratrice avance constamment.\r\nLes recherches en mati\u00e8re de cellules souches forment la fondation de la m\u00e9decine r\u00e9g\u00e9n\u00e9ratrice, qui a le potentiel de transformer les soins de la sant\u00e9. Il est estim\u00e9 qu\u2019une personne sur trois pourrait b\u00e9n\u00e9ficier de la m\u00e9decine r\u00e9g\u00e9n\u00e9ratrice \u00e0 l\u2019avenir.<a href=\"https:\/\/insception.com\/references\/\" data-cke-saved-href=\"https:\/\/insception.com\/references\/\"><sup>12\u00a0<\/sup><\/a>\r\nLes conditions optimales pour l\u2019isolation et le traitement des MSC \u00e0 des fins cliniques sont encore en phase de d\u00e9veloppement. Insception Lifebank conserve intact le tissu du cordon de votre b\u00e9b\u00e9, pr\u00e9servant donc toutes les cellules qui s\u2019y trouvent afin de maximiser les possibilit\u00e9s futures pour votre famille. La conservation du tissu du sang ombilical, d\u00e8s aujourd\u2019hui, peut fournir, demain, \u00e0 votre enfant et \u00e0 votre famille, des options th\u00e9rapeutiques.","_et_gb_content_width":"","_monsterinsights_skip_tracking":false,"_monsterinsights_sitenote_active":false,"_monsterinsights_sitenote_note":"","_monsterinsights_sitenote_category":0},"yoast_head":"<!-- This site is optimized with the Yoast SEO plugin v15.5 - https:\/\/yoast.com\/wordpress\/plugins\/seo\/ -->\n<title>Pourquoi conserver le tissu ombilical? - Insception Lifebank<\/title>\n<meta name=\"description\" content=\"Une technologie \u00e0 la fine pointe permet aux parents de faire conserver le tissu ombilical de leur b\u00e9b\u00e9\" \/>\n<meta name=\"robots\" content=\"index, follow, max-snippet:-1, max-image-preview:large, max-video-preview:-1\" \/>\n<link rel=\"canonical\" href=\"https:\/\/www.insception.com\/fr\/les-rudiments-du-sang-ombilical\/pourquoi-conserver-le-tissu-ombilical\/\" \/>\n<meta property=\"og:locale\" content=\"fr_FR\" \/>\n<meta property=\"og:type\" content=\"article\" \/>\n<meta property=\"og:title\" content=\"Pourquoi conserver le tissu ombilical? - Insception Lifebank\" \/>\n<meta property=\"og:description\" content=\"Une technologie \u00e0 la fine pointe permet aux parents de faire conserver le tissu ombilical de leur b\u00e9b\u00e9\" \/>\n<meta property=\"og:url\" content=\"https:\/\/www.insception.com\/fr\/les-rudiments-du-sang-ombilical\/pourquoi-conserver-le-tissu-ombilical\/\" \/>\n<meta property=\"og:site_name\" content=\"Insception Lifebank\" \/>\n<meta property=\"article:publisher\" content=\"https:\/\/www.facebook.com\/insception\" \/>\n<meta property=\"article:modified_time\" content=\"2023-01-26T19:49:38+00:00\" \/>\n<meta property=\"og:image\" content=\"https:\/\/www.insception.com\/wp-content\/uploads\/2023\/08\/Google-Business-Assets-ILB-Cover.jpg\" \/>\n\t<meta property=\"og:image:width\" content=\"720\" \/>\n\t<meta property=\"og:image:height\" content=\"720\" \/>\n<meta name=\"twitter:label1\" content=\"Dur\u00e9e de lecture est.\">\n\t<meta name=\"twitter:data1\" content=\"2 minutes\">\n<script type=\"application\/ld+json\" class=\"yoast-schema-graph\">{\"@context\":\"https:\/\/schema.org\",\"@graph\":[{\"@type\":\"WebSite\",\"@id\":\"https:\/\/www.insception.com\/#website\",\"url\":\"https:\/\/www.insception.com\/\",\"name\":\"Insception Lifebank\",\"description\":\"Canada&#039;s No. 1 Cord Blood &amp; Tissue Program\",\"potentialAction\":[{\"@type\":\"SearchAction\",\"target\":\"https:\/\/www.insception.com\/?s={search_term_string}\",\"query-input\":\"required name=search_term_string\"}],\"inLanguage\":\"fr-FR\"},{\"@type\":\"WebPage\",\"@id\":\"https:\/\/www.insception.com\/fr\/les-rudiments-du-sang-ombilical\/pourquoi-conserver-le-tissu-ombilical\/#webpage\",\"url\":\"https:\/\/www.insception.com\/fr\/les-rudiments-du-sang-ombilical\/pourquoi-conserver-le-tissu-ombilical\/\",\"name\":\"Pourquoi conserver le tissu ombilical? - Insception Lifebank\",\"isPartOf\":{\"@id\":\"https:\/\/www.insception.com\/#website\"},\"datePublished\":\"2014-09-18T02:11:54+00:00\",\"dateModified\":\"2023-01-26T19:49:38+00:00\",\"description\":\"Une technologie \\u00e0 la fine pointe permet aux parents de faire conserver le tissu ombilical de leur b\\u00e9b\\u00e9\",\"breadcrumb\":{\"@id\":\"https:\/\/www.insception.com\/fr\/les-rudiments-du-sang-ombilical\/pourquoi-conserver-le-tissu-ombilical\/#breadcrumb\"},\"inLanguage\":\"fr-FR\",\"potentialAction\":[{\"@type\":\"ReadAction\",\"target\":[\"https:\/\/www.insception.com\/fr\/les-rudiments-du-sang-ombilical\/pourquoi-conserver-le-tissu-ombilical\/\"]}]},{\"@type\":\"BreadcrumbList\",\"@id\":\"https:\/\/www.insception.com\/fr\/les-rudiments-du-sang-ombilical\/pourquoi-conserver-le-tissu-ombilical\/#breadcrumb\",\"itemListElement\":[{\"@type\":\"ListItem\",\"position\":1,\"item\":{\"@type\":\"WebPage\",\"@id\":\"https:\/\/www.insception.com\/fr\/\",\"url\":\"https:\/\/www.insception.com\/fr\/\",\"name\":\"Home\"}},{\"@type\":\"ListItem\",\"position\":2,\"item\":{\"@type\":\"WebPage\",\"@id\":\"https:\/\/www.insception.com\/fr\/les-rudiments-du-sang-ombilical\/\",\"url\":\"https:\/\/www.insception.com\/fr\/les-rudiments-du-sang-ombilical\/\",\"name\":\"Les rudiments du sang ombilical\"}},{\"@type\":\"ListItem\",\"position\":3,\"item\":{\"@type\":\"WebPage\",\"@id\":\"https:\/\/www.insception.com\/fr\/les-rudiments-du-sang-ombilical\/pourquoi-conserver-le-tissu-ombilical\/\",\"url\":\"https:\/\/www.insception.com\/fr\/les-rudiments-du-sang-ombilical\/pourquoi-conserver-le-tissu-ombilical\/\",\"name\":\"Pourquoi conserver le tissu ombilical?\"}}]}]}<\/script>\n<!-- \/ Yoast SEO plugin. -->","_links":{"self":[{"href":"https:\/\/www.insception.com\/fr\/wp-json\/wp\/v2\/pages\/2135"}],"collection":[{"href":"https:\/\/www.insception.com\/fr\/wp-json\/wp\/v2\/pages"}],"about":[{"href":"https:\/\/www.insception.com\/fr\/wp-json\/wp\/v2\/types\/page"}],"author":[{"embeddable":true,"href":"https:\/\/www.insception.com\/fr\/wp-json\/wp\/v2\/users\/9"}],"replies":[{"embeddable":true,"href":"https:\/\/www.insception.com\/fr\/wp-json\/wp\/v2\/comments?post=2135"}],"version-history":[{"count":0,"href":"https:\/\/www.insception.com\/fr\/wp-json\/wp\/v2\/pages\/2135\/revisions"}],"up":[{"embeddable":true,"href":"https:\/\/www.insception.com\/fr\/wp-json\/wp\/v2\/pages\/2054"}],"wp:attachment":[{"href":"https:\/\/www.insception.com\/fr\/wp-json\/wp\/v2\/media?parent=2135"}],"curies":[{"name":"wp","href":"https:\/\/api.w.org\/{rel}","templated":true}]}}