{"id":2165,"date":"2014-09-25T17:59:05","date_gmt":"2014-09-25T21:59:05","guid":{"rendered":"http:\/\/www.insception.com\/cord-blood-101\/treatment-and-research\/current-treatments\/"},"modified":"2014-09-25T17:59:05","modified_gmt":"2014-09-25T21:59:05","slug":"traitements-actuels","status":"publish","type":"page","link":"https:\/\/www.insception.com\/fr\/research-trials-3\/traitements-actuels\/","title":{"rendered":"Traitements actuels"},"content":{"rendered":"<p>Les greffes de cellules souches du sang ombilical ont d\u00e9j\u00e0 chang\u00e9 et sauv\u00e9 des milliers de vies \u00e0 l\u2019\u00e9chelle du monde. Elles peuvent \u00eatre utilis\u00e9es pour traiter plus de 80 maladies mena\u00e7ant la vie, dont une vaste gamme de cancers, d\u2019an\u00e9mies, de troubles m\u00e9taboliques cong\u00e9nitaux et de d\u00e9ficiences cong\u00e9nitales du syst\u00e8me immunitaire.10 Les cellules souches du sang ombilical ont \u00e9t\u00e9 utilis\u00e9es dans plus de 30 000 greffes \u00e0 l\u2019\u00e9chelle mondiale jusqu\u2019ici.7 Voici quelques maladies et troubles ayant \u00e9t\u00e9 trait\u00e9s avec des cellules souches du sang ombilical.<\/p>\n<h4>Troubles du sang<\/h4>\n<ul>\n<li>b\u00eata thalass\u00e9mie majeure<\/li>\n<li>dr\u00e9panocytose<\/li>\n<li>an\u00e9mie aplasique<\/li>\n<li>an\u00e9mie de Fanconi<\/li>\n<li>an\u00e9mie \u00e9rythrocytaire pure<\/li>\n<li>m\u00e9gacaryocytose\/thrombocytop\u00e9nie cong\u00e9nitale<\/li>\n<\/ul>\n<p>[tippy title=\u00a0\u00bbInherited metabolic disorders\u00a0\u00bb] Les troubles m\u00e9taboliques affectent les processus du corps qui sont utilis\u00e9s pour transformer les aliments en \u00e9nergie.[\/tippy]<\/p>\n<ul>\n<li>mucopolysaccharidoses (MPS)<\/li>\n<li>syndrome de Hurler (MPS-IH)<\/li>\n<li>syndrome de Sanfilippo (MPS-III)<\/li>\n<li>syndrome de Maroteaux-Lamy (MPS-VI)<\/li>\n<li>adr\u00e9noleucodystrophie<\/li>\n<li>maladie de Krabbe<\/li>\n<li>maladie de Niemann-Pick<\/li>\n<li>leucodystrophie m\u00e9tachromatique<\/li>\n<li>Syndrome de Scheie (MPS-IS)<\/li>\n<li>syndrome de Hunter (MPS-II)<\/li>\n<li>syndrome de Morquio (MPS-IV)<\/li>\n<li>syndrome de Sly, d\u00e9ficience de b\u00eata-glucuronidase (MPS-VII)<\/li>\n<li>mucolipidose II (I-cell Disease)<\/li>\n<li>maladie de Gaucher<\/li>\n<li>maladie de Wolman<\/li>\n<\/ul>\n<p>[tippy title=Cancers]La leuc\u00e9mie est un type de cancer qui cause une croissance incontr\u00f4l\u00e9e des cellules sanguines. Les formes aig\u00fces de cette maladie se d\u00e9veloppement rapidement, en quelques jours ou quelques mois. Les formes chroniques de la maladie peuvent n\u00e9cessiter des ann\u00e9es ou des mois pour se d\u00e9velopper.[\/tippy]<\/p>\n<ul>\n<li>leuc\u00e9mie lymphoblastique aig\u00fce (ALL)<\/li>\n<li>leuc\u00e9mie my\u00e9log\u00e8ne aig\u00fce (AML)<\/li>\n<li>leuc\u00e9mie my\u00e9log\u00e8ne chronique (CML)<\/li>\n<li>leuc\u00e9mie lymphocytique chronique (CLL)<\/li>\n<li>leuc\u00e9mie my\u00e9log\u00e8ne chronique juv\u00e9nile (JCML)<\/li>\n<li>leuc\u00e9mie my\u00e9lomonocytique juv\u00e9nile (JMML)<\/li>\n<li>cancer du sein<\/li>\n<li>sarcome d\u2019Ewing<\/li>\n<li>r\u00e9tinoblastome<\/li>\n<li>neuroblastome<\/li>\n<\/ul>\n<p>[tippy title=\u00a0\u00bbInherited immune system disorders\u00a0\u00bb]Les troubles du syst\u00e8me immunitaire rendent difficile le combat du corps contre les infections.[\/tippy]<\/p>\n<ul>\n<li>ataxie-t\u00e9langiectasie<\/li>\n<li>syndrome de Kostmann<\/li>\n<li>d\u00e9ficience d\u2019adh\u00e9sion des leucocytes<\/li>\n<li>syndrome de DiGeorge <\/li>\n<li>syndrome des lymphocytes d\u00e9nud\u00e9s<\/li>\n<li>syndrome d\u2019Omenn <\/li>\n<li>d\u00e9ficit immunitaire combin\u00e9 s\u00e9v\u00e8re (DICS)<\/li>\n<li>DICS caus\u00e9 par un manque d\u2019ad\u00e9nosine d\u00e9saminase (DAD) <\/li>\n<li>immunod\u00e9ficience commune variable<\/li>\n<li>syndrome de Wiskott-Aldrich <\/li>\n<li>syndrome lymphoprolif\u00e9ratif reli\u00e9 au chromosome X<\/li>\n<\/ul>\n","protected":false},"excerpt":{"rendered":"<p>Les greffes de cellules souches du sang ombilical ont d\u00e9j\u00e0 chang\u00e9 et sauv\u00e9 des milliers de vies \u00e0 l\u2019\u00e9chelle du monde. Elles peuvent \u00eatre utilis\u00e9es pour traiter plus de 80 maladies mena\u00e7ant la vie, dont une vaste gamme de cancers, d\u2019an\u00e9mies, de troubles m\u00e9taboliques cong\u00e9nitaux et de d\u00e9ficiences cong\u00e9nitales du syst\u00e8me immunitaire.10 Les cellules souches [&hellip;]<\/p>\n","protected":false},"author":9,"featured_media":0,"parent":2581,"menu_order":139,"comment_status":"closed","ping_status":"closed","template":"","meta":{"_et_pb_use_builder":"","_et_pb_old_content":"","_et_gb_content_width":"","_monsterinsights_skip_tracking":false,"_monsterinsights_sitenote_active":false,"_monsterinsights_sitenote_note":"","_monsterinsights_sitenote_category":0},"yoast_head":"<!-- This site is optimized with the Yoast SEO plugin v15.5 - https:\/\/yoast.com\/wordpress\/plugins\/seo\/ -->\n<title>Traitements actuels - Insception Lifebank<\/title>\n<meta name=\"robots\" content=\"index, follow, max-snippet:-1, max-image-preview:large, max-video-preview:-1\" \/>\n<link rel=\"canonical\" href=\"https:\/\/www.insception.com\/fr\/research-trials-3\/traitements-actuels\/\" \/>\n<meta property=\"og:locale\" content=\"fr_FR\" \/>\n<meta property=\"og:type\" content=\"article\" \/>\n<meta property=\"og:title\" content=\"Traitements actuels - Insception Lifebank\" \/>\n<meta property=\"og:description\" content=\"Les greffes de cellules souches du sang ombilical ont d\u00e9j\u00e0 chang\u00e9 et sauv\u00e9 des milliers de vies \u00e0 l\u2019\u00e9chelle du monde. Elles peuvent \u00eatre utilis\u00e9es pour traiter plus de 80 maladies mena\u00e7ant la vie, dont une vaste gamme de cancers, d\u2019an\u00e9mies, de troubles m\u00e9taboliques cong\u00e9nitaux et de d\u00e9ficiences cong\u00e9nitales du syst\u00e8me immunitaire.10 Les cellules souches [&hellip;]\" \/>\n<meta property=\"og:url\" content=\"https:\/\/www.insception.com\/fr\/research-trials-3\/traitements-actuels\/\" \/>\n<meta property=\"og:site_name\" content=\"Insception Lifebank\" \/>\n<meta property=\"article:publisher\" content=\"https:\/\/www.facebook.com\/insception\" \/>\n<meta property=\"og:image\" content=\"https:\/\/www.insception.com\/wp-content\/uploads\/2023\/08\/Google-Business-Assets-ILB-Cover.jpg\" \/>\n\t<meta property=\"og:image:width\" content=\"720\" \/>\n\t<meta property=\"og:image:height\" content=\"720\" \/>\n<meta name=\"twitter:label1\" content=\"Dur\u00e9e de lecture est.\">\n\t<meta name=\"twitter:data1\" content=\"2 minutes\">\n<script type=\"application\/ld+json\" class=\"yoast-schema-graph\">{\"@context\":\"https:\/\/schema.org\",\"@graph\":[{\"@type\":\"WebSite\",\"@id\":\"https:\/\/www.insception.com\/#website\",\"url\":\"https:\/\/www.insception.com\/\",\"name\":\"Insception Lifebank\",\"description\":\"Canada&#039;s No. 1 Cord Blood &amp; Tissue Program\",\"potentialAction\":[{\"@type\":\"SearchAction\",\"target\":\"https:\/\/www.insception.com\/?s={search_term_string}\",\"query-input\":\"required name=search_term_string\"}],\"inLanguage\":\"fr-FR\"},{\"@type\":\"WebPage\",\"@id\":\"https:\/\/www.insception.com\/fr\/research-trials-3\/traitements-actuels\/#webpage\",\"url\":\"https:\/\/www.insception.com\/fr\/research-trials-3\/traitements-actuels\/\",\"name\":\"Traitements actuels - Insception Lifebank\",\"isPartOf\":{\"@id\":\"https:\/\/www.insception.com\/#website\"},\"datePublished\":\"2014-09-25T21:59:05+00:00\",\"dateModified\":\"2014-09-25T21:59:05+00:00\",\"breadcrumb\":{\"@id\":\"https:\/\/www.insception.com\/fr\/research-trials-3\/traitements-actuels\/#breadcrumb\"},\"inLanguage\":\"fr-FR\",\"potentialAction\":[{\"@type\":\"ReadAction\",\"target\":[\"https:\/\/www.insception.com\/fr\/research-trials-3\/traitements-actuels\/\"]}]},{\"@type\":\"BreadcrumbList\",\"@id\":\"https:\/\/www.insception.com\/fr\/research-trials-3\/traitements-actuels\/#breadcrumb\",\"itemListElement\":[{\"@type\":\"ListItem\",\"position\":1,\"item\":{\"@type\":\"WebPage\",\"@id\":\"https:\/\/www.insception.com\/fr\/\",\"url\":\"https:\/\/www.insception.com\/fr\/\",\"name\":\"Home\"}},{\"@type\":\"ListItem\",\"position\":2,\"item\":{\"@type\":\"WebPage\",\"@id\":\"https:\/\/www.insception.com\/fr\/research-trials-3\/\",\"url\":\"https:\/\/www.insception.com\/fr\/research-trials-3\/\",\"name\":\"Traitement et recherche\"}},{\"@type\":\"ListItem\",\"position\":3,\"item\":{\"@type\":\"WebPage\",\"@id\":\"https:\/\/www.insception.com\/fr\/research-trials-3\/traitements-actuels\/\",\"url\":\"https:\/\/www.insception.com\/fr\/research-trials-3\/traitements-actuels\/\",\"name\":\"Traitements actuels\"}}]}]}<\/script>\n<!-- \/ Yoast SEO plugin. -->","_links":{"self":[{"href":"https:\/\/www.insception.com\/fr\/wp-json\/wp\/v2\/pages\/2165"}],"collection":[{"href":"https:\/\/www.insception.com\/fr\/wp-json\/wp\/v2\/pages"}],"about":[{"href":"https:\/\/www.insception.com\/fr\/wp-json\/wp\/v2\/types\/page"}],"author":[{"embeddable":true,"href":"https:\/\/www.insception.com\/fr\/wp-json\/wp\/v2\/users\/9"}],"replies":[{"embeddable":true,"href":"https:\/\/www.insception.com\/fr\/wp-json\/wp\/v2\/comments?post=2165"}],"version-history":[{"count":0,"href":"https:\/\/www.insception.com\/fr\/wp-json\/wp\/v2\/pages\/2165\/revisions"}],"up":[{"embeddable":true,"href":"https:\/\/www.insception.com\/fr\/wp-json\/wp\/v2\/pages\/2581"}],"wp:attachment":[{"href":"https:\/\/www.insception.com\/fr\/wp-json\/wp\/v2\/media?parent=2165"}],"curies":[{"name":"wp","href":"https:\/\/api.w.org\/{rel}","templated":true}]}}