{"id":2166,"date":"2014-09-25T18:01:39","date_gmt":"2014-09-25T22:01:39","guid":{"rendered":"http:\/\/www.insception.com\/cord-blood-101\/treatment-and-research\/emerging-research\/"},"modified":"2023-01-26T14:41:46","modified_gmt":"2023-01-26T19:41:46","slug":"recherche-en-emergence","status":"publish","type":"page","link":"https:\/\/www.insception.com\/fr\/research-trials-3\/recherche-en-emergence\/","title":{"rendered":"Recherche en \u00e9mergence"},"content":{"rendered":"<h2><span class=\"bullets\">1<\/span>Recherche en mati\u00e8re de cellules souches du sang ombilical<\/h2>\n<p>Actuellement, les chercheurs sont en qu\u00eate de nouvelles fa\u00e7ons potentielles de gu\u00e9rir le corps humain en employant les cellules souches du sang ombilical. Des essais cliniques sont en cours \u00e0 travers le monde afin de d\u00e9terminer comment les cellules souches du sang ombilical pourraient \u00eatre utilis\u00e9es \u00e0 l\u2019avenir pour traiter :<sup><a href=\"https:\/\/insception.com\/references\/\">8<\/a><\/sup><\/p>\n<ul>\n<li>autisme<\/li>\n<li>perte auditive acquise<\/li>\n<li>diab\u00e8te de type 1<\/li>\n<li>paralysie c\u00e9r\u00e9brale<\/li>\n<li>enc\u00e9phalopathie hypoxique-isch\u00e9mique<\/li>\n<li>erreurs de m\u00e9tabolisme cong\u00e9nitales<\/li>\n<li>traumatismes de la moelle \u00e9pini\u00e8re<\/li>\n<\/ul>\n<h2><span class=\"bullets\">2<\/span>Recherche en mati\u00e8re de tissu ombilical et de cellules souches m\u00e9senchymateuses<\/h2>\n<p>Le tissu ombilical est une riche source de cellules souches m\u00e9senchymateuses offrant un ensemble de propri\u00e9t\u00e9s uniques que les chercheurs approfondissent actuellement. En fait, les chercheurs font actuellement des essais pour d\u00e9gager le potentiel de ces cellules souches dans le cadre d\u2019une gamme d\u2019essais cliniques pour les troubles et maladies qui suivent :<sup><a href=\"https:\/\/insception.com\/references\/\">8<\/a><\/sup><\/p>\n<ul>\n<li>r\u00e9paration des os et cartilages<\/li>\n<li>troubles auto-immunitaires : maladie de Crohn, scl\u00e9rose en plaques, arthrite rhumato\u00efde<\/li>\n<li>maladies cardio-vasculaires et vasculaires p\u00e9riph\u00e9riques<\/li>\n<li>maladies du foie<\/li>\n<li>maladie de Parkinson<\/li>\n<li>traumatismes de la moelle \u00e9pini\u00e8re<\/li>\n<li>r\u00e9paration des plaies<\/li>\n<\/ul>\n","protected":false},"excerpt":{"rendered":"<p>1Recherche en mati\u00e8re de cellules souches du sang ombilical Actuellement, les chercheurs sont en qu\u00eate de nouvelles fa\u00e7ons potentielles de gu\u00e9rir le corps humain en employant les cellules souches du sang ombilical. Des essais cliniques sont en cours \u00e0 travers le monde afin de d\u00e9terminer comment les cellules souches du sang ombilical pourraient \u00eatre utilis\u00e9es [&hellip;]<\/p>\n","protected":false},"author":9,"featured_media":0,"parent":2581,"menu_order":141,"comment_status":"closed","ping_status":"closed","template":"","meta":{"_et_pb_use_builder":"on","_et_pb_old_content":"<h2><span class=\"bullets\">1<\/span>Recherche en mati\u00e8re de cellules souches du sang ombilical<\/h2>\r\nActuellement, les chercheurs sont en qu\u00eate de nouvelles fa\u00e7ons potentielles de gu\u00e9rir le corps humain en employant les cellules souches du sang ombilical. Des essais cliniques sont en cours \u00e0 travers le monde afin de d\u00e9terminer comment les cellules souches du sang ombilical pourraient \u00eatre utilis\u00e9es \u00e0 l\u2019avenir pour traiter :<sup><a href=\"https:\/\/insception.com\/references\/\">8<\/a><\/sup>\r\n<ul>\r\n \t<li>autisme<\/li>\r\n \t<li>perte auditive acquise<\/li>\r\n \t<li>diab\u00e8te de type 1<\/li>\r\n \t<li>paralysie c\u00e9r\u00e9brale<\/li>\r\n \t<li>enc\u00e9phalopathie hypoxique-isch\u00e9mique<\/li>\r\n \t<li>erreurs de m\u00e9tabolisme cong\u00e9nitales<\/li>\r\n \t<li>traumatismes de la moelle \u00e9pini\u00e8re<\/li>\r\n<\/ul>\r\n<h2><span class=\"bullets\">2<\/span>Recherche en mati\u00e8re de tissu ombilical et de cellules souches m\u00e9senchymateuses<\/h2>\r\nLe tissu ombilical est une riche source de cellules souches m\u00e9senchymateuses offrant un ensemble de propri\u00e9t\u00e9s uniques que les chercheurs approfondissent actuellement. En fait, les chercheurs font actuellement des essais pour d\u00e9gager le potentiel de ces cellules souches dans le cadre d\u2019une gamme d\u2019essais cliniques pour les troubles et maladies qui suivent :<sup><a href=\"https:\/\/insception.com\/references\/\">8<\/a><\/sup>\r\n<ul>\r\n \t<li>r\u00e9paration des os et cartilages<\/li>\r\n \t<li>troubles auto-immunitaires : maladie de Crohn, scl\u00e9rose en plaques, arthrite rhumato\u00efde<\/li>\r\n \t<li>maladies cardio-vasculaires et vasculaires p\u00e9riph\u00e9riques<\/li>\r\n \t<li>maladies du foie<\/li>\r\n \t<li>maladie de Parkinson<\/li>\r\n \t<li>traumatismes de la moelle \u00e9pini\u00e8re<\/li>\r\n \t<li>r\u00e9paration des plaies<\/li>\r\n<\/ul>","_et_gb_content_width":"","_monsterinsights_skip_tracking":false,"_monsterinsights_sitenote_active":false,"_monsterinsights_sitenote_note":"","_monsterinsights_sitenote_category":0},"yoast_head":"<!-- This site is optimized with the Yoast SEO plugin v15.5 - https:\/\/yoast.com\/wordpress\/plugins\/seo\/ -->\n<title>Recherche en \u00e9mergence - Insception Lifebank<\/title>\n<meta name=\"description\" content=\"Actuellement, les chercheurs sont en qu\u00eate de nouvelles fa\u00e7ons potentielles de gu\u00e9rir le corps humain en employant les cellules souches du sang ombilical.\" \/>\n<meta name=\"robots\" content=\"index, follow, max-snippet:-1, max-image-preview:large, max-video-preview:-1\" \/>\n<link rel=\"canonical\" href=\"https:\/\/www.insception.com\/fr\/research-trials-3\/recherche-en-emergence\/\" \/>\n<meta property=\"og:locale\" content=\"fr_FR\" \/>\n<meta property=\"og:type\" content=\"article\" \/>\n<meta property=\"og:title\" content=\"Recherche en \u00e9mergence - Insception Lifebank\" \/>\n<meta property=\"og:description\" content=\"Actuellement, les chercheurs sont en qu\u00eate de nouvelles fa\u00e7ons potentielles de gu\u00e9rir le corps humain en employant les cellules souches du sang ombilical.\" \/>\n<meta property=\"og:url\" content=\"https:\/\/www.insception.com\/fr\/research-trials-3\/recherche-en-emergence\/\" \/>\n<meta property=\"og:site_name\" content=\"Insception Lifebank\" \/>\n<meta property=\"article:publisher\" content=\"https:\/\/www.facebook.com\/insception\" \/>\n<meta property=\"article:modified_time\" content=\"2023-01-26T19:41:46+00:00\" \/>\n<meta property=\"og:image\" content=\"https:\/\/www.insception.com\/wp-content\/uploads\/2023\/08\/Google-Business-Assets-ILB-Cover.jpg\" \/>\n\t<meta property=\"og:image:width\" content=\"720\" \/>\n\t<meta property=\"og:image:height\" content=\"720\" \/>\n<meta name=\"twitter:label1\" content=\"Dur\u00e9e de lecture est.\">\n\t<meta name=\"twitter:data1\" content=\"1 minute\">\n<script type=\"application\/ld+json\" class=\"yoast-schema-graph\">{\"@context\":\"https:\/\/schema.org\",\"@graph\":[{\"@type\":\"WebSite\",\"@id\":\"https:\/\/www.insception.com\/#website\",\"url\":\"https:\/\/www.insception.com\/\",\"name\":\"Insception Lifebank\",\"description\":\"Canada&#039;s No. 1 Cord Blood &amp; Tissue Program\",\"potentialAction\":[{\"@type\":\"SearchAction\",\"target\":\"https:\/\/www.insception.com\/?s={search_term_string}\",\"query-input\":\"required name=search_term_string\"}],\"inLanguage\":\"fr-FR\"},{\"@type\":\"WebPage\",\"@id\":\"https:\/\/www.insception.com\/fr\/research-trials-3\/recherche-en-emergence\/#webpage\",\"url\":\"https:\/\/www.insception.com\/fr\/research-trials-3\/recherche-en-emergence\/\",\"name\":\"Recherche en \\u00e9mergence - Insception Lifebank\",\"isPartOf\":{\"@id\":\"https:\/\/www.insception.com\/#website\"},\"datePublished\":\"2014-09-25T22:01:39+00:00\",\"dateModified\":\"2023-01-26T19:41:46+00:00\",\"description\":\"Actuellement, les chercheurs sont en qu\\u00eate de nouvelles fa\\u00e7ons potentielles de gu\\u00e9rir le corps humain en employant les cellules souches du sang ombilical.\",\"breadcrumb\":{\"@id\":\"https:\/\/www.insception.com\/fr\/research-trials-3\/recherche-en-emergence\/#breadcrumb\"},\"inLanguage\":\"fr-FR\",\"potentialAction\":[{\"@type\":\"ReadAction\",\"target\":[\"https:\/\/www.insception.com\/fr\/research-trials-3\/recherche-en-emergence\/\"]}]},{\"@type\":\"BreadcrumbList\",\"@id\":\"https:\/\/www.insception.com\/fr\/research-trials-3\/recherche-en-emergence\/#breadcrumb\",\"itemListElement\":[{\"@type\":\"ListItem\",\"position\":1,\"item\":{\"@type\":\"WebPage\",\"@id\":\"https:\/\/www.insception.com\/fr\/\",\"url\":\"https:\/\/www.insception.com\/fr\/\",\"name\":\"Home\"}},{\"@type\":\"ListItem\",\"position\":2,\"item\":{\"@type\":\"WebPage\",\"@id\":\"https:\/\/www.insception.com\/fr\/research-trials-3\/\",\"url\":\"https:\/\/www.insception.com\/fr\/research-trials-3\/\",\"name\":\"Traitement et recherche\"}},{\"@type\":\"ListItem\",\"position\":3,\"item\":{\"@type\":\"WebPage\",\"@id\":\"https:\/\/www.insception.com\/fr\/research-trials-3\/recherche-en-emergence\/\",\"url\":\"https:\/\/www.insception.com\/fr\/research-trials-3\/recherche-en-emergence\/\",\"name\":\"Recherche en \\u00e9mergence\"}}]}]}<\/script>\n<!-- \/ Yoast SEO plugin. -->","_links":{"self":[{"href":"https:\/\/www.insception.com\/fr\/wp-json\/wp\/v2\/pages\/2166"}],"collection":[{"href":"https:\/\/www.insception.com\/fr\/wp-json\/wp\/v2\/pages"}],"about":[{"href":"https:\/\/www.insception.com\/fr\/wp-json\/wp\/v2\/types\/page"}],"author":[{"embeddable":true,"href":"https:\/\/www.insception.com\/fr\/wp-json\/wp\/v2\/users\/9"}],"replies":[{"embeddable":true,"href":"https:\/\/www.insception.com\/fr\/wp-json\/wp\/v2\/comments?post=2166"}],"version-history":[{"count":0,"href":"https:\/\/www.insception.com\/fr\/wp-json\/wp\/v2\/pages\/2166\/revisions"}],"up":[{"embeddable":true,"href":"https:\/\/www.insception.com\/fr\/wp-json\/wp\/v2\/pages\/2581"}],"wp:attachment":[{"href":"https:\/\/www.insception.com\/fr\/wp-json\/wp\/v2\/media?parent=2166"}],"curies":[{"name":"wp","href":"https:\/\/api.w.org\/{rel}","templated":true}]}}