{"id":2167,"date":"2014-09-25T18:24:42","date_gmt":"2014-09-25T22:24:42","guid":{"rendered":"http:\/\/www.insception.com\/cord-blood-101\/treatment-and-research\/insception-lifebank-cord-blood-experience\/"},"modified":"2023-01-26T14:25:33","modified_gmt":"2023-01-26T19:25:33","slug":"experience-dinsception-lifebank-en-matiere-de-sang-ombilical","status":"publish","type":"page","link":"https:\/\/www.insception.com\/fr\/research-trials-3\/experience-dinsception-lifebank-en-matiere-de-sang-ombilical\/","title":{"rendered":"Exp\u00e9rience d\u2019Insception Lifebank en mati\u00e8re de sang ombilical"},"content":{"rendered":"<p>[et_pb_section fb_built=\u00a0\u00bb1&Prime; admin_label=\u00a0\u00bbsection\u00a0\u00bb _builder_version=\u00a0\u00bb3.22&Prime; global_colors_info=\u00a0\u00bb{}\u00a0\u00bb][et_pb_row admin_label=\u00a0\u00bbrow\u00a0\u00bb _builder_version=\u00a0\u00bb3.25&Prime; background_size=\u00a0\u00bbinitial\u00a0\u00bb background_position=\u00a0\u00bbtop_left\u00a0\u00bb background_repeat=\u00a0\u00bbrepeat\u00a0\u00bb global_colors_info=\u00a0\u00bb{}\u00a0\u00bb][et_pb_column type=\u00a0\u00bb4_4&Prime; _builder_version=\u00a0\u00bb3.25&Prime; custom_padding=\u00a0\u00bb|||\u00a0\u00bb global_colors_info=\u00a0\u00bb{}\u00a0\u00bb custom_padding__hover=\u00a0\u00bb|||\u00a0\u00bb][et_pb_text admin_label=\u00a0\u00bbText\u00a0\u00bb _builder_version=\u00a0\u00bb3.27.4&Prime; background_size=\u00a0\u00bbinitial\u00a0\u00bb background_position=\u00a0\u00bbtop_left\u00a0\u00bb background_repeat=\u00a0\u00bbrepeat\u00a0\u00bb global_colors_info=\u00a0\u00bb{}\u00a0\u00bb]Inception Lifebank est le programme de sang ombilical au premier rang au Canada. Voici pourquoi :<\/p>\n<ul>\n<li>Nous comptons plus d\u2019exp\u00e9rience pour la soumission d\u2019\u00e9chantillons de sang ombilical que toutes les autres banques de sang ombilical combin\u00e9es au Canada<\/li>\n<li>Nous avons de l\u2019exp\u00e9rience pour le transport d\u2019\u00e9chantillons de sang ombilical aux patients, autant \u00e0 l\u2019\u00e9chelle locale pour les greffes de moelle osseuse qu\u2019\u00e0 l\u2019\u00e9chelle internationale pour les essais cliniques.<\/li>\n<li>Nous jouissons d\u2019un taux de soumission couronn\u00e9 de succ\u00e8s \u00e0 100 %. Tous les \u00e9chantillons de sang ombilical soumis pour l\u2019utilisation par les patients ont \u00e9t\u00e9 accept\u00e9s \u00e0 des fins de transfusion, ce qui vient valider nos m\u00e9thodes de traitement, de conservation et d\u2019envoi.<\/li>\n<\/ul>\n<p>Voyez comment les clients d\u2019Insception Lifebank ont utilis\u00e9 leur sang ombilical conserv\u00e9 :[\/et_pb_text][\/et_pb_column][\/et_pb_row][\/et_pb_section]<\/p>\n","protected":false},"excerpt":{"rendered":"<p>Inception Lifebank est le programme de sang ombilical au premier rang au Canada. Voici pourquoi : Nous comptons plus d\u2019exp\u00e9rience pour la soumission d\u2019\u00e9chantillons de sang ombilical que toutes les autres banques de sang ombilical combin\u00e9es au Canada Nous avons de l\u2019exp\u00e9rience pour le transport d\u2019\u00e9chantillons de sang ombilical aux patients, autant \u00e0 l\u2019\u00e9chelle locale [&hellip;]<\/p>\n","protected":false},"author":9,"featured_media":0,"parent":2581,"menu_order":111,"comment_status":"closed","ping_status":"closed","template":"","meta":{"_et_pb_use_builder":"on","_et_pb_old_content":"Inception Lifebank est le programme de sang ombilical au premier rang au Canada. Voici pourquoi :\r\n<ul>\r\n\t<li>Nous comptons plus d\u2019exp\u00e9rience pour la soumission d\u2019\u00e9chantillons de sang ombilical que toutes les autres banques de sang ombilical combin\u00e9es au Canada<\/li>\r\n\t<li>Nous avons de l\u2019exp\u00e9rience pour le transport d\u2019\u00e9chantillons de sang ombilical aux patients, autant \u00e0 l\u2019\u00e9chelle locale pour les greffes de moelle osseuse qu\u2019\u00e0 l\u2019\u00e9chelle internationale pour les essais cliniques.<\/li>\r\n\t<li>Nous jouissons d\u2019un taux de soumission couronn\u00e9 de succ\u00e8s \u00e0 100 %. Tous les \u00e9chantillons de sang ombilical soumis pour l\u2019utilisation par les patients ont \u00e9t\u00e9 accept\u00e9s \u00e0 des fins de transfusion, ce qui vient valider nos m\u00e9thodes de traitement, de conservation et d\u2019envoi.<\/li>\r\n<\/ul>\r\nVoyez comment les clients d\u2019Insception Lifebank ont utilis\u00e9 leur sang ombilical conserv\u00e9 :","_et_gb_content_width":"","_monsterinsights_skip_tracking":false,"_monsterinsights_sitenote_active":false,"_monsterinsights_sitenote_note":"","_monsterinsights_sitenote_category":0},"yoast_head":"<!-- This site is optimized with the Yoast SEO plugin v15.5 - https:\/\/yoast.com\/wordpress\/plugins\/seo\/ -->\n<title>Exp\u00e9rience d\u2019Insception Lifebank en mati\u00e8re de sang ombilical - Insception Lifebank<\/title>\n<meta name=\"robots\" content=\"index, follow, max-snippet:-1, max-image-preview:large, max-video-preview:-1\" \/>\n<link rel=\"canonical\" href=\"https:\/\/www.insception.com\/fr\/research-trials-3\/experience-dinsception-lifebank-en-matiere-de-sang-ombilical\/\" \/>\n<meta property=\"og:locale\" content=\"fr_FR\" \/>\n<meta property=\"og:type\" content=\"article\" \/>\n<meta property=\"og:title\" content=\"Exp\u00e9rience d\u2019Insception Lifebank en mati\u00e8re de sang ombilical - Insception Lifebank\" \/>\n<meta property=\"og:description\" content=\"Inception Lifebank est le programme de sang ombilical au premier rang au Canada. Voici pourquoi : Nous comptons plus d\u2019exp\u00e9rience pour la soumission d\u2019\u00e9chantillons de sang ombilical que toutes les autres banques de sang ombilical combin\u00e9es au Canada Nous avons de l\u2019exp\u00e9rience pour le transport d\u2019\u00e9chantillons de sang ombilical aux patients, autant \u00e0 l\u2019\u00e9chelle locale [&hellip;]\" \/>\n<meta property=\"og:url\" content=\"https:\/\/www.insception.com\/fr\/research-trials-3\/experience-dinsception-lifebank-en-matiere-de-sang-ombilical\/\" \/>\n<meta property=\"og:site_name\" content=\"Insception Lifebank\" \/>\n<meta property=\"article:publisher\" content=\"https:\/\/www.facebook.com\/insception\" \/>\n<meta property=\"article:modified_time\" content=\"2023-01-26T19:25:33+00:00\" \/>\n<meta property=\"og:image\" content=\"https:\/\/www.insception.com\/wp-content\/uploads\/2023\/08\/Google-Business-Assets-ILB-Cover.jpg\" \/>\n\t<meta property=\"og:image:width\" content=\"720\" \/>\n\t<meta property=\"og:image:height\" content=\"720\" \/>\n<meta name=\"twitter:label1\" content=\"Dur\u00e9e de lecture est.\">\n\t<meta name=\"twitter:data1\" content=\"1 minute\">\n<script type=\"application\/ld+json\" class=\"yoast-schema-graph\">{\"@context\":\"https:\/\/schema.org\",\"@graph\":[{\"@type\":\"WebSite\",\"@id\":\"https:\/\/www.insception.com\/#website\",\"url\":\"https:\/\/www.insception.com\/\",\"name\":\"Insception Lifebank\",\"description\":\"Canada&#039;s No. 1 Cord Blood &amp; Tissue Program\",\"potentialAction\":[{\"@type\":\"SearchAction\",\"target\":\"https:\/\/www.insception.com\/?s={search_term_string}\",\"query-input\":\"required name=search_term_string\"}],\"inLanguage\":\"fr-FR\"},{\"@type\":\"WebPage\",\"@id\":\"https:\/\/www.insception.com\/fr\/research-trials-3\/experience-dinsception-lifebank-en-matiere-de-sang-ombilical\/#webpage\",\"url\":\"https:\/\/www.insception.com\/fr\/research-trials-3\/experience-dinsception-lifebank-en-matiere-de-sang-ombilical\/\",\"name\":\"Exp\\u00e9rience d\\u2019Insception Lifebank en mati\\u00e8re de sang ombilical - Insception Lifebank\",\"isPartOf\":{\"@id\":\"https:\/\/www.insception.com\/#website\"},\"datePublished\":\"2014-09-25T22:24:42+00:00\",\"dateModified\":\"2023-01-26T19:25:33+00:00\",\"breadcrumb\":{\"@id\":\"https:\/\/www.insception.com\/fr\/research-trials-3\/experience-dinsception-lifebank-en-matiere-de-sang-ombilical\/#breadcrumb\"},\"inLanguage\":\"fr-FR\",\"potentialAction\":[{\"@type\":\"ReadAction\",\"target\":[\"https:\/\/www.insception.com\/fr\/research-trials-3\/experience-dinsception-lifebank-en-matiere-de-sang-ombilical\/\"]}]},{\"@type\":\"BreadcrumbList\",\"@id\":\"https:\/\/www.insception.com\/fr\/research-trials-3\/experience-dinsception-lifebank-en-matiere-de-sang-ombilical\/#breadcrumb\",\"itemListElement\":[{\"@type\":\"ListItem\",\"position\":1,\"item\":{\"@type\":\"WebPage\",\"@id\":\"https:\/\/www.insception.com\/fr\/\",\"url\":\"https:\/\/www.insception.com\/fr\/\",\"name\":\"Home\"}},{\"@type\":\"ListItem\",\"position\":2,\"item\":{\"@type\":\"WebPage\",\"@id\":\"https:\/\/www.insception.com\/fr\/research-trials-3\/\",\"url\":\"https:\/\/www.insception.com\/fr\/research-trials-3\/\",\"name\":\"Traitement et recherche\"}},{\"@type\":\"ListItem\",\"position\":3,\"item\":{\"@type\":\"WebPage\",\"@id\":\"https:\/\/www.insception.com\/fr\/research-trials-3\/experience-dinsception-lifebank-en-matiere-de-sang-ombilical\/\",\"url\":\"https:\/\/www.insception.com\/fr\/research-trials-3\/experience-dinsception-lifebank-en-matiere-de-sang-ombilical\/\",\"name\":\"Exp\\u00e9rience d\\u2019Insception Lifebank en mati\\u00e8re de sang ombilical\"}}]}]}<\/script>\n<!-- \/ Yoast SEO plugin. -->","_links":{"self":[{"href":"https:\/\/www.insception.com\/fr\/wp-json\/wp\/v2\/pages\/2167"}],"collection":[{"href":"https:\/\/www.insception.com\/fr\/wp-json\/wp\/v2\/pages"}],"about":[{"href":"https:\/\/www.insception.com\/fr\/wp-json\/wp\/v2\/types\/page"}],"author":[{"embeddable":true,"href":"https:\/\/www.insception.com\/fr\/wp-json\/wp\/v2\/users\/9"}],"replies":[{"embeddable":true,"href":"https:\/\/www.insception.com\/fr\/wp-json\/wp\/v2\/comments?post=2167"}],"version-history":[{"count":0,"href":"https:\/\/www.insception.com\/fr\/wp-json\/wp\/v2\/pages\/2167\/revisions"}],"up":[{"embeddable":true,"href":"https:\/\/www.insception.com\/fr\/wp-json\/wp\/v2\/pages\/2581"}],"wp:attachment":[{"href":"https:\/\/www.insception.com\/fr\/wp-json\/wp\/v2\/media?parent=2167"}],"curies":[{"name":"wp","href":"https:\/\/api.w.org\/{rel}","templated":true}]}}