{"id":2169,"date":"2014-09-17T22:56:16","date_gmt":"2014-09-18T02:56:16","guid":{"rendered":"http:\/\/www.insception.com\/cord-blood-101\/public-donation\/"},"modified":"2023-01-27T15:45:41","modified_gmt":"2023-01-27T20:45:41","slug":"public-donation","status":"publish","type":"page","link":"https:\/\/www.insception.com\/fr\/les-rudiments-du-sang-ombilical\/public-donation\/","title":{"rendered":"Dons Publics"},"content":{"rendered":"<h2>Conservation familiale ou publique du sang ombilical?<\/h2>\n<p>En choisissant de conserver le sang ombilical de votre b\u00e9b\u00e9, vous reconnaissez le potentiel de sauver des vies que vous r\u00e9serve le sang ombilical, et vous entreprenez une d\u00e9marche proactive pour le conserver au lieu de le voir jet\u00e9 comme \u00ab d\u00e9chet m\u00e9dical \u00bb. Mais devez-vous vous inscrire \u00e0 une banque de sang ombilical familiale ou faire un don \u00e0 une banque de sang ombilical publique ?<br \/>\nVoici la fa\u00e7on dont ces possibilit\u00e9s diff\u00e8rent l\u2019une de l\u2019autre :<\/p>\n","protected":false},"excerpt":{"rendered":"<p>Conservation familiale ou publique du sang ombilical? En choisissant de conserver le sang ombilical de votre b\u00e9b\u00e9, vous reconnaissez le potentiel de sauver des vies que vous r\u00e9serve le sang ombilical, et vous entreprenez une d\u00e9marche proactive pour le conserver au lieu de le voir jet\u00e9 comme \u00ab d\u00e9chet m\u00e9dical \u00bb. Mais devez-vous vous inscrire [&hellip;]<\/p>\n","protected":false},"author":9,"featured_media":0,"parent":2054,"menu_order":50,"comment_status":"closed","ping_status":"closed","template":"","meta":{"_et_pb_use_builder":"","_et_pb_old_content":"","_et_gb_content_width":"","_monsterinsights_skip_tracking":false,"_monsterinsights_sitenote_active":false,"_monsterinsights_sitenote_note":"","_monsterinsights_sitenote_category":0},"yoast_head":"<!-- This site is optimized with the Yoast SEO plugin v15.5 - https:\/\/yoast.com\/wordpress\/plugins\/seo\/ -->\n<title>Dons Publics - Insception Lifebank<\/title>\n<meta name=\"description\" content=\"En choisissant de conserver le sang ombilical de votre b\u00e9b\u00e9, vous reconnaissez le potentiel de sauver des vies que vous r\u00e9serve le sang ombilical, et vous entreprenez une d\u00e9marche proactive pour le conserver au lieu de le voir jet\u00e9 comme\" \/>\n<meta name=\"robots\" content=\"index, follow, max-snippet:-1, max-image-preview:large, max-video-preview:-1\" \/>\n<link rel=\"canonical\" href=\"https:\/\/www.insception.com\/fr\/les-rudiments-du-sang-ombilical\/public-donation\/\" \/>\n<meta property=\"og:locale\" content=\"fr_FR\" \/>\n<meta property=\"og:type\" content=\"article\" \/>\n<meta property=\"og:title\" content=\"Dons Publics - Insception Lifebank\" \/>\n<meta property=\"og:description\" content=\"En choisissant de conserver le sang ombilical de votre b\u00e9b\u00e9, vous reconnaissez le potentiel de sauver des vies que vous r\u00e9serve le sang ombilical, et vous entreprenez une d\u00e9marche proactive pour le conserver au lieu de le voir jet\u00e9 comme\" \/>\n<meta property=\"og:url\" content=\"https:\/\/www.insception.com\/fr\/les-rudiments-du-sang-ombilical\/public-donation\/\" \/>\n<meta property=\"og:site_name\" content=\"Insception Lifebank\" \/>\n<meta property=\"article:publisher\" content=\"https:\/\/www.facebook.com\/insception\" \/>\n<meta property=\"article:modified_time\" content=\"2023-01-27T20:45:41+00:00\" \/>\n<meta property=\"og:image\" content=\"https:\/\/www.insception.com\/wp-content\/uploads\/2023\/08\/Google-Business-Assets-ILB-Cover.jpg\" \/>\n\t<meta property=\"og:image:width\" content=\"720\" \/>\n\t<meta property=\"og:image:height\" content=\"720\" \/>\n<meta name=\"twitter:label1\" content=\"Dur\u00e9e de lecture est.\">\n\t<meta name=\"twitter:data1\" content=\"0 minute\">\n<script type=\"application\/ld+json\" class=\"yoast-schema-graph\">{\"@context\":\"https:\/\/schema.org\",\"@graph\":[{\"@type\":\"WebSite\",\"@id\":\"https:\/\/www.insception.com\/#website\",\"url\":\"https:\/\/www.insception.com\/\",\"name\":\"Insception Lifebank\",\"description\":\"Canada&#039;s No. 1 Cord Blood &amp; Tissue Program\",\"potentialAction\":[{\"@type\":\"SearchAction\",\"target\":\"https:\/\/www.insception.com\/?s={search_term_string}\",\"query-input\":\"required name=search_term_string\"}],\"inLanguage\":\"fr-FR\"},{\"@type\":\"WebPage\",\"@id\":\"https:\/\/www.insception.com\/fr\/les-rudiments-du-sang-ombilical\/public-donation\/#webpage\",\"url\":\"https:\/\/www.insception.com\/fr\/les-rudiments-du-sang-ombilical\/public-donation\/\",\"name\":\"Dons Publics - Insception Lifebank\",\"isPartOf\":{\"@id\":\"https:\/\/www.insception.com\/#website\"},\"datePublished\":\"2014-09-18T02:56:16+00:00\",\"dateModified\":\"2023-01-27T20:45:41+00:00\",\"description\":\"En choisissant de conserver le sang ombilical de votre b\\u00e9b\\u00e9, vous reconnaissez le potentiel de sauver des vies que vous r\\u00e9serve le sang ombilical, et vous entreprenez une d\\u00e9marche proactive pour le conserver au lieu de le voir jet\\u00e9 comme\",\"breadcrumb\":{\"@id\":\"https:\/\/www.insception.com\/fr\/les-rudiments-du-sang-ombilical\/public-donation\/#breadcrumb\"},\"inLanguage\":\"fr-FR\",\"potentialAction\":[{\"@type\":\"ReadAction\",\"target\":[\"https:\/\/www.insception.com\/fr\/les-rudiments-du-sang-ombilical\/public-donation\/\"]}]},{\"@type\":\"BreadcrumbList\",\"@id\":\"https:\/\/www.insception.com\/fr\/les-rudiments-du-sang-ombilical\/public-donation\/#breadcrumb\",\"itemListElement\":[{\"@type\":\"ListItem\",\"position\":1,\"item\":{\"@type\":\"WebPage\",\"@id\":\"https:\/\/www.insception.com\/fr\/\",\"url\":\"https:\/\/www.insception.com\/fr\/\",\"name\":\"Home\"}},{\"@type\":\"ListItem\",\"position\":2,\"item\":{\"@type\":\"WebPage\",\"@id\":\"https:\/\/www.insception.com\/fr\/les-rudiments-du-sang-ombilical\/\",\"url\":\"https:\/\/www.insception.com\/fr\/les-rudiments-du-sang-ombilical\/\",\"name\":\"Les rudiments du sang ombilical\"}},{\"@type\":\"ListItem\",\"position\":3,\"item\":{\"@type\":\"WebPage\",\"@id\":\"https:\/\/www.insception.com\/fr\/les-rudiments-du-sang-ombilical\/public-donation\/\",\"url\":\"https:\/\/www.insception.com\/fr\/les-rudiments-du-sang-ombilical\/public-donation\/\",\"name\":\"Dons Publics\"}}]}]}<\/script>\n<!-- \/ Yoast SEO plugin. -->","_links":{"self":[{"href":"https:\/\/www.insception.com\/fr\/wp-json\/wp\/v2\/pages\/2169"}],"collection":[{"href":"https:\/\/www.insception.com\/fr\/wp-json\/wp\/v2\/pages"}],"about":[{"href":"https:\/\/www.insception.com\/fr\/wp-json\/wp\/v2\/types\/page"}],"author":[{"embeddable":true,"href":"https:\/\/www.insception.com\/fr\/wp-json\/wp\/v2\/users\/9"}],"replies":[{"embeddable":true,"href":"https:\/\/www.insception.com\/fr\/wp-json\/wp\/v2\/comments?post=2169"}],"version-history":[{"count":0,"href":"https:\/\/www.insception.com\/fr\/wp-json\/wp\/v2\/pages\/2169\/revisions"}],"up":[{"embeddable":true,"href":"https:\/\/www.insception.com\/fr\/wp-json\/wp\/v2\/pages\/2054"}],"wp:attachment":[{"href":"https:\/\/www.insception.com\/fr\/wp-json\/wp\/v2\/media?parent=2169"}],"curies":[{"name":"wp","href":"https:\/\/api.w.org\/{rel}","templated":true}]}}