{"id":2175,"date":"2014-09-18T23:39:21","date_gmt":"2014-09-19T03:39:21","guid":{"rendered":"http:\/\/www.insception.com\/the-insception-difference\/leaders-in-advancement-of-stem-cell-science\/"},"modified":"2023-01-25T14:49:33","modified_gmt":"2023-01-25T19:49:33","slug":"chef-de-file-dans-lavancement-de-la-science-des-cellules-souches","status":"publish","type":"page","link":"https:\/\/www.insception.com\/fr\/research-trials-3\/chef-de-file-dans-lavancement-de-la-science-des-cellules-souches\/","title":{"rendered":"Chef de file dans l\u2019avancement de la science des cellules souches"},"content":{"rendered":"<h2>L\u2019avancement de la science des cellules souches est au c\u0153ur de tout ce que nous entreprenons<\/h2>\n<p>Les cellules souches du sang ombilical ont un potentiel remarquable de traiter tant de conditions. Peu surprenant, donc, qu\u2019elles sont pour nous, passionn\u00e9ment, le point central de nos recherches depuis les 20 derni\u00e8res ann\u00e9es. Actuellement, les cellules souches du sang ombilical peuvent \u00eatre utilis\u00e9es pour traiter plus de 80 diseases<a href=\"https:\/\/insception.com\/references\/\"><sup>10<\/sup><\/a>\u00a0\u2013 et la liste ne cesse de grandir.<br \/>\nD\u2019emballantes nouvelles recherches sont en cours pour voir comment le sang ombilical pourra \u00eatre utilis\u00e9 \u00e0 l\u2019avenir pour r\u00e9g\u00e9n\u00e9rer les tissus et gu\u00e9rir d\u2019autres conditions qui, aujourd\u2019hui, sont sans traitement, sans gu\u00e9rison.<\/p>\n<h2>Un engagement \u00e0 l\u2019\u00e9gard de la recherche et de l\u2019\u00e9ducation<\/h2>\n<ul>\n<li>Nous nous engageons \u00e0 faire avancer la science de l\u2019utilisation des cellules souches du sang ombilical pour traiter les maladies et conditions mena\u00e7ant la vie. Parmi les programmes de sang ombilical familiaux au Canada, nous sommes le plus engag\u00e9 \u00e0 appuyer la recherche, et le plus \u00e9troitement li\u00e9 aux sciences \u00e9mergentes.<\/li>\n<li>Nous sommes des chefs de file pour l\u2019\u00e9ducation et la sensibilisation en mati\u00e8re d\u2019utilisations actuelles et potentielles des cellules souches de nouveau-n\u00e9s.<\/li>\n<li>Nous sommes la seule banque de sang ombilical au Canada \u00e0 avoir \u00e9tabli des partenariats avec des institutions m\u00e9dicales en t\u00eate\n<ul>\n<li>Mount Sinai Hospital<\/li>\n<li>Sunnybrook Health Sciences Centre<\/li>\n<li>The Scarborough Hospital<\/li>\n<\/ul>\n<\/li>\n<\/ul>\n<h2>\u00c9coutez ce qu\u2019ont \u00e0 dire des chercheurs en t\u00eate de file au sujet du potentiel du sang ombilical<\/h2>\n<p>Insception Lifebank est fi\u00e8re de compter dans son \u00e9quipe des chercheurs en t\u00eate de file dans le domaine des cellules souches. Chaque chercheur et chercheuse compte une vaste exp\u00e9rience dans le domaine de la recherche sur les cellules souches. \u00c9coutez ce que nos chercheurs ont \u00e0 dire au sujet du potentiel des cellules souches du sang ombilical et du tissu ombilical.<br \/>\n<strong>Dr Robert Casper, MD, FRCSC, fondateur et directeur m\u00e9dical d\u2019Insception Lifebank<\/strong><br \/>\n<img style=\"width: 13%; min-width: 95px; float: left; margin-right: 10px;\" src=\"https:\/\/www.insception.com\/wp-content\/uploads\/2014\/09\/DrCasper.png\" alt=\"\" data-cke-saved-src=\"https:\/\/www.insception.com\/wp-content\/uploads\/2014\/09\/DrCasper.png\" \/> <em>\u00ab\u00a0Le sang ombilical et le tissu ombilical sont une importante ressource m\u00e9dicale, qui, malheureusement, est souvent jet\u00e9e. Les cellules souches du sang ombilical sont une possibilit\u00e9 puissante pour les greffes de moelle osseuse, et les cellules souches du sang ombilical et cellules souches m\u00e9senchymateuses du cordon ombilical ont un \u00e9norme potentiel pour la m\u00e9decine r\u00e9g\u00e9n\u00e9ratrice \u00e0 l\u2019avenir.\u00a0\u00bb<\/em><\/p>\n<div style=\"clear: both;\"><\/div>\n<p><strong>Point de mire :<\/strong>\u00a0\u00a0Le Dr Casper est pionnier dans le domaine de la conservation du sang ombilical et en recherche en vue d\u2019\u00e9largir les possibilit\u00e9s m\u00e9dicales des \u00e9chantillons de sang ombilical conserv\u00e9s. Son laboratoire de recherche est ax\u00e9 sur l\u2019expansion in vitro des cellules souches du sang ombilical humain et sur leur utilisation dans le cadre de th\u00e9rapies tissulaires.<\/p>\n<p style=\"font-size: 1.3rem;\">Dr Robert F Casper, MD, FRCS(C) professeur, division des sciences de la reproduction, University of Toronto, premier chercheur, Lunenfeld-Tanenbaum Research Institute, Mount Sinai Hospital, directeur m\u00e9dical, Toronto Centre for Advanced Reproductive Technology (TCART), Toronto<\/p>\n<p><strong>M. Ian Rogers, PhD, fondateur et directeur scientifique d\u2019Insception Lifebank<\/strong><br \/>\n<a href=\"https:\/\/www.insception.com\/wp-content\/uploads\/2014\/09\/Ian-Rogers-PhD-pic.jpg\"><img loading=\"lazy\" width=\"210\" height=\"300\" class=\"alignnone size-full wp-image-1249\" style=\"width: 10%; min-width: 76px; float: left; margin-right: 10px;\" src=\"https:\/\/www.insception.com\/wp-content\/uploads\/2014\/09\/Ian-Rogers-PhD-pic.jpg\" alt=\"Ian-Rogers-PhD-pic\" srcset=\"https:\/\/www.insception.com\/wp-content\/uploads\/2014\/09\/Ian-Rogers-PhD-pic.jpg 210w, https:\/\/www.insception.com\/wp-content\/uploads\/2014\/09\/Ian-Rogers-PhD-pic-196x280.jpg 196w\" sizes=\"(max-width: 210px) 100vw, 210px\" \/><\/a><em>\u00ab\u00a0Le potentiel des cellules souches est illimit\u00e9. Les cellules souches formeront la base de la m\u00e9decine personnalis\u00e9e en tant qu\u2019outil pour le perfectionnement de m\u00e9dicaments, la mise en marche du processus naturel de gu\u00e9rison, le remplacement de tissu neuf, et m\u00eame la greffe d\u2019organes complets. \u00c0 l\u2019avenir, elles interviendront \u00e0 chaque \u00e9tape de la vie.\u00a0\u00bb<\/em><\/p>\n<div style=\"clear: both;\"><\/div>\n<p><strong>Point de mire :<\/strong>\u00a0Le laboratoire de recherche de M. Rogers se penche sur le d\u00e9veloppement de la capacit\u00e9 de r\u00e9g\u00e9n\u00e9ration des cellules souches adultes d\u00e9riv\u00e9es du tissu ombilical et du sang ombilical, avec comme objectif de trouver des traitements futurs qui pourront devenir des normes de soin.<\/p>\n<p style=\"font-size: 1.3rem;\">M. Ian Rogers, professeur adjoint et scientifique adjoint, Lunenfeld-Tanenbaum Research Institute<\/p>\n","protected":false},"excerpt":{"rendered":"<p>L\u2019avancement de la science des cellules souches est au c\u0153ur de tout ce que nous entreprenons Les cellules souches du sang ombilical ont un potentiel remarquable de traiter tant de conditions. Peu surprenant, donc, qu\u2019elles sont pour nous, passionn\u00e9ment, le point central de nos recherches depuis les 20 derni\u00e8res ann\u00e9es. Actuellement, les cellules souches du [&hellip;]<\/p>\n","protected":false},"author":9,"featured_media":0,"parent":2581,"menu_order":121,"comment_status":"closed","ping_status":"closed","template":"","meta":{"_et_pb_use_builder":"on","_et_pb_old_content":"<h2>L\u2019avancement de la science des cellules souches est au c\u0153ur de tout ce que nous entreprenons<\/h2>\r\nLes cellules souches du sang ombilical ont un potentiel remarquable de traiter tant de conditions. Peu surprenant, donc, qu\u2019elles sont pour nous, passionn\u00e9ment, le point central de nos recherches depuis les 20 derni\u00e8res ann\u00e9es. Actuellement, les cellules souches du sang ombilical peuvent \u00eatre utilis\u00e9es pour traiter plus de 80 diseases<a href=\"https:\/\/insception.com\/references\/\"><sup>10<\/sup><\/a>\u00a0\u2013 et la liste ne cesse de grandir.\r\nD\u2019emballantes nouvelles recherches sont en cours pour voir comment le sang ombilical pourra \u00eatre utilis\u00e9 \u00e0 l\u2019avenir pour r\u00e9g\u00e9n\u00e9rer les tissus et gu\u00e9rir d\u2019autres conditions qui, aujourd\u2019hui, sont sans traitement, sans gu\u00e9rison.\r\n<h2>Un engagement \u00e0 l\u2019\u00e9gard de la recherche et de l\u2019\u00e9ducation<\/h2>\r\n<ul>\r\n \t<li>Nous nous engageons \u00e0 faire avancer la science de l\u2019utilisation des cellules souches du sang ombilical pour traiter les maladies et conditions mena\u00e7ant la vie. Parmi les programmes de sang ombilical familiaux au Canada, nous sommes le plus engag\u00e9 \u00e0 appuyer la recherche, et le plus \u00e9troitement li\u00e9 aux sciences \u00e9mergentes.<\/li>\r\n \t<li>Nous sommes des chefs de file pour l\u2019\u00e9ducation et la sensibilisation en mati\u00e8re d\u2019utilisations actuelles et potentielles des cellules souches de nouveau-n\u00e9s.<\/li>\r\n \t<li>Nous sommes la seule banque de sang ombilical au Canada \u00e0 avoir \u00e9tabli des partenariats avec des institutions m\u00e9dicales en t\u00eate\r\n<ul>\r\n \t<li>Mount Sinai Hospital<\/li>\r\n \t<li>Sunnybrook Health Sciences Centre<\/li>\r\n \t<li>The Scarborough Hospital<\/li>\r\n<\/ul>\r\n<\/li>\r\n<\/ul>\r\n<h2>\u00c9coutez ce qu\u2019ont \u00e0 dire des chercheurs en t\u00eate de file au sujet du potentiel du sang ombilical<\/h2>\r\nInsception Lifebank est fi\u00e8re de compter dans son \u00e9quipe des chercheurs en t\u00eate de file dans le domaine des cellules souches. Chaque chercheur et chercheuse compte une vaste exp\u00e9rience dans le domaine de la recherche sur les cellules souches. \u00c9coutez ce que nos chercheurs ont \u00e0 dire au sujet du potentiel des cellules souches du sang ombilical et du tissu ombilical.\r\n<strong>Dr Robert Casper, MD, FRCSC, fondateur et directeur m\u00e9dical d\u2019Insception Lifebank<\/strong>\r\n<img style=\"width: 13%; min-width: 95px; float: left; margin-right: 10px;\" src=\"https:\/\/www.insception.com\/wp-content\/uploads\/2014\/09\/DrCasper.png\" alt=\"\" data-cke-saved-src=\"https:\/\/www.insception.com\/wp-content\/uploads\/2014\/09\/DrCasper.png\" \/> <em>\"Le sang ombilical et le tissu ombilical sont une importante ressource m\u00e9dicale, qui, malheureusement, est souvent jet\u00e9e. Les cellules souches du sang ombilical sont une possibilit\u00e9 puissante pour les greffes de moelle osseuse, et les cellules souches du sang ombilical et cellules souches m\u00e9senchymateuses du cordon ombilical ont un \u00e9norme potentiel pour la m\u00e9decine r\u00e9g\u00e9n\u00e9ratrice \u00e0 l\u2019avenir.\"<\/em>\r\n<div style=\"clear: both;\"><\/div>\r\n<strong>Point de mire :<\/strong>\u00a0\u00a0Le Dr Casper est pionnier dans le domaine de la conservation du sang ombilical et en recherche en vue d\u2019\u00e9largir les possibilit\u00e9s m\u00e9dicales des \u00e9chantillons de sang ombilical conserv\u00e9s. Son laboratoire de recherche est ax\u00e9 sur l\u2019expansion in vitro des cellules souches du sang ombilical humain et sur leur utilisation dans le cadre de th\u00e9rapies tissulaires.\r\n<p style=\"font-size: 1.3rem;\">Dr Robert F Casper, MD, FRCS(C) professeur, division des sciences de la reproduction, University of Toronto, premier chercheur, Lunenfeld-Tanenbaum Research Institute, Mount Sinai Hospital, directeur m\u00e9dical, Toronto Centre for Advanced Reproductive Technology (TCART), Toronto<\/p>\r\n<strong>M. Ian Rogers, PhD, fondateur et directeur scientifique d\u2019Insception Lifebank<\/strong>\r\n<a href=\"https:\/\/www.insception.com\/wp-content\/uploads\/2014\/09\/Ian-Rogers-PhD-pic.jpg\"><img class=\"alignnone size-full wp-image-1249\" style=\"width: 10%; min-width: 76px; float: left; margin-right: 10px;\" src=\"https:\/\/www.insception.com\/wp-content\/uploads\/2014\/09\/Ian-Rogers-PhD-pic.jpg\" alt=\"Ian-Rogers-PhD-pic\" \/><\/a><em>\"Le potentiel des cellules souches est illimit\u00e9. Les cellules souches formeront la base de la m\u00e9decine personnalis\u00e9e en tant qu\u2019outil pour le perfectionnement de m\u00e9dicaments, la mise en marche du processus naturel de gu\u00e9rison, le remplacement de tissu neuf, et m\u00eame la greffe d\u2019organes complets. \u00c0 l\u2019avenir, elles interviendront \u00e0 chaque \u00e9tape de la vie.\"<\/em>\r\n<div style=\"clear: both;\"><\/div>\r\n<strong>Point de mire :<\/strong>\u00a0Le laboratoire de recherche de M. Rogers se penche sur le d\u00e9veloppement de la capacit\u00e9 de r\u00e9g\u00e9n\u00e9ration des cellules souches adultes d\u00e9riv\u00e9es du tissu ombilical et du sang ombilical, avec comme objectif de trouver des traitements futurs qui pourront devenir des normes de soin.\r\n<p style=\"font-size: 1.3rem;\">M. Ian Rogers, professeur adjoint et scientifique adjoint, Lunenfeld-Tanenbaum Research Institute<\/p>","_et_gb_content_width":"","_monsterinsights_skip_tracking":false,"_monsterinsights_sitenote_active":false,"_monsterinsights_sitenote_note":"","_monsterinsights_sitenote_category":0},"yoast_head":"<!-- This site is optimized with the Yoast SEO plugin v15.5 - https:\/\/yoast.com\/wordpress\/plugins\/seo\/ -->\n<title>Chef de file dans l\u2019avancement de la science des cellules souches - Insception Lifebank<\/title>\n<meta name=\"description\" content=\"Les cellules souches du sang ombilical ont un potentiel remarquable de traiter tant de conditions.\" \/>\n<meta name=\"robots\" content=\"index, follow, max-snippet:-1, max-image-preview:large, max-video-preview:-1\" \/>\n<link rel=\"canonical\" href=\"https:\/\/www.insception.com\/fr\/research-trials-3\/chef-de-file-dans-lavancement-de-la-science-des-cellules-souches\/\" \/>\n<meta property=\"og:locale\" content=\"fr_FR\" \/>\n<meta property=\"og:type\" content=\"article\" \/>\n<meta property=\"og:title\" content=\"Chef de file dans l\u2019avancement de la science des cellules souches - Insception Lifebank\" \/>\n<meta property=\"og:description\" content=\"Les cellules souches du sang ombilical ont un potentiel remarquable de traiter tant de conditions.\" \/>\n<meta property=\"og:url\" content=\"https:\/\/www.insception.com\/fr\/research-trials-3\/chef-de-file-dans-lavancement-de-la-science-des-cellules-souches\/\" \/>\n<meta property=\"og:site_name\" content=\"Insception Lifebank\" \/>\n<meta property=\"article:publisher\" content=\"https:\/\/www.facebook.com\/insception\" \/>\n<meta property=\"article:modified_time\" content=\"2023-01-25T19:49:33+00:00\" \/>\n<meta property=\"og:image\" content=\"https:\/\/www.insception.com\/wp-content\/uploads\/2014\/09\/DrCasper.png\" \/>\n<meta name=\"twitter:label1\" content=\"Dur\u00e9e de lecture est.\">\n\t<meta name=\"twitter:data1\" content=\"3 minutes\">\n<script type=\"application\/ld+json\" class=\"yoast-schema-graph\">{\"@context\":\"https:\/\/schema.org\",\"@graph\":[{\"@type\":\"WebSite\",\"@id\":\"https:\/\/www.insception.com\/#website\",\"url\":\"https:\/\/www.insception.com\/\",\"name\":\"Insception Lifebank\",\"description\":\"Canada&#039;s No. 1 Cord Blood &amp; Tissue Program\",\"potentialAction\":[{\"@type\":\"SearchAction\",\"target\":\"https:\/\/www.insception.com\/?s={search_term_string}\",\"query-input\":\"required name=search_term_string\"}],\"inLanguage\":\"fr-FR\"},{\"@type\":\"ImageObject\",\"@id\":\"https:\/\/www.insception.com\/fr\/research-trials-3\/chef-de-file-dans-lavancement-de-la-science-des-cellules-souches\/#primaryimage\",\"inLanguage\":\"fr-FR\",\"url\":\"https:\/\/www.insception.com\/wp-content\/uploads\/2014\/09\/DrCasper.png\",\"width\":174,\"height\":210,\"caption\":\"Dr. Casper\"},{\"@type\":\"WebPage\",\"@id\":\"https:\/\/www.insception.com\/fr\/research-trials-3\/chef-de-file-dans-lavancement-de-la-science-des-cellules-souches\/#webpage\",\"url\":\"https:\/\/www.insception.com\/fr\/research-trials-3\/chef-de-file-dans-lavancement-de-la-science-des-cellules-souches\/\",\"name\":\"Chef de file dans l\\u2019avancement de la science des cellules souches - Insception Lifebank\",\"isPartOf\":{\"@id\":\"https:\/\/www.insception.com\/#website\"},\"primaryImageOfPage\":{\"@id\":\"https:\/\/www.insception.com\/fr\/research-trials-3\/chef-de-file-dans-lavancement-de-la-science-des-cellules-souches\/#primaryimage\"},\"datePublished\":\"2014-09-19T03:39:21+00:00\",\"dateModified\":\"2023-01-25T19:49:33+00:00\",\"description\":\"Les cellules souches du sang ombilical ont un potentiel remarquable de traiter tant de conditions.\",\"breadcrumb\":{\"@id\":\"https:\/\/www.insception.com\/fr\/research-trials-3\/chef-de-file-dans-lavancement-de-la-science-des-cellules-souches\/#breadcrumb\"},\"inLanguage\":\"fr-FR\",\"potentialAction\":[{\"@type\":\"ReadAction\",\"target\":[\"https:\/\/www.insception.com\/fr\/research-trials-3\/chef-de-file-dans-lavancement-de-la-science-des-cellules-souches\/\"]}]},{\"@type\":\"BreadcrumbList\",\"@id\":\"https:\/\/www.insception.com\/fr\/research-trials-3\/chef-de-file-dans-lavancement-de-la-science-des-cellules-souches\/#breadcrumb\",\"itemListElement\":[{\"@type\":\"ListItem\",\"position\":1,\"item\":{\"@type\":\"WebPage\",\"@id\":\"https:\/\/www.insception.com\/fr\/\",\"url\":\"https:\/\/www.insception.com\/fr\/\",\"name\":\"Home\"}},{\"@type\":\"ListItem\",\"position\":2,\"item\":{\"@type\":\"WebPage\",\"@id\":\"https:\/\/www.insception.com\/fr\/research-trials-3\/\",\"url\":\"https:\/\/www.insception.com\/fr\/research-trials-3\/\",\"name\":\"Traitement et recherche\"}},{\"@type\":\"ListItem\",\"position\":3,\"item\":{\"@type\":\"WebPage\",\"@id\":\"https:\/\/www.insception.com\/fr\/research-trials-3\/chef-de-file-dans-lavancement-de-la-science-des-cellules-souches\/\",\"url\":\"https:\/\/www.insception.com\/fr\/research-trials-3\/chef-de-file-dans-lavancement-de-la-science-des-cellules-souches\/\",\"name\":\"Chef de file dans l\\u2019avancement de la science des cellules souches\"}}]}]}<\/script>\n<!-- \/ Yoast SEO plugin. -->","_links":{"self":[{"href":"https:\/\/www.insception.com\/fr\/wp-json\/wp\/v2\/pages\/2175"}],"collection":[{"href":"https:\/\/www.insception.com\/fr\/wp-json\/wp\/v2\/pages"}],"about":[{"href":"https:\/\/www.insception.com\/fr\/wp-json\/wp\/v2\/types\/page"}],"author":[{"embeddable":true,"href":"https:\/\/www.insception.com\/fr\/wp-json\/wp\/v2\/users\/9"}],"replies":[{"embeddable":true,"href":"https:\/\/www.insception.com\/fr\/wp-json\/wp\/v2\/comments?post=2175"}],"version-history":[{"count":0,"href":"https:\/\/www.insception.com\/fr\/wp-json\/wp\/v2\/pages\/2175\/revisions"}],"up":[{"embeddable":true,"href":"https:\/\/www.insception.com\/fr\/wp-json\/wp\/v2\/pages\/2581"}],"wp:attachment":[{"href":"https:\/\/www.insception.com\/fr\/wp-json\/wp\/v2\/media?parent=2175"}],"curies":[{"name":"wp","href":"https:\/\/api.w.org\/{rel}","templated":true}]}}