{"id":2179,"date":"2014-09-18T23:41:08","date_gmt":"2014-09-19T03:41:08","guid":{"rendered":"http:\/\/www.insception.com\/the-insception-difference\/the-banking-process-explained\/"},"modified":"2023-01-26T14:42:53","modified_gmt":"2023-01-26T19:42:53","slug":"le-processus-de-conservation-explique","status":"publish","type":"page","link":"https:\/\/www.insception.com\/fr\/la-difference-insception-2\/le-processus-de-conservation-explique\/","title":{"rendered":"Le processus de conservation, expliqu\u00e9"},"content":{"rendered":"<p>[et_pb_section fb_built=\u00a0\u00bb1&Prime; admin_label=\u00a0\u00bbsection\u00a0\u00bb _builder_version=\u00a0\u00bb3.22&Prime; global_colors_info=\u00a0\u00bb{}\u00a0\u00bb][et_pb_row admin_label=\u00a0\u00bbrow\u00a0\u00bb _builder_version=\u00a0\u00bb3.25&Prime; background_size=\u00a0\u00bbinitial\u00a0\u00bb background_position=\u00a0\u00bbtop_left\u00a0\u00bb background_repeat=\u00a0\u00bbrepeat\u00a0\u00bb global_colors_info=\u00a0\u00bb{}\u00a0\u00bb][et_pb_column type=\u00a0\u00bb4_4&Prime; _builder_version=\u00a0\u00bb3.25&Prime; custom_padding=\u00a0\u00bb|||\u00a0\u00bb global_colors_info=\u00a0\u00bb{}\u00a0\u00bb custom_padding__hover=\u00a0\u00bb|||\u00a0\u00bb][et_pb_text admin_label=\u00a0\u00bbText\u00a0\u00bb _builder_version=\u00a0\u00bb3.27.4&Prime; background_size=\u00a0\u00bbinitial\u00a0\u00bb background_position=\u00a0\u00bbtop_left\u00a0\u00bb background_repeat=\u00a0\u00bbrepeat\u00a0\u00bb global_colors_info=\u00a0\u00bb{}\u00a0\u00bb]Vous avez une occasion unique dans toute une vie de conserver le sang ombilical et le tissu ombilical de votre b\u00e9b\u00e9. Notre processus de pr\u00e9l\u00e8vement est simple, et vous permet de consacrer toute votre attention \u00e0 notre nouveau-n\u00e9.<br \/>\nLe sang ombilical et le tissu ombilical de votre b\u00e9b\u00e9 sont conserv\u00e9s en toute s\u00e9curit\u00e9 dans nos installations de conservation \u00e0 la fine pointe. Insception Lifebank a une vaste exp\u00e9rience pour la soumission d\u2019\u00e9chantillons de sang ombilical \u00e0 des fins de greffe, autant \u00e0 l\u2019\u00e9chelle locale qu\u2019internationale.<\/p>\n<div class=\"banking-process-wrap\">\n<div class=\"banking-process-inner\">\n<div class=\"bp-content\">\n<h4><span class=\"bullets\">1<\/span> Inscrivez-vous en ligne<\/h4>\n<ul>\n<li>Vous pouvez choisir de faire conserver le sang ombilical et le tissu ombilical, et choisir parmi toute une gamme d\u2019options de paiement.<\/li>\n<\/ul>\n<\/div>\n<div class=\"bp-imgwrap\"><img loading=\"lazy\" class=\"alignnone size-full wp-image-3490\" src=\"https:\/\/www.insception.com\/wp-content\/uploads\/2014\/09\/Enroll.png\" alt=\"\" width=\"190\" height=\"190\" srcset=\"https:\/\/www.insception.com\/wp-content\/uploads\/2014\/09\/Enroll.png 190w, https:\/\/www.insception.com\/wp-content\/uploads\/2014\/09\/Enroll-150x150.png 150w\" sizes=\"(max-width: 190px) 100vw, 190px\" \/><\/div>\n<\/div>\n<div class=\"banking-process-inner\">\n<div class=\"bp-imgwrap\"><img loading=\"lazy\" class=\"alignnone size-full wp-image-3492\" src=\"https:\/\/www.insception.com\/wp-content\/uploads\/2014\/09\/Receive-Your-Kit.png\" alt=\"\" width=\"190\" height=\"190\" srcset=\"https:\/\/www.insception.com\/wp-content\/uploads\/2014\/09\/Receive-Your-Kit.png 190w, https:\/\/www.insception.com\/wp-content\/uploads\/2014\/09\/Receive-Your-Kit-150x150.png 150w\" sizes=\"(max-width: 190px) 100vw, 190px\" \/><\/div>\n<div class=\"bp-content\">\n<h4><span class=\"bullets\">2<\/span> Trousse de pr\u00e9l\u00e8vement<\/h4>\n<ul>\n<li><a href=\"https:\/\/www.insception.com\/sign-up\/?lang=fr\">\u00c0 l\u2019inscription<\/a>,nous vous faisons parvenir une trousse de pr\u00e9l\u00e8vement qui contient toutes les fournitures et les directives dont votre fournisseur de soins de la sant\u00e9 aura besoin pour faire le pr\u00e9l\u00e8vement apr\u00e8s la naissance de b\u00e9b\u00e9.<\/li>\n<li>Familiarisez-vous avec la trousse de pr\u00e9l\u00e8vement et remplissez les formulaires requis avant l\u2019accouchement.<\/li>\n<li>D\u00e8s que commence le travail, apportez la trousse de pr\u00e9l\u00e8vement au centre de naissance et dites \u00e0 l\u2019infirmier(\u00e8re) ou fournisseur de soins de la sant\u00e9 que vous avez choisi de faire la conservation.<\/li>\n<\/ul>\n<\/div>\n<\/div>\n<div class=\"banking-process-inner\">\n<div class=\"bp-content\">\n<h4><span class=\"bullets\">3<\/span> Pr\u00e9l\u00e8vement du sang ombilical<\/h4>\n<ul>\n<li>Le processus de pr\u00e9l\u00e8vement peut prendre aussi peu que cinq minutes. Il se fait en toute s\u00e9curit\u00e9, sans douleur, et ne nuit aucunement \u00e0 l\u2019accouchement.<\/li>\n<li>Une fois que le cordon ombilical est coup\u00e9, le sang qui demeure dans le cordon est pr\u00e9lev\u00e9.<\/li>\n<li>Selon l\u2019h\u00f4pital, vous ou le fournisseur de soins de la sant\u00e9 pourrez \u00e9tiqueter et emballer le sang ombilical dans la trousse de pr\u00e9l\u00e8vement, pour la cueillette par le service de messagerie m\u00e9dical d\u2019Insception Lifebank.<\/li>\n<\/ul>\n<\/div>\n<div class=\"bp-imgwrap\"><img loading=\"lazy\" class=\"alignnone size-full wp-image-3488\" src=\"https:\/\/www.insception.com\/wp-content\/uploads\/2014\/09\/Collection.png\" alt=\"\" width=\"190\" height=\"190\" srcset=\"https:\/\/www.insception.com\/wp-content\/uploads\/2014\/09\/Collection.png 190w, https:\/\/www.insception.com\/wp-content\/uploads\/2014\/09\/Collection-150x150.png 150w\" sizes=\"(max-width: 190px) 100vw, 190px\" \/><\/div>\n<\/div>\n<div class=\"banking-process-inner\">\n<div class=\"bp-imgwrap\"><img loading=\"lazy\" class=\"alignnone size-full wp-image-3489\" src=\"https:\/\/www.insception.com\/wp-content\/uploads\/2014\/09\/Cord-Tissue.png\" alt=\"\" width=\"190\" height=\"190\" srcset=\"https:\/\/www.insception.com\/wp-content\/uploads\/2014\/09\/Cord-Tissue.png 190w, https:\/\/www.insception.com\/wp-content\/uploads\/2014\/09\/Cord-Tissue-150x150.png 150w\" sizes=\"(max-width: 190px) 100vw, 190px\" \/><\/div>\n<div class=\"bp-content\">\n<h4><span class=\"bullets\">4<\/span> Pr\u00e9l\u00e8vement du tissu ombilical<\/h4>\n<ul>\n<li>Une fois que le sang ombilical a \u00e9t\u00e9 pr\u00e9lev\u00e9, votre fournisseur de soins de la sant\u00e9 coupe une longueur de 20 cm du cordon ombilical.<\/li>\n<\/ul>\n<\/div>\n<\/div>\n<div class=\"banking-process-inner\">\n<div class=\"bp-content\">\n<h4><span class=\"bullets\">5<\/span> Apr\u00e8s le pr\u00e9l\u00e8vement<\/h4>\n<ul>\n<li>Assurez-vous que la trousse contient tout le mat\u00e9riel, bien \u00e9tiquet\u00e9.<\/li>\n<li>Appelez Insception Lifebank dans les deux heures suivant la naissance de b\u00e9b\u00e9.<\/li>\n<li>Nous nous chargeons de tous les d\u00e9tails du service de messagerie m\u00e9dicale afin que vous puissiez donner toute votre attention au nouveau-n\u00e9. Le service de messagerie m\u00e9dicale passe chercher votre \u00e9chantillon de sang ombilical dans les 24 heures suivant votre appel.<\/li>\n<li>Notre \u00e9quipe vous appelle dans les 24 heures pour confirmer la r\u00e9ception de votre \u00e9chantillon dans nos installations.<\/li>\n<\/ul>\n<\/div>\n<div class=\"bp-imgwrap\"><img loading=\"lazy\" class=\"alignnone size-full wp-image-3491\" src=\"https:\/\/www.insception.com\/wp-content\/uploads\/2014\/09\/Processing.png\" alt=\"\" width=\"190\" height=\"190\" srcset=\"https:\/\/www.insception.com\/wp-content\/uploads\/2014\/09\/Processing.png 190w, https:\/\/www.insception.com\/wp-content\/uploads\/2014\/09\/Processing-150x150.png 150w\" sizes=\"(max-width: 190px) 100vw, 190px\" \/><\/div>\n<\/div>\n<div class=\"banking-process-inner\">\n<div class=\"bp-imgwrap\"><img loading=\"lazy\" class=\"alignnone size-full wp-image-3493\" src=\"https:\/\/www.insception.com\/wp-content\/uploads\/2014\/09\/Storage.png\" alt=\"\" width=\"190\" height=\"190\" srcset=\"https:\/\/www.insception.com\/wp-content\/uploads\/2014\/09\/Storage.png 190w, https:\/\/www.insception.com\/wp-content\/uploads\/2014\/09\/Storage-150x150.png 150w\" sizes=\"(max-width: 190px) 100vw, 190px\" \/><\/div>\n<div class=\"bp-content\">\n<h4><span class=\"bullets\">6<\/span> Traitement et conservation<\/h4>\n<ul>\n<li>Le sang ombilical et le tissu ombilical sont trait\u00e9s et cryoconserv\u00e9s pour l\u2019entreposage \u00e0 long terme.<\/li>\n<\/ul>\n<\/div>\n<\/div>\n<\/div>\n<p>[\/et_pb_text][\/et_pb_column][\/et_pb_row][\/et_pb_section]<\/p>\n","protected":false},"excerpt":{"rendered":"<p>Vous avez une occasion unique dans toute une vie de conserver le sang ombilical et le tissu ombilical de votre b\u00e9b\u00e9. Notre processus de pr\u00e9l\u00e8vement est simple, et vous permet de consacrer toute votre attention \u00e0 notre nouveau-n\u00e9. Le sang ombilical et le tissu ombilical de votre b\u00e9b\u00e9 sont conserv\u00e9s en toute s\u00e9curit\u00e9 dans nos [&hellip;]<\/p>\n","protected":false},"author":9,"featured_media":0,"parent":2171,"menu_order":116,"comment_status":"closed","ping_status":"closed","template":"","meta":{"_et_pb_use_builder":"on","_et_pb_old_content":"","_et_gb_content_width":"","_monsterinsights_skip_tracking":false,"_monsterinsights_sitenote_active":false,"_monsterinsights_sitenote_note":"","_monsterinsights_sitenote_category":0},"yoast_head":"<!-- This site is optimized with the Yoast SEO plugin v15.5 - https:\/\/yoast.com\/wordpress\/plugins\/seo\/ -->\n<title>Le processus de conservation, expliqu\u00e9 - Insception Lifebank<\/title>\n<meta name=\"description\" content=\"Vous avez une occasion unique dans toute une vie de conserver le sang ombilical et le tissu ombilical de votre b\u00e9b\u00e9.\" \/>\n<meta name=\"robots\" content=\"index, follow, max-snippet:-1, max-image-preview:large, max-video-preview:-1\" \/>\n<link rel=\"canonical\" href=\"https:\/\/www.insception.com\/fr\/la-difference-insception-2\/le-processus-de-conservation-explique\/\" \/>\n<meta property=\"og:locale\" content=\"fr_FR\" \/>\n<meta property=\"og:type\" content=\"article\" \/>\n<meta property=\"og:title\" content=\"Le processus de conservation, expliqu\u00e9 - Insception Lifebank\" \/>\n<meta property=\"og:description\" content=\"Vous avez une occasion unique dans toute une vie de conserver le sang ombilical et le tissu ombilical de votre b\u00e9b\u00e9.\" \/>\n<meta property=\"og:url\" content=\"https:\/\/www.insception.com\/fr\/la-difference-insception-2\/le-processus-de-conservation-explique\/\" \/>\n<meta property=\"og:site_name\" content=\"Insception Lifebank\" \/>\n<meta property=\"article:publisher\" content=\"https:\/\/www.facebook.com\/insception\" \/>\n<meta property=\"article:modified_time\" content=\"2023-01-26T19:42:53+00:00\" \/>\n<meta property=\"og:image\" content=\"https:\/\/www.insception.com\/wp-content\/uploads\/2014\/09\/Enroll.png\" \/>\n<meta name=\"twitter:label1\" content=\"Dur\u00e9e de lecture est.\">\n\t<meta name=\"twitter:data1\" content=\"2 minutes\">\n<script type=\"application\/ld+json\" class=\"yoast-schema-graph\">{\"@context\":\"https:\/\/schema.org\",\"@graph\":[{\"@type\":\"WebSite\",\"@id\":\"https:\/\/www.insception.com\/#website\",\"url\":\"https:\/\/www.insception.com\/\",\"name\":\"Insception Lifebank\",\"description\":\"Canada&#039;s No. 1 Cord Blood &amp; Tissue Program\",\"potentialAction\":[{\"@type\":\"SearchAction\",\"target\":\"https:\/\/www.insception.com\/?s={search_term_string}\",\"query-input\":\"required name=search_term_string\"}],\"inLanguage\":\"fr-FR\"},{\"@type\":\"ImageObject\",\"@id\":\"https:\/\/www.insception.com\/fr\/la-difference-insception-2\/le-processus-de-conservation-explique\/#primaryimage\",\"inLanguage\":\"fr-FR\",\"url\":\"https:\/\/www.insception.com\/wp-content\/uploads\/2014\/09\/Enroll.png\",\"width\":190,\"height\":190},{\"@type\":\"WebPage\",\"@id\":\"https:\/\/www.insception.com\/fr\/la-difference-insception-2\/le-processus-de-conservation-explique\/#webpage\",\"url\":\"https:\/\/www.insception.com\/fr\/la-difference-insception-2\/le-processus-de-conservation-explique\/\",\"name\":\"Le processus de conservation, expliqu\\u00e9 - Insception Lifebank\",\"isPartOf\":{\"@id\":\"https:\/\/www.insception.com\/#website\"},\"primaryImageOfPage\":{\"@id\":\"https:\/\/www.insception.com\/fr\/la-difference-insception-2\/le-processus-de-conservation-explique\/#primaryimage\"},\"datePublished\":\"2014-09-19T03:41:08+00:00\",\"dateModified\":\"2023-01-26T19:42:53+00:00\",\"description\":\"Vous avez une occasion unique dans toute une vie de conserver le sang ombilical et le tissu ombilical de votre b\\u00e9b\\u00e9.\",\"breadcrumb\":{\"@id\":\"https:\/\/www.insception.com\/fr\/la-difference-insception-2\/le-processus-de-conservation-explique\/#breadcrumb\"},\"inLanguage\":\"fr-FR\",\"potentialAction\":[{\"@type\":\"ReadAction\",\"target\":[\"https:\/\/www.insception.com\/fr\/la-difference-insception-2\/le-processus-de-conservation-explique\/\"]}]},{\"@type\":\"BreadcrumbList\",\"@id\":\"https:\/\/www.insception.com\/fr\/la-difference-insception-2\/le-processus-de-conservation-explique\/#breadcrumb\",\"itemListElement\":[{\"@type\":\"ListItem\",\"position\":1,\"item\":{\"@type\":\"WebPage\",\"@id\":\"https:\/\/www.insception.com\/fr\/\",\"url\":\"https:\/\/www.insception.com\/fr\/\",\"name\":\"Home\"}},{\"@type\":\"ListItem\",\"position\":2,\"item\":{\"@type\":\"WebPage\",\"@id\":\"https:\/\/www.insception.com\/fr\/la-difference-insception-2\/\",\"url\":\"https:\/\/www.insception.com\/fr\/la-difference-insception-2\/\",\"name\":\"La diff\\u00e9rence Insception\"}},{\"@type\":\"ListItem\",\"position\":3,\"item\":{\"@type\":\"WebPage\",\"@id\":\"https:\/\/www.insception.com\/fr\/la-difference-insception-2\/le-processus-de-conservation-explique\/\",\"url\":\"https:\/\/www.insception.com\/fr\/la-difference-insception-2\/le-processus-de-conservation-explique\/\",\"name\":\"Le processus de conservation, expliqu\\u00e9\"}}]}]}<\/script>\n<!-- \/ Yoast SEO plugin. -->","_links":{"self":[{"href":"https:\/\/www.insception.com\/fr\/wp-json\/wp\/v2\/pages\/2179"}],"collection":[{"href":"https:\/\/www.insception.com\/fr\/wp-json\/wp\/v2\/pages"}],"about":[{"href":"https:\/\/www.insception.com\/fr\/wp-json\/wp\/v2\/types\/page"}],"author":[{"embeddable":true,"href":"https:\/\/www.insception.com\/fr\/wp-json\/wp\/v2\/users\/9"}],"replies":[{"embeddable":true,"href":"https:\/\/www.insception.com\/fr\/wp-json\/wp\/v2\/comments?post=2179"}],"version-history":[{"count":0,"href":"https:\/\/www.insception.com\/fr\/wp-json\/wp\/v2\/pages\/2179\/revisions"}],"up":[{"embeddable":true,"href":"https:\/\/www.insception.com\/fr\/wp-json\/wp\/v2\/pages\/2171"}],"wp:attachment":[{"href":"https:\/\/www.insception.com\/fr\/wp-json\/wp\/v2\/media?parent=2179"}],"curies":[{"name":"wp","href":"https:\/\/api.w.org\/{rel}","templated":true}]}}