{"id":2201,"date":"2014-09-17T14:18:30","date_gmt":"2014-09-17T18:18:30","guid":{"rendered":"http:\/\/www.insception.com\/the-insception-difference\/hospital-partnerships\/"},"modified":"2023-01-25T14:19:23","modified_gmt":"2023-01-25T19:19:23","slug":"partenariats-avec-les-hopitaux","status":"publish","type":"page","link":"https:\/\/www.insception.com\/fr\/la-difference-insception-2\/partenariats-avec-les-hopitaux\/","title":{"rendered":"Partenariats avec les h\u00f4pitaux"},"content":{"rendered":"<p>Insception Lifebank est \u00e0 la fine pointe des progr\u00e8s en mati\u00e8re de cellules souches. Nous sommes honor\u00e9s d\u2019\u00eatre le seul programme de cellules souches de cordon ombilical au Canada \u00e0 avoir form\u00e9 des partenariats avec des institutions m\u00e9dicales et de recherche de classe mondiale. D\u00e9couvrez plus de d\u00e9tails au sujet de nos partenaires, ci-dessous, et n\u2019oubliez pas qu\u2019o\u00f9 que vous soyez au Canada, vous pouvez faire conserver chez Insception Lifebank le pr\u00e9cieux sang ombilical ou tissu ombilical de votre b\u00e9b\u00e9.<\/p>\n","protected":false},"excerpt":{"rendered":"<p>Insception Lifebank est \u00e0 la fine pointe des progr\u00e8s en mati\u00e8re de cellules souches. Nous sommes honor\u00e9s d\u2019\u00eatre le seul programme de cellules souches de cordon ombilical au Canada \u00e0 avoir form\u00e9 des partenariats avec des institutions m\u00e9dicales et de recherche de classe mondiale. D\u00e9couvrez plus de d\u00e9tails au sujet de nos partenaires, ci-dessous, et [&hellip;]<\/p>\n","protected":false},"author":9,"featured_media":0,"parent":2171,"menu_order":80,"comment_status":"closed","ping_status":"closed","template":"","meta":{"_et_pb_use_builder":"on","_et_pb_old_content":"Insception Lifebank est \u00e0 la fine pointe des progr\u00e8s en mati\u00e8re de cellules souches. Nous sommes honor\u00e9s d\u2019\u00eatre le seul programme de cellules souches de cordon ombilical au Canada \u00e0 avoir form\u00e9 des partenariats avec des institutions m\u00e9dicales et de recherche de classe mondiale. D\u00e9couvrez plus de d\u00e9tails au sujet de nos partenaires, ci-dessous, et n\u2019oubliez pas qu\u2019o\u00f9 que vous soyez au Canada, vous pouvez faire conserver chez Insception Lifebank le pr\u00e9cieux sang ombilical ou tissu ombilical de votre b\u00e9b\u00e9.","_et_gb_content_width":"","_monsterinsights_skip_tracking":false,"_monsterinsights_sitenote_active":false,"_monsterinsights_sitenote_note":"","_monsterinsights_sitenote_category":0},"yoast_head":"<!-- This site is optimized with the Yoast SEO plugin v15.5 - https:\/\/yoast.com\/wordpress\/plugins\/seo\/ -->\n<title>Partenariats avec les h\u00f4pitaux - Insception Lifebank<\/title>\n<meta name=\"description\" content=\"Insception Lifebank est \u00e0 la fine pointe des progr\u00e8s en mati\u00e8re de cellules souches.\" \/>\n<meta name=\"robots\" content=\"index, follow, max-snippet:-1, max-image-preview:large, max-video-preview:-1\" \/>\n<link rel=\"canonical\" href=\"https:\/\/www.insception.com\/fr\/la-difference-insception-2\/partenariats-avec-les-hopitaux\/\" \/>\n<meta property=\"og:locale\" content=\"fr_FR\" \/>\n<meta property=\"og:type\" content=\"article\" \/>\n<meta property=\"og:title\" content=\"Partenariats avec les h\u00f4pitaux - Insception Lifebank\" \/>\n<meta property=\"og:description\" content=\"Insception Lifebank est \u00e0 la fine pointe des progr\u00e8s en mati\u00e8re de cellules souches.\" \/>\n<meta property=\"og:url\" content=\"https:\/\/www.insception.com\/fr\/la-difference-insception-2\/partenariats-avec-les-hopitaux\/\" \/>\n<meta property=\"og:site_name\" content=\"Insception Lifebank\" \/>\n<meta property=\"article:publisher\" content=\"https:\/\/www.facebook.com\/insception\" \/>\n<meta property=\"article:modified_time\" content=\"2023-01-25T19:19:23+00:00\" \/>\n<meta property=\"og:image\" content=\"https:\/\/www.insception.com\/wp-content\/uploads\/2023\/08\/Google-Business-Assets-ILB-Cover.jpg\" \/>\n\t<meta property=\"og:image:width\" content=\"720\" \/>\n\t<meta property=\"og:image:height\" content=\"720\" \/>\n<meta name=\"twitter:label1\" content=\"Dur\u00e9e de lecture est.\">\n\t<meta name=\"twitter:data1\" content=\"0 minute\">\n<script type=\"application\/ld+json\" class=\"yoast-schema-graph\">{\"@context\":\"https:\/\/schema.org\",\"@graph\":[{\"@type\":\"WebSite\",\"@id\":\"https:\/\/www.insception.com\/#website\",\"url\":\"https:\/\/www.insception.com\/\",\"name\":\"Insception Lifebank\",\"description\":\"Canada&#039;s No. 1 Cord Blood &amp; Tissue Program\",\"potentialAction\":[{\"@type\":\"SearchAction\",\"target\":\"https:\/\/www.insception.com\/?s={search_term_string}\",\"query-input\":\"required name=search_term_string\"}],\"inLanguage\":\"fr-FR\"},{\"@type\":\"WebPage\",\"@id\":\"https:\/\/www.insception.com\/fr\/la-difference-insception-2\/partenariats-avec-les-hopitaux\/#webpage\",\"url\":\"https:\/\/www.insception.com\/fr\/la-difference-insception-2\/partenariats-avec-les-hopitaux\/\",\"name\":\"Partenariats avec les h\\u00f4pitaux - Insception Lifebank\",\"isPartOf\":{\"@id\":\"https:\/\/www.insception.com\/#website\"},\"datePublished\":\"2014-09-17T18:18:30+00:00\",\"dateModified\":\"2023-01-25T19:19:23+00:00\",\"description\":\"Insception Lifebank est \\u00e0 la fine pointe des progr\\u00e8s en mati\\u00e8re de cellules souches.\",\"breadcrumb\":{\"@id\":\"https:\/\/www.insception.com\/fr\/la-difference-insception-2\/partenariats-avec-les-hopitaux\/#breadcrumb\"},\"inLanguage\":\"fr-FR\",\"potentialAction\":[{\"@type\":\"ReadAction\",\"target\":[\"https:\/\/www.insception.com\/fr\/la-difference-insception-2\/partenariats-avec-les-hopitaux\/\"]}]},{\"@type\":\"BreadcrumbList\",\"@id\":\"https:\/\/www.insception.com\/fr\/la-difference-insception-2\/partenariats-avec-les-hopitaux\/#breadcrumb\",\"itemListElement\":[{\"@type\":\"ListItem\",\"position\":1,\"item\":{\"@type\":\"WebPage\",\"@id\":\"https:\/\/www.insception.com\/fr\/\",\"url\":\"https:\/\/www.insception.com\/fr\/\",\"name\":\"Home\"}},{\"@type\":\"ListItem\",\"position\":2,\"item\":{\"@type\":\"WebPage\",\"@id\":\"https:\/\/www.insception.com\/fr\/la-difference-insception-2\/\",\"url\":\"https:\/\/www.insception.com\/fr\/la-difference-insception-2\/\",\"name\":\"La diff\\u00e9rence Insception\"}},{\"@type\":\"ListItem\",\"position\":3,\"item\":{\"@type\":\"WebPage\",\"@id\":\"https:\/\/www.insception.com\/fr\/la-difference-insception-2\/partenariats-avec-les-hopitaux\/\",\"url\":\"https:\/\/www.insception.com\/fr\/la-difference-insception-2\/partenariats-avec-les-hopitaux\/\",\"name\":\"Partenariats avec les h\\u00f4pitaux\"}}]}]}<\/script>\n<!-- \/ Yoast SEO plugin. -->","_links":{"self":[{"href":"https:\/\/www.insception.com\/fr\/wp-json\/wp\/v2\/pages\/2201"}],"collection":[{"href":"https:\/\/www.insception.com\/fr\/wp-json\/wp\/v2\/pages"}],"about":[{"href":"https:\/\/www.insception.com\/fr\/wp-json\/wp\/v2\/types\/page"}],"author":[{"embeddable":true,"href":"https:\/\/www.insception.com\/fr\/wp-json\/wp\/v2\/users\/9"}],"replies":[{"embeddable":true,"href":"https:\/\/www.insception.com\/fr\/wp-json\/wp\/v2\/comments?post=2201"}],"version-history":[{"count":0,"href":"https:\/\/www.insception.com\/fr\/wp-json\/wp\/v2\/pages\/2201\/revisions"}],"up":[{"embeddable":true,"href":"https:\/\/www.insception.com\/fr\/wp-json\/wp\/v2\/pages\/2171"}],"wp:attachment":[{"href":"https:\/\/www.insception.com\/fr\/wp-json\/wp\/v2\/media?parent=2201"}],"curies":[{"name":"wp","href":"https:\/\/api.w.org\/{rel}","templated":true}]}}