{"id":2209,"date":"2015-06-01T16:04:29","date_gmt":"2015-06-01T20:04:29","guid":{"rendered":"http:\/\/www.insception.com\/health-care-professionals\/quality-commitment\/"},"modified":"2023-01-25T14:35:07","modified_gmt":"2023-01-25T19:35:07","slug":"engagement-de-qualite","status":"publish","type":"page","link":"https:\/\/www.insception.com\/fr\/la-difference-insception-2\/engagement-de-qualite\/","title":{"rendered":"Engagement de qualit\u00e9"},"content":{"rendered":"<p>[et_pb_section fb_built=\u00a0\u00bb1&Prime; admin_label=\u00a0\u00bbsection\u00a0\u00bb _builder_version=\u00a0\u00bb3.22&Prime; global_colors_info=\u00a0\u00bb{}\u00a0\u00bb][et_pb_row admin_label=\u00a0\u00bbrow\u00a0\u00bb _builder_version=\u00a0\u00bb3.25&Prime; background_size=\u00a0\u00bbinitial\u00a0\u00bb background_position=\u00a0\u00bbtop_left\u00a0\u00bb background_repeat=\u00a0\u00bbrepeat\u00a0\u00bb global_colors_info=\u00a0\u00bb{}\u00a0\u00bb][et_pb_column type=\u00a0\u00bb4_4&Prime; _builder_version=\u00a0\u00bb3.25&Prime; custom_padding=\u00a0\u00bb|||\u00a0\u00bb global_colors_info=\u00a0\u00bb{}\u00a0\u00bb custom_padding__hover=\u00a0\u00bb|||\u00a0\u00bb][et_pb_text admin_label=\u00a0\u00bbText\u00a0\u00bb _builder_version=\u00a0\u00bb3.27.4&Prime; background_size=\u00a0\u00bbinitial\u00a0\u00bb background_position=\u00a0\u00bbtop_left\u00a0\u00bb background_repeat=\u00a0\u00bbrepeat\u00a0\u00bb global_colors_info=\u00a0\u00bb{}\u00a0\u00bb]Dans le cadre des principes directeurs de notre entreprise, Insception Lifebank continue chaque jour de s\u2019acquitter de ses activit\u00e9s dans une culture de qualit\u00e9. De fa\u00e7on conforme \u00e0 l\u2019\u00e9nonc\u00e9 de vision de notre entreprise, nous nous engageons \u00e0 l\u2019\u00e9gard d\u2019une qualit\u00e9 absolue pour fournir \u00e0 nos clients la meilleure valeur qui soit.<br \/>\nNotre point de mire constant sur l\u2019innovation de la qualit\u00e9, les nouveaux services et les nouvelles technologies nous permet d\u2019offrir \u00e0 nos clients un service de conservation du sang et du tissu ombilical de toute premi\u00e8re qualit\u00e9. Notre adoption d\u2019une culture ax\u00e9e sur la qualit\u00e9 est la base m\u00eame de notre succ\u00e8s.<br \/>\nNos installations de laboratoire et de conservation continuent de se conformer aux exigences rigoureuses de soins de la sant\u00e9 et de s\u00e9curit\u00e9 impos\u00e9es par des organes r\u00e9glementaires canadiens et internationaux, ainsi que des programmes d\u2019agr\u00e9ment. Nous nous engageons \u00e0 fournir \u00e0 nos clients un service de qualit\u00e9 leur assurant que leur sang ombilical et tissu ombilical est conserv\u00e9 en toute s\u00e9curit\u00e9 \u00e0 des fins d\u2019utilisation future.<br \/>\nNotre syst\u00e8me de gestion de la qualit\u00e9 est r\u00e9guli\u00e8rement \u00e9valu\u00e9 par des organes r\u00e9glementaires et des programmes d\u2019agr\u00e9ment. Pour de plus amples renseignements, consultez les exemplaires de nos inscriptions et agr\u00e9ments actuels ci-dessous.<br \/>\n<strong>Agr\u00e9ments d\u2019Insception Lifebank\u00a0:<\/strong><br \/>\n1. <a href=\"https:\/\/insception.com\/wp-content\/uploads\/2015\/05\/AABB.pdf\" target=\"_blank\" rel=\"noopener\">AABB accreditation<\/a><br \/>\n2. <a href=\"https:\/\/insception.com\/wp-content\/uploads\/2015\/05\/FACT.pdf\" target=\"_blank\" rel=\"noopener\">FACT accreditation<\/a><br \/>\n<strong>Inscriptions d\u2019Insception Lifebank\u00a0:<\/strong><br \/>\n1. <a href=\"https:\/\/insception.com\/wp-content\/uploads\/2015\/05\/Health-Canada-CTO-100003.pdf\" target=\"_blank\" rel=\"noopener\">Health Canada CTO 100003<\/a><br \/>\n<strong>Syst\u00e8me de gestion de la qualit\u00e9 <\/strong><br \/>\nInsception Lifebank interagit avec une client\u00e8le diversifi\u00e9e, dont des parents, m\u00e9decins de famille, obst\u00e9triciens, gyn\u00e9cologues, infirmiers, sages-femmes, ainsi que des commanditaires d\u2019essais cliniques et \u00e9tablissements de greffe de sang ombilical. \u00c0 titre de programme de sang ombilical au premier rang au Canada, nous b\u00e9n\u00e9ficions d\u2019un syst\u00e8me dynamique de gestion de la qualit\u00e9 qui est con\u00e7u pour que toutes les relations-cl\u00e9s que nous entretenons soient prot\u00e9g\u00e9es et desservies en vertu de soins de la plus haute qualit\u00e9 possible.<br \/>\nUne partie int\u00e9grante des activit\u00e9s d\u2019Insception Lifebank est notre syst\u00e8me de gestion de la qualit\u00e9. Le syst\u00e8me de gestion de la qualit\u00e9 est fond\u00e9 sur les dix \u00e9l\u00e9ments essentiels suivants des syst\u00e8mes de qualit\u00e9 mis au point par l\u2019ISO (<em>International Organization for Standardization<\/em>)\u00a0:<\/p>\n<ul>\n<li>Revue strat\u00e9gique et planification par la haute direction<\/li>\n<li>Programme de qualification, de formation et d\u2019\u00e9valuation des comp\u00e9tences du personnel<\/li>\n<li>Programme de gestion de l\u2019\u00e9quipement pour le contr\u00f4le, la calibration et la validation de l\u2019\u00e9quipement essentiel<\/li>\n<li>Accords de qualit\u00e9 avec nos fournisseurs<\/li>\n<li>Assurance de la qualit\u00e9 et contr\u00f4le de la qualit\u00e9 pour garantir la pr\u00e9cision et la tra\u00e7abilit\u00e9 de nos processus<\/li>\n<li>Programme de gestion des documents et dossiers<\/li>\n<li>Syst\u00e8mes de signalement des incidents et des erreurs<\/li>\n<li>Programme de v\u00e9rification interne et externe<\/li>\n<li>Point de mire sur le client et initiatives permanentes d\u2019am\u00e9lioration de la qualit\u00e9<\/li>\n<li>Engagement \u00e0 l\u2019\u00e9gard de la sant\u00e9 et de la s\u00e9curit\u00e9 en milieu de travail<\/li>\n<\/ul>\n<p>&nbsp;<br \/>\nEn plus de ces exigences standards, nous int\u00e9grons aussi \u00e0 notre syst\u00e8me de gestion de la qualit\u00e9 les pratiques recommand\u00e9es par le <em>Clinical Laboratory Standards Institute<\/em> (CLSI) et la Soci\u00e9t\u00e9 des obst\u00e9triciens et gyn\u00e9cologues du Canada (SOGC).<br \/>\n<strong>Agr\u00e9ments et r\u00e9glementation<\/strong><br \/>\n\u00c0 titre de programme de sang ombilical de renomm\u00e9e internationale, nous nous conformons aux normes et exigences r\u00e9glementaires suivantes\u00a0:<br \/>\n<strong><span style=\"text-decoration: underline;\">AABB<\/span><br \/>\n<\/strong><br \/>\nNotre programme de sang ombilical est accr\u00e9dit\u00e9 par l\u2019AABB et a conserv\u00e9 son \u00e9tat d\u2019agr\u00e9ment depuis ao\u00fbt 2006. Nous sommes \u00e9valu\u00e9s tous les deux ans \u00e0 la lumi\u00e8re de la version en vigueur des normes <strong><em>AABB Standards for Cellular Therapy Products and Services\u00a0<\/em><\/strong><a href=\"https:\/\/www.aabb.org\/\">https:\/\/www.aabb.org<\/a><br \/>\n<strong><span style=\"text-decoration: underline;\">FACT (Foundation for the Accreditation of Cellular Therapy)<\/span><br \/>\n<\/strong><br \/>\nNotre programme de sang ombilical est agr\u00e9\u00e9 FACT depuis avril 2012. Nous sommes soumis \u00e0 une inspection tous les trois ans pour garantir notre conformit\u00e9 \u00e0 la version en vigueur des normes <strong><em>NetCord-FACT International Standards for Cord Blood Collection, Banking and release for Administration\u00a0<\/em><\/strong><a href=\"http:\/\/www.factwebsite.org\/\">http:\/\/www.factwebsite.org\/<\/a><br \/>\n<strong><u>Sant\u00e9 Canada<\/u><\/strong><br \/>\nNous sommes r\u00e9glement\u00e9s par Sant\u00e9 Canada et nos installations sont inspect\u00e9es tous les trois ans afin d\u2019en garantir la conformit\u00e9 au <strong><em>R\u00e8glement sur la s\u00e9curit\u00e9 des cellules, tissus et organes humains destin\u00e9s \u00e0 la transplantation (CTO). <\/em><\/strong>Notre inspection la plus r\u00e9cente s\u2019est d\u00e9roul\u00e9e en mars 2014 et nous avons re\u00e7u une note \u00ab\u2009conforme\u2009\u00bb.<a href=\"http:\/\/www.hc-sc.gc.ca\/dhp-mps\/brgtherap\/reg-init\/cell\/cto_gd_ld-eng.php\"> https:\/\/www.hc-sc.gc.ca\/index-eng.php<\/a><br \/>\n<strong><span style=\"text-decoration: underline;\">FDA<\/span><br \/>\n<\/strong><br \/>\nNous avons une inscription <em>Tissue Establishment<\/em> aupr\u00e8s de la FDA et nous conformons aux r\u00e8glements <em>Good Tissue Practice<\/em> en vigueur de la FDA (21 CFR\u00a01271). L\u2019inscription \u00e0 titre de <em>Tissue establishment<\/em> est dans le cadre d\u2019un programme d\u2019inspection par la FDA des banques de sang ombilical aux \u00c9tats-Unis et \u00e0 l\u2019\u00e9chelle internationale.<br \/>\n<a href=\"http:\/\/www.fda.gov\/BiologicsBloodVaccines\/GuidanceComplianceRegulatoryInformation\/EstablishmentRegistration\/TissueEstablishmentRegistration\/ucm2006018.htm\" target=\"_blank\" rel=\"noopener\">https:\/\/www.fda.gov\/ucm2006018.htm<\/a><br \/>\n<strong>Congr\u00e8s et pr\u00e9sentations<\/strong><br \/>\nChaque ann\u00e9e, Insception Lifebank est pr\u00e9sente \u00e0 des congr\u00e8s internationaux portant sur le sang ombilical et les th\u00e9rapies cellulaires. Nous sommes fervents d\u00e9fenseurs de la conservation des cellules souches du sang ombilical, \u00e0 l\u2019\u00e9chelle du monde entier, et nous continuons d\u2019investir des ressources pour nous impliquer \u00e0 divers niveaux et faire un apport \u00e0 ces congr\u00e8s scientifiques. Notre pr\u00e9sence nous apporte de riches occasions d\u2019acqu\u00e9rir des connaissances et de partager nos pratiques exemplaires avec des intervenants dans l\u2019industrie. Nous pouvons ensuite mettre en \u0153uvre les pratiques de qualit\u00e9 et les nouvelles technologies acquises pour, en fin de compte, offrir un service de premi\u00e8re qualit\u00e9 \u00e0 nos clients.<\/p>\n<ul>\n<li>Congr\u00e8s annuel AABB<\/li>\n<li>Congr\u00e8s annuel ISCT<\/li>\n<li><em>International Cord Blood Symposium<\/em><\/li>\n<li><em>World Cord Blood Congress<\/em><\/li>\n<\/ul>\n<p><strong>R\u00e9alisations r\u00e9centes en mati\u00e8re de qualit\u00e9 <\/strong><br \/>\n<strong>Mars 2015 \u2013\u00a0<\/strong>Inspection de renouvellement de l\u2019agr\u00e9ment FACT<br \/>\n<strong>Juillet 2014<\/strong>\u00a0\u2013 Int\u00e9gration du nouveau laboratoire de traitement du tissu ombilical au syst\u00e8me de gestion de la qualit\u00e9<br \/>\n<strong>Mars 2014<\/strong>\u00a0\u2013 Inspection CTO de Sant\u00e9 Canada \u2013 note \u00ab\u2009conforme\u2009\u00bb<br \/>\n<strong>Janvier 2014\u00a0<\/strong>\u2013 R\u00e9ussite du renouvellement de l\u2019agr\u00e9ment aupr\u00e8s de l\u2019AABB<br \/>\n<strong>Septembre 2012<\/strong>\u00a0\u2013 Acquisition de qualit\u00e9 Lifebank Cord Blood Bank, Burnaby, C.-B.<br \/>\n<strong>Mai 2012<\/strong>\u00a0\u2013 Obtention de l\u2019agr\u00e9ment FACT initial[\/et_pb_text][\/et_pb_column][\/et_pb_row][\/et_pb_section]<\/p>\n","protected":false},"excerpt":{"rendered":"<p>Dans le cadre des principes directeurs de notre entreprise, Insception Lifebank continue chaque jour de s\u2019acquitter de ses activit\u00e9s dans une culture de qualit\u00e9. De fa\u00e7on conforme \u00e0 l\u2019\u00e9nonc\u00e9 de vision de notre entreprise, nous nous engageons \u00e0 l\u2019\u00e9gard d\u2019une qualit\u00e9 absolue pour fournir \u00e0 nos clients la meilleure valeur qui soit. Notre point de [&hellip;]<\/p>\n","protected":false},"author":9,"featured_media":0,"parent":2171,"menu_order":90,"comment_status":"closed","ping_status":"closed","template":"","meta":{"_et_pb_use_builder":"on","_et_pb_old_content":"Dans le cadre des principes directeurs de notre entreprise, Insception Lifebank continue chaque jour de s\u2019acquitter de ses activit\u00e9s dans une culture de qualit\u00e9. De fa\u00e7on conforme \u00e0 l\u2019\u00e9nonc\u00e9 de vision de notre entreprise, nous nous engageons \u00e0 l\u2019\u00e9gard d\u2019une qualit\u00e9 absolue pour fournir \u00e0 nos clients la meilleure valeur qui soit.\r\nNotre point de mire constant sur l\u2019innovation de la qualit\u00e9, les nouveaux services et les nouvelles technologies nous permet d\u2019offrir \u00e0 nos clients un service de conservation du sang et du tissu ombilical de toute premi\u00e8re qualit\u00e9. Notre adoption d\u2019une culture ax\u00e9e sur la qualit\u00e9 est la base m\u00eame de notre succ\u00e8s.\r\nNos installations de laboratoire et de conservation continuent de se conformer aux exigences rigoureuses de soins de la sant\u00e9 et de s\u00e9curit\u00e9 impos\u00e9es par des organes r\u00e9glementaires canadiens et internationaux, ainsi que des programmes d\u2019agr\u00e9ment. Nous nous engageons \u00e0 fournir \u00e0 nos clients un service de qualit\u00e9 leur assurant que leur sang ombilical et tissu ombilical est conserv\u00e9 en toute s\u00e9curit\u00e9 \u00e0 des fins d\u2019utilisation future.\r\nNotre syst\u00e8me de gestion de la qualit\u00e9 est r\u00e9guli\u00e8rement \u00e9valu\u00e9 par des organes r\u00e9glementaires et des programmes d\u2019agr\u00e9ment. Pour de plus amples renseignements, consultez les exemplaires de nos inscriptions et agr\u00e9ments actuels ci-dessous.\r\n<strong>Agr\u00e9ments d\u2019Insception Lifebank\u00a0:<\/strong>\r\n1. <a href=\"https:\/\/insception.com\/wp-content\/uploads\/2015\/05\/AABB.pdf\" target=\"_blank\">AABB accreditation<\/a>\r\n2. <a href=\"https:\/\/insception.com\/wp-content\/uploads\/2015\/05\/FACT.pdf\" target=\"_blank\">FACT accreditation<\/a>\r\n<strong>Inscriptions d\u2019Insception Lifebank\u00a0:<\/strong>\r\n1. <a href=\"https:\/\/insception.com\/wp-content\/uploads\/2015\/05\/Health-Canada-CTO-100003.pdf\" target=\"_blank\">Health Canada CTO 100003<\/a>\r\n<strong>Syst\u00e8me de gestion de la qualit\u00e9 <\/strong>\r\nInsception Lifebank interagit avec une client\u00e8le diversifi\u00e9e, dont des parents, m\u00e9decins de famille, obst\u00e9triciens, gyn\u00e9cologues, infirmiers, sages-femmes, ainsi que des commanditaires d\u2019essais cliniques et \u00e9tablissements de greffe de sang ombilical. \u00c0 titre de programme de sang ombilical au premier rang au Canada, nous b\u00e9n\u00e9ficions d\u2019un syst\u00e8me dynamique de gestion de la qualit\u00e9 qui est con\u00e7u pour que toutes les relations-cl\u00e9s que nous entretenons soient prot\u00e9g\u00e9es et desservies en vertu de soins de la plus haute qualit\u00e9 possible.\r\nUne partie int\u00e9grante des activit\u00e9s d\u2019Insception Lifebank est notre syst\u00e8me de gestion de la qualit\u00e9. Le syst\u00e8me de gestion de la qualit\u00e9 est fond\u00e9 sur les dix \u00e9l\u00e9ments essentiels suivants des syst\u00e8mes de qualit\u00e9 mis au point par l\u2019ISO (<em>International Organization for Standardization<\/em>)\u00a0:\r\n<ul>\r\n\t<li>Revue strat\u00e9gique et planification par la haute direction<\/li>\r\n\t<li>Programme de qualification, de formation et d\u2019\u00e9valuation des comp\u00e9tences du personnel<\/li>\r\n\t<li>Programme de gestion de l\u2019\u00e9quipement pour le contr\u00f4le, la calibration et la validation de l\u2019\u00e9quipement essentiel<\/li>\r\n\t<li>Accords de qualit\u00e9 avec nos fournisseurs<\/li>\r\n\t<li>Assurance de la qualit\u00e9 et contr\u00f4le de la qualit\u00e9 pour garantir la pr\u00e9cision et la tra\u00e7abilit\u00e9 de nos processus<\/li>\r\n\t<li>Programme de gestion des documents et dossiers<\/li>\r\n\t<li>Syst\u00e8mes de signalement des incidents et des erreurs<\/li>\r\n\t<li>Programme de v\u00e9rification interne et externe<\/li>\r\n\t<li>Point de mire sur le client et initiatives permanentes d\u2019am\u00e9lioration de la qualit\u00e9<\/li>\r\n\t<li>Engagement \u00e0 l\u2019\u00e9gard de la sant\u00e9 et de la s\u00e9curit\u00e9 en milieu de travail<\/li>\r\n<\/ul>\r\n\u00a0\r\nEn plus de ces exigences standards, nous int\u00e9grons aussi \u00e0 notre syst\u00e8me de gestion de la qualit\u00e9 les pratiques recommand\u00e9es par le <em>Clinical Laboratory Standards Institute<\/em> (CLSI) et la Soci\u00e9t\u00e9 des obst\u00e9triciens et gyn\u00e9cologues du Canada (SOGC).\r\n<strong>Agr\u00e9ments et r\u00e9glementation<\/strong>\r\n\u00c0 titre de programme de sang ombilical de renomm\u00e9e internationale, nous nous conformons aux normes et exigences r\u00e9glementaires suivantes\u00a0:\r\n<strong><span style=\"text-decoration: underline;\">AABB<\/span>\r\n<\/strong>\r\nNotre programme de sang ombilical est accr\u00e9dit\u00e9 par l\u2019AABB et a conserv\u00e9 son \u00e9tat d\u2019agr\u00e9ment depuis ao\u00fbt 2006. Nous sommes \u00e9valu\u00e9s tous les deux ans \u00e0 la lumi\u00e8re de la version en vigueur des normes <strong><em>AABB Standards for Cellular Therapy Products and Services\u00a0<\/em><\/strong><a href=\"https:\/\/www.aabb.org\/\">https:\/\/www.aabb.org<\/a>\r\n<strong><span style=\"text-decoration: underline;\">FACT (Foundation for the Accreditation of Cellular Therapy)<\/span>\r\n<\/strong>\r\nNotre programme de sang ombilical est agr\u00e9\u00e9 FACT depuis avril 2012. Nous sommes soumis \u00e0 une inspection tous les trois ans pour garantir notre conformit\u00e9 \u00e0 la version en vigueur des normes <strong><em>NetCord-FACT International Standards for Cord Blood Collection, Banking and release for Administration\u00a0<\/em><\/strong><a href=\"http:\/\/www.factwebsite.org\/\">http:\/\/www.factwebsite.org\/<\/a>\r\n<strong><u>Sant\u00e9 Canada<\/u><\/strong>\r\nNous sommes r\u00e9glement\u00e9s par Sant\u00e9 Canada et nos installations sont inspect\u00e9es tous les trois ans afin d\u2019en garantir la conformit\u00e9 au <strong><em>R\u00e8glement sur la s\u00e9curit\u00e9 des cellules, tissus et organes humains destin\u00e9s \u00e0 la transplantation (CTO). <\/em><\/strong>Notre inspection la plus r\u00e9cente s\u2019est d\u00e9roul\u00e9e en mars 2014 et nous avons re\u00e7u une note \u00ab\u2009conforme\u2009\u00bb.<a href=\"http:\/\/www.hc-sc.gc.ca\/dhp-mps\/brgtherap\/reg-init\/cell\/cto_gd_ld-eng.php\"> https:\/\/www.hc-sc.gc.ca\/index-eng.php<\/a>\r\n<strong><span style=\"text-decoration: underline;\">FDA<\/span>\r\n<\/strong>\r\nNous avons une inscription <em>Tissue Establishment<\/em> aupr\u00e8s de la FDA et nous conformons aux r\u00e8glements <em>Good Tissue Practice<\/em> en vigueur de la FDA (21 CFR\u00a01271). L\u2019inscription \u00e0 titre de <em>Tissue establishment<\/em> est dans le cadre d\u2019un programme d\u2019inspection par la FDA des banques de sang ombilical aux \u00c9tats-Unis et \u00e0 l\u2019\u00e9chelle internationale.\r\n<a href=\"http:\/\/www.fda.gov\/BiologicsBloodVaccines\/GuidanceComplianceRegulatoryInformation\/EstablishmentRegistration\/TissueEstablishmentRegistration\/ucm2006018.htm\" target=\"_blank\">https:\/\/www.fda.gov\/ucm2006018.htm<\/a>\r\n<strong>Congr\u00e8s et pr\u00e9sentations<\/strong>\r\nChaque ann\u00e9e, Insception Lifebank est pr\u00e9sente \u00e0 des congr\u00e8s internationaux portant sur le sang ombilical et les th\u00e9rapies cellulaires. Nous sommes fervents d\u00e9fenseurs de la conservation des cellules souches du sang ombilical, \u00e0 l\u2019\u00e9chelle du monde entier, et nous continuons d\u2019investir des ressources pour nous impliquer \u00e0 divers niveaux et faire un apport \u00e0 ces congr\u00e8s scientifiques. Notre pr\u00e9sence nous apporte de riches occasions d\u2019acqu\u00e9rir des connaissances et de partager nos pratiques exemplaires avec des intervenants dans l\u2019industrie. Nous pouvons ensuite mettre en \u0153uvre les pratiques de qualit\u00e9 et les nouvelles technologies acquises pour, en fin de compte, offrir un service de premi\u00e8re qualit\u00e9 \u00e0 nos clients.\r\n<ul>\r\n\t<li>Congr\u00e8s annuel AABB<\/li>\r\n\t<li>Congr\u00e8s annuel ISCT<\/li>\r\n\t<li><em>International Cord Blood Symposium<\/em><\/li>\r\n\t<li><em>World Cord Blood Congress<\/em><\/li>\r\n<\/ul>\r\n<strong>R\u00e9alisations r\u00e9centes en mati\u00e8re de qualit\u00e9 <\/strong>\r\n<strong>Mars 2015 \u2013\u00a0<\/strong>Inspection de renouvellement de l\u2019agr\u00e9ment FACT\r\n<strong>Juillet 2014<\/strong>\u00a0\u2013 Int\u00e9gration du nouveau laboratoire de traitement du tissu ombilical au syst\u00e8me de gestion de la qualit\u00e9\r\n<strong>Mars 2014<\/strong>\u00a0\u2013 Inspection CTO de Sant\u00e9 Canada \u2013 note \u00ab\u2009conforme\u2009\u00bb\r\n<strong>Janvier 2014\u00a0<\/strong>\u2013 R\u00e9ussite du renouvellement de l\u2019agr\u00e9ment aupr\u00e8s de l\u2019AABB\r\n<strong>Septembre 2012<\/strong>\u00a0\u2013 Acquisition de qualit\u00e9 Lifebank Cord Blood Bank, Burnaby, C.-B.\r\n<strong>Mai 2012<\/strong>\u00a0\u2013 Obtention de l\u2019agr\u00e9ment FACT initial","_et_gb_content_width":"","_monsterinsights_skip_tracking":false,"_monsterinsights_sitenote_active":false,"_monsterinsights_sitenote_note":"","_monsterinsights_sitenote_category":0},"yoast_head":"<!-- This site is optimized with the Yoast SEO plugin v15.5 - https:\/\/yoast.com\/wordpress\/plugins\/seo\/ -->\n<title>Engagement de qualit\u00e9 - Insception Lifebank<\/title>\n<meta name=\"description\" content=\"Dans le cadre des principes directeurs de notre entreprise, Insception Lifebank continue chaque jour de s\u2019acquitter de ses activit\u00e9s dans une culture de qualit\u00e9.\" \/>\n<meta name=\"robots\" content=\"index, follow, max-snippet:-1, max-image-preview:large, max-video-preview:-1\" \/>\n<link rel=\"canonical\" href=\"https:\/\/www.insception.com\/fr\/la-difference-insception-2\/engagement-de-qualite\/\" \/>\n<meta property=\"og:locale\" content=\"fr_FR\" \/>\n<meta property=\"og:type\" content=\"article\" \/>\n<meta property=\"og:title\" content=\"Engagement de qualit\u00e9 - Insception Lifebank\" \/>\n<meta property=\"og:description\" content=\"Dans le cadre des principes directeurs de notre entreprise, Insception Lifebank continue chaque jour de s\u2019acquitter de ses activit\u00e9s dans une culture de qualit\u00e9.\" \/>\n<meta property=\"og:url\" content=\"https:\/\/www.insception.com\/fr\/la-difference-insception-2\/engagement-de-qualite\/\" \/>\n<meta property=\"og:site_name\" content=\"Insception Lifebank\" \/>\n<meta property=\"article:publisher\" content=\"https:\/\/www.facebook.com\/insception\" \/>\n<meta property=\"article:modified_time\" content=\"2023-01-25T19:35:07+00:00\" \/>\n<meta property=\"og:image\" content=\"https:\/\/www.insception.com\/wp-content\/uploads\/2023\/08\/Google-Business-Assets-ILB-Cover.jpg\" \/>\n\t<meta property=\"og:image:width\" content=\"720\" \/>\n\t<meta property=\"og:image:height\" content=\"720\" \/>\n<meta name=\"twitter:label1\" content=\"Dur\u00e9e de lecture est.\">\n\t<meta name=\"twitter:data1\" content=\"4 minutes\">\n<script type=\"application\/ld+json\" class=\"yoast-schema-graph\">{\"@context\":\"https:\/\/schema.org\",\"@graph\":[{\"@type\":\"WebSite\",\"@id\":\"https:\/\/www.insception.com\/#website\",\"url\":\"https:\/\/www.insception.com\/\",\"name\":\"Insception Lifebank\",\"description\":\"Canada&#039;s No. 1 Cord Blood &amp; Tissue Program\",\"potentialAction\":[{\"@type\":\"SearchAction\",\"target\":\"https:\/\/www.insception.com\/?s={search_term_string}\",\"query-input\":\"required name=search_term_string\"}],\"inLanguage\":\"fr-FR\"},{\"@type\":\"WebPage\",\"@id\":\"https:\/\/www.insception.com\/fr\/la-difference-insception-2\/engagement-de-qualite\/#webpage\",\"url\":\"https:\/\/www.insception.com\/fr\/la-difference-insception-2\/engagement-de-qualite\/\",\"name\":\"Engagement de qualit\\u00e9 - Insception Lifebank\",\"isPartOf\":{\"@id\":\"https:\/\/www.insception.com\/#website\"},\"datePublished\":\"2015-06-01T20:04:29+00:00\",\"dateModified\":\"2023-01-25T19:35:07+00:00\",\"description\":\"Dans le cadre des principes directeurs de notre entreprise, Insception Lifebank continue chaque jour de s\\u2019acquitter de ses activit\\u00e9s dans une culture de qualit\\u00e9.\",\"breadcrumb\":{\"@id\":\"https:\/\/www.insception.com\/fr\/la-difference-insception-2\/engagement-de-qualite\/#breadcrumb\"},\"inLanguage\":\"fr-FR\",\"potentialAction\":[{\"@type\":\"ReadAction\",\"target\":[\"https:\/\/www.insception.com\/fr\/la-difference-insception-2\/engagement-de-qualite\/\"]}]},{\"@type\":\"BreadcrumbList\",\"@id\":\"https:\/\/www.insception.com\/fr\/la-difference-insception-2\/engagement-de-qualite\/#breadcrumb\",\"itemListElement\":[{\"@type\":\"ListItem\",\"position\":1,\"item\":{\"@type\":\"WebPage\",\"@id\":\"https:\/\/www.insception.com\/fr\/\",\"url\":\"https:\/\/www.insception.com\/fr\/\",\"name\":\"Home\"}},{\"@type\":\"ListItem\",\"position\":2,\"item\":{\"@type\":\"WebPage\",\"@id\":\"https:\/\/www.insception.com\/fr\/la-difference-insception-2\/\",\"url\":\"https:\/\/www.insception.com\/fr\/la-difference-insception-2\/\",\"name\":\"La diff\\u00e9rence Insception\"}},{\"@type\":\"ListItem\",\"position\":3,\"item\":{\"@type\":\"WebPage\",\"@id\":\"https:\/\/www.insception.com\/fr\/la-difference-insception-2\/engagement-de-qualite\/\",\"url\":\"https:\/\/www.insception.com\/fr\/la-difference-insception-2\/engagement-de-qualite\/\",\"name\":\"Engagement de qualit\\u00e9\"}}]}]}<\/script>\n<!-- \/ Yoast SEO plugin. -->","_links":{"self":[{"href":"https:\/\/www.insception.com\/fr\/wp-json\/wp\/v2\/pages\/2209"}],"collection":[{"href":"https:\/\/www.insception.com\/fr\/wp-json\/wp\/v2\/pages"}],"about":[{"href":"https:\/\/www.insception.com\/fr\/wp-json\/wp\/v2\/types\/page"}],"author":[{"embeddable":true,"href":"https:\/\/www.insception.com\/fr\/wp-json\/wp\/v2\/users\/9"}],"replies":[{"embeddable":true,"href":"https:\/\/www.insception.com\/fr\/wp-json\/wp\/v2\/comments?post=2209"}],"version-history":[{"count":0,"href":"https:\/\/www.insception.com\/fr\/wp-json\/wp\/v2\/pages\/2209\/revisions"}],"up":[{"embeddable":true,"href":"https:\/\/www.insception.com\/fr\/wp-json\/wp\/v2\/pages\/2171"}],"wp:attachment":[{"href":"https:\/\/www.insception.com\/fr\/wp-json\/wp\/v2\/media?parent=2209"}],"curies":[{"name":"wp","href":"https:\/\/api.w.org\/{rel}","templated":true}]}}