{"id":2581,"date":"2015-10-08T10:59:33","date_gmt":"2015-10-08T14:59:33","guid":{"rendered":"http:\/\/www.insception.com\/research-trials-2\/"},"modified":"2015-10-08T10:59:33","modified_gmt":"2015-10-08T14:59:33","slug":"research-trials-3","status":"publish","type":"page","link":"https:\/\/www.insception.com\/fr\/research-trials-3\/","title":{"rendered":"Traitement et recherche"},"content":{"rendered":"<h3>Insception Lifebank est le premier programme de sang ombilical au Canada, et le plus exp\u00e9riment\u00e9. D\u00e9couvrez ce qui nous d\u00e9marque des autres banques de sang ombilical.<\/h3>\n<p>[chicklet title=\u00a0\u00bbResearch Trials chicklet Fr\u00a0\u00bb]<\/p>\n","protected":false},"excerpt":{"rendered":"<p>Insception Lifebank est le premier programme de sang ombilical au Canada, et le plus exp\u00e9riment\u00e9. D\u00e9couvrez ce qui nous d\u00e9marque des autres banques de sang ombilical. [chicklet title=\u00a0\u00bbResearch Trials chicklet Fr\u00a0\u00bb]<\/p>\n","protected":false},"author":9,"featured_media":3465,"parent":0,"menu_order":112,"comment_status":"closed","ping_status":"closed","template":"","meta":{"_et_pb_use_builder":"on","_et_pb_old_content":"","_et_gb_content_width":"","_monsterinsights_skip_tracking":false,"_monsterinsights_sitenote_active":false,"_monsterinsights_sitenote_note":"","_monsterinsights_sitenote_category":0},"yoast_head":"<!-- This site is optimized with the Yoast SEO plugin v15.5 - https:\/\/yoast.com\/wordpress\/plugins\/seo\/ -->\n<title>Traitement et recherche - Insception Lifebank<\/title>\n<meta name=\"robots\" content=\"index, follow, max-snippet:-1, max-image-preview:large, max-video-preview:-1\" \/>\n<link rel=\"canonical\" href=\"https:\/\/www.insception.com\/fr\/research-trials-3\/\" \/>\n<meta property=\"og:locale\" content=\"fr_FR\" \/>\n<meta property=\"og:type\" content=\"article\" \/>\n<meta property=\"og:title\" content=\"Traitement et recherche - Insception Lifebank\" \/>\n<meta property=\"og:description\" content=\"Insception Lifebank est le premier programme de sang ombilical au Canada, et le plus exp\u00e9riment\u00e9. D\u00e9couvrez ce qui nous d\u00e9marque des autres banques de sang ombilical. [chicklet title=&quot;Research Trials chicklet Fr&quot;]\" \/>\n<meta property=\"og:url\" content=\"https:\/\/www.insception.com\/fr\/research-trials-3\/\" \/>\n<meta property=\"og:site_name\" content=\"Insception Lifebank\" \/>\n<meta property=\"article:publisher\" content=\"https:\/\/www.facebook.com\/insception\" \/>\n<meta property=\"og:image\" content=\"https:\/\/www.insception.com\/wp-content\/uploads\/2014\/09\/research-trials.png\" \/>\n\t<meta property=\"og:image:width\" content=\"360\" \/>\n\t<meta property=\"og:image:height\" content=\"270\" \/>\n<meta name=\"twitter:label1\" content=\"Dur\u00e9e de lecture est.\">\n\t<meta name=\"twitter:data1\" content=\"0 minute\">\n<script type=\"application\/ld+json\" class=\"yoast-schema-graph\">{\"@context\":\"https:\/\/schema.org\",\"@graph\":[{\"@type\":\"WebSite\",\"@id\":\"https:\/\/www.insception.com\/#website\",\"url\":\"https:\/\/www.insception.com\/\",\"name\":\"Insception Lifebank\",\"description\":\"Canada&#039;s No. 1 Cord Blood &amp; Tissue Program\",\"potentialAction\":[{\"@type\":\"SearchAction\",\"target\":\"https:\/\/www.insception.com\/?s={search_term_string}\",\"query-input\":\"required name=search_term_string\"}],\"inLanguage\":\"fr-FR\"},{\"@type\":\"ImageObject\",\"@id\":\"https:\/\/www.insception.com\/fr\/research-trials-3\/#primaryimage\",\"inLanguage\":\"fr-FR\",\"url\":\"https:\/\/www.insception.com\/wp-content\/uploads\/2014\/09\/research-trials.png\",\"width\":360,\"height\":270},{\"@type\":\"WebPage\",\"@id\":\"https:\/\/www.insception.com\/fr\/research-trials-3\/#webpage\",\"url\":\"https:\/\/www.insception.com\/fr\/research-trials-3\/\",\"name\":\"Traitement et recherche - Insception Lifebank\",\"isPartOf\":{\"@id\":\"https:\/\/www.insception.com\/#website\"},\"primaryImageOfPage\":{\"@id\":\"https:\/\/www.insception.com\/fr\/research-trials-3\/#primaryimage\"},\"datePublished\":\"2015-10-08T14:59:33+00:00\",\"dateModified\":\"2015-10-08T14:59:33+00:00\",\"breadcrumb\":{\"@id\":\"https:\/\/www.insception.com\/fr\/research-trials-3\/#breadcrumb\"},\"inLanguage\":\"fr-FR\",\"potentialAction\":[{\"@type\":\"ReadAction\",\"target\":[\"https:\/\/www.insception.com\/fr\/research-trials-3\/\"]}]},{\"@type\":\"BreadcrumbList\",\"@id\":\"https:\/\/www.insception.com\/fr\/research-trials-3\/#breadcrumb\",\"itemListElement\":[{\"@type\":\"ListItem\",\"position\":1,\"item\":{\"@type\":\"WebPage\",\"@id\":\"https:\/\/www.insception.com\/fr\/\",\"url\":\"https:\/\/www.insception.com\/fr\/\",\"name\":\"Home\"}},{\"@type\":\"ListItem\",\"position\":2,\"item\":{\"@type\":\"WebPage\",\"@id\":\"https:\/\/www.insception.com\/fr\/research-trials-3\/\",\"url\":\"https:\/\/www.insception.com\/fr\/research-trials-3\/\",\"name\":\"Traitement et recherche\"}}]}]}<\/script>\n<!-- \/ Yoast SEO plugin. -->","_links":{"self":[{"href":"https:\/\/www.insception.com\/fr\/wp-json\/wp\/v2\/pages\/2581"}],"collection":[{"href":"https:\/\/www.insception.com\/fr\/wp-json\/wp\/v2\/pages"}],"about":[{"href":"https:\/\/www.insception.com\/fr\/wp-json\/wp\/v2\/types\/page"}],"author":[{"embeddable":true,"href":"https:\/\/www.insception.com\/fr\/wp-json\/wp\/v2\/users\/9"}],"replies":[{"embeddable":true,"href":"https:\/\/www.insception.com\/fr\/wp-json\/wp\/v2\/comments?post=2581"}],"version-history":[{"count":0,"href":"https:\/\/www.insception.com\/fr\/wp-json\/wp\/v2\/pages\/2581\/revisions"}],"wp:featuredmedia":[{"embeddable":true,"href":"https:\/\/www.insception.com\/fr\/wp-json\/wp\/v2\/media\/3465"}],"wp:attachment":[{"href":"https:\/\/www.insception.com\/fr\/wp-json\/wp\/v2\/media?parent=2581"}],"curies":[{"name":"wp","href":"https:\/\/api.w.org\/{rel}","templated":true}]}}