{"id":2582,"date":"2015-10-08T11:38:26","date_gmt":"2015-10-08T15:38:26","guid":{"rendered":"http:\/\/www.insception.com\/insception-pricing-2\/"},"modified":"2015-10-08T11:38:26","modified_gmt":"2015-10-08T15:38:26","slug":"tarificationpage","status":"publish","type":"page","link":"https:\/\/www.insception.com\/fr\/tarificationpage\/","title":{"rendered":"Tarification"},"content":{"rendered":"<h3>Insception Lifebank est le premier programme de sang ombilical au Canada, et le plus exp\u00e9riment\u00e9. D\u00e9couvrez ce qui nous d\u00e9marque des autres banques de sang ombilical.<\/h3>\n<p>[chicklet title=\u00a0\u00bbPricing chicklet French\u00a0\u00bb]<\/p>\n","protected":false},"excerpt":{"rendered":"<p>Insception Lifebank est le premier programme de sang ombilical au Canada, et le plus exp\u00e9riment\u00e9. D\u00e9couvrez ce qui nous d\u00e9marque des autres banques de sang ombilical. [chicklet title=\u00a0\u00bbPricing chicklet French\u00a0\u00bb]<\/p>\n","protected":false},"author":9,"featured_media":3464,"parent":0,"menu_order":23,"comment_status":"closed","ping_status":"closed","template":"","meta":{"_et_pb_use_builder":"on","_et_pb_old_content":"<h3>Insception Lifebank is Canada\u2019s first and most experienced cord blood program. Learn what sets us apart from other cord banks.<\/h3>\r\n[chicklet title=\"Pricing chicklet\"]","_et_gb_content_width":"","_monsterinsights_skip_tracking":false,"_monsterinsights_sitenote_active":false,"_monsterinsights_sitenote_note":"","_monsterinsights_sitenote_category":0},"yoast_head":"<!-- This site is optimized with the Yoast SEO plugin v15.5 - https:\/\/yoast.com\/wordpress\/plugins\/seo\/ -->\n<title>Tarification - Insception Lifebank<\/title>\n<meta name=\"robots\" content=\"index, follow, max-snippet:-1, max-image-preview:large, max-video-preview:-1\" \/>\n<link rel=\"canonical\" href=\"https:\/\/www.insception.com\/fr\/tarificationpage\/\" \/>\n<meta property=\"og:locale\" content=\"fr_FR\" \/>\n<meta property=\"og:type\" content=\"article\" \/>\n<meta property=\"og:title\" content=\"Tarification - Insception Lifebank\" \/>\n<meta property=\"og:description\" content=\"Insception Lifebank est le premier programme de sang ombilical au Canada, et le plus exp\u00e9riment\u00e9. D\u00e9couvrez ce qui nous d\u00e9marque des autres banques de sang ombilical. [chicklet title=&quot;Pricing chicklet French&quot;]\" \/>\n<meta property=\"og:url\" content=\"https:\/\/www.insception.com\/fr\/tarificationpage\/\" \/>\n<meta property=\"og:site_name\" content=\"Insception Lifebank\" \/>\n<meta property=\"article:publisher\" content=\"https:\/\/www.facebook.com\/insception\" \/>\n<meta property=\"og:image\" content=\"https:\/\/www.insception.com\/wp-content\/uploads\/2014\/09\/pricing.png\" \/>\n\t<meta property=\"og:image:width\" content=\"360\" \/>\n\t<meta property=\"og:image:height\" content=\"270\" \/>\n<meta name=\"twitter:label1\" content=\"Dur\u00e9e de lecture est.\">\n\t<meta name=\"twitter:data1\" content=\"0 minute\">\n<script type=\"application\/ld+json\" class=\"yoast-schema-graph\">{\"@context\":\"https:\/\/schema.org\",\"@graph\":[{\"@type\":\"WebSite\",\"@id\":\"https:\/\/www.insception.com\/#website\",\"url\":\"https:\/\/www.insception.com\/\",\"name\":\"Insception Lifebank\",\"description\":\"Canada&#039;s No. 1 Cord Blood &amp; Tissue Program\",\"potentialAction\":[{\"@type\":\"SearchAction\",\"target\":\"https:\/\/www.insception.com\/?s={search_term_string}\",\"query-input\":\"required name=search_term_string\"}],\"inLanguage\":\"fr-FR\"},{\"@type\":\"ImageObject\",\"@id\":\"https:\/\/www.insception.com\/fr\/tarificationpage\/#primaryimage\",\"inLanguage\":\"fr-FR\",\"url\":\"https:\/\/www.insception.com\/wp-content\/uploads\/2014\/09\/pricing.png\",\"width\":360,\"height\":270},{\"@type\":\"WebPage\",\"@id\":\"https:\/\/www.insception.com\/fr\/tarificationpage\/#webpage\",\"url\":\"https:\/\/www.insception.com\/fr\/tarificationpage\/\",\"name\":\"Tarification - Insception Lifebank\",\"isPartOf\":{\"@id\":\"https:\/\/www.insception.com\/#website\"},\"primaryImageOfPage\":{\"@id\":\"https:\/\/www.insception.com\/fr\/tarificationpage\/#primaryimage\"},\"datePublished\":\"2015-10-08T15:38:26+00:00\",\"dateModified\":\"2015-10-08T15:38:26+00:00\",\"breadcrumb\":{\"@id\":\"https:\/\/www.insception.com\/fr\/tarificationpage\/#breadcrumb\"},\"inLanguage\":\"fr-FR\",\"potentialAction\":[{\"@type\":\"ReadAction\",\"target\":[\"https:\/\/www.insception.com\/fr\/tarificationpage\/\"]}]},{\"@type\":\"BreadcrumbList\",\"@id\":\"https:\/\/www.insception.com\/fr\/tarificationpage\/#breadcrumb\",\"itemListElement\":[{\"@type\":\"ListItem\",\"position\":1,\"item\":{\"@type\":\"WebPage\",\"@id\":\"https:\/\/www.insception.com\/fr\/\",\"url\":\"https:\/\/www.insception.com\/fr\/\",\"name\":\"Home\"}},{\"@type\":\"ListItem\",\"position\":2,\"item\":{\"@type\":\"WebPage\",\"@id\":\"https:\/\/www.insception.com\/fr\/tarificationpage\/\",\"url\":\"https:\/\/www.insception.com\/fr\/tarificationpage\/\",\"name\":\"Tarification\"}}]}]}<\/script>\n<!-- \/ Yoast SEO plugin. -->","_links":{"self":[{"href":"https:\/\/www.insception.com\/fr\/wp-json\/wp\/v2\/pages\/2582"}],"collection":[{"href":"https:\/\/www.insception.com\/fr\/wp-json\/wp\/v2\/pages"}],"about":[{"href":"https:\/\/www.insception.com\/fr\/wp-json\/wp\/v2\/types\/page"}],"author":[{"embeddable":true,"href":"https:\/\/www.insception.com\/fr\/wp-json\/wp\/v2\/users\/9"}],"replies":[{"embeddable":true,"href":"https:\/\/www.insception.com\/fr\/wp-json\/wp\/v2\/comments?post=2582"}],"version-history":[{"count":0,"href":"https:\/\/www.insception.com\/fr\/wp-json\/wp\/v2\/pages\/2582\/revisions"}],"wp:featuredmedia":[{"embeddable":true,"href":"https:\/\/www.insception.com\/fr\/wp-json\/wp\/v2\/media\/3464"}],"wp:attachment":[{"href":"https:\/\/www.insception.com\/fr\/wp-json\/wp\/v2\/media?parent=2582"}],"curies":[{"name":"wp","href":"https:\/\/api.w.org\/{rel}","templated":true}]}}