{"id":2754,"date":"2015-10-09T07:57:41","date_gmt":"2015-10-09T11:57:41","guid":{"rendered":"http:\/\/www.insception.com\/?page_id=2754"},"modified":"2015-10-09T07:57:41","modified_gmt":"2015-10-09T11:57:41","slug":"politique-de-remboursement-a-100","status":"publish","type":"page","link":"https:\/\/www.insception.com\/fr\/tarificationpage\/politique-de-remboursement-a-100\/","title":{"rendered":"Politique de remboursement \u00e0 100 %"},"content":{"rendered":"<p>Occasionnellement, les clients peuvent recevoir leur trousse de pr\u00e9l\u00e8vement, mais, pour des raisons \u00e9chappant \u00e0 leur contr\u00f4le ou \u00e0 celui d\u2019Insception Lifebank, annuler le pr\u00e9l\u00e8vement et\/ou la conservation du sang ombilical ou tissu ombilical, ceci faisant que la conservation cryog\u00e9nique de l\u2019\u00e9chantillon ne soit pas faite.<br \/>\nDans ces cas, Insception Lifebank rembourse aux clients 100 % des frais encourus pour les services envisag\u00e9s, mais non fournis.<\/p>\n","protected":false},"excerpt":{"rendered":"<p>Occasionnellement, les clients peuvent recevoir leur trousse de pr\u00e9l\u00e8vement, mais, pour des raisons \u00e9chappant \u00e0 leur contr\u00f4le ou \u00e0 celui d\u2019Insception Lifebank, annuler le pr\u00e9l\u00e8vement et\/ou la conservation du sang ombilical ou tissu ombilical, ceci faisant que la conservation cryog\u00e9nique de l\u2019\u00e9chantillon ne soit pas faite. Dans ces cas, Insception Lifebank rembourse aux clients 100 [&hellip;]<\/p>\n","protected":false},"author":9,"featured_media":0,"parent":2582,"menu_order":102,"comment_status":"closed","ping_status":"closed","template":"","meta":{"_et_pb_use_builder":"on","_et_pb_old_content":"<p>It is recognized that on occasion, clients may receive their collection kit and for reasons beyond their control, the collection of the umbilical cord blood and\/or cord tissue may be preempted, resulting in no sample being collected or stored.<\/p><p>Insception Lifebank offers a full refund if your cord blood or tissue is not collected or stored. If, for reasons beyond Insception\u2019s control the cord blood and tissue cannot be stored, Insception will refund all monies paid.<\/p>","_et_gb_content_width":"","_monsterinsights_skip_tracking":false,"_monsterinsights_sitenote_active":false,"_monsterinsights_sitenote_note":"","_monsterinsights_sitenote_category":0},"yoast_head":"<!-- This site is optimized with the Yoast SEO plugin v15.5 - https:\/\/yoast.com\/wordpress\/plugins\/seo\/ -->\n<title>Politique de remboursement \u00e0 100 % - Insception Lifebank<\/title>\n<meta name=\"robots\" content=\"index, follow, max-snippet:-1, max-image-preview:large, max-video-preview:-1\" \/>\n<link rel=\"canonical\" href=\"https:\/\/www.insception.com\/fr\/tarificationpage\/politique-de-remboursement-a-100\/\" \/>\n<meta property=\"og:locale\" content=\"fr_FR\" \/>\n<meta property=\"og:type\" content=\"article\" \/>\n<meta property=\"og:title\" content=\"Politique de remboursement \u00e0 100 % - Insception Lifebank\" \/>\n<meta property=\"og:description\" content=\"Occasionnellement, les clients peuvent recevoir leur trousse de pr\u00e9l\u00e8vement, mais, pour des raisons \u00e9chappant \u00e0 leur contr\u00f4le ou \u00e0 celui d\u2019Insception Lifebank, annuler le pr\u00e9l\u00e8vement et\/ou la conservation du sang ombilical ou tissu ombilical, ceci faisant que la conservation cryog\u00e9nique de l\u2019\u00e9chantillon ne soit pas faite. Dans ces cas, Insception Lifebank rembourse aux clients 100 [&hellip;]\" \/>\n<meta property=\"og:url\" content=\"https:\/\/www.insception.com\/fr\/tarificationpage\/politique-de-remboursement-a-100\/\" \/>\n<meta property=\"og:site_name\" content=\"Insception Lifebank\" \/>\n<meta property=\"article:publisher\" content=\"https:\/\/www.facebook.com\/insception\" \/>\n<meta property=\"og:image\" content=\"https:\/\/www.insception.com\/wp-content\/uploads\/2023\/08\/Google-Business-Assets-ILB-Cover.jpg\" \/>\n\t<meta property=\"og:image:width\" content=\"720\" \/>\n\t<meta property=\"og:image:height\" content=\"720\" \/>\n<meta name=\"twitter:label1\" content=\"Dur\u00e9e de lecture est.\">\n\t<meta name=\"twitter:data1\" content=\"0 minute\">\n<script type=\"application\/ld+json\" class=\"yoast-schema-graph\">{\"@context\":\"https:\/\/schema.org\",\"@graph\":[{\"@type\":\"WebSite\",\"@id\":\"https:\/\/www.insception.com\/#website\",\"url\":\"https:\/\/www.insception.com\/\",\"name\":\"Insception Lifebank\",\"description\":\"Canada&#039;s No. 1 Cord Blood &amp; Tissue Program\",\"potentialAction\":[{\"@type\":\"SearchAction\",\"target\":\"https:\/\/www.insception.com\/?s={search_term_string}\",\"query-input\":\"required name=search_term_string\"}],\"inLanguage\":\"fr-FR\"},{\"@type\":\"WebPage\",\"@id\":\"https:\/\/www.insception.com\/fr\/tarificationpage\/politique-de-remboursement-a-100\/#webpage\",\"url\":\"https:\/\/www.insception.com\/fr\/tarificationpage\/politique-de-remboursement-a-100\/\",\"name\":\"Politique de remboursement \\u00e0 100 % - Insception Lifebank\",\"isPartOf\":{\"@id\":\"https:\/\/www.insception.com\/#website\"},\"datePublished\":\"2015-10-09T11:57:41+00:00\",\"dateModified\":\"2015-10-09T11:57:41+00:00\",\"breadcrumb\":{\"@id\":\"https:\/\/www.insception.com\/fr\/tarificationpage\/politique-de-remboursement-a-100\/#breadcrumb\"},\"inLanguage\":\"fr-FR\",\"potentialAction\":[{\"@type\":\"ReadAction\",\"target\":[\"https:\/\/www.insception.com\/fr\/tarificationpage\/politique-de-remboursement-a-100\/\"]}]},{\"@type\":\"BreadcrumbList\",\"@id\":\"https:\/\/www.insception.com\/fr\/tarificationpage\/politique-de-remboursement-a-100\/#breadcrumb\",\"itemListElement\":[{\"@type\":\"ListItem\",\"position\":1,\"item\":{\"@type\":\"WebPage\",\"@id\":\"https:\/\/www.insception.com\/fr\/\",\"url\":\"https:\/\/www.insception.com\/fr\/\",\"name\":\"Home\"}},{\"@type\":\"ListItem\",\"position\":2,\"item\":{\"@type\":\"WebPage\",\"@id\":\"https:\/\/www.insception.com\/fr\/tarificationpage\/\",\"url\":\"https:\/\/www.insception.com\/fr\/tarificationpage\/\",\"name\":\"Tarification\"}},{\"@type\":\"ListItem\",\"position\":3,\"item\":{\"@type\":\"WebPage\",\"@id\":\"https:\/\/www.insception.com\/fr\/tarificationpage\/politique-de-remboursement-a-100\/\",\"url\":\"https:\/\/www.insception.com\/fr\/tarificationpage\/politique-de-remboursement-a-100\/\",\"name\":\"Politique de remboursement \\u00e0 100 %\"}}]}]}<\/script>\n<!-- \/ Yoast SEO plugin. -->","_links":{"self":[{"href":"https:\/\/www.insception.com\/fr\/wp-json\/wp\/v2\/pages\/2754"}],"collection":[{"href":"https:\/\/www.insception.com\/fr\/wp-json\/wp\/v2\/pages"}],"about":[{"href":"https:\/\/www.insception.com\/fr\/wp-json\/wp\/v2\/types\/page"}],"author":[{"embeddable":true,"href":"https:\/\/www.insception.com\/fr\/wp-json\/wp\/v2\/users\/9"}],"replies":[{"embeddable":true,"href":"https:\/\/www.insception.com\/fr\/wp-json\/wp\/v2\/comments?post=2754"}],"version-history":[{"count":0,"href":"https:\/\/www.insception.com\/fr\/wp-json\/wp\/v2\/pages\/2754\/revisions"}],"up":[{"embeddable":true,"href":"https:\/\/www.insception.com\/fr\/wp-json\/wp\/v2\/pages\/2582"}],"wp:attachment":[{"href":"https:\/\/www.insception.com\/fr\/wp-json\/wp\/v2\/media?parent=2754"}],"curies":[{"name":"wp","href":"https:\/\/api.w.org\/{rel}","templated":true}]}}